{"id":11374,"date":"2023-05-03T15:45:15","date_gmt":"2023-05-03T13:45:15","guid":{"rendered":"https:\/\/bookingmadrid.com\/datenschutzbestimmungen\/"},"modified":"2023-05-04T20:29:41","modified_gmt":"2023-05-04T20:29:41","slug":"datenschutzbestimmungen","status":"publish","type":"page","link":"https:\/\/emadrid.com\/de\/datenschutzbestimmungen\/","title":{"rendered":"Datenschutzbestimmungen"},"content":{"rendered":"\n<p><strong>1. BENUTZERINFORMATIONEN&nbsp;<\/strong><\/p>\n\n\n\n<p><strong>Wer ist f\u00fcr die Verarbeitung Ihrer personenbezogenen Daten verantwortlich<\/strong>?&nbsp;<\/p>\n\n\n\n<p><strong>Luis Tolosa <\/strong>ist VERANTWORTLICH f\u00fcr die Verarbeitung der pers\u00f6nlichen Daten des BENUTZERS und informiert Sie, dass diese Daten in \u00dcbereinstimmung mit den Bestimmungen der Verordnung (EU) 2016\/679 vom 27. April (GDPR) und dem Organgesetz 3\/2018 vom 5. Dezember (LOPDGDD) verarbeitet werden.\u00a0<\/p>\n\n\n\n<p><\/p>\n\n\n\n<p><\/p>\n\n\n\n<p><strong>Wozu verarbeiten wir Ihre personenbezogenen Daten<\/strong>?&nbsp;<\/p>\n\n\n\n<p>Aufrechterhaltung einer Gesch\u00e4ftsbeziehung mit dem Nutzer. Die f\u00fcr die Durchf\u00fchrung der Verarbeitung vorgesehenen Vorg\u00e4nge sind:&nbsp;<\/p>\n\n\n\n<ul class=\"wp-block-list\">\n<li>Versendung von kommerziellen Werbemitteilungen per E-Mail, Fax, SMS, MMS, soziale Netzwerke oder andere gegenw\u00e4rtige oder zuk\u00fcnftige elektronische oder physische Mittel, die kommerzielle Mitteilungen erm\u00f6glichen. Diese Mitteilungen werden vom VERANTWORTLICHEN durchgef\u00fchrt und beziehen sich auf seine Produkte und Dienstleistungen oder auf die seiner Mitarbeiter oder Lieferanten, mit denen er eine Werbevereinbarung getroffen hat. In diesem Fall haben Dritte niemals Zugang zu personenbezogenen Daten.&nbsp;<\/li>\n\n\n\n<li>Durchf\u00fchrung von Marktforschung und statistischen Analysen.&nbsp;<\/li>\n\n\n\n<li>Bearbeitung von Bestellungen, Anfragen, Beantwortung von R\u00fcckfragen oder Anfragen jeglicher Art, die vom BENUTZER \u00fcber eine der auf der Website des Unternehmens zur Verf\u00fcgung gestellten Kontaktm\u00f6glichkeiten gestellt werden\u00a0VERANTWORTLICH.\u00a0<\/li>\n<\/ul>\n\n\n\n<ul class=\"wp-block-list\">\n<li>F\u00fcr den Versand des Online-Newsletters \u00fcber Neuigkeiten, Angebote und Aktionen in unserer T\u00e4tigkeit.&nbsp;<\/li>\n<\/ul>\n\n\n\n<p><strong>Warum d\u00fcrfen wir Ihre personenbezogenen Daten verarbeiten<\/strong>?&nbsp;<\/p>\n\n\n\n<p>Weil die Verarbeitung durch Artikel 6 der Datenschutz-Grundverordnung wie folgt legitimiert ist:&nbsp;<\/p>\n\n\n\n<ul class=\"wp-block-list\">\n<li>Mit der Zustimmung des BENUTZERS: Zusendung von kommerziellen Mitteilungen und des Newsletters.&nbsp;<\/li>\n\n\n\n<li>Im berechtigten Interesse des VERANTWORTLICHEN: zur Durchf\u00fchrung von Marktforschungen, statistischen Analysen usw. und zur Bearbeitung von Bestellungen, Anfragen usw. auf Wunsch des BENUTZERS.&nbsp;<\/li>\n<\/ul>\n\n\n\n<p><strong>Wie lange werden wir Ihre personenbezogenen Daten aufbewahren<\/strong>?&nbsp;<\/p>\n\n\n\n<p>Sie werden nur so lange aufbewahrt, wie es f\u00fcr die Aufrechterhaltung des Zwecks der Verarbeitung erforderlich ist oder wie es gesetzliche Vorschriften vorschreiben, die ihre Aufbewahrung vorschreiben, und wenn sie f\u00fcr diesen Zweck nicht mehr erforderlich sind, werden sie unter Anwendung geeigneter Sicherheitsma\u00dfnahmen zur Gew\u00e4hrleistung der Anonymit\u00e4t der Daten oder ihrer vollst\u00e4ndigen Vernichtung gel\u00f6scht.&nbsp;<\/p>\n\n\n\n<p><strong>An wen geben wir Ihre personenbezogenen Daten weiter<\/strong>?&nbsp;<\/p>\n\n\n\n<p>Eine Weitergabe personenbezogener Daten an Dritte ist nicht vorgesehen, es sei denn, dies ist f\u00fcr die Entwicklung und Ausf\u00fchrung der Zwecke der Verarbeitung erforderlich, und zwar an unsere Dienstleister im Zusammenhang mit der Kommunikation, mit denen der VERANTWORTLICHE die von den geltenden Datenschutzvorschriften vorgeschriebenen Vertraulichkeits- und Datenverarbeitungsvertr\u00e4ge unterzeichnet hat.&nbsp;<\/p>\n\n\n\n<p><strong>Welche Rechte haben Sie<\/strong>?&nbsp;<\/p>\n\n\n\n<p>Die Rechte des BENUTZERS sind:&nbsp;<\/p>\n\n\n\n<ul class=\"wp-block-list\">\n<li>Recht auf jederzeitigen Widerruf der Einwilligung.\u00a0<\/li>\n<\/ul>\n\n\n\n<ul class=\"wp-block-list\">\n<li>Das Recht auf Zugang, Berichtigung, \u00dcbertragbarkeit und L\u00f6schung Ihrer Daten sowie das Recht, die Verarbeitung einzuschr\u00e4nken oder abzulehnen.\u00a0<\/li>\n<\/ul>\n\n\n\n<ul class=\"wp-block-list\">\n<li>Das Recht, eine Beschwerde bei der Aufsichtsbeh\u00f6rde (www.aepd.es) einzureichen, wenn Sie der Meinung sind, dass die Verarbeitung nicht mit den geltenden Vorschriften \u00fcbereinstimmt.\u00a0<\/li>\n<\/ul>\n\n\n\n<p><strong>Kontaktdaten f\u00fcr die Wahrnehmung Ihrer <\/strong>Rechte:&nbsp;<\/p>\n\n\n\n<p>Luis Tolosa. Calle de Valdebernardo, 39 &#8211; 28280 Madrid (Madrid)\u00a0<\/p>\n\n\n\n<p><\/p>\n\n\n\n<p><\/p>\n\n\n\n<p><strong>2. OBLIGATORISCHER ODER FAKULTATIVER CHARAKTER DER VOM NUTZER BEREITGESTELLTEN INFORMATIONEN&nbsp;<\/strong><\/p>\n\n\n\n<p>Der BENUTZER akzeptiert durch das Ankreuzen der entsprechenden K\u00e4stchen und die Eingabe von Daten in die mit einem Sternchen (*) gekennzeichneten Felder im Kontaktformular oder in den Download-Formularen ausdr\u00fccklich und frei und unmissverst\u00e4ndlich, dass seine Daten notwendig sind, um seine Anfrage zu erf\u00fcllen, und zwar durch den Anbieter, wobei die Aufnahme von Daten in die \u00fcbrigen Felder freiwillig ist. Der BENUTZER garantiert, dass die dem VERANTWORTLICHEN zur Verf\u00fcgung gestellten pers\u00f6nlichen Daten wahrheitsgem\u00e4\u00df sind und ist daf\u00fcr verantwortlich, etwaige \u00c4nderungen mitzuteilen.&nbsp;<\/p>\n\n\n\n<p>Der VERANTWORTLICHE informiert, dass alle \u00fcber die Website angeforderten Daten obligatorisch sind, da sie f\u00fcr die Erbringung einer optimalen Dienstleistung f\u00fcr den BENUTZER erforderlich sind. F\u00fcr den Fall, dass nicht alle Daten zur Verf\u00fcgung gestellt werden, gibt es keine Garantie, dass die bereitgestellten Informationen und Dienstleistungen vollst\u00e4ndig auf Ihre Bed\u00fcrfnisse zugeschnitten sind.\u00a0<\/p>\n\n\n\n<p><\/p>\n\n\n\n<p><\/p>\n\n\n\n<p><strong>3. SICHERHEITSMASSNAHMEN&nbsp;<\/strong><\/p>\n\n\n\n<p>dass der VERANTWORTLICHE in \u00dcbereinstimmung mit den geltenden Vorschriften zum Schutz personenbezogener Daten alle Bestimmungen der DSGVO und der LOPDGDD f\u00fcr die Verarbeitung personenbezogener Daten unter seiner Verantwortung einh\u00e4lt und offensichtlich die in Artikel 5 der DSGVO beschriebenen Grunds\u00e4tze einh\u00e4lt, wonach die Daten rechtm\u00e4\u00dfig, nach Treu und Glauben und in transparenter Weise gegen\u00fcber der betroffenen Person verarbeitet werden und dass sie den Zwecken, f\u00fcr die sie verarbeitet werden, entsprechen, daf\u00fcr erheblich sind und auf das Notwendige beschr\u00e4nkt sind.&nbsp;<\/p>\n\n\n\n<p>Der VERANTWORTLICHE garantiert, dass er geeignete technische und organisatorische Ma\u00dfnahmen ergriffen hat, um die von der DSGVO und der LOPDGDD festgelegten Sicherheitsma\u00dfnahmen anzuwenden, um die Rechte und Freiheiten der BENUTZER zu sch\u00fctzen, und dass er ihnen die entsprechenden Informationen mitgeteilt hat, damit sie diese wahrnehmen k\u00f6nnen.&nbsp;<\/p>\n\n\n\n<p>F\u00fcr weitere Informationen \u00fcber Datenschutzgarantien k\u00f6nnen Sie sich \u00fcber Luis Tolosa an die VERANTWORTLICHE Person wenden. Calle de Valdebernardo, 39 &#8211; 28280 Madrid (Madrid)<\/p>\n","protected":false},"excerpt":{"rendered":"<p>1. BENUTZERINFORMATIONEN&nbsp; Wer ist f\u00fcr die Verarbeitung Ihrer personenbezogenen Daten verantwortlich?&nbsp; Luis Tolosa ist VERANTWORTLICH f\u00fcr die Verarbeitung der pers\u00f6nlichen Daten des BENUTZERS und informiert Sie, dass diese Daten in \u00dcbereinstimmung mit den Bestimmungen der Verordnung (EU) 2016\/679 vom 27. April (GDPR) und dem Organgesetz 3\/2018 vom 5. Dezember (LOPDGDD) verarbeitet werden.\u00a0 Wozu verarbeiten wir [&hellip;]<\/p>\n","protected":false},"author":4,"featured_media":0,"parent":0,"menu_order":0,"comment_status":"closed","ping_status":"closed","template":"","meta":{"site-sidebar-layout":"default","site-content-layout":"default","ast-site-content-layout":"default","site-content-style":"default","site-sidebar-style":"default","ast-global-header-display":"","ast-banner-title-visibility":"","ast-main-header-display":"","ast-hfb-above-header-display":"","ast-hfb-below-header-display":"","ast-hfb-mobile-header-display":"","site-post-title":"","ast-breadcrumbs-content":"","ast-featured-img":"","footer-sml-layout":"","theme-transparent-header-meta":"default","adv-header-id-meta":"","stick-header-meta":"","header-above-stick-meta":"","header-main-stick-meta":"","header-below-stick-meta":"","astra-migrate-meta-layouts":"default","ast-page-background-enabled":"default","ast-page-background-meta":{"desktop":{"background-color":"var(--ast-global-color-4)","background-image":"","background-repeat":"repeat","background-position":"center center","background-size":"auto","background-attachment":"scroll","background-type":"","background-media":"","overlay-type":"","overlay-color":"","overlay-opacity":"","overlay-gradient":""},"tablet":{"background-color":"","background-image":"","background-repeat":"repeat","background-position":"center center","background-size":"auto","background-attachment":"scroll","background-type":"","background-media":"","overlay-type":"","overlay-color":"","overlay-opacity":"","overlay-gradient":""},"mobile":{"background-color":"","background-image":"","background-repeat":"repeat","background-position":"center center","background-size":"auto","background-attachment":"scroll","background-type":"","background-media":"","overlay-type":"","overlay-color":"","overlay-opacity":"","overlay-gradient":""}},"ast-content-background-meta":{"desktop":{"background-color":"var(--ast-global-color-5)","background-image":"","background-repeat":"repeat","background-position":"center center","background-size":"auto","background-attachment":"scroll","background-type":"","background-media":"","overlay-type":"","overlay-color":"","overlay-opacity":"","overlay-gradient":""},"tablet":{"background-color":"var(--ast-global-color-5)","background-image":"","background-repeat":"repeat","background-position":"center center","background-size":"auto","background-attachment":"scroll","background-type":"","background-media":"","overlay-type":"","overlay-color":"","overlay-opacity":"","overlay-gradient":""},"mobile":{"background-color":"var(--ast-global-color-5)","background-image":"","background-repeat":"repeat","background-position":"center center","background-size":"auto","background-attachment":"scroll","background-type":"","background-media":"","overlay-type":"","overlay-color":"","overlay-opacity":"","overlay-gradient":""}},"footnotes":""},"class_list":["post-11374","page","type-page","status-publish","hentry"],"yoast_head":"<!-- This site is optimized with the Yoast SEO plugin v26.4 - https:\/\/yoast.com\/wordpress\/plugins\/seo\/ -->\n<title>Datenschutzbestimmungen - eMadrid.com<\/title>\n<meta name=\"robots\" content=\"index, follow, max-snippet:-1, max-image-preview:large, max-video-preview:-1\" \/>\n<link rel=\"canonical\" href=\"https:\/\/emadrid.com\/de\/datenschutzbestimmungen\/\" \/>\n<meta property=\"og:locale\" content=\"de_DE\" \/>\n<meta property=\"og:type\" content=\"article\" \/>\n<meta property=\"og:title\" content=\"Datenschutzbestimmungen - eMadrid.com\" \/>\n<meta property=\"og:description\" content=\"1. BENUTZERINFORMATIONEN&nbsp; Wer ist f\u00fcr die Verarbeitung Ihrer personenbezogenen Daten verantwortlich?&nbsp; Luis Tolosa ist VERANTWORTLICH f\u00fcr die Verarbeitung der pers\u00f6nlichen Daten des BENUTZERS und informiert Sie, dass diese Daten in \u00dcbereinstimmung mit den Bestimmungen der Verordnung (EU) 2016\/679 vom 27. April (GDPR) und dem Organgesetz 3\/2018 vom 5. Dezember (LOPDGDD) verarbeitet werden.\u00a0 Wozu verarbeiten wir [&hellip;]\" \/>\n<meta property=\"og:url\" content=\"https:\/\/emadrid.com\/de\/datenschutzbestimmungen\/\" \/>\n<meta property=\"og:site_name\" content=\"eMadrid.com\" \/>\n<meta property=\"article:modified_time\" content=\"2023-05-04T20:29:41+00:00\" \/>\n<meta name=\"twitter:card\" content=\"summary_large_image\" \/>\n<meta name=\"twitter:label1\" content=\"Gesch\u00e4tzte Lesezeit\" \/>\n\t<meta name=\"twitter:data1\" content=\"4\u00a0Minuten\" \/>\n<script type=\"application\/ld+json\" class=\"yoast-schema-graph\">{\"@context\":\"https:\/\/schema.org\",\"@graph\":[{\"@type\":\"WebPage\",\"@id\":\"https:\/\/emadrid.com\/de\/datenschutzbestimmungen\/\",\"url\":\"https:\/\/emadrid.com\/de\/datenschutzbestimmungen\/\",\"name\":\"Datenschutzbestimmungen - eMadrid.com\",\"isPartOf\":{\"@id\":\"https:\/\/emadrid.com\/de\/#website\"},\"datePublished\":\"2023-05-03T13:45:15+00:00\",\"dateModified\":\"2023-05-04T20:29:41+00:00\",\"breadcrumb\":{\"@id\":\"https:\/\/emadrid.com\/de\/datenschutzbestimmungen\/#breadcrumb\"},\"inLanguage\":\"de\",\"potentialAction\":[{\"@type\":\"ReadAction\",\"target\":[\"https:\/\/emadrid.com\/de\/datenschutzbestimmungen\/\"]}]},{\"@type\":\"BreadcrumbList\",\"@id\":\"https:\/\/emadrid.com\/de\/datenschutzbestimmungen\/#breadcrumb\",\"itemListElement\":[{\"@type\":\"ListItem\",\"position\":1,\"name\":\"Portada\",\"item\":\"https:\/\/emadrid.com\/de\/\"},{\"@type\":\"ListItem\",\"position\":2,\"name\":\"Datenschutzbestimmungen\"}]},{\"@type\":\"WebSite\",\"@id\":\"https:\/\/emadrid.com\/de\/#website\",\"url\":\"https:\/\/emadrid.com\/de\/\",\"name\":\"eMadrid.com\",\"description\":\"Las mejores Ofertas en Madrid. Hoteles, Espect\u00e1culos, Actividades y mucho m\u00e1s.\",\"publisher\":{\"@id\":\"https:\/\/emadrid.com\/de\/#organization\"},\"potentialAction\":[{\"@type\":\"SearchAction\",\"target\":{\"@type\":\"EntryPoint\",\"urlTemplate\":\"https:\/\/emadrid.com\/de\/?s={search_term_string}\"},\"query-input\":{\"@type\":\"PropertyValueSpecification\",\"valueRequired\":true,\"valueName\":\"search_term_string\"}}],\"inLanguage\":\"de\"},{\"@type\":\"Organization\",\"@id\":\"https:\/\/emadrid.com\/de\/#organization\",\"name\":\"eMadrid.com\",\"url\":\"https:\/\/emadrid.com\/de\/\",\"logo\":{\"@type\":\"ImageObject\",\"inLanguage\":\"de\",\"@id\":\"https:\/\/emadrid.com\/de\/#\/schema\/logo\/image\/\",\"url\":\"https:\/\/emadrid.com\/wp-content\/uploads\/2025\/01\/Logo-horizontal-250px.png?wsr\",\"contentUrl\":\"https:\/\/emadrid.com\/wp-content\/uploads\/2025\/01\/Logo-horizontal-250px.png?wsr\",\"width\":251,\"height\":35,\"caption\":\"eMadrid.com\"},\"image\":{\"@id\":\"https:\/\/emadrid.com\/de\/#\/schema\/logo\/image\/\"}}]}<\/script>\n<!-- \/ Yoast SEO plugin. -->","yoast_head_json":{"title":"Datenschutzbestimmungen - eMadrid.com","robots":{"index":"index","follow":"follow","max-snippet":"max-snippet:-1","max-image-preview":"max-image-preview:large","max-video-preview":"max-video-preview:-1"},"canonical":"https:\/\/emadrid.com\/de\/datenschutzbestimmungen\/","og_locale":"de_DE","og_type":"article","og_title":"Datenschutzbestimmungen - eMadrid.com","og_description":"1. BENUTZERINFORMATIONEN&nbsp; Wer ist f\u00fcr die Verarbeitung Ihrer personenbezogenen Daten verantwortlich?&nbsp; Luis Tolosa ist VERANTWORTLICH f\u00fcr die Verarbeitung der pers\u00f6nlichen Daten des BENUTZERS und informiert Sie, dass diese Daten in \u00dcbereinstimmung mit den Bestimmungen der Verordnung (EU) 2016\/679 vom 27. April (GDPR) und dem Organgesetz 3\/2018 vom 5. Dezember (LOPDGDD) verarbeitet werden.\u00a0 Wozu verarbeiten wir [&hellip;]","og_url":"https:\/\/emadrid.com\/de\/datenschutzbestimmungen\/","og_site_name":"eMadrid.com","article_modified_time":"2023-05-04T20:29:41+00:00","twitter_card":"summary_large_image","twitter_misc":{"Gesch\u00e4tzte Lesezeit":"4\u00a0Minuten"},"schema":{"@context":"https:\/\/schema.org","@graph":[{"@type":"WebPage","@id":"https:\/\/emadrid.com\/de\/datenschutzbestimmungen\/","url":"https:\/\/emadrid.com\/de\/datenschutzbestimmungen\/","name":"Datenschutzbestimmungen - eMadrid.com","isPartOf":{"@id":"https:\/\/emadrid.com\/de\/#website"},"datePublished":"2023-05-03T13:45:15+00:00","dateModified":"2023-05-04T20:29:41+00:00","breadcrumb":{"@id":"https:\/\/emadrid.com\/de\/datenschutzbestimmungen\/#breadcrumb"},"inLanguage":"de","potentialAction":[{"@type":"ReadAction","target":["https:\/\/emadrid.com\/de\/datenschutzbestimmungen\/"]}]},{"@type":"BreadcrumbList","@id":"https:\/\/emadrid.com\/de\/datenschutzbestimmungen\/#breadcrumb","itemListElement":[{"@type":"ListItem","position":1,"name":"Portada","item":"https:\/\/emadrid.com\/de\/"},{"@type":"ListItem","position":2,"name":"Datenschutzbestimmungen"}]},{"@type":"WebSite","@id":"https:\/\/emadrid.com\/de\/#website","url":"https:\/\/emadrid.com\/de\/","name":"eMadrid.com","description":"Las mejores Ofertas en Madrid. Hoteles, Espect\u00e1culos, Actividades y mucho m\u00e1s.","publisher":{"@id":"https:\/\/emadrid.com\/de\/#organization"},"potentialAction":[{"@type":"SearchAction","target":{"@type":"EntryPoint","urlTemplate":"https:\/\/emadrid.com\/de\/?s={search_term_string}"},"query-input":{"@type":"PropertyValueSpecification","valueRequired":true,"valueName":"search_term_string"}}],"inLanguage":"de"},{"@type":"Organization","@id":"https:\/\/emadrid.com\/de\/#organization","name":"eMadrid.com","url":"https:\/\/emadrid.com\/de\/","logo":{"@type":"ImageObject","inLanguage":"de","@id":"https:\/\/emadrid.com\/de\/#\/schema\/logo\/image\/","url":"https:\/\/emadrid.com\/wp-content\/uploads\/2025\/01\/Logo-horizontal-250px.png?wsr","contentUrl":"https:\/\/emadrid.com\/wp-content\/uploads\/2025\/01\/Logo-horizontal-250px.png?wsr","width":251,"height":35,"caption":"eMadrid.com"},"image":{"@id":"https:\/\/emadrid.com\/de\/#\/schema\/logo\/image\/"}}]}},"_links":{"self":[{"href":"https:\/\/emadrid.com\/de\/wp-json\/wp\/v2\/pages\/11374","targetHints":{"allow":["GET"]}}],"collection":[{"href":"https:\/\/emadrid.com\/de\/wp-json\/wp\/v2\/pages"}],"about":[{"href":"https:\/\/emadrid.com\/de\/wp-json\/wp\/v2\/types\/page"}],"author":[{"embeddable":true,"href":"https:\/\/emadrid.com\/de\/wp-json\/wp\/v2\/users\/4"}],"replies":[{"embeddable":true,"href":"https:\/\/emadrid.com\/de\/wp-json\/wp\/v2\/comments?post=11374"}],"version-history":[{"count":2,"href":"https:\/\/emadrid.com\/de\/wp-json\/wp\/v2\/pages\/11374\/revisions"}],"predecessor-version":[{"id":11543,"href":"https:\/\/emadrid.com\/de\/wp-json\/wp\/v2\/pages\/11374\/revisions\/11543"}],"wp:attachment":[{"href":"https:\/\/emadrid.com\/de\/wp-json\/wp\/v2\/media?parent=11374"}],"curies":[{"name":"wp","href":"https:\/\/api.w.org\/{rel}","templated":true}]}}