{"id":11551,"date":"2023-05-03T15:47:50","date_gmt":"2023-05-03T15:47:50","guid":{"rendered":"https:\/\/bookingmadrid.com\/cookie-richtlinie\/"},"modified":"2023-05-05T17:03:05","modified_gmt":"2023-05-05T17:03:05","slug":"cookie-richtlinie","status":"publish","type":"page","link":"https:\/\/emadrid.com\/de\/cookie-richtlinie\/","title":{"rendered":"Cookie-Richtlinie"},"content":{"rendered":"\n<p><strong>INFORMATIONEN \u00dcBER COOKIES&nbsp;<\/strong><\/p>\n\n\n\n<p>In \u00dcbereinstimmung mit dem Gesetz 34\/2002 vom 11. Juli 2002 \u00fcber die Dienste der Informationsgesellschaft und den elektronischen Handel.&nbsp;<\/p>\n\n\n\n<p>(LSSI), in Bezug auf die Verordnung (EU) 2016\/679 des Europ\u00e4ischen Parlaments und des Rates vom 27. April 2016, Allgemeine Datenschutzverordnung (GDPR), und das Organgesetz 3\/2018 vom 5. Dezember \u00fcber den Datenschutz und die Gew\u00e4hrleistung digitaler Rechte (LOPDGDD), ist es obligatorisch, die ausdr\u00fcckliche Zustimmung des Nutzers f\u00fcr alle Websites, die entbehrliche Cookies verwenden, einzuholen, bevor der Nutzer sie besucht.&nbsp;<\/p>\n\n\n\n<p><strong>WAS SIND COOKIES<\/strong>?&nbsp;<\/p>\n\n\n\n<p>Cookies und andere \u00e4hnliche Technologien wie Local Shared Objects, Flash-Cookies oder Pixel sind Hilfsmittel, die von Webservern verwendet werden, um Informationen \u00fcber ihre Besucher zu speichern und abzurufen und um ein ordnungsgem\u00e4\u00dfes Funktionieren der Website zu gew\u00e4hrleisten.&nbsp;<\/p>\n\n\n\n<p>Die Verwendung dieser Ger\u00e4te erm\u00f6glicht es dem Webserver, sich einige Daten \u00fcber den Benutzer zu merken, z. B. seine Vorlieben f\u00fcr die Anzeige der Seiten dieses Servers, seinen Namen und sein Passwort, die Produkte, f\u00fcr die er sich am meisten interessiert, usw.&nbsp;<\/p>\n\n\n\n<p>COOKIES<strong>, DIE VON DER VERORDNUNG BETROFFEN SIND, UND AUSGENOMMENE COOKIES&nbsp;<\/strong><\/p>\n\n\n\n<p>Gem\u00e4\u00df der EU-Richtlinie handelt es sich bei den Cookies, die die Zustimmung des Nutzers erfordern, um analytische Cookies sowie Werbe- und Partnerschafts-Cookies, mit Ausnahme von technischen Cookies und solchen, die f\u00fcr den Betrieb der Website oder die Erbringung von Dienstleistungen, die vom Nutzer ausdr\u00fccklich gew\u00fcnscht werden, erforderlich sind.&nbsp;<\/p>\n\n\n\n<p><strong>ARTEN VON COOKIES NACH ZWECK&nbsp;<\/strong><\/p>\n\n\n\n<ul class=\"wp-block-list\">\n<li><strong>Technische und funktionale <\/strong>Cookies: Dies sind Cookies, die es dem Nutzer erm\u00f6glichen, auf einer Website, Plattform oder Anwendung zu surfen und die verschiedenen Optionen oder Dienste zu nutzen, die dort angeboten werden.&nbsp;<\/li>\n\n\n\n<li><strong>Analytische <\/strong>Cookies: Dies sind Cookies, die es dem Verantwortlichen erm\u00f6glichen, das Verhalten der Nutzer der Websites, mit denen sie verbunden sind, zu \u00fcberwachen und zu analysieren. Die durch diese Art von Cookies gesammelten Informationen werden zur Messung der Aktivit\u00e4t der Websites, Anwendungen oder Plattformen und zur Erstellung von Browsing-Profilen der Nutzer dieser Websites, Anwendungen und Plattformen verwendet, um Verbesserungen auf der Grundlage der Analyse der Nutzungsdaten der Nutzer des Dienstes einzuf\u00fchren.<\/li>\n\n\n\n<li><strong>&nbsp;Werbe-Cookies: <\/strong>Diese erm\u00f6glichen eine m\u00f6glichst effiziente Verwaltung der Werbefl\u00e4chen, die der Herausgeber gegebenenfalls auf einer Website, einer Anwendung oder einer Plattform, von der aus der angeforderte Dienst erbracht wird, anhand von Kriterien wie dem bearbeiteten Inhalt oder der H\u00e4ufigkeit, mit der die Werbung angezeigt wird, eingef\u00fcgt hat.&nbsp;<\/li>\n\n\n\n<li>Cookies f\u00fcr <strong>verhaltensbasierte Werbung<\/strong>: Sie sammeln Informationen \u00fcber die Pr\u00e4ferenzen und pers\u00f6nlichen Entscheidungen des Nutzers (Retargeting), um eine m\u00f6glichst effiziente Verwaltung der Werbefl\u00e4chen zu erm\u00f6glichen, die der Herausgeber gegebenenfalls auf einer Website, einer Anwendung oder einer Plattform eingerichtet hat, von der aus der angeforderte Dienst bereitgestellt wird. C<\/li>\n\n\n\n<li><strong>Soziale <\/strong>Cookies: Diese werden von Social-Media-Plattformen auf den Diensten gesetzt, damit Sie Inhalte mit Ihren Freunden und Netzwerken teilen k\u00f6nnen. Social-Media-Plattformen haben die M\u00f6glichkeit, Ihre Online-Aktivit\u00e4ten au\u00dferhalb der Dienste zu verfolgen. Dies kann sich auf die Inhalte und Nachrichten auswirken, die Sie bei anderen von Ihnen besuchten Diensten sehen.&nbsp;<\/li>\n\n\n\n<li><strong>&nbsp;Partner-Cookies<\/strong>: Diese erm\u00f6glichen die Nachverfolgung von Besuchen anderer Websites, mit denen die Website einen Partnerschaftsvertrag abgeschlossen hat (Partnerunternehmen).&nbsp;<\/li>\n\n\n\n<li><strong>Sicherheits-Cookies<\/strong>: Diese speichern verschl\u00fcsselte Informationen, um zu verhindern, dass die in ihnen gespeicherten Daten durch b\u00f6swillige Angriffe Dritter angreifbar sind.&nbsp;<\/li>\n<\/ul>\n\n\n\n<p><strong>JE NACH EIGENTUMSVERH\u00c4LTNISSEN&nbsp;<\/strong><\/p>\n\n\n\n<ul class=\"wp-block-list\">\n<li>Eigene Cookies: Es handelt sich um Cookies, die von einem Computer oder einer Dom\u00e4ne, die vom Herausgeber selbst verwaltet wird und von der aus der vom Benutzer angeforderte Dienst erbracht wird, an das Endger\u00e4t des Benutzers gesendet werden.<\/li>\n\n\n\n<li>Cookies von Dritten: Es handelt sich um Cookies, die von einem Computer oder einer Dom\u00e4ne, die nicht vom Herausgeber, sondern von einer anderen Einheit, die die durch die Cookies erhaltenen Daten verarbeitet, an das Endger\u00e4t des Benutzers gesendet werden.&nbsp;<\/li>\n<\/ul>\n\n\n\n<p><strong>ENTSPRECHEND DER HALTBARKEITSDAUER&nbsp;<\/strong><\/p>\n\n\n\n<ul class=\"wp-block-list\">\n<li><strong>Sitzungscookies: <\/strong>Diese Art von Cookies dient dazu, Daten zu sammeln und zu speichern, w\u00e4hrend der Nutzer auf eine Webseite zugreift.&nbsp;<\/li>\n\n\n\n<li><strong>Dauerhafte <\/strong>Cookies<strong>: Es handelt sich um einen <\/strong>Cookie-Typ, bei dem die Daten auf dem Endger\u00e4t gespeichert bleiben und f\u00fcr einen von der f\u00fcr den Cookie verantwortlichen Partei festgelegten Zeitraum, der von einigen Minuten bis zu mehreren Jahren reichen kann, abgerufen und verarbeitet werden k\u00f6nnen.&nbsp;<\/li>\n<\/ul>\n\n\n\n<p><strong>VERARBEITUNG VON PERSONENBEZOGENEN DATEN&nbsp;<\/strong><\/p>\n\n\n\n<p>Luis Tolosa ist der <strong>Verantwortliche f\u00fcr die <\/strong>personenbezogenen Daten der <strong>betroffenen Person <\/strong>und informiert Sie dar\u00fcber, dass diese Daten in \u00dcbereinstimmung mit den Bestimmungen der Verordnung (EU) 2016\/679 vom 27. April 2016 (GDPR) verarbeitet werden, f\u00fcr die Sie die folgenden Verarbeitungsinformationen erhalten:&nbsp;<\/p>\n\n\n\n<p><strong>Zweck der Verarbeitung: <\/strong>wie im Abschnitt \u00fcber die auf dieser Website verwendeten Cookies angegeben.&nbsp;<\/p>\n\n\n\n<p><strong>Legitimation der Verarbeitung<\/strong>: au\u00dfer in F\u00e4llen, in denen sie f\u00fcr das Surfen auf der Website erforderlich ist, durch die Zustimmung der betroffenen Person (Art. 6.1 GDPR).&nbsp;<\/p>\n\n\n\n<p><strong>Kriterien f\u00fcr die Datenspeicherung<\/strong>: wie im Abschnitt \u00fcber die auf der Website verwendeten Cookies angegeben.&nbsp;<\/p>\n\n\n\n<p><strong>Weitergabe von Daten<\/strong>: Die Daten werden nicht an Dritte weitergegeben, es sei denn, es handelt sich um Cookies, die Dritten geh\u00f6ren, oder um eine gesetzliche Verpflichtung.&nbsp;<\/p>\n\n\n\n<p><strong>Rechte der <\/strong>betroffenen<strong> Partei:&nbsp;<\/strong><\/p>\n\n\n\n<ul class=\"wp-block-list\">\n<li>Recht auf jederzeitigen Widerruf der Einwilligung.&nbsp;<\/li>\n\n\n\n<li>Das Recht auf Zugang, Berichtigung, \u00dcbertragbarkeit und L\u00f6schung Ihrer Daten sowie das Recht, die Verarbeitung einzuschr\u00e4nken oder abzulehnen.&nbsp;<\/li>\n\n\n\n<li>Das Recht, eine Beschwerde bei der Aufsichtsbeh\u00f6rde (www.aepd.es) einzureichen, wenn Sie der Meinung sind, dass die Verarbeitung nicht mit den geltenden Vorschriften \u00fcbereinstimmt.&nbsp;<\/li>\n<\/ul>\n\n\n\n<p><strong>Kontaktdaten f\u00fcr die Wahrnehmung Ihrer Rechte:&nbsp;<\/strong><\/p>\n\n\n\n<p>Luis Tolosa. Calle de Valdebernardo, 39 &#8211; 28280 Madrid (Madrid)&nbsp;<\/p>\n\n\n\n<p><strong>AUF DIESER WEBSITE VERWENDETE COOKIES&nbsp;<\/strong><\/p>\n\n\n\n<p>\u00dcber dieses Panel k\u00f6nnen Sie die Cookies konfigurieren, die die Website in Ihrem Browser installieren kann, mit Ausnahme von technischen oder funktionellen Cookies, die f\u00fcr das Surfen und die Nutzung der verschiedenen angebotenen Optionen oder Dienste erforderlich sind.&nbsp;<\/p>\n\n\n\n<p>Die ausgew\u00e4hlten Cookies zeigen an, dass der Nutzer die Installation in seinem Browser und die Verarbeitung von Daten unter den in der Cookie-Politik genannten Bedingungen genehmigt.&nbsp;<\/p>\n\n\n\n<p>Der Benutzer kann das Kontrollk\u00e4stchen aktivieren oder deaktivieren, je nachdem, ob er die Installation von Cookies akzeptieren oder ablehnen m\u00f6chte.&nbsp;<\/p>\n\n\n\n<p>VOM HERAUSGEBER<strong> KONTROLLIERTE COOKIES&nbsp;<\/strong><\/p>\n\n\n\n<figure class=\"wp-block-table\"><table><tbody><tr><td>&nbsp;<\/td><td>&nbsp;<\/td><td><strong>Technisch und <\/strong>funktionell&nbsp;<\/td><td>&nbsp;<\/td><\/tr><tr><td>Eigentum&nbsp;<\/td><td>Keks&nbsp;<\/td><td>Zweck&nbsp;<\/td><td>Deadline&nbsp;<\/td><\/tr><tr><td>emadrid.com&nbsp;<\/td><td>wetter_ort&nbsp;<\/td><td>Cookies, die f\u00fcr die Nutzung der Optionen und Dienste der Website erforderlich sind.&nbsp;<\/td><td>in einem Monat&nbsp;<\/td><\/tr><\/tbody><\/table><\/figure>\n\n\n\n<p>DRITTANBIETER-COOKIES&nbsp;<\/p>\n\n\n\n<p>Die Dienste von Drittanbietern liegen au\u00dferhalb der Kontrolle des Herausgebers. Die Anbieter k\u00f6nnen ihre Nutzungsbedingungen, den Zweck und die Verwendung von Cookies usw. jederzeit \u00e4ndern.&nbsp;<\/p>\n\n\n\n<p><strong>Externe Anbieter dieser Website:&nbsp;<\/strong><\/p>\n\n\n\n<p>Es werden keine von Dritten kontrollierten Cookies installiert\u00a0<\/p>\n\n\n\n<p><strong>WIE ODER COOKIES \u00dcBER IHREN BROWSER VERWALTEN\u00a0<\/strong><\/p>\n\n\n\n<figure class=\"wp-block-table\"><table><tbody><tr><td><strong>Cookies von Ihrem <\/strong>Ger\u00e4t<strong> l\u00f6schen&nbsp;<\/strong><\/td><td>Cookies, die sich bereits auf einem Ger\u00e4t befinden, k\u00f6nnen durch L\u00f6schen des Browserverlaufs gel\u00f6scht werden, wodurch Cookies von allen besuchten Websites gel\u00f6scht werden. Allerdings k\u00f6nnen dabei auch einige der gespeicherten Informationen (z. B. Anmeldedaten oder Website-Einstellungen) verloren gehen.&nbsp;<\/td><\/tr><tr><td><strong>Verwalten von <\/strong>standortspezifischen<strong> Cookies&nbsp;<\/strong><\/td><td>Um eine genauere Kontrolle \u00fcber standortspezifische Cookies zu haben, k\u00f6nnen die Nutzer ihre Datenschutz- und Cookie-Einstellungen in ihrem Browser anpassen.&nbsp;<\/td><\/tr><\/tbody><\/table><\/figure>\n\n\n\n<figure class=\"wp-block-table\"><table><tbody><tr><td colspan=\"2\"><strong>Blockieren von <\/strong>Cookies&nbsp;<\/td><td>Obwohl die meisten modernen Browser so konfiguriert werden k\u00f6nnen, dass sie die Installation von Cookies auf Ihrem Ger\u00e4t verhindern, kann es erforderlich sein, dass Sie bestimmte Einstellungen bei jedem Besuch einer Website oder Seite manuell anpassen m\u00fcssen. Au\u00dferdem k\u00f6nnten einige Dienste und Funktionen nicht richtig funktionieren (z. B. Profilanmeldungen).&nbsp;<\/td><\/tr><tr><td colspan=\"3\"><strong>WIE MAN COOKIES IN DEN G\u00c4NGIGSTEN BROWSERN L\u00d6SCHT\u00a0<\/strong><\/td><\/tr><tr><td><strong>Chrome<\/strong><\/td><td colspan=\"2\"><a href=\"http:\/\/support.google.com\/chrome\/answer\/95647?hl=es\">http:\/\/support.google.com\/chrome\/answer\/95647?hl=es&nbsp;<\/a><\/td><\/tr><tr><td><strong>Kante&nbsp;<\/strong><\/td><td colspan=\"2\"><a href=\"https:\/\/support.microsoft.com\/es-es\/microsoft-edge\/eliminar-las-cookies-en-microsoft-edge-63947406-40ac-c3b8-57b9-2a946a29ae09\">https:\/\/support.microsoft.com\/es-es\/microsoft-edge\/eliminar-las-cookies-en-microsoft-edge-63947406-40ac-c3b8-57b9-<\/a><a href=\"https:\/\/support.microsoft.com\/es-es\/microsoft-edge\/eliminar-las-cookies-en-microsoft-edge-63947406-40ac-c3b8-57b9-2a946a29ae09\">2a946a29ae09&nbsp;<\/a><\/td><\/tr><tr><td><strong>Entdecker&nbsp;<\/strong><\/td><td colspan=\"2\"><a href=\"https:\/\/support.microsoft.com\/es-es\/help\/278835\/how-to-delete-cookie-files-in-internet-explorer\">https:\/\/support.microsoft.com\/es-es\/help\/278835\/how-to-delete-cookie-files-in-internet-explorer&nbsp;<\/a><\/td><\/tr><tr><td><strong>Firefox<\/strong>&nbsp;<\/td><td colspan=\"2\"><a href=\"https:\/\/www.mozilla.org\/es-ES\/privacy\/websites\/#cookies\">https:\/\/www.mozilla.org\/es-ES\/privacy\/websites\/#cookies&nbsp;<\/a><\/td><\/tr><tr><td><strong>Safari<\/strong>&nbsp;<\/td><td colspan=\"2\"><a href=\"https:\/\/support.apple.com\/es-es\/guide\/safari\/sfri11471\/mac\">https:\/\/support.apple.com\/es-es\/guide\/safari\/sfri11471\/mac&nbsp;<\/a><\/td><\/tr><tr><td><strong>Opera<\/strong><\/td><td colspan=\"2\"><a href=\"https:\/\/help.opera.com\/en\/latest\/security-and-privacy\/#clearBrowsingData\">https:\/\/help.opera.com\/en\/latest\/security-and-privacy\/#clearBrowsingData&nbsp;<\/a><\/td><\/tr><\/tbody><\/table><\/figure>\n","protected":false},"excerpt":{"rendered":"<p>INFORMATIONEN \u00dcBER COOKIES&nbsp; In \u00dcbereinstimmung mit dem Gesetz 34\/2002 vom 11. Juli 2002 \u00fcber die Dienste der Informationsgesellschaft und den elektronischen Handel.&nbsp; (LSSI), in Bezug auf die Verordnung (EU) 2016\/679 des Europ\u00e4ischen Parlaments und des Rates vom 27. April 2016, Allgemeine Datenschutzverordnung (GDPR), und das Organgesetz 3\/2018 vom 5. Dezember \u00fcber den Datenschutz und die [&hellip;]<\/p>\n","protected":false},"author":4,"featured_media":0,"parent":0,"menu_order":0,"comment_status":"closed","ping_status":"closed","template":"","meta":{"site-sidebar-layout":"default","site-content-layout":"","ast-site-content-layout":"default","site-content-style":"default","site-sidebar-style":"default","ast-global-header-display":"","ast-banner-title-visibility":"","ast-main-header-display":"","ast-hfb-above-header-display":"","ast-hfb-below-header-display":"","ast-hfb-mobile-header-display":"","site-post-title":"","ast-breadcrumbs-content":"","ast-featured-img":"","footer-sml-layout":"","theme-transparent-header-meta":"","adv-header-id-meta":"","stick-header-meta":"","header-above-stick-meta":"","header-main-stick-meta":"","header-below-stick-meta":"","astra-migrate-meta-layouts":"default","ast-page-background-enabled":"default","ast-page-background-meta":{"desktop":{"background-color":"var(--ast-global-color-4)","background-image":"","background-repeat":"repeat","background-position":"center center","background-size":"auto","background-attachment":"scroll","background-type":"","background-media":"","overlay-type":"","overlay-color":"","overlay-opacity":"","overlay-gradient":""},"tablet":{"background-color":"","background-image":"","background-repeat":"repeat","background-position":"center center","background-size":"auto","background-attachment":"scroll","background-type":"","background-media":"","overlay-type":"","overlay-color":"","overlay-opacity":"","overlay-gradient":""},"mobile":{"background-color":"","background-image":"","background-repeat":"repeat","background-position":"center center","background-size":"auto","background-attachment":"scroll","background-type":"","background-media":"","overlay-type":"","overlay-color":"","overlay-opacity":"","overlay-gradient":""}},"ast-content-background-meta":{"desktop":{"background-color":"var(--ast-global-color-5)","background-image":"","background-repeat":"repeat","background-position":"center center","background-size":"auto","background-attachment":"scroll","background-type":"","background-media":"","overlay-type":"","overlay-color":"","overlay-opacity":"","overlay-gradient":""},"tablet":{"background-color":"var(--ast-global-color-5)","background-image":"","background-repeat":"repeat","background-position":"center center","background-size":"auto","background-attachment":"scroll","background-type":"","background-media":"","overlay-type":"","overlay-color":"","overlay-opacity":"","overlay-gradient":""},"mobile":{"background-color":"var(--ast-global-color-5)","background-image":"","background-repeat":"repeat","background-position":"center center","background-size":"auto","background-attachment":"scroll","background-type":"","background-media":"","overlay-type":"","overlay-color":"","overlay-opacity":"","overlay-gradient":""}},"footnotes":""},"class_list":["post-11551","page","type-page","status-publish","hentry"],"yoast_head":"<!-- This site is optimized with the Yoast SEO plugin v26.4 - https:\/\/yoast.com\/wordpress\/plugins\/seo\/ -->\n<title>Cookie-Richtlinie - eMadrid.com<\/title>\n<meta name=\"robots\" content=\"index, follow, max-snippet:-1, max-image-preview:large, max-video-preview:-1\" \/>\n<link rel=\"canonical\" href=\"https:\/\/emadrid.com\/de\/cookie-richtlinie\/\" \/>\n<meta property=\"og:locale\" content=\"de_DE\" \/>\n<meta property=\"og:type\" content=\"article\" \/>\n<meta property=\"og:title\" content=\"Cookie-Richtlinie - eMadrid.com\" \/>\n<meta property=\"og:description\" content=\"INFORMATIONEN \u00dcBER COOKIES&nbsp; In \u00dcbereinstimmung mit dem Gesetz 34\/2002 vom 11. Juli 2002 \u00fcber die Dienste der Informationsgesellschaft und den elektronischen Handel.&nbsp; (LSSI), in Bezug auf die Verordnung (EU) 2016\/679 des Europ\u00e4ischen Parlaments und des Rates vom 27. April 2016, Allgemeine Datenschutzverordnung (GDPR), und das Organgesetz 3\/2018 vom 5. Dezember \u00fcber den Datenschutz und die [&hellip;]\" \/>\n<meta property=\"og:url\" content=\"https:\/\/emadrid.com\/de\/cookie-richtlinie\/\" \/>\n<meta property=\"og:site_name\" content=\"eMadrid.com\" \/>\n<meta property=\"article:modified_time\" content=\"2023-05-05T17:03:05+00:00\" \/>\n<meta name=\"twitter:card\" content=\"summary_large_image\" \/>\n<meta name=\"twitter:label1\" content=\"Gesch\u00e4tzte Lesezeit\" \/>\n\t<meta name=\"twitter:data1\" content=\"7\u00a0Minuten\" \/>\n<script type=\"application\/ld+json\" class=\"yoast-schema-graph\">{\"@context\":\"https:\/\/schema.org\",\"@graph\":[{\"@type\":\"WebPage\",\"@id\":\"https:\/\/emadrid.com\/de\/cookie-richtlinie\/\",\"url\":\"https:\/\/emadrid.com\/de\/cookie-richtlinie\/\",\"name\":\"Cookie-Richtlinie - eMadrid.com\",\"isPartOf\":{\"@id\":\"https:\/\/emadrid.com\/de\/#website\"},\"datePublished\":\"2023-05-03T15:47:50+00:00\",\"dateModified\":\"2023-05-05T17:03:05+00:00\",\"breadcrumb\":{\"@id\":\"https:\/\/emadrid.com\/de\/cookie-richtlinie\/#breadcrumb\"},\"inLanguage\":\"de\",\"potentialAction\":[{\"@type\":\"ReadAction\",\"target\":[\"https:\/\/emadrid.com\/de\/cookie-richtlinie\/\"]}]},{\"@type\":\"BreadcrumbList\",\"@id\":\"https:\/\/emadrid.com\/de\/cookie-richtlinie\/#breadcrumb\",\"itemListElement\":[{\"@type\":\"ListItem\",\"position\":1,\"name\":\"Portada\",\"item\":\"https:\/\/emadrid.com\/de\/\"},{\"@type\":\"ListItem\",\"position\":2,\"name\":\"Cookie-Richtlinie\"}]},{\"@type\":\"WebSite\",\"@id\":\"https:\/\/emadrid.com\/de\/#website\",\"url\":\"https:\/\/emadrid.com\/de\/\",\"name\":\"eMadrid.com\",\"description\":\"Las mejores Ofertas en Madrid. Hoteles, Espect\u00e1culos, Actividades y mucho m\u00e1s.\",\"publisher\":{\"@id\":\"https:\/\/emadrid.com\/de\/#organization\"},\"potentialAction\":[{\"@type\":\"SearchAction\",\"target\":{\"@type\":\"EntryPoint\",\"urlTemplate\":\"https:\/\/emadrid.com\/de\/?s={search_term_string}\"},\"query-input\":{\"@type\":\"PropertyValueSpecification\",\"valueRequired\":true,\"valueName\":\"search_term_string\"}}],\"inLanguage\":\"de\"},{\"@type\":\"Organization\",\"@id\":\"https:\/\/emadrid.com\/de\/#organization\",\"name\":\"eMadrid.com\",\"url\":\"https:\/\/emadrid.com\/de\/\",\"logo\":{\"@type\":\"ImageObject\",\"inLanguage\":\"de\",\"@id\":\"https:\/\/emadrid.com\/de\/#\/schema\/logo\/image\/\",\"url\":\"https:\/\/emadrid.com\/wp-content\/uploads\/2025\/01\/Logo-horizontal-250px.png?wsr\",\"contentUrl\":\"https:\/\/emadrid.com\/wp-content\/uploads\/2025\/01\/Logo-horizontal-250px.png?wsr\",\"width\":251,\"height\":35,\"caption\":\"eMadrid.com\"},\"image\":{\"@id\":\"https:\/\/emadrid.com\/de\/#\/schema\/logo\/image\/\"}}]}<\/script>\n<!-- \/ Yoast SEO plugin. -->","yoast_head_json":{"title":"Cookie-Richtlinie - eMadrid.com","robots":{"index":"index","follow":"follow","max-snippet":"max-snippet:-1","max-image-preview":"max-image-preview:large","max-video-preview":"max-video-preview:-1"},"canonical":"https:\/\/emadrid.com\/de\/cookie-richtlinie\/","og_locale":"de_DE","og_type":"article","og_title":"Cookie-Richtlinie - eMadrid.com","og_description":"INFORMATIONEN \u00dcBER COOKIES&nbsp; In \u00dcbereinstimmung mit dem Gesetz 34\/2002 vom 11. Juli 2002 \u00fcber die Dienste der Informationsgesellschaft und den elektronischen Handel.&nbsp; (LSSI), in Bezug auf die Verordnung (EU) 2016\/679 des Europ\u00e4ischen Parlaments und des Rates vom 27. April 2016, Allgemeine Datenschutzverordnung (GDPR), und das Organgesetz 3\/2018 vom 5. Dezember \u00fcber den Datenschutz und die [&hellip;]","og_url":"https:\/\/emadrid.com\/de\/cookie-richtlinie\/","og_site_name":"eMadrid.com","article_modified_time":"2023-05-05T17:03:05+00:00","twitter_card":"summary_large_image","twitter_misc":{"Gesch\u00e4tzte Lesezeit":"7\u00a0Minuten"},"schema":{"@context":"https:\/\/schema.org","@graph":[{"@type":"WebPage","@id":"https:\/\/emadrid.com\/de\/cookie-richtlinie\/","url":"https:\/\/emadrid.com\/de\/cookie-richtlinie\/","name":"Cookie-Richtlinie - eMadrid.com","isPartOf":{"@id":"https:\/\/emadrid.com\/de\/#website"},"datePublished":"2023-05-03T15:47:50+00:00","dateModified":"2023-05-05T17:03:05+00:00","breadcrumb":{"@id":"https:\/\/emadrid.com\/de\/cookie-richtlinie\/#breadcrumb"},"inLanguage":"de","potentialAction":[{"@type":"ReadAction","target":["https:\/\/emadrid.com\/de\/cookie-richtlinie\/"]}]},{"@type":"BreadcrumbList","@id":"https:\/\/emadrid.com\/de\/cookie-richtlinie\/#breadcrumb","itemListElement":[{"@type":"ListItem","position":1,"name":"Portada","item":"https:\/\/emadrid.com\/de\/"},{"@type":"ListItem","position":2,"name":"Cookie-Richtlinie"}]},{"@type":"WebSite","@id":"https:\/\/emadrid.com\/de\/#website","url":"https:\/\/emadrid.com\/de\/","name":"eMadrid.com","description":"Las mejores Ofertas en Madrid. Hoteles, Espect\u00e1culos, Actividades y mucho m\u00e1s.","publisher":{"@id":"https:\/\/emadrid.com\/de\/#organization"},"potentialAction":[{"@type":"SearchAction","target":{"@type":"EntryPoint","urlTemplate":"https:\/\/emadrid.com\/de\/?s={search_term_string}"},"query-input":{"@type":"PropertyValueSpecification","valueRequired":true,"valueName":"search_term_string"}}],"inLanguage":"de"},{"@type":"Organization","@id":"https:\/\/emadrid.com\/de\/#organization","name":"eMadrid.com","url":"https:\/\/emadrid.com\/de\/","logo":{"@type":"ImageObject","inLanguage":"de","@id":"https:\/\/emadrid.com\/de\/#\/schema\/logo\/image\/","url":"https:\/\/emadrid.com\/wp-content\/uploads\/2025\/01\/Logo-horizontal-250px.png?wsr","contentUrl":"https:\/\/emadrid.com\/wp-content\/uploads\/2025\/01\/Logo-horizontal-250px.png?wsr","width":251,"height":35,"caption":"eMadrid.com"},"image":{"@id":"https:\/\/emadrid.com\/de\/#\/schema\/logo\/image\/"}}]}},"_links":{"self":[{"href":"https:\/\/emadrid.com\/de\/wp-json\/wp\/v2\/pages\/11551","targetHints":{"allow":["GET"]}}],"collection":[{"href":"https:\/\/emadrid.com\/de\/wp-json\/wp\/v2\/pages"}],"about":[{"href":"https:\/\/emadrid.com\/de\/wp-json\/wp\/v2\/types\/page"}],"author":[{"embeddable":true,"href":"https:\/\/emadrid.com\/de\/wp-json\/wp\/v2\/users\/4"}],"replies":[{"embeddable":true,"href":"https:\/\/emadrid.com\/de\/wp-json\/wp\/v2\/comments?post=11551"}],"version-history":[{"count":3,"href":"https:\/\/emadrid.com\/de\/wp-json\/wp\/v2\/pages\/11551\/revisions"}],"predecessor-version":[{"id":11941,"href":"https:\/\/emadrid.com\/de\/wp-json\/wp\/v2\/pages\/11551\/revisions\/11941"}],"wp:attachment":[{"href":"https:\/\/emadrid.com\/de\/wp-json\/wp\/v2\/media?parent=11551"}],"curies":[{"name":"wp","href":"https:\/\/api.w.org\/{rel}","templated":true}]}}