{"id":11564,"date":"2023-05-04T07:44:55","date_gmt":"2023-05-04T05:44:55","guid":{"rendered":"https:\/\/bookingmadrid.com\/terminos-y-condiciones\/"},"modified":"2023-05-05T17:01:57","modified_gmt":"2023-05-05T17:01:57","slug":"bedingungen-und-konditionen","status":"publish","type":"page","link":"https:\/\/emadrid.com\/de\/bedingungen-und-konditionen\/","title":{"rendered":"Bedingungen und Konditionen"},"content":{"rendered":"\n<p>\u00dcber die Website eMadrid.com hat der BENUTZER Zugang zu Informationen \u00fcber Produkte und Dienstleistungen Dritter im Zusammenhang mit Tourismus und Reisen und kann in bestimmten F\u00e4llen Reservierungen und K\u00e4ufe solcher Produkte und Dienstleistungen bei den entsprechenden Anbietern t\u00e4tigen.<\/p>\n\n\n\n<p>\u00dcber diese Website stellt eMadrid.com eine Online-Werbe- und Marketingplattform zur Verf\u00fcgung, \u00fcber die alle unsere Dienstleister alle Arten von tempor\u00e4ren Unterk\u00fcnften (z. B. Hotels, Wohnungen, Motels, Herbergen, Ferienh\u00e4user usw.), Reisen, Ausfl\u00fcgen oder anderen Dienstleistungen anbieten, so dass die Nutzer der Website das Angebot, das ihren Erwartungen am besten entspricht, suchen, vergleichen, ausw\u00e4hlen, ausw\u00e4hlen und kaufen und schlie\u00dflich eine Reservierung bei dem gew\u00e4hlten Dienstleister vornehmen k\u00f6nnen. Wenn der BENUTZER eine Reservierung \u00fcber die Website eMadrid.com vornimmt, geht er eine direkte (rechtsverbindliche) vertragliche Beziehung mit dem Dienstleister ein, bei dem er die Reservierung vorgenommen hat. Von dem Moment an, in dem Sie Ihre Reservierung vornehmen, fungieren wir lediglich als Vermittler zwischen dem BENUTZER und dem Dienstleister, indem wir die Reservierungsdaten an den Dienstleister \u00fcbermitteln, der seinerseits die Reservierung durch eine Best\u00e4tigungs-E-Mail oder auf eine andere vom Dienstleister in seinen Bedingungen festgelegte Weise best\u00e4tigt.<\/p>\n\n\n\n<p>Die von uns angezeigten Informationen beruhen auf Informationen, die uns von Dienstleistern zur Verf\u00fcgung gestellt werden. In jedem Fall haben die Anbieter der Produkte und Dienstleistungen Zugang zu einem Extranet f\u00fcr Dienstleister, \u00fcber das sie in vollem Umfang f\u00fcr die Aktualisierung der Preise, der Verf\u00fcgbarkeit und aller anderen auf unserer Website erscheinenden Daten \u00fcber die beworbenen Produkte und Dienstleistungen verantwortlich sind.<\/p>\n\n\n\n<p>Die Inhalte und der Online-Buchungsservice dieser Website werden von Civitatis verwaltet und bereitgestellt und unterliegen den folgenden Bedingungen <a href=\"https:\/\/www.civitatis.com\/en\/general-conditions\/\">seine Bedingungen und Konditionen<\/a> von Online Travels, vorbehaltlich der <a href=\"https:\/\/onlinetravelserver.com\/general-conditions\">seine Bedingungen und Konditionen<\/a> von Fever vorbehaltlich <a href=\"https:\/\/docs.google.com\/document\/d\/e\/2PACX-1vTVfVWPBaOva3nUzzscqNETIqJe34-Om-Ng5G-vCeoopC7P7MssnUT2JUc7C5eosn6z8jM2pu57XxEs\/pub\">seine Bedingungen und Konditionen<\/a> und von Get Your Guide vorbehaltlich ihrer <a href=\"https:\/\/www.getyourguide.de\/c\/general-terms-and-conditions\" target=\"_blank\" rel=\"noreferrer noopener\">Bedingungen und Konditionen<\/a> die der Nutzer lesen und akzeptieren kann, bevor er die Buchung vornimmt. <\/p>\n\n\n\n<p>Datenschutz und Cookies<\/p>\n\n\n\n<p>Sie k\u00f6nnen unsere (<a href=\"https:\/\/emadrid.com\/de\/datenschutzbestimmungen\/\">Link<\/a> zu unserer Datenschutz- und Cookie-Richtlinie) \u00fcberpr\u00fcfen<\/p>\n\n\n\n<p>Befreiung von der Haftung<\/p>\n\n\n\n<p>In \u00dcbereinstimmung mit diesen Bedingungen haften wir nur nicht f\u00fcr direkte Sch\u00e4den, die der Nutzer aus Gr\u00fcnden erleidet, die auf unsere Verpflichtungen in Bezug auf unsere Dienstleistungen zur\u00fcckzuf\u00fchren sind, da der Vertragsabschluss direkt mit unseren Dienstleistern und gem\u00e4\u00df den Bedingungen erfolgt, denen sich der Nutzer ausdr\u00fccklich unterwirft.<\/p>\n\n\n\n<p>In keinem Fall haften wir f\u00fcr direkte oder indirekte Sch\u00e4den, die aus oder im Zusammenhang mit dem Zugriff, der Betrachtung oder der Nutzung dieser Website oder mit der Verz\u00f6gerung oder Unm\u00f6glichkeit des Zugriffs, der Betrachtung oder der Nutzung dieser Website oder mit anderen technischen Problemen, die diese Website betreffen, entstehen.<\/p>\n\n\n\n<p>Soweit gesetzlich zul\u00e4ssig, haften weder wir noch unsere Direktoren, Angestellten, Vertreter, Mitwirkenden oder andere Personen, die an der Erstellung, dem Sponsoring und der F\u00f6rderung der Website und ihrer Inhalte beteiligt sind, f\u00fcr die folgende nicht-exklusive Beziehung: <\/p>\n\n\n\n<ol class=\"wp-block-list\">\n<li>Strafschadensersatz, besondere, indirekte oder Folgesch\u00e4den, Produktions-, Gewinn-, Einnahme- und Vertragsverluste sowie Kunden- und Reputationsverluste und der Verlust von Anspr\u00fcchen; <\/li>\n\n\n\n<li>Fehler im Zusammenhang mit der Beschreibung der Informationen (einschlie\u00dflich Informationen \u00fcber Preise, Verf\u00fcgbarkeit und Bewertungen) der Einrichtung auf unserer Website; <\/li>\n\n\n\n<li>die von der Einrichtung erbrachten Dienstleistungen oder angebotenen Produkte; <\/li>\n\n\n\n<li>vom BENUTZER erlittene, entstandene oder bezahlte Verluste, Sch\u00e4den oder Kosten (direkte, indirekte, Folge- oder Strafkosten), die sich aus der Nutzung, Nichtverf\u00fcgbarkeit oder Verz\u00f6gerung unserer Website ergeben; oder<\/li>\n\n\n\n<li>alle (Personen-)Verletzungen, Todesf\u00e4lle, Sachsch\u00e4den oder sonstigen Sch\u00e4den, Verluste und Ausgaben (direkte oder indirekte, Folge- oder Strafsch\u00e4den), die der BENUTZER erleidet, erleidet oder bezahlt, unabh\u00e4ngig davon, ob sie auf (Rechts-)Handlungen, Irrt\u00fcmer, Verst\u00f6\u00dfe, (grobe) Fahrl\u00e4ssigkeit, vors\u00e4tzliches berufliches Fehlverhalten, Unterlassungen, Vers\u00e4umnisse, falsche Angaben, falsche Darstellungen, verschuldensunabh\u00e4ngige Haftung oder (ganz oder teilweise) auf die Einrichtung (Angestellte, Direktoren, Mitarbeiter, Vertreter oder verbundene Unternehmen) zur\u00fcckzuf\u00fchren sind, Falschdarstellung, verschuldensunabh\u00e4ngige Haftung aus unerlaubter Handlung oder (ganz oder teilweise) der Einrichtung (Angestellte, Direktoren, Mitarbeiter, Agenten, Vertreter oder verbundene Unternehmen) zuzuschreiben sind, einschlie\u00dflich (teilweiser) Annullierung, \u00dcberbuchung, Streik, h\u00f6herer Gewalt oder anderer Handlungen, die au\u00dferhalb unserer Kontrolle liegen.<\/li>\n<\/ol>\n\n\n\n<p>Geistiges Eigentum und Rechtsprechung<\/p>\n\n\n\n<p>Sofern nicht anders angegeben, geh\u00f6ren die Software, die f\u00fcr unsere Dienstleistungen erforderlich ist oder auf unserer Website verwendet wird, sowie die geistigen Eigentumsrechte (einschlie\u00dflich der Urheberrechte) am Inhalt und an den Informationen und Materialien auf unserer Website eMadrid.com, seinen Lieferanten oder H\u00e4ndlern. <\/p>\n\n\n\n<p>Soweit gesetzlich zul\u00e4ssig, unterliegen die vorliegenden Bedingungen und die Erbringung unserer Dienstleistungen den in Spanien geltenden Gesetzen und sind nach diesen auszulegen, und alle Streitigkeiten, die sich aus den vorliegenden allgemeinen Bedingungen und unseren Dienstleistungen ergeben, sind ausschlie\u00dflich vor den zust\u00e4ndigen Gerichten in Spanien auszutragen.<\/p>\n\n\n\n<p>Die englische Originalfassung dieser Bedingungen wurde in andere Sprachen \u00fcbersetzt. Die \u00fcbersetzte Fassung ist eine Gef\u00e4lligkeits\u00fcbersetzung und nicht amtlich; daher k\u00f6nnen aus der \u00dcbersetzung keine Rechte abgeleitet werden. Bei Streitigkeiten \u00fcber den Inhalt oder die Auslegung der Bedingungen sowie bei Konflikten, Widerspr\u00fcchen oder Unstimmigkeiten zwischen der englischen Fassung und den anderen Sprachfassungen ist die englische Fassung dieser Bedingungen ma\u00dfgebend und soweit gesetzlich zul\u00e4ssig, abschlie\u00dfend. Sie k\u00f6nnen die englische Fassung auf unserer Website einsehen (durch Auswahl der Sprache) oder uns schriftlich bitten, Ihnen diese zuzusenden.<\/p>\n\n\n\n<p>Angaben zum Unternehmen<\/p>\n\n\n\n<p>eMadrid.com ist eine registrierte Domain im Besitz von Madrid Reserva Online, S.L., einer nach spanischem Recht gegr\u00fcndeten Gesellschaft mit spanischer Staatsangeh\u00f6rigkeit und unbestimmter Dauer, mit Sitz in der Calle de Valdebernardo, 39, 28280, Madrid, Spanien, und mit der Steueridentifikationsnummer 45531669H.<\/p>\n","protected":false},"excerpt":{"rendered":"<p>\u00dcber die Website eMadrid.com hat der BENUTZER Zugang zu Informationen \u00fcber Produkte und Dienstleistungen Dritter im Zusammenhang mit Tourismus und Reisen und kann in bestimmten F\u00e4llen Reservierungen und K\u00e4ufe solcher Produkte und Dienstleistungen bei den entsprechenden Anbietern t\u00e4tigen. \u00dcber diese Website stellt eMadrid.com eine Online-Werbe- und Marketingplattform zur Verf\u00fcgung, \u00fcber die alle unsere Dienstleister alle [&hellip;]<\/p>\n","protected":false},"author":4,"featured_media":0,"parent":0,"menu_order":0,"comment_status":"closed","ping_status":"closed","template":"","meta":{"site-sidebar-layout":"default","site-content-layout":"default","ast-site-content-layout":"default","site-content-style":"default","site-sidebar-style":"default","ast-global-header-display":"","ast-banner-title-visibility":"","ast-main-header-display":"","ast-hfb-above-header-display":"","ast-hfb-below-header-display":"","ast-hfb-mobile-header-display":"","site-post-title":"","ast-breadcrumbs-content":"","ast-featured-img":"","footer-sml-layout":"","theme-transparent-header-meta":"default","adv-header-id-meta":"","stick-header-meta":"","header-above-stick-meta":"","header-main-stick-meta":"","header-below-stick-meta":"","astra-migrate-meta-layouts":"default","ast-page-background-enabled":"default","ast-page-background-meta":{"desktop":{"background-color":"var(--ast-global-color-4)","background-image":"","background-repeat":"repeat","background-position":"center center","background-size":"auto","background-attachment":"scroll","background-type":"","background-media":"","overlay-type":"","overlay-color":"","overlay-opacity":"","overlay-gradient":""},"tablet":{"background-color":"","background-image":"","background-repeat":"repeat","background-position":"center center","background-size":"auto","background-attachment":"scroll","background-type":"","background-media":"","overlay-type":"","overlay-color":"","overlay-opacity":"","overlay-gradient":""},"mobile":{"background-color":"","background-image":"","background-repeat":"repeat","background-position":"center center","background-size":"auto","background-attachment":"scroll","background-type":"","background-media":"","overlay-type":"","overlay-color":"","overlay-opacity":"","overlay-gradient":""}},"ast-content-background-meta":{"desktop":{"background-color":"var(--ast-global-color-5)","background-image":"","background-repeat":"repeat","background-position":"center center","background-size":"auto","background-attachment":"scroll","background-type":"","background-media":"","overlay-type":"","overlay-color":"","overlay-opacity":"","overlay-gradient":""},"tablet":{"background-color":"var(--ast-global-color-5)","background-image":"","background-repeat":"repeat","background-position":"center center","background-size":"auto","background-attachment":"scroll","background-type":"","background-media":"","overlay-type":"","overlay-color":"","overlay-opacity":"","overlay-gradient":""},"mobile":{"background-color":"var(--ast-global-color-5)","background-image":"","background-repeat":"repeat","background-position":"center center","background-size":"auto","background-attachment":"scroll","background-type":"","background-media":"","overlay-type":"","overlay-color":"","overlay-opacity":"","overlay-gradient":""}},"footnotes":""},"class_list":["post-11564","page","type-page","status-publish","hentry"],"yoast_head":"<!-- This site is optimized with the Yoast SEO plugin v26.4 - https:\/\/yoast.com\/wordpress\/plugins\/seo\/ -->\n<title>Bedingungen und Konditionen - eMadrid.com<\/title>\n<meta name=\"robots\" content=\"index, follow, max-snippet:-1, max-image-preview:large, max-video-preview:-1\" \/>\n<link rel=\"canonical\" href=\"https:\/\/emadrid.com\/de\/bedingungen-und-konditionen\/\" \/>\n<meta property=\"og:locale\" content=\"de_DE\" \/>\n<meta property=\"og:type\" content=\"article\" \/>\n<meta property=\"og:title\" content=\"Bedingungen und Konditionen - eMadrid.com\" \/>\n<meta property=\"og:description\" content=\"\u00dcber die Website eMadrid.com hat der BENUTZER Zugang zu Informationen \u00fcber Produkte und Dienstleistungen Dritter im Zusammenhang mit Tourismus und Reisen und kann in bestimmten F\u00e4llen Reservierungen und K\u00e4ufe solcher Produkte und Dienstleistungen bei den entsprechenden Anbietern t\u00e4tigen. \u00dcber diese Website stellt eMadrid.com eine Online-Werbe- und Marketingplattform zur Verf\u00fcgung, \u00fcber die alle unsere Dienstleister alle [&hellip;]\" \/>\n<meta property=\"og:url\" content=\"https:\/\/emadrid.com\/de\/bedingungen-und-konditionen\/\" \/>\n<meta property=\"og:site_name\" content=\"eMadrid.com\" \/>\n<meta property=\"article:modified_time\" content=\"2023-05-05T17:01:57+00:00\" \/>\n<meta name=\"twitter:card\" content=\"summary_large_image\" \/>\n<meta name=\"twitter:label1\" content=\"Gesch\u00e4tzte Lesezeit\" \/>\n\t<meta name=\"twitter:data1\" content=\"5\u00a0Minuten\" \/>\n<script type=\"application\/ld+json\" class=\"yoast-schema-graph\">{\"@context\":\"https:\/\/schema.org\",\"@graph\":[{\"@type\":\"WebPage\",\"@id\":\"https:\/\/emadrid.com\/de\/bedingungen-und-konditionen\/\",\"url\":\"https:\/\/emadrid.com\/de\/bedingungen-und-konditionen\/\",\"name\":\"Bedingungen und Konditionen - eMadrid.com\",\"isPartOf\":{\"@id\":\"https:\/\/emadrid.com\/de\/#website\"},\"datePublished\":\"2023-05-04T05:44:55+00:00\",\"dateModified\":\"2023-05-05T17:01:57+00:00\",\"breadcrumb\":{\"@id\":\"https:\/\/emadrid.com\/de\/bedingungen-und-konditionen\/#breadcrumb\"},\"inLanguage\":\"de\",\"potentialAction\":[{\"@type\":\"ReadAction\",\"target\":[\"https:\/\/emadrid.com\/de\/bedingungen-und-konditionen\/\"]}]},{\"@type\":\"BreadcrumbList\",\"@id\":\"https:\/\/emadrid.com\/de\/bedingungen-und-konditionen\/#breadcrumb\",\"itemListElement\":[{\"@type\":\"ListItem\",\"position\":1,\"name\":\"Portada\",\"item\":\"https:\/\/emadrid.com\/de\/\"},{\"@type\":\"ListItem\",\"position\":2,\"name\":\"Bedingungen und Konditionen\"}]},{\"@type\":\"WebSite\",\"@id\":\"https:\/\/emadrid.com\/de\/#website\",\"url\":\"https:\/\/emadrid.com\/de\/\",\"name\":\"eMadrid.com\",\"description\":\"Las mejores Ofertas en Madrid. Hoteles, Espect\u00e1culos, Actividades y mucho m\u00e1s.\",\"publisher\":{\"@id\":\"https:\/\/emadrid.com\/de\/#organization\"},\"potentialAction\":[{\"@type\":\"SearchAction\",\"target\":{\"@type\":\"EntryPoint\",\"urlTemplate\":\"https:\/\/emadrid.com\/de\/?s={search_term_string}\"},\"query-input\":{\"@type\":\"PropertyValueSpecification\",\"valueRequired\":true,\"valueName\":\"search_term_string\"}}],\"inLanguage\":\"de\"},{\"@type\":\"Organization\",\"@id\":\"https:\/\/emadrid.com\/de\/#organization\",\"name\":\"eMadrid.com\",\"url\":\"https:\/\/emadrid.com\/de\/\",\"logo\":{\"@type\":\"ImageObject\",\"inLanguage\":\"de\",\"@id\":\"https:\/\/emadrid.com\/de\/#\/schema\/logo\/image\/\",\"url\":\"https:\/\/emadrid.com\/wp-content\/uploads\/2025\/01\/Logo-horizontal-250px.png?wsr\",\"contentUrl\":\"https:\/\/emadrid.com\/wp-content\/uploads\/2025\/01\/Logo-horizontal-250px.png?wsr\",\"width\":251,\"height\":35,\"caption\":\"eMadrid.com\"},\"image\":{\"@id\":\"https:\/\/emadrid.com\/de\/#\/schema\/logo\/image\/\"}}]}<\/script>\n<!-- \/ Yoast SEO plugin. -->","yoast_head_json":{"title":"Bedingungen und Konditionen - eMadrid.com","robots":{"index":"index","follow":"follow","max-snippet":"max-snippet:-1","max-image-preview":"max-image-preview:large","max-video-preview":"max-video-preview:-1"},"canonical":"https:\/\/emadrid.com\/de\/bedingungen-und-konditionen\/","og_locale":"de_DE","og_type":"article","og_title":"Bedingungen und Konditionen - eMadrid.com","og_description":"\u00dcber die Website eMadrid.com hat der BENUTZER Zugang zu Informationen \u00fcber Produkte und Dienstleistungen Dritter im Zusammenhang mit Tourismus und Reisen und kann in bestimmten F\u00e4llen Reservierungen und K\u00e4ufe solcher Produkte und Dienstleistungen bei den entsprechenden Anbietern t\u00e4tigen. \u00dcber diese Website stellt eMadrid.com eine Online-Werbe- und Marketingplattform zur Verf\u00fcgung, \u00fcber die alle unsere Dienstleister alle [&hellip;]","og_url":"https:\/\/emadrid.com\/de\/bedingungen-und-konditionen\/","og_site_name":"eMadrid.com","article_modified_time":"2023-05-05T17:01:57+00:00","twitter_card":"summary_large_image","twitter_misc":{"Gesch\u00e4tzte Lesezeit":"5\u00a0Minuten"},"schema":{"@context":"https:\/\/schema.org","@graph":[{"@type":"WebPage","@id":"https:\/\/emadrid.com\/de\/bedingungen-und-konditionen\/","url":"https:\/\/emadrid.com\/de\/bedingungen-und-konditionen\/","name":"Bedingungen und Konditionen - eMadrid.com","isPartOf":{"@id":"https:\/\/emadrid.com\/de\/#website"},"datePublished":"2023-05-04T05:44:55+00:00","dateModified":"2023-05-05T17:01:57+00:00","breadcrumb":{"@id":"https:\/\/emadrid.com\/de\/bedingungen-und-konditionen\/#breadcrumb"},"inLanguage":"de","potentialAction":[{"@type":"ReadAction","target":["https:\/\/emadrid.com\/de\/bedingungen-und-konditionen\/"]}]},{"@type":"BreadcrumbList","@id":"https:\/\/emadrid.com\/de\/bedingungen-und-konditionen\/#breadcrumb","itemListElement":[{"@type":"ListItem","position":1,"name":"Portada","item":"https:\/\/emadrid.com\/de\/"},{"@type":"ListItem","position":2,"name":"Bedingungen und Konditionen"}]},{"@type":"WebSite","@id":"https:\/\/emadrid.com\/de\/#website","url":"https:\/\/emadrid.com\/de\/","name":"eMadrid.com","description":"Las mejores Ofertas en Madrid. Hoteles, Espect\u00e1culos, Actividades y mucho m\u00e1s.","publisher":{"@id":"https:\/\/emadrid.com\/de\/#organization"},"potentialAction":[{"@type":"SearchAction","target":{"@type":"EntryPoint","urlTemplate":"https:\/\/emadrid.com\/de\/?s={search_term_string}"},"query-input":{"@type":"PropertyValueSpecification","valueRequired":true,"valueName":"search_term_string"}}],"inLanguage":"de"},{"@type":"Organization","@id":"https:\/\/emadrid.com\/de\/#organization","name":"eMadrid.com","url":"https:\/\/emadrid.com\/de\/","logo":{"@type":"ImageObject","inLanguage":"de","@id":"https:\/\/emadrid.com\/de\/#\/schema\/logo\/image\/","url":"https:\/\/emadrid.com\/wp-content\/uploads\/2025\/01\/Logo-horizontal-250px.png?wsr","contentUrl":"https:\/\/emadrid.com\/wp-content\/uploads\/2025\/01\/Logo-horizontal-250px.png?wsr","width":251,"height":35,"caption":"eMadrid.com"},"image":{"@id":"https:\/\/emadrid.com\/de\/#\/schema\/logo\/image\/"}}]}},"_links":{"self":[{"href":"https:\/\/emadrid.com\/de\/wp-json\/wp\/v2\/pages\/11564","targetHints":{"allow":["GET"]}}],"collection":[{"href":"https:\/\/emadrid.com\/de\/wp-json\/wp\/v2\/pages"}],"about":[{"href":"https:\/\/emadrid.com\/de\/wp-json\/wp\/v2\/types\/page"}],"author":[{"embeddable":true,"href":"https:\/\/emadrid.com\/de\/wp-json\/wp\/v2\/users\/4"}],"replies":[{"embeddable":true,"href":"https:\/\/emadrid.com\/de\/wp-json\/wp\/v2\/comments?post=11564"}],"version-history":[{"count":6,"href":"https:\/\/emadrid.com\/de\/wp-json\/wp\/v2\/pages\/11564\/revisions"}],"predecessor-version":[{"id":11940,"href":"https:\/\/emadrid.com\/de\/wp-json\/wp\/v2\/pages\/11564\/revisions\/11940"}],"wp:attachment":[{"href":"https:\/\/emadrid.com\/de\/wp-json\/wp\/v2\/media?parent=11564"}],"curies":[{"name":"wp","href":"https:\/\/api.w.org\/{rel}","templated":true}]}}