{"id":8649,"date":"2023-03-28T16:11:24","date_gmt":"2023-03-28T14:11:24","guid":{"rendered":"https:\/\/bookingmadrid.com\/wohnungen\/"},"modified":"2023-05-18T08:09:26","modified_gmt":"2023-05-18T08:09:26","slug":"wohnungen","status":"publish","type":"page","link":"https:\/\/emadrid.com\/de\/wohnungen\/","title":{"rendered":"Wohnungen"},"content":{"rendered":"\t\t<div data-elementor-type=\"wp-page\" data-elementor-id=\"8649\" class=\"elementor elementor-8649 elementor-3387\" data-elementor-post-type=\"page\">\n\t\t\t\t\t\t<section class=\"elementor-section elementor-top-section elementor-element elementor-element-931a4cf elementor-section-boxed elementor-section-height-default elementor-section-height-default\" data-id=\"931a4cf\" data-element_type=\"section\" data-settings=\"{&quot;background_background&quot;:&quot;video&quot;,&quot;background_video_link&quot;:&quot;https:\\\/\\\/youtu.be\\\/4P2wtM-J4kE&quot;}\">\n\t\t\t\t\t\t\t\t<div class=\"elementor-background-video-container elementor-hidden-mobile\">\n\t\t\t\t\t\t\t\t\t\t\t\t\t<div class=\"elementor-background-video-embed\"><\/div>\n\t\t\t\t\t\t\t\t\t\t\t\t<\/div>\n\t\t\t\t\t\t\t\t\t<div class=\"elementor-background-overlay\"><\/div>\n\t\t\t\t\t\t\t<div class=\"elementor-container elementor-column-gap-default\">\n\t\t\t\t\t<div class=\"elementor-column elementor-col-100 elementor-top-column elementor-element elementor-element-71f17ab\" data-id=\"71f17ab\" data-element_type=\"column\">\n\t\t\t<div class=\"elementor-widget-wrap elementor-element-populated\">\n\t\t\t\t\t\t<div class=\"elementor-element elementor-element-3b07f57 elementor-widget elementor-widget-heading\" data-id=\"3b07f57\" data-element_type=\"widget\" data-widget_type=\"heading.default\">\n\t\t\t\t\t<h1 class=\"elementor-heading-title elementor-size-default\">Wohnungen in Madrid<\/h1>\t\t\t\t<\/div>\n\t\t\t\t<div class=\"elementor-element elementor-element-a489698 elementor-widget elementor-widget-html\" data-id=\"a489698\" data-element_type=\"widget\" data-widget_type=\"html.default\">\n\t\t\t\t\t<iframe frameborder=\"0\" scrolling=\"auto\" src=\"https:\/\/booking.emadrid.com\/public\/widget\/383571\/1443488056?lang=deselected_tab=apartment\" width=\"648\" height=\"420\"><a href=\"http:\/\/booking.emadrid.com\/public\/widget\/383571\/1443488056?selected_tab=apartment\">Buscador<\/a><\/iframe>\t\t\t\t<\/div>\n\t\t\t\t\t<\/div>\n\t\t<\/div>\n\t\t\t\t\t<\/div>\n\t\t<\/section>\n\t\t\t\t<section class=\"elementor-section elementor-top-section elementor-element elementor-element-20bcfe7 elementor-reverse-mobile elementor-section-boxed elementor-section-height-default elementor-section-height-default\" data-id=\"20bcfe7\" data-element_type=\"section\">\n\t\t\t\t\t\t<div class=\"elementor-container elementor-column-gap-default\">\n\t\t\t\t\t<div class=\"elementor-column elementor-col-100 elementor-top-column elementor-element elementor-element-a909e3a\" data-id=\"a909e3a\" data-element_type=\"column\">\n\t\t\t<div class=\"elementor-widget-wrap elementor-element-populated\">\n\t\t\t\t\t\t<div class=\"elementor-element elementor-element-acf3528 elementor-widget elementor-widget-text-editor\" data-id=\"acf3528\" data-element_type=\"widget\" data-widget_type=\"text-editor.default\">\n\t\t\t\t\t\t\t\t\t<p><span style=\"font-weight: 400;\">A <\/span><b>Wohnung in Madrid<\/b><span style=\"font-weight: 400;\">Die kosteng\u00fcnstigste Option f\u00fcr eine Expressreise mit Freunden oder ein romantisches Abenteuer mit Ihrem Partner. Wenn Sie es vorziehen, die B\u00fcrokratie von <a href=\"https:\/\/emadrid.com\/de\/hotels\/\">Hotels<\/a> zu ignorieren und auf Ihrer Reise &#8222;Ihren eigenen Weg&#8220; zu gehen, ist das <\/span><b>Zimmer oder ganze Wohnungen tageweise zu mieten<\/b><span style=\"font-weight: 400;\"> sind die beste Option f\u00fcr Sie.<\/span><\/p><p><span style=\"font-weight: 400;\">Und wie findet man die <\/span><b>besten Wohnungen in Madrid<\/b><span style=\"font-weight: 400;\"> wenn Sie bis jetzt noch nie eine Reise gebucht haben? Bei <a href=\"https:\/\/emadrid.com\/de\/\">eMadrid<\/a> bieten wir Ihnen eine umfangreiche Liste der besten Unterk\u00fcnfte f\u00fcr Ihren Aufenthalt in der gro\u00dfen Stadt. Ob luxuri\u00f6s oder bescheiden, jede Option ist nur einen Klick entfernt.<\/span><\/p><h3>Madrid Apartments: Warum Madrid w\u00e4hlen?<\/h3><p>Madrid ist eine der lebendigsten und aufregendsten St\u00e4dte Europas. Mit seiner reichen Geschichte, seiner <a href=\"https:\/\/emadrid.com\/en\/madrid-guide\/the-city-of-madrid\/historical-places-of-madrid\/\">atemberaubenden Architektur<\/a>, seiner <a href=\"https:\/\/emadrid.com\/en\/madrid-guide\/where-to-eat-in-madrid\/\">k\u00f6stlichen K\u00fcche<\/a> und seinem pulsierenden <a href=\"https:\/\/emadrid.com\/guia-de-madrid\/ocio-y-festivales-en-madrid\/ocio-en-madrid\/\">Nachtleben<\/a> ist Madrid eine Stadt, die immer wieder aufs Neue fasziniert. Egal, ob Sie eine Besichtigungsreise oder einen l\u00e4ngeren Aufenthalt planen, Madrid ist ein Reiseziel, das Sie nicht entt\u00e4uschen wird.<\/p><h3>Madrid Centro Wohnungen: Ihr Zuhause im Herzen der Stadt<\/h3><p>Wenn Sie im Zentrum des Geschehens sein wollen, dann ist eine <strong>Wohnung im Zentrum von Madrid<\/strong> genau das Richtige f\u00fcr Sie. Unsere Auswahl an Wohnungen im Zentrum von Madrid befindet sich in den <a href=\"https:\/\/emadrid.com\/en\/madrid-guide\/information-of-interest\/madrid-neighborhoods\/\">beliebtesten und lebendigsten Vierteln der Stadt<\/a>, wie La Latina, Malasa\u00f1a und Chueca. Alle unsere Wohnungen im Zentrum von Madrid sind mit allen Annehmlichkeiten ausgestattet, die Sie f\u00fcr einen komfortablen und unbeschwerten Aufenthalt ben\u00f6tigen.<\/p><h3>Touristische Wohnungen Madrid: Madrid wie ein Einheimischer erleben<\/h3><p>Wenn Sie auf der Suche nach einem authentischen Erlebnis sind, dann ist eine Ferienwohnung genau das Richtige f\u00fcr Sie. Unsere Auswahl an <strong>Touristenwohnungen in Madrid<\/strong> befindet sich in weniger touristischen, aber ebenso faszinierenden Vierteln wie Lavapi\u00e9s und Huertas. Alle unsere Ferienwohnungen sind mit allem ausgestattet, was Sie f\u00fcr einen komfortablen und sorglosen Aufenthalt ben\u00f6tigen, einschlie\u00dflich voll ausgestatteter K\u00fcchen und gem\u00fctlicher Wohnbereiche.<\/p><h3>Long Stay Apartments Madrid: Sich f\u00fcr l\u00e4ngere Zeit wie zu Hause f\u00fchlen<\/h3><p>Wenn Sie f\u00fcr einen l\u00e4ngeren Zeitraum in Madrid bleiben m\u00f6chten, sind unsere Wohnungen f\u00fcr Langzeitaufenthalte genau das Richtige f\u00fcr Sie. Alle unsere Wohnungen f\u00fcr Langzeitaufenthalte in Madrid befinden sich in beliebten und gut angebundenen Vierteln wie Chamber\u00ed und Retiro. Unsere Langzeitwohnungen in Madrid sind mit allen Annehmlichkeiten ausgestattet, die Sie brauchen, um sich wie zu Hause zu f\u00fchlen, einschlie\u00dflich voll ausgestatteter K\u00fcchen, komfortabler Wohnbereiche und Hochgeschwindigkeits-Internetverbindungen.<\/p><h4>Buchen Sie Ihr Apartment in Madrid<\/h4><p>Die Buchung einer unserer Wohnungen in Madrid ist schnell und einfach. W\u00e4hlen Sie einfach die Wohnung aus, die Ihnen am besten gef\u00e4llt, und folgen Sie den Anweisungen auf dem Bildschirm, um online zu buchen. Sie k\u00f6nnen sich auch jederzeit an unseren Kundenservice wenden, wenn Sie Fragen haben oder Hilfe bei Ihrer Buchung ben\u00f6tigen.<\/p><p>Warten Sie nicht l\u00e4nger mit der Buchung Ihrer Wohnung in Madrid! Mit unserer Auswahl an zentralen, touristischen und Langzeitwohnungen finden Sie sicher die perfekte Unterkunft f\u00fcr Ihren Aufenthalt in Madrid. Wir freuen uns auf Ihren Besuch in der spanischen Hauptstadt!<\/p>\t\t\t\t\t\t\t\t<\/div>\n\t\t\t\t\t<\/div>\n\t\t<\/div>\n\t\t\t\t\t<\/div>\n\t\t<\/section>\n\t\t<div class=\"elementor-element elementor-element-ef1bb4d e-flex e-con-boxed e-con e-parent\" data-id=\"ef1bb4d\" data-element_type=\"container\">\n\t\t\t\t\t<div class=\"e-con-inner\">\n\t\t\t\t<div class=\"elementor-element elementor-element-557efd8 elementor-widget elementor-widget-html\" data-id=\"557efd8\" data-element_type=\"widget\" data-widget_type=\"html.default\">\n\t\t\t\t\t<iframe frameborder=\"0\" scrolling=\"auto\" src=\"https:\/\/booking.emadrid.com\/public\/widget\/380771\/3407763204?lang=deselected_tab=HF&amp;lang=de\" width=\"367\" height=\"555\"><a href=\"http:\/\/booking.emadrid.com\/public\/widget\/380771\/3407763204\">Pauschale Angebote<\/a><\/iframe>\t\t\t\t<\/div>\n\t\t\t\t\t<\/div>\n\t\t\t\t<\/div>\n\t\t\t\t<\/div>\n\t\t","protected":false},"excerpt":{"rendered":"<p>Wohnungen in Madrid Buscador A Wohnung in MadridDie kosteng\u00fcnstigste Option f\u00fcr eine Expressreise mit Freunden oder ein romantisches Abenteuer mit Ihrem Partner. Wenn Sie es vorziehen, die B\u00fcrokratie von Hotels zu ignorieren und auf Ihrer Reise &#8222;Ihren eigenen Weg&#8220; zu gehen, ist das Zimmer oder ganze Wohnungen tageweise zu mieten sind die beste Option f\u00fcr [&hellip;]<\/p>\n","protected":false},"author":4,"featured_media":0,"parent":0,"menu_order":0,"comment_status":"closed","ping_status":"closed","template":"elementor_header_footer","meta":{"site-sidebar-layout":"no-sidebar","site-content-layout":"page-builder","ast-site-content-layout":"full-width-container","site-content-style":"unboxed","site-sidebar-style":"unboxed","ast-global-header-display":"","ast-banner-title-visibility":"","ast-main-header-display":"","ast-hfb-above-header-display":"","ast-hfb-below-header-display":"","ast-hfb-mobile-header-display":"","site-post-title":"disabled","ast-breadcrumbs-content":"","ast-featured-img":"disabled","footer-sml-layout":"","theme-transparent-header-meta":"","adv-header-id-meta":"","stick-header-meta":"","header-above-stick-meta":"","header-main-stick-meta":"","header-below-stick-meta":"","astra-migrate-meta-layouts":"default","ast-page-background-enabled":"default","ast-page-background-meta":{"desktop":{"background-color":"var(--ast-global-color-4)","background-image":"","background-repeat":"repeat","background-position":"center center","background-size":"auto","background-attachment":"scroll","background-type":"","background-media":"","overlay-type":"","overlay-color":"","overlay-opacity":"","overlay-gradient":""},"tablet":{"background-color":"","background-image":"","background-repeat":"repeat","background-position":"center center","background-size":"auto","background-attachment":"scroll","background-type":"","background-media":"","overlay-type":"","overlay-color":"","overlay-opacity":"","overlay-gradient":""},"mobile":{"background-color":"","background-image":"","background-repeat":"repeat","background-position":"center center","background-size":"auto","background-attachment":"scroll","background-type":"","background-media":"","overlay-type":"","overlay-color":"","overlay-opacity":"","overlay-gradient":""}},"ast-content-background-meta":{"desktop":{"background-color":"var(--ast-global-color-5)","background-image":"","background-repeat":"repeat","background-position":"center center","background-size":"auto","background-attachment":"scroll","background-type":"","background-media":"","overlay-type":"","overlay-color":"","overlay-opacity":"","overlay-gradient":""},"tablet":{"background-color":"var(--ast-global-color-5)","background-image":"","background-repeat":"repeat","background-position":"center center","background-size":"auto","background-attachment":"scroll","background-type":"","background-media":"","overlay-type":"","overlay-color":"","overlay-opacity":"","overlay-gradient":""},"mobile":{"background-color":"var(--ast-global-color-5)","background-image":"","background-repeat":"repeat","background-position":"center center","background-size":"auto","background-attachment":"scroll","background-type":"","background-media":"","overlay-type":"","overlay-color":"","overlay-opacity":"","overlay-gradient":""}},"footnotes":""},"class_list":["post-8649","page","type-page","status-publish","hentry"],"yoast_head":"<!-- This site is optimized with the Yoast SEO plugin v26.4 - https:\/\/yoast.com\/wordpress\/plugins\/seo\/ -->\n<title>Wohnungen - eMadrid.com<\/title>\n<meta name=\"robots\" content=\"index, follow, max-snippet:-1, max-image-preview:large, max-video-preview:-1\" \/>\n<link rel=\"canonical\" href=\"https:\/\/emadrid.com\/de\/wohnungen\/\" \/>\n<meta property=\"og:locale\" content=\"de_DE\" \/>\n<meta property=\"og:type\" content=\"article\" \/>\n<meta property=\"og:title\" content=\"Wohnungen - eMadrid.com\" \/>\n<meta property=\"og:description\" content=\"Wohnungen in Madrid Buscador A Wohnung in MadridDie kosteng\u00fcnstigste Option f\u00fcr eine Expressreise mit Freunden oder ein romantisches Abenteuer mit Ihrem Partner. Wenn Sie es vorziehen, die B\u00fcrokratie von Hotels zu ignorieren und auf Ihrer Reise &#8222;Ihren eigenen Weg&#8220; zu gehen, ist das Zimmer oder ganze Wohnungen tageweise zu mieten sind die beste Option f\u00fcr [&hellip;]\" \/>\n<meta property=\"og:url\" content=\"https:\/\/emadrid.com\/de\/wohnungen\/\" \/>\n<meta property=\"og:site_name\" content=\"eMadrid.com\" \/>\n<meta property=\"article:modified_time\" content=\"2023-05-18T08:09:26+00:00\" \/>\n<meta name=\"twitter:card\" content=\"summary_large_image\" \/>\n<meta name=\"twitter:label1\" content=\"Gesch\u00e4tzte Lesezeit\" \/>\n\t<meta name=\"twitter:data1\" content=\"3\u00a0Minuten\" \/>\n<script type=\"application\/ld+json\" class=\"yoast-schema-graph\">{\"@context\":\"https:\/\/schema.org\",\"@graph\":[{\"@type\":\"WebPage\",\"@id\":\"https:\/\/emadrid.com\/de\/wohnungen\/\",\"url\":\"https:\/\/emadrid.com\/de\/wohnungen\/\",\"name\":\"Wohnungen - eMadrid.com\",\"isPartOf\":{\"@id\":\"https:\/\/emadrid.com\/de\/#website\"},\"datePublished\":\"2023-03-28T14:11:24+00:00\",\"dateModified\":\"2023-05-18T08:09:26+00:00\",\"breadcrumb\":{\"@id\":\"https:\/\/emadrid.com\/de\/wohnungen\/#breadcrumb\"},\"inLanguage\":\"de\",\"potentialAction\":[{\"@type\":\"ReadAction\",\"target\":[\"https:\/\/emadrid.com\/de\/wohnungen\/\"]}]},{\"@type\":\"BreadcrumbList\",\"@id\":\"https:\/\/emadrid.com\/de\/wohnungen\/#breadcrumb\",\"itemListElement\":[{\"@type\":\"ListItem\",\"position\":1,\"name\":\"Portada\",\"item\":\"https:\/\/emadrid.com\/de\/\"},{\"@type\":\"ListItem\",\"position\":2,\"name\":\"Wohnungen\"}]},{\"@type\":\"WebSite\",\"@id\":\"https:\/\/emadrid.com\/de\/#website\",\"url\":\"https:\/\/emadrid.com\/de\/\",\"name\":\"eMadrid.com\",\"description\":\"Las mejores Ofertas en Madrid. Hoteles, Espect\u00e1culos, Actividades y mucho m\u00e1s.\",\"publisher\":{\"@id\":\"https:\/\/emadrid.com\/de\/#organization\"},\"potentialAction\":[{\"@type\":\"SearchAction\",\"target\":{\"@type\":\"EntryPoint\",\"urlTemplate\":\"https:\/\/emadrid.com\/de\/?s={search_term_string}\"},\"query-input\":{\"@type\":\"PropertyValueSpecification\",\"valueRequired\":true,\"valueName\":\"search_term_string\"}}],\"inLanguage\":\"de\"},{\"@type\":\"Organization\",\"@id\":\"https:\/\/emadrid.com\/de\/#organization\",\"name\":\"eMadrid.com\",\"url\":\"https:\/\/emadrid.com\/de\/\",\"logo\":{\"@type\":\"ImageObject\",\"inLanguage\":\"de\",\"@id\":\"https:\/\/emadrid.com\/de\/#\/schema\/logo\/image\/\",\"url\":\"https:\/\/emadrid.com\/wp-content\/uploads\/2025\/01\/Logo-horizontal-250px.png?wsr\",\"contentUrl\":\"https:\/\/emadrid.com\/wp-content\/uploads\/2025\/01\/Logo-horizontal-250px.png?wsr\",\"width\":251,\"height\":35,\"caption\":\"eMadrid.com\"},\"image\":{\"@id\":\"https:\/\/emadrid.com\/de\/#\/schema\/logo\/image\/\"}}]}<\/script>\n<!-- \/ Yoast SEO plugin. -->","yoast_head_json":{"title":"Wohnungen - eMadrid.com","robots":{"index":"index","follow":"follow","max-snippet":"max-snippet:-1","max-image-preview":"max-image-preview:large","max-video-preview":"max-video-preview:-1"},"canonical":"https:\/\/emadrid.com\/de\/wohnungen\/","og_locale":"de_DE","og_type":"article","og_title":"Wohnungen - eMadrid.com","og_description":"Wohnungen in Madrid Buscador A Wohnung in MadridDie kosteng\u00fcnstigste Option f\u00fcr eine Expressreise mit Freunden oder ein romantisches Abenteuer mit Ihrem Partner. Wenn Sie es vorziehen, die B\u00fcrokratie von Hotels zu ignorieren und auf Ihrer Reise &#8222;Ihren eigenen Weg&#8220; zu gehen, ist das Zimmer oder ganze Wohnungen tageweise zu mieten sind die beste Option f\u00fcr [&hellip;]","og_url":"https:\/\/emadrid.com\/de\/wohnungen\/","og_site_name":"eMadrid.com","article_modified_time":"2023-05-18T08:09:26+00:00","twitter_card":"summary_large_image","twitter_misc":{"Gesch\u00e4tzte Lesezeit":"3\u00a0Minuten"},"schema":{"@context":"https:\/\/schema.org","@graph":[{"@type":"WebPage","@id":"https:\/\/emadrid.com\/de\/wohnungen\/","url":"https:\/\/emadrid.com\/de\/wohnungen\/","name":"Wohnungen - eMadrid.com","isPartOf":{"@id":"https:\/\/emadrid.com\/de\/#website"},"datePublished":"2023-03-28T14:11:24+00:00","dateModified":"2023-05-18T08:09:26+00:00","breadcrumb":{"@id":"https:\/\/emadrid.com\/de\/wohnungen\/#breadcrumb"},"inLanguage":"de","potentialAction":[{"@type":"ReadAction","target":["https:\/\/emadrid.com\/de\/wohnungen\/"]}]},{"@type":"BreadcrumbList","@id":"https:\/\/emadrid.com\/de\/wohnungen\/#breadcrumb","itemListElement":[{"@type":"ListItem","position":1,"name":"Portada","item":"https:\/\/emadrid.com\/de\/"},{"@type":"ListItem","position":2,"name":"Wohnungen"}]},{"@type":"WebSite","@id":"https:\/\/emadrid.com\/de\/#website","url":"https:\/\/emadrid.com\/de\/","name":"eMadrid.com","description":"Las mejores Ofertas en Madrid. Hoteles, Espect\u00e1culos, Actividades y mucho m\u00e1s.","publisher":{"@id":"https:\/\/emadrid.com\/de\/#organization"},"potentialAction":[{"@type":"SearchAction","target":{"@type":"EntryPoint","urlTemplate":"https:\/\/emadrid.com\/de\/?s={search_term_string}"},"query-input":{"@type":"PropertyValueSpecification","valueRequired":true,"valueName":"search_term_string"}}],"inLanguage":"de"},{"@type":"Organization","@id":"https:\/\/emadrid.com\/de\/#organization","name":"eMadrid.com","url":"https:\/\/emadrid.com\/de\/","logo":{"@type":"ImageObject","inLanguage":"de","@id":"https:\/\/emadrid.com\/de\/#\/schema\/logo\/image\/","url":"https:\/\/emadrid.com\/wp-content\/uploads\/2025\/01\/Logo-horizontal-250px.png?wsr","contentUrl":"https:\/\/emadrid.com\/wp-content\/uploads\/2025\/01\/Logo-horizontal-250px.png?wsr","width":251,"height":35,"caption":"eMadrid.com"},"image":{"@id":"https:\/\/emadrid.com\/de\/#\/schema\/logo\/image\/"}}]}},"_links":{"self":[{"href":"https:\/\/emadrid.com\/de\/wp-json\/wp\/v2\/pages\/8649","targetHints":{"allow":["GET"]}}],"collection":[{"href":"https:\/\/emadrid.com\/de\/wp-json\/wp\/v2\/pages"}],"about":[{"href":"https:\/\/emadrid.com\/de\/wp-json\/wp\/v2\/types\/page"}],"author":[{"embeddable":true,"href":"https:\/\/emadrid.com\/de\/wp-json\/wp\/v2\/users\/4"}],"replies":[{"embeddable":true,"href":"https:\/\/emadrid.com\/de\/wp-json\/wp\/v2\/comments?post=8649"}],"version-history":[{"count":16,"href":"https:\/\/emadrid.com\/de\/wp-json\/wp\/v2\/pages\/8649\/revisions"}],"predecessor-version":[{"id":12675,"href":"https:\/\/emadrid.com\/de\/wp-json\/wp\/v2\/pages\/8649\/revisions\/12675"}],"wp:attachment":[{"href":"https:\/\/emadrid.com\/de\/wp-json\/wp\/v2\/media?parent=8649"}],"curies":[{"name":"wp","href":"https:\/\/api.w.org\/{rel}","templated":true}]}}