{"id":8666,"date":"2023-03-22T16:24:14","date_gmt":"2023-03-22T15:24:14","guid":{"rendered":"https:\/\/bookingmadrid.com\/hotels\/"},"modified":"2023-05-09T07:39:48","modified_gmt":"2023-05-09T07:39:48","slug":"hotels","status":"publish","type":"page","link":"https:\/\/emadrid.com\/de\/hotels\/","title":{"rendered":"Hotels"},"content":{"rendered":"\t\t<div data-elementor-type=\"wp-page\" data-elementor-id=\"8666\" class=\"elementor elementor-8666 elementor-3071\" data-elementor-post-type=\"page\">\n\t\t\t\t\t\t<section class=\"elementor-section elementor-top-section elementor-element elementor-element-931a4cf elementor-section-boxed elementor-section-height-default elementor-section-height-default\" data-id=\"931a4cf\" data-element_type=\"section\" data-settings=\"{&quot;background_background&quot;:&quot;video&quot;,&quot;background_video_link&quot;:&quot;https:\\\/\\\/youtu.be\\\/BNMvNja8if4&quot;}\">\n\t\t\t\t\t\t\t\t<div class=\"elementor-background-video-container elementor-hidden-mobile\">\n\t\t\t\t\t\t\t\t\t\t\t\t\t<div class=\"elementor-background-video-embed\"><\/div>\n\t\t\t\t\t\t\t\t\t\t\t\t<\/div>\n\t\t\t\t\t\t\t\t\t<div class=\"elementor-background-overlay\"><\/div>\n\t\t\t\t\t\t\t<div class=\"elementor-container elementor-column-gap-default\">\n\t\t\t\t\t<div class=\"elementor-column elementor-col-100 elementor-top-column elementor-element elementor-element-71f17ab\" data-id=\"71f17ab\" data-element_type=\"column\">\n\t\t\t<div class=\"elementor-widget-wrap elementor-element-populated\">\n\t\t\t\t\t\t<div class=\"elementor-element elementor-element-3b07f57 elementor-widget elementor-widget-heading\" data-id=\"3b07f57\" data-element_type=\"widget\" data-widget_type=\"heading.default\">\n\t\t\t\t\t<h1 class=\"elementor-heading-title elementor-size-default\">Hotels in Madrid<\/h1>\t\t\t\t<\/div>\n\t\t\t\t<div class=\"elementor-element elementor-element-829524c elementor-widget elementor-widget-html\" data-id=\"829524c\" data-element_type=\"widget\" data-widget_type=\"html.default\">\n\t\t\t\t\t<iframe frameborder=\"0\" scrolling=\"auto\" src=\"https:\/\/booking.emadrid.com\/public\/widget\/394698\/3626877806?lang=deselected_tab=HF&amp;lang=de\" width=\"648\" height=\"450\"><a href=\"http:\/\/booking.emadrid.com\/public\/widget\/394698\/3626877806?lang=deselected_tab=HF&amp;lang=de\">Suchmaschine<\/a><\/iframe>\t\t\t\t<\/div>\n\t\t\t\t\t<\/div>\n\t\t<\/div>\n\t\t\t\t\t<\/div>\n\t\t<\/section>\n\t\t\t\t<section class=\"elementor-section elementor-top-section elementor-element elementor-element-20bcfe7 elementor-reverse-mobile elementor-section-boxed elementor-section-height-default elementor-section-height-default\" data-id=\"20bcfe7\" data-element_type=\"section\">\n\t\t\t\t\t\t<div class=\"elementor-container elementor-column-gap-default\">\n\t\t\t\t\t<div class=\"elementor-column elementor-col-100 elementor-top-column elementor-element elementor-element-a909e3a\" data-id=\"a909e3a\" data-element_type=\"column\">\n\t\t\t<div class=\"elementor-widget-wrap elementor-element-populated\">\n\t\t\t\t\t\t<div class=\"elementor-element elementor-element-acf3528 elementor-widget elementor-widget-text-editor\" data-id=\"acf3528\" data-element_type=\"widget\" data-widget_type=\"text-editor.default\">\n\t\t\t\t\t\t\t\t\t<p><span style=\"font-weight: 400;\">Auf der Suche nach den <\/span><b>besten Hotels in Madrid<\/b><span style=\"font-weight: 400;\"> um Ihren Urlaub zu genie\u00dfen? Die Hauptstadt empf\u00e4ngt jedes Jahr mehr als sechs Millionen Touristen, weshalb die <\/span><b>Angebot an Unterk\u00fcnften<\/b><span style=\"font-weight: 400;\"> vervielfacht sich und es entstehen die exklusivsten, alternativsten und andersartigsten R\u00e4ume, die Sie je gesehen haben. <\/span><\/p><p><span style=\"font-weight: 400;\">Ihr Hotel in Madrid muss nicht nur eine weitere Formalit\u00e4t sein: Es kann zu einem der bedeutendsten Orte Ihrer Reise werden. <\/span><b>zu einem der emblematischsten Orte Ihrer Reise werden.<\/b><span style=\"font-weight: 400;\"> wenn Sie wissen, wie Sie das Beste daraus machen k\u00f6nnen. Deshalb bieten wir Ihnen bei eMadrid eine breite Palette von M\u00f6glichkeiten, die Ihren Bed\u00fcrfnissen entsprechen.<\/span><\/p><p><span style=\"font-weight: 400;\">Von der <\/span><b>der Exklusivit\u00e4t des Ritz oder des Palace<\/b><span style=\"font-weight: 400;\">bis hin zum Charme eines <\/span><b>kleinen Hotels in Malasa\u00f1a<\/b><span style=\"font-weight: 400;\">die M\u00f6glichkeiten sind endlos, wenn Sie in die Stadt reisen, die (niemals) schl\u00e4ft. Wir zeigen es Ihnen!<\/span><\/p><h2>Hotels im Zentrum von Madrid:<\/h2><p>Wenn Sie auf der Suche nach einer<strong> Unterkunft im Zentrum von Madrid<\/strong> sind, gibt es mehrere interessante M\u00f6glichkeiten. In diesem Viertel finden Sie hochwertige Hotels, die es Ihnen erm\u00f6glichen, in der N\u00e4he der wichtigsten Touristenattraktionen der Stadt zu wohnen. Wenn Sie im Stadtzentrum wohnen, haben Sie au\u00dferdem leichten Zugang zu den zahlreichen <a href=\"https:\/\/emadrid.com\/en\/madrid-guide\/where-to-eat-in-madrid\/\">gastronomischen<\/a> und kulturellen gastronomischen der Hauptstadt.<\/p><p><strong>Hotels in Chamart\u00edn<\/strong> hingegen sind ein Stadtteil im Norden von Madrid, der f\u00fcr seinen <a href=\"https:\/\/emadrid.com\/en\/madrid-guide\/mobility-in-madrid\/suburban-madrid\/\">gro\u00dfen Bahnhof<\/a> und seinen modernen Finanzkomplex bekannt ist. Wenn Sie einen Besuch in dieser Gegend planen, gibt es Hotels in der Umgebung, von denen aus Sie die <a href=\"https:\/\/emadrid.com\/en\/madrid-guide\/what-to-do-in-madrid\/\">wichtigsten Sehensw\u00fcrdigkeiten<\/a> leicht erreichen k\u00f6nnen.<\/p><p>Chamber\u00ed ist ein ruhiges Wohnviertel im Zentrum von Madrid. In <strong>Chamber\u00ed<\/strong> finden Sie In Chamber\u00ed, in denen Sie die Ruhe und den Frieden dieses Viertels genie\u00dfen k\u00f6nnen. Au\u00dferdem k\u00f6nnen Sie in Chamber\u00ed einige der symboltr\u00e4chtigsten Orte der Stadt erkunden, wie den Parque del Oeste, den Templo de Debod oder die Plaza de Olavide. Entdecken Sie sie alle <a href=\"https:\/\/emadrid.com\/en\/madrid-guide\/the-city-of-madrid\/historical-places-of-madrid\/\">hier<\/a>.<\/p><p>Und schlie\u00dflich die <strong>Hotels an der Gran V\u00eda<\/strong>, einer der ber\u00fchmtesten und belebtesten Stra\u00dfen Hotels an der Gran V\u00eda. In dieser Gegend finden Sie eine gro\u00dfe Auswahl an Gesch\u00e4ften, Restaurants und <a href=\"https:\/\/emadrid.com\/en\/madrid-guide\/what-to-do-in-madrid\/theaters-in-madrid\/\">Theatern in Madrid<\/a>. Wenn Sie in dieser Gegend \u00fcbernachten m\u00f6chten, gibt es Hotels, die es Ihnen erm\u00f6glichen, all diese touristischen Attraktionen zu genie\u00dfen. Au\u00dferdem sind Sie in der N\u00e4he des Stadtzentrums und anderer Sehensw\u00fcrdigkeiten wie der Plaza Mayor und dem K\u00f6nigspalast.<\/p><p>Kurz gesagt, Madrid verf\u00fcgt \u00fcber ein breites Angebot an Unterk\u00fcnften in verschiedenen Stadtvierteln. Wie auch immer Sie sich entscheiden, suchen Sie sich ein Hotel, das Ihren Bed\u00fcrfnissen und Ihrem Budget entspricht. Und vor allem: Genie\u00dfen Sie Ihren Aufenthalt in Madrid!<\/p>\t\t\t\t\t\t\t\t<\/div>\n\t\t\t\t\t<\/div>\n\t\t<\/div>\n\t\t\t\t\t<\/div>\n\t\t<\/section>\n\t\t<div class=\"elementor-element elementor-element-ef1bb4d e-flex e-con-boxed e-con e-parent\" data-id=\"ef1bb4d\" data-element_type=\"container\">\n\t\t\t\t\t<div class=\"e-con-inner\">\n\t\t\t\t<div class=\"elementor-element elementor-element-557efd8 elementor-widget elementor-widget-html\" data-id=\"557efd8\" data-element_type=\"widget\" data-widget_type=\"html.default\">\n\t\t\t\t\t<iframe frameborder=\"0\" scrolling=\"auto\" src=\"https:\/\/booking.emadrid.com\/public\/widget\/396100\/500943928?lang=esselected_tab=HF&amp;lang=es\" width=\"648\" height=\"420\"><a href=\"http:\/\/booking.emadrid.com\/public\/widget\/396100\/500943928?lang=esselected_tab=HF&amp;lang=es\">Hotelangebote<\/a><\/iframe>\t\t\t\t<\/div>\n\t\t\t\t\t<\/div>\n\t\t\t\t<\/div>\n\t\t\t\t<\/div>\n\t\t","protected":false},"excerpt":{"rendered":"<p>Hotels in Madrid Suchmaschine Auf der Suche nach den besten Hotels in Madrid um Ihren Urlaub zu genie\u00dfen? Die Hauptstadt empf\u00e4ngt jedes Jahr mehr als sechs Millionen Touristen, weshalb die Angebot an Unterk\u00fcnften vervielfacht sich und es entstehen die exklusivsten, alternativsten und andersartigsten R\u00e4ume, die Sie je gesehen haben. Ihr Hotel in Madrid muss nicht [&hellip;]<\/p>\n","protected":false},"author":4,"featured_media":0,"parent":0,"menu_order":0,"comment_status":"closed","ping_status":"closed","template":"elementor_header_footer","meta":{"site-sidebar-layout":"no-sidebar","site-content-layout":"page-builder","ast-site-content-layout":"full-width-container","site-content-style":"unboxed","site-sidebar-style":"unboxed","ast-global-header-display":"","ast-banner-title-visibility":"","ast-main-header-display":"","ast-hfb-above-header-display":"","ast-hfb-below-header-display":"","ast-hfb-mobile-header-display":"","site-post-title":"disabled","ast-breadcrumbs-content":"","ast-featured-img":"disabled","footer-sml-layout":"","theme-transparent-header-meta":"","adv-header-id-meta":"","stick-header-meta":"","header-above-stick-meta":"","header-main-stick-meta":"","header-below-stick-meta":"","astra-migrate-meta-layouts":"default","ast-page-background-enabled":"default","ast-page-background-meta":{"desktop":{"background-color":"var(--ast-global-color-4)","background-image":"","background-repeat":"repeat","background-position":"center center","background-size":"auto","background-attachment":"scroll","background-type":"","background-media":"","overlay-type":"","overlay-color":"","overlay-opacity":"","overlay-gradient":""},"tablet":{"background-color":"","background-image":"","background-repeat":"repeat","background-position":"center center","background-size":"auto","background-attachment":"scroll","background-type":"","background-media":"","overlay-type":"","overlay-color":"","overlay-opacity":"","overlay-gradient":""},"mobile":{"background-color":"","background-image":"","background-repeat":"repeat","background-position":"center center","background-size":"auto","background-attachment":"scroll","background-type":"","background-media":"","overlay-type":"","overlay-color":"","overlay-opacity":"","overlay-gradient":""}},"ast-content-background-meta":{"desktop":{"background-color":"var(--ast-global-color-5)","background-image":"","background-repeat":"repeat","background-position":"center center","background-size":"auto","background-attachment":"scroll","background-type":"","background-media":"","overlay-type":"","overlay-color":"","overlay-opacity":"","overlay-gradient":""},"tablet":{"background-color":"var(--ast-global-color-5)","background-image":"","background-repeat":"repeat","background-position":"center center","background-size":"auto","background-attachment":"scroll","background-type":"","background-media":"","overlay-type":"","overlay-color":"","overlay-opacity":"","overlay-gradient":""},"mobile":{"background-color":"var(--ast-global-color-5)","background-image":"","background-repeat":"repeat","background-position":"center center","background-size":"auto","background-attachment":"scroll","background-type":"","background-media":"","overlay-type":"","overlay-color":"","overlay-opacity":"","overlay-gradient":""}},"footnotes":""},"class_list":["post-8666","page","type-page","status-publish","hentry"],"yoast_head":"<!-- This site is optimized with the Yoast SEO plugin v26.4 - https:\/\/yoast.com\/wordpress\/plugins\/seo\/ -->\n<title>Hotels - eMadrid.com<\/title>\n<meta name=\"robots\" content=\"index, follow, max-snippet:-1, max-image-preview:large, max-video-preview:-1\" \/>\n<link rel=\"canonical\" href=\"https:\/\/emadrid.com\/de\/hotels\/\" \/>\n<meta property=\"og:locale\" content=\"de_DE\" \/>\n<meta property=\"og:type\" content=\"article\" \/>\n<meta property=\"og:title\" content=\"Hotels - eMadrid.com\" \/>\n<meta property=\"og:description\" content=\"Hotels in Madrid Suchmaschine Auf der Suche nach den besten Hotels in Madrid um Ihren Urlaub zu genie\u00dfen? Die Hauptstadt empf\u00e4ngt jedes Jahr mehr als sechs Millionen Touristen, weshalb die Angebot an Unterk\u00fcnften vervielfacht sich und es entstehen die exklusivsten, alternativsten und andersartigsten R\u00e4ume, die Sie je gesehen haben. Ihr Hotel in Madrid muss nicht [&hellip;]\" \/>\n<meta property=\"og:url\" content=\"https:\/\/emadrid.com\/de\/hotels\/\" \/>\n<meta property=\"og:site_name\" content=\"eMadrid.com\" \/>\n<meta property=\"article:modified_time\" content=\"2023-05-09T07:39:48+00:00\" \/>\n<meta name=\"twitter:card\" content=\"summary_large_image\" \/>\n<meta name=\"twitter:label1\" content=\"Gesch\u00e4tzte Lesezeit\" \/>\n\t<meta name=\"twitter:data1\" content=\"2\u00a0Minuten\" \/>\n<script type=\"application\/ld+json\" class=\"yoast-schema-graph\">{\"@context\":\"https:\/\/schema.org\",\"@graph\":[{\"@type\":\"WebPage\",\"@id\":\"https:\/\/emadrid.com\/de\/hotels\/\",\"url\":\"https:\/\/emadrid.com\/de\/hotels\/\",\"name\":\"Hotels - eMadrid.com\",\"isPartOf\":{\"@id\":\"https:\/\/emadrid.com\/de\/#website\"},\"datePublished\":\"2023-03-22T15:24:14+00:00\",\"dateModified\":\"2023-05-09T07:39:48+00:00\",\"breadcrumb\":{\"@id\":\"https:\/\/emadrid.com\/de\/hotels\/#breadcrumb\"},\"inLanguage\":\"de\",\"potentialAction\":[{\"@type\":\"ReadAction\",\"target\":[\"https:\/\/emadrid.com\/de\/hotels\/\"]}]},{\"@type\":\"BreadcrumbList\",\"@id\":\"https:\/\/emadrid.com\/de\/hotels\/#breadcrumb\",\"itemListElement\":[{\"@type\":\"ListItem\",\"position\":1,\"name\":\"Portada\",\"item\":\"https:\/\/emadrid.com\/de\/\"},{\"@type\":\"ListItem\",\"position\":2,\"name\":\"Hotels\"}]},{\"@type\":\"WebSite\",\"@id\":\"https:\/\/emadrid.com\/de\/#website\",\"url\":\"https:\/\/emadrid.com\/de\/\",\"name\":\"eMadrid.com\",\"description\":\"Las mejores Ofertas en Madrid. Hoteles, Espect\u00e1culos, Actividades y mucho m\u00e1s.\",\"publisher\":{\"@id\":\"https:\/\/emadrid.com\/de\/#organization\"},\"potentialAction\":[{\"@type\":\"SearchAction\",\"target\":{\"@type\":\"EntryPoint\",\"urlTemplate\":\"https:\/\/emadrid.com\/de\/?s={search_term_string}\"},\"query-input\":{\"@type\":\"PropertyValueSpecification\",\"valueRequired\":true,\"valueName\":\"search_term_string\"}}],\"inLanguage\":\"de\"},{\"@type\":\"Organization\",\"@id\":\"https:\/\/emadrid.com\/de\/#organization\",\"name\":\"eMadrid.com\",\"url\":\"https:\/\/emadrid.com\/de\/\",\"logo\":{\"@type\":\"ImageObject\",\"inLanguage\":\"de\",\"@id\":\"https:\/\/emadrid.com\/de\/#\/schema\/logo\/image\/\",\"url\":\"https:\/\/emadrid.com\/wp-content\/uploads\/2025\/01\/Logo-horizontal-250px.png?wsr\",\"contentUrl\":\"https:\/\/emadrid.com\/wp-content\/uploads\/2025\/01\/Logo-horizontal-250px.png?wsr\",\"width\":251,\"height\":35,\"caption\":\"eMadrid.com\"},\"image\":{\"@id\":\"https:\/\/emadrid.com\/de\/#\/schema\/logo\/image\/\"}}]}<\/script>\n<!-- \/ Yoast SEO plugin. -->","yoast_head_json":{"title":"Hotels - eMadrid.com","robots":{"index":"index","follow":"follow","max-snippet":"max-snippet:-1","max-image-preview":"max-image-preview:large","max-video-preview":"max-video-preview:-1"},"canonical":"https:\/\/emadrid.com\/de\/hotels\/","og_locale":"de_DE","og_type":"article","og_title":"Hotels - eMadrid.com","og_description":"Hotels in Madrid Suchmaschine Auf der Suche nach den besten Hotels in Madrid um Ihren Urlaub zu genie\u00dfen? Die Hauptstadt empf\u00e4ngt jedes Jahr mehr als sechs Millionen Touristen, weshalb die Angebot an Unterk\u00fcnften vervielfacht sich und es entstehen die exklusivsten, alternativsten und andersartigsten R\u00e4ume, die Sie je gesehen haben. Ihr Hotel in Madrid muss nicht [&hellip;]","og_url":"https:\/\/emadrid.com\/de\/hotels\/","og_site_name":"eMadrid.com","article_modified_time":"2023-05-09T07:39:48+00:00","twitter_card":"summary_large_image","twitter_misc":{"Gesch\u00e4tzte Lesezeit":"2\u00a0Minuten"},"schema":{"@context":"https:\/\/schema.org","@graph":[{"@type":"WebPage","@id":"https:\/\/emadrid.com\/de\/hotels\/","url":"https:\/\/emadrid.com\/de\/hotels\/","name":"Hotels - eMadrid.com","isPartOf":{"@id":"https:\/\/emadrid.com\/de\/#website"},"datePublished":"2023-03-22T15:24:14+00:00","dateModified":"2023-05-09T07:39:48+00:00","breadcrumb":{"@id":"https:\/\/emadrid.com\/de\/hotels\/#breadcrumb"},"inLanguage":"de","potentialAction":[{"@type":"ReadAction","target":["https:\/\/emadrid.com\/de\/hotels\/"]}]},{"@type":"BreadcrumbList","@id":"https:\/\/emadrid.com\/de\/hotels\/#breadcrumb","itemListElement":[{"@type":"ListItem","position":1,"name":"Portada","item":"https:\/\/emadrid.com\/de\/"},{"@type":"ListItem","position":2,"name":"Hotels"}]},{"@type":"WebSite","@id":"https:\/\/emadrid.com\/de\/#website","url":"https:\/\/emadrid.com\/de\/","name":"eMadrid.com","description":"Las mejores Ofertas en Madrid. Hoteles, Espect\u00e1culos, Actividades y mucho m\u00e1s.","publisher":{"@id":"https:\/\/emadrid.com\/de\/#organization"},"potentialAction":[{"@type":"SearchAction","target":{"@type":"EntryPoint","urlTemplate":"https:\/\/emadrid.com\/de\/?s={search_term_string}"},"query-input":{"@type":"PropertyValueSpecification","valueRequired":true,"valueName":"search_term_string"}}],"inLanguage":"de"},{"@type":"Organization","@id":"https:\/\/emadrid.com\/de\/#organization","name":"eMadrid.com","url":"https:\/\/emadrid.com\/de\/","logo":{"@type":"ImageObject","inLanguage":"de","@id":"https:\/\/emadrid.com\/de\/#\/schema\/logo\/image\/","url":"https:\/\/emadrid.com\/wp-content\/uploads\/2025\/01\/Logo-horizontal-250px.png?wsr","contentUrl":"https:\/\/emadrid.com\/wp-content\/uploads\/2025\/01\/Logo-horizontal-250px.png?wsr","width":251,"height":35,"caption":"eMadrid.com"},"image":{"@id":"https:\/\/emadrid.com\/de\/#\/schema\/logo\/image\/"}}]}},"_links":{"self":[{"href":"https:\/\/emadrid.com\/de\/wp-json\/wp\/v2\/pages\/8666","targetHints":{"allow":["GET"]}}],"collection":[{"href":"https:\/\/emadrid.com\/de\/wp-json\/wp\/v2\/pages"}],"about":[{"href":"https:\/\/emadrid.com\/de\/wp-json\/wp\/v2\/types\/page"}],"author":[{"embeddable":true,"href":"https:\/\/emadrid.com\/de\/wp-json\/wp\/v2\/users\/4"}],"replies":[{"embeddable":true,"href":"https:\/\/emadrid.com\/de\/wp-json\/wp\/v2\/comments?post=8666"}],"version-history":[{"count":11,"href":"https:\/\/emadrid.com\/de\/wp-json\/wp\/v2\/pages\/8666\/revisions"}],"predecessor-version":[{"id":12138,"href":"https:\/\/emadrid.com\/de\/wp-json\/wp\/v2\/pages\/8666\/revisions\/12138"}],"wp:attachment":[{"href":"https:\/\/emadrid.com\/de\/wp-json\/wp\/v2\/media?parent=8666"}],"curies":[{"name":"wp","href":"https:\/\/api.w.org\/{rel}","templated":true}]}}