{"id":8770,"date":"2023-03-28T16:21:10","date_gmt":"2023-03-28T14:21:10","guid":{"rendered":"https:\/\/bookingmadrid.com\/ein-auto-mieten\/"},"modified":"2023-04-28T12:55:41","modified_gmt":"2023-04-28T12:55:41","slug":"ein-auto-mieten","status":"publish","type":"page","link":"https:\/\/emadrid.com\/de\/ein-auto-mieten\/","title":{"rendered":"Ein Auto mieten"},"content":{"rendered":"\t\t<div data-elementor-type=\"wp-page\" data-elementor-id=\"8770\" class=\"elementor elementor-8770 elementor-3414\" data-elementor-post-type=\"page\">\n\t\t\t\t\t\t<section class=\"elementor-section elementor-top-section elementor-element elementor-element-931a4cf elementor-section-height-min-height elementor-section-items-bottom elementor-section-boxed elementor-section-height-default\" data-id=\"931a4cf\" data-element_type=\"section\" data-settings=\"{&quot;background_background&quot;:&quot;classic&quot;}\">\n\t\t\t\t\t\t\t<div class=\"elementor-background-overlay\"><\/div>\n\t\t\t\t\t\t\t<div class=\"elementor-container elementor-column-gap-default\">\n\t\t\t\t\t<div class=\"elementor-column elementor-col-100 elementor-top-column elementor-element elementor-element-71f17ab\" data-id=\"71f17ab\" data-element_type=\"column\">\n\t\t\t<div class=\"elementor-widget-wrap elementor-element-populated\">\n\t\t\t\t\t\t<div class=\"elementor-element elementor-element-3b07f57 elementor-widget elementor-widget-heading\" data-id=\"3b07f57\" data-element_type=\"widget\" data-widget_type=\"heading.default\">\n\t\t\t\t\t<h1 class=\"elementor-heading-title elementor-size-default\">Ein Auto mieten<\/h1>\t\t\t\t<\/div>\n\t\t\t\t<div class=\"elementor-element elementor-element-08303e9 elementor-widget elementor-widget-html\" data-id=\"08303e9\" data-element_type=\"widget\" data-widget_type=\"html.default\">\n\t\t\t\t\t<iframe frameborder=\"0\" scrolling=\"auto\" src=\"https:\/\/booking.emadrid.com\/public\/widget\/394699\/344441840?lang=deselected_tab=HF&amp;lang=de\" width=\"648\" height=\"420\"><a href=\"https:\/\/booking.emadrid.com\/public\/widget\/394699\/34444184?lang=deselected_tab=HF&amp;lang=de\">Suchmaschine<\/a><\/iframe>\t\t\t\t<\/div>\n\t\t\t\t\t<\/div>\n\t\t<\/div>\n\t\t\t\t\t<\/div>\n\t\t<\/section>\n\t\t<div class=\"elementor-element elementor-element-bd59967 e-flex e-con-boxed e-con e-parent\" data-id=\"bd59967\" data-element_type=\"container\">\n\t\t\t\t\t<div class=\"e-con-inner\">\n\t\t\t\t<div class=\"elementor-element elementor-element-f229371 elementor-widget elementor-widget-text-editor\" data-id=\"f229371\" data-element_type=\"widget\" data-widget_type=\"text-editor.default\">\n\t\t\t\t\t\t\t\t\t<p>Willkommen in der wunderbaren Welt der Autovermietung in Madrid! Wenn Sie auf der Suche nach einer bequemen und flexiblen M\u00f6glichkeit sind, die Stadt und ihre Umgebung zu erkunden, gibt es keine bessere Option als ein Auto zu mieten. In diesem Text stellen wir Ihnen die besten Tipps und Tricks vor, um den perfekten Mietwagenservice f\u00fcr Sie zu finden. Machen Sie sich also bereit, die Freiheit zu entdecken, die Ihnen nur ein Auto geben kann!<\/p><p>In Madrid h\u00f6rt der Spa\u00df nie auf, und die beste Art, ihn zu erleben, ist mit dem Auto. Es gibt so viele <a href=\"https:\/\/emadrid.com\/en\/madrid-guide\/what-to-do-in-madrid\/\">Dinge zu tun<\/a> und <a href=\"https:\/\/emadrid.com\/en\/madrid-guide\/the-city-of-madrid\/\">Orte zu besuchen<\/a>, von <a href=\"https:\/\/emadrid.com\/en\/madrid-guide\/the-city-of-madrid\/historical-places-of-madrid\/\">historischen<\/a> und kulturellen St\u00e4tten bis hin zu den beliebtesten <a href=\"https:\/\/emadrid.com\/en\/madrid-guide\/where-to-eat-in-madrid\/\">Bars und Restaurants der Stadt<\/a>. Mit einem Mietwagen k\u00f6nnen Sie in Ihrem eigenen Tempo reisen, ohne sich um Zug- oder Busfahrpl\u00e4ne k\u00fcmmern zu m\u00fcssen.<\/p><p>Aber wie finden Sie die beste Autovermietung in Madrid? Die Antwort ist einfach: mit uns! Wir sind die beste Option f\u00fcr diejenigen, die einen hochwertigen und zuverl\u00e4ssigen Mietwagenservice in Madrid suchen. Wir bieten Ihnen eine gro\u00dfe Auswahl an modernen Fahrzeugen, mit wettbewerbsf\u00e4higen Preisen und einer klaren und fairen Politik.<\/p><p>Machen Sie sich keine Sorgen, wenn Sie nicht viel \u00fcber Autovermietung wissen. Unser Team von Autovermietungsexperten hilft Ihnen bei jedem Schritt des Weges. Von der Auswahl des richtigen Fahrzeugs bis hin zur Buchung und Abholung stehen wir Ihnen zur Seite, um sicherzustellen, dass Sie die bestm\u00f6gliche Erfahrung machen.<\/p><p>Einer der gr\u00f6\u00dften Vorteile eines Mietwagens in Madrid ist die Flexibilit\u00e4t, die er Ihnen bietet. Sie k\u00f6nnen Ihre eigene Reiseroute planen und die Orte besuchen, die Sie am meisten interessieren, ohne sich um die <a href=\"https:\/\/emadrid.com\/en\/madrid-guide\/mobility-in-madrid\/\">Fahrpl\u00e4ne der \u00f6ffentlichen Verkehrsmittel<\/a> k\u00fcmmern zu m\u00fcssen. Au\u00dferdem ist das Fahren in Madrid dank des modernen Stra\u00dfennetzes und der Freundlichkeit der Fahrer einfach und sicher.<\/p><p>Verpassen Sie nicht die Gelegenheit, die wahre Essenz Madrids zu genie\u00dfen. Mieten Sie ein Auto bei uns und entdecken Sie alles, was diese Stadt zu bieten hat. Von den belebten Stra\u00dfen des Stadtzentrums bis hin zu den malerischen D\u00f6rfern und St\u00e4dten in der Umgebung gibt es in Madrid viel zu entdecken!<\/p><p>Zusammenfassend l\u00e4sst sich sagen, dass es keine bessere M\u00f6glichkeit gibt, Madrid auf bequeme und flexible Weise zu erleben, als ein Auto zu mieten. Und wenn Sie die bestm\u00f6gliche Erfahrung bei der Autovermietung w\u00fcnschen, kommen Sie zu uns! Mit modernen Autos, wettbewerbsf\u00e4higen Preisen und einem Team von Autovermietungsexperten, die Ihnen zur Verf\u00fcgung stehen, sind wir sicher, dass Sie das beste Mietwagenerlebnis in Madrid haben werden. Warten Sie nicht l\u00e4nger und buchen Sie Ihr Auto noch heute!<\/p>\t\t\t\t\t\t\t\t<\/div>\n\t\t\t\t\t<\/div>\n\t\t\t\t<\/div>\n\t\t\t\t<\/div>\n\t\t","protected":false},"excerpt":{"rendered":"<p>Ein Auto mieten Suchmaschine Willkommen in der wunderbaren Welt der Autovermietung in Madrid! Wenn Sie auf der Suche nach einer bequemen und flexiblen M\u00f6glichkeit sind, die Stadt und ihre Umgebung zu erkunden, gibt es keine bessere Option als ein Auto zu mieten. In diesem Text stellen wir Ihnen die besten Tipps und Tricks vor, um [&hellip;]<\/p>\n","protected":false},"author":4,"featured_media":0,"parent":0,"menu_order":0,"comment_status":"closed","ping_status":"closed","template":"elementor_header_footer","meta":{"site-sidebar-layout":"no-sidebar","site-content-layout":"page-builder","ast-site-content-layout":"default","site-content-style":"default","site-sidebar-style":"default","ast-global-header-display":"","ast-banner-title-visibility":"","ast-main-header-display":"","ast-hfb-above-header-display":"","ast-hfb-below-header-display":"","ast-hfb-mobile-header-display":"","site-post-title":"disabled","ast-breadcrumbs-content":"","ast-featured-img":"disabled","footer-sml-layout":"","theme-transparent-header-meta":"","adv-header-id-meta":"","stick-header-meta":"","header-above-stick-meta":"","header-main-stick-meta":"","header-below-stick-meta":"","astra-migrate-meta-layouts":"default","ast-page-background-enabled":"default","ast-page-background-meta":{"desktop":{"background-color":"var(--ast-global-color-4)","background-image":"","background-repeat":"repeat","background-position":"center center","background-size":"auto","background-attachment":"scroll","background-type":"","background-media":"","overlay-type":"","overlay-color":"","overlay-opacity":"","overlay-gradient":""},"tablet":{"background-color":"","background-image":"","background-repeat":"repeat","background-position":"center center","background-size":"auto","background-attachment":"scroll","background-type":"","background-media":"","overlay-type":"","overlay-color":"","overlay-opacity":"","overlay-gradient":""},"mobile":{"background-color":"","background-image":"","background-repeat":"repeat","background-position":"center center","background-size":"auto","background-attachment":"scroll","background-type":"","background-media":"","overlay-type":"","overlay-color":"","overlay-opacity":"","overlay-gradient":""}},"ast-content-background-meta":{"desktop":{"background-color":"var(--ast-global-color-5)","background-image":"","background-repeat":"repeat","background-position":"center center","background-size":"auto","background-attachment":"scroll","background-type":"","background-media":"","overlay-type":"","overlay-color":"","overlay-opacity":"","overlay-gradient":""},"tablet":{"background-color":"var(--ast-global-color-5)","background-image":"","background-repeat":"repeat","background-position":"center center","background-size":"auto","background-attachment":"scroll","background-type":"","background-media":"","overlay-type":"","overlay-color":"","overlay-opacity":"","overlay-gradient":""},"mobile":{"background-color":"var(--ast-global-color-5)","background-image":"","background-repeat":"repeat","background-position":"center center","background-size":"auto","background-attachment":"scroll","background-type":"","background-media":"","overlay-type":"","overlay-color":"","overlay-opacity":"","overlay-gradient":""}},"footnotes":""},"class_list":["post-8770","page","type-page","status-publish","hentry"],"yoast_head":"<!-- This site is optimized with the Yoast SEO plugin v26.4 - https:\/\/yoast.com\/wordpress\/plugins\/seo\/ -->\n<title>Ein Auto mieten - eMadrid.com<\/title>\n<meta name=\"robots\" content=\"index, follow, max-snippet:-1, max-image-preview:large, max-video-preview:-1\" \/>\n<link rel=\"canonical\" href=\"https:\/\/emadrid.com\/de\/ein-auto-mieten\/\" \/>\n<meta property=\"og:locale\" content=\"de_DE\" \/>\n<meta property=\"og:type\" content=\"article\" \/>\n<meta property=\"og:title\" content=\"Ein Auto mieten - eMadrid.com\" \/>\n<meta property=\"og:description\" content=\"Ein Auto mieten Suchmaschine Willkommen in der wunderbaren Welt der Autovermietung in Madrid! Wenn Sie auf der Suche nach einer bequemen und flexiblen M\u00f6glichkeit sind, die Stadt und ihre Umgebung zu erkunden, gibt es keine bessere Option als ein Auto zu mieten. In diesem Text stellen wir Ihnen die besten Tipps und Tricks vor, um [&hellip;]\" \/>\n<meta property=\"og:url\" content=\"https:\/\/emadrid.com\/de\/ein-auto-mieten\/\" \/>\n<meta property=\"og:site_name\" content=\"eMadrid.com\" \/>\n<meta property=\"article:modified_time\" content=\"2023-04-28T12:55:41+00:00\" \/>\n<meta name=\"twitter:card\" content=\"summary_large_image\" \/>\n<meta name=\"twitter:label1\" content=\"Gesch\u00e4tzte Lesezeit\" \/>\n\t<meta name=\"twitter:data1\" content=\"2\u00a0Minuten\" \/>\n<script type=\"application\/ld+json\" class=\"yoast-schema-graph\">{\"@context\":\"https:\/\/schema.org\",\"@graph\":[{\"@type\":\"WebPage\",\"@id\":\"https:\/\/emadrid.com\/de\/ein-auto-mieten\/\",\"url\":\"https:\/\/emadrid.com\/de\/ein-auto-mieten\/\",\"name\":\"Ein Auto mieten - eMadrid.com\",\"isPartOf\":{\"@id\":\"https:\/\/emadrid.com\/de\/#website\"},\"datePublished\":\"2023-03-28T14:21:10+00:00\",\"dateModified\":\"2023-04-28T12:55:41+00:00\",\"breadcrumb\":{\"@id\":\"https:\/\/emadrid.com\/de\/ein-auto-mieten\/#breadcrumb\"},\"inLanguage\":\"de\",\"potentialAction\":[{\"@type\":\"ReadAction\",\"target\":[\"https:\/\/emadrid.com\/de\/ein-auto-mieten\/\"]}]},{\"@type\":\"BreadcrumbList\",\"@id\":\"https:\/\/emadrid.com\/de\/ein-auto-mieten\/#breadcrumb\",\"itemListElement\":[{\"@type\":\"ListItem\",\"position\":1,\"name\":\"Portada\",\"item\":\"https:\/\/emadrid.com\/de\/\"},{\"@type\":\"ListItem\",\"position\":2,\"name\":\"Ein Auto mieten\"}]},{\"@type\":\"WebSite\",\"@id\":\"https:\/\/emadrid.com\/de\/#website\",\"url\":\"https:\/\/emadrid.com\/de\/\",\"name\":\"eMadrid.com\",\"description\":\"Las mejores Ofertas en Madrid. Hoteles, Espect\u00e1culos, Actividades y mucho m\u00e1s.\",\"publisher\":{\"@id\":\"https:\/\/emadrid.com\/de\/#organization\"},\"potentialAction\":[{\"@type\":\"SearchAction\",\"target\":{\"@type\":\"EntryPoint\",\"urlTemplate\":\"https:\/\/emadrid.com\/de\/?s={search_term_string}\"},\"query-input\":{\"@type\":\"PropertyValueSpecification\",\"valueRequired\":true,\"valueName\":\"search_term_string\"}}],\"inLanguage\":\"de\"},{\"@type\":\"Organization\",\"@id\":\"https:\/\/emadrid.com\/de\/#organization\",\"name\":\"eMadrid.com\",\"url\":\"https:\/\/emadrid.com\/de\/\",\"logo\":{\"@type\":\"ImageObject\",\"inLanguage\":\"de\",\"@id\":\"https:\/\/emadrid.com\/de\/#\/schema\/logo\/image\/\",\"url\":\"https:\/\/emadrid.com\/wp-content\/uploads\/2025\/01\/Logo-horizontal-250px.png?wsr\",\"contentUrl\":\"https:\/\/emadrid.com\/wp-content\/uploads\/2025\/01\/Logo-horizontal-250px.png?wsr\",\"width\":251,\"height\":35,\"caption\":\"eMadrid.com\"},\"image\":{\"@id\":\"https:\/\/emadrid.com\/de\/#\/schema\/logo\/image\/\"}}]}<\/script>\n<!-- \/ Yoast SEO plugin. -->","yoast_head_json":{"title":"Ein Auto mieten - eMadrid.com","robots":{"index":"index","follow":"follow","max-snippet":"max-snippet:-1","max-image-preview":"max-image-preview:large","max-video-preview":"max-video-preview:-1"},"canonical":"https:\/\/emadrid.com\/de\/ein-auto-mieten\/","og_locale":"de_DE","og_type":"article","og_title":"Ein Auto mieten - eMadrid.com","og_description":"Ein Auto mieten Suchmaschine Willkommen in der wunderbaren Welt der Autovermietung in Madrid! Wenn Sie auf der Suche nach einer bequemen und flexiblen M\u00f6glichkeit sind, die Stadt und ihre Umgebung zu erkunden, gibt es keine bessere Option als ein Auto zu mieten. In diesem Text stellen wir Ihnen die besten Tipps und Tricks vor, um [&hellip;]","og_url":"https:\/\/emadrid.com\/de\/ein-auto-mieten\/","og_site_name":"eMadrid.com","article_modified_time":"2023-04-28T12:55:41+00:00","twitter_card":"summary_large_image","twitter_misc":{"Gesch\u00e4tzte Lesezeit":"2\u00a0Minuten"},"schema":{"@context":"https:\/\/schema.org","@graph":[{"@type":"WebPage","@id":"https:\/\/emadrid.com\/de\/ein-auto-mieten\/","url":"https:\/\/emadrid.com\/de\/ein-auto-mieten\/","name":"Ein Auto mieten - eMadrid.com","isPartOf":{"@id":"https:\/\/emadrid.com\/de\/#website"},"datePublished":"2023-03-28T14:21:10+00:00","dateModified":"2023-04-28T12:55:41+00:00","breadcrumb":{"@id":"https:\/\/emadrid.com\/de\/ein-auto-mieten\/#breadcrumb"},"inLanguage":"de","potentialAction":[{"@type":"ReadAction","target":["https:\/\/emadrid.com\/de\/ein-auto-mieten\/"]}]},{"@type":"BreadcrumbList","@id":"https:\/\/emadrid.com\/de\/ein-auto-mieten\/#breadcrumb","itemListElement":[{"@type":"ListItem","position":1,"name":"Portada","item":"https:\/\/emadrid.com\/de\/"},{"@type":"ListItem","position":2,"name":"Ein Auto mieten"}]},{"@type":"WebSite","@id":"https:\/\/emadrid.com\/de\/#website","url":"https:\/\/emadrid.com\/de\/","name":"eMadrid.com","description":"Las mejores Ofertas en Madrid. Hoteles, Espect\u00e1culos, Actividades y mucho m\u00e1s.","publisher":{"@id":"https:\/\/emadrid.com\/de\/#organization"},"potentialAction":[{"@type":"SearchAction","target":{"@type":"EntryPoint","urlTemplate":"https:\/\/emadrid.com\/de\/?s={search_term_string}"},"query-input":{"@type":"PropertyValueSpecification","valueRequired":true,"valueName":"search_term_string"}}],"inLanguage":"de"},{"@type":"Organization","@id":"https:\/\/emadrid.com\/de\/#organization","name":"eMadrid.com","url":"https:\/\/emadrid.com\/de\/","logo":{"@type":"ImageObject","inLanguage":"de","@id":"https:\/\/emadrid.com\/de\/#\/schema\/logo\/image\/","url":"https:\/\/emadrid.com\/wp-content\/uploads\/2025\/01\/Logo-horizontal-250px.png?wsr","contentUrl":"https:\/\/emadrid.com\/wp-content\/uploads\/2025\/01\/Logo-horizontal-250px.png?wsr","width":251,"height":35,"caption":"eMadrid.com"},"image":{"@id":"https:\/\/emadrid.com\/de\/#\/schema\/logo\/image\/"}}]}},"_links":{"self":[{"href":"https:\/\/emadrid.com\/de\/wp-json\/wp\/v2\/pages\/8770","targetHints":{"allow":["GET"]}}],"collection":[{"href":"https:\/\/emadrid.com\/de\/wp-json\/wp\/v2\/pages"}],"about":[{"href":"https:\/\/emadrid.com\/de\/wp-json\/wp\/v2\/types\/page"}],"author":[{"embeddable":true,"href":"https:\/\/emadrid.com\/de\/wp-json\/wp\/v2\/users\/4"}],"replies":[{"embeddable":true,"href":"https:\/\/emadrid.com\/de\/wp-json\/wp\/v2\/comments?post=8770"}],"version-history":[{"count":10,"href":"https:\/\/emadrid.com\/de\/wp-json\/wp\/v2\/pages\/8770\/revisions"}],"predecessor-version":[{"id":10632,"href":"https:\/\/emadrid.com\/de\/wp-json\/wp\/v2\/pages\/8770\/revisions\/10632"}],"wp:attachment":[{"href":"https:\/\/emadrid.com\/de\/wp-json\/wp\/v2\/media?parent=8770"}],"curies":[{"name":"wp","href":"https:\/\/api.w.org\/{rel}","templated":true}]}}