{"id":9507,"date":"2023-03-09T19:36:26","date_gmt":"2023-03-09T18:36:26","guid":{"rendered":"https:\/\/bookingmadrid.com\/madrid-tickets-und-eintrittskarten\/attraktionen-touren-und-ausfluege\/"},"modified":"2023-04-22T18:10:54","modified_gmt":"2023-04-22T18:10:54","slug":"attraktionen-touren-und-ausfluege","status":"publish","type":"page","link":"https:\/\/emadrid.com\/de\/madrid-tickets-und-eintrittskarten\/attraktionen-touren-und-ausfluege\/","title":{"rendered":"Attraktionen, Touren und Ausfl\u00fcge"},"content":{"rendered":"\t\t<div data-elementor-type=\"wp-page\" data-elementor-id=\"9507\" class=\"elementor elementor-9507 elementor-1622\" data-elementor-post-type=\"page\">\n\t\t\t\t\t\t<section class=\"elementor-section elementor-top-section elementor-element elementor-element-73b318f elementor-section-height-min-height elementor-section-items-bottom elementor-section-boxed elementor-section-height-default\" data-id=\"73b318f\" data-element_type=\"section\" data-settings=\"{&quot;background_background&quot;:&quot;classic&quot;}\">\n\t\t\t\t\t\t\t<div class=\"elementor-background-overlay\"><\/div>\n\t\t\t\t\t\t\t<div class=\"elementor-container elementor-column-gap-default\">\n\t\t\t\t\t<div class=\"elementor-column elementor-col-100 elementor-top-column elementor-element elementor-element-72085d9\" data-id=\"72085d9\" data-element_type=\"column\">\n\t\t\t<div class=\"elementor-widget-wrap elementor-element-populated\">\n\t\t\t\t\t\t<div class=\"elementor-element elementor-element-1141942 elementor-widget elementor-widget-heading\" data-id=\"1141942\" data-element_type=\"widget\" data-widget_type=\"heading.default\">\n\t\t\t\t\t<h1 class=\"elementor-heading-title elementor-size-default\">Entradas<\/h1>\t\t\t\t<\/div>\n\t\t\t\t\t<\/div>\n\t\t<\/div>\n\t\t\t\t\t<\/div>\n\t\t<\/section>\n\t\t<div class=\"elementor-element elementor-element-e9fe3b7 e-flex e-con-boxed e-con e-parent\" data-id=\"e9fe3b7\" data-element_type=\"container\">\n\t\t\t\t\t<div class=\"e-con-inner\">\n\t\t\t\t<div class=\"elementor-element elementor-element-019ea35 elementor-widget elementor-widget-text-editor\" data-id=\"019ea35\" data-element_type=\"widget\" data-widget_type=\"text-editor.default\">\n\t\t\t\t\t\t\t\t\t<p>Lorem ipsum dolor sit amet, consectetur adipiscing elit. Ut elit tellus, luctus nec ullamcorper mattis, pulvinar dapibus leo.<\/p>\t\t\t\t\t\t\t\t<\/div>\n\t\t\t\t<div class=\"elementor-element elementor-element-853e5d8 elementor-mobile-align-left elementor-widget elementor-widget-button\" data-id=\"853e5d8\" data-element_type=\"widget\" data-widget_type=\"button.default\">\n\t\t\t\t\t\t\t\t\t\t<a class=\"elementor-button elementor-button-link elementor-size-sm elementor-animation-skew\" href=\"https:\/\/fever.pxf.io\/xkkoEk\" target=\"_blank\">\n\t\t\t\t\t\t<span class=\"elementor-button-content-wrapper\">\n\t\t\t\t\t\t\t\t\t<span class=\"elementor-button-text\">Weitere Vergn\u00fcgungsparks in Madrid ansehen <\/span>\n\t\t\t\t\t<\/span>\n\t\t\t\t\t<\/a>\n\t\t\t\t\t\t\t\t<\/div>\n\t\t\t\t\t<\/div>\n\t\t\t\t<\/div>\n\t\t\t\t<section class=\"elementor-section elementor-top-section elementor-element elementor-element-d219516 elementor-section-boxed elementor-section-height-default elementor-section-height-default\" data-id=\"d219516\" data-element_type=\"section\">\n\t\t\t\t\t\t<div class=\"elementor-container elementor-column-gap-default\">\n\t\t\t\t\t<div class=\"elementor-column elementor-col-100 elementor-top-column elementor-element elementor-element-01caab6\" data-id=\"01caab6\" data-element_type=\"column\">\n\t\t\t<div class=\"elementor-widget-wrap elementor-element-populated\">\n\t\t\t\t\t\t<section class=\"elementor-section elementor-inner-section elementor-element elementor-element-5d499d1 elementor-section-boxed elementor-section-height-default elementor-section-height-default\" data-id=\"5d499d1\" data-element_type=\"section\">\n\t\t\t\t\t\t<div class=\"elementor-container elementor-column-gap-default\">\n\t\t\t\t\t<div class=\"elementor-column elementor-col-33 elementor-inner-column elementor-element elementor-element-7cf53a4\" data-id=\"7cf53a4\" data-element_type=\"column\" data-settings=\"{&quot;background_background&quot;:&quot;classic&quot;}\">\n\t\t\t<div class=\"elementor-widget-wrap elementor-element-populated\">\n\t\t\t\t\t\t<div class=\"elementor-element elementor-element-966d1b6 elementor-widget elementor-widget-image\" data-id=\"966d1b6\" data-element_type=\"widget\" data-widget_type=\"image.default\">\n\t\t\t\t\t\t\t\t\t\t\t\t\t\t\t<img fetchpriority=\"high\" decoding=\"async\" width=\"1024\" height=\"1024\" src=\"https:\/\/emadrid.com\/wp-content\/uploads\/2023\/04\/07866b3c-90c8-11ed-b448-aa992b25e025-1024x1024.webp?wsr\" class=\"attachment-large size-large wp-image-8134\" alt=\"\" srcset=\"https:\/\/emadrid.com\/wp-content\/uploads\/2023\/04\/07866b3c-90c8-11ed-b448-aa992b25e025-1024x1024.webp 1024w, https:\/\/emadrid.com\/wp-content\/uploads\/2023\/04\/07866b3c-90c8-11ed-b448-aa992b25e025-300x300.webp 300w, https:\/\/emadrid.com\/wp-content\/uploads\/2023\/04\/07866b3c-90c8-11ed-b448-aa992b25e025-150x150.webp 150w, https:\/\/emadrid.com\/wp-content\/uploads\/2023\/04\/07866b3c-90c8-11ed-b448-aa992b25e025-768x768.webp 768w, https:\/\/emadrid.com\/wp-content\/uploads\/2023\/04\/07866b3c-90c8-11ed-b448-aa992b25e025.webp 1200w\" sizes=\"(max-width: 1024px) 100vw, 1024px\" \/>\t\t\t\t\t\t\t\t\t\t\t\t\t\t\t<\/div>\n\t\t\t\t<div class=\"elementor-element elementor-element-e914680 elementor-widget elementor-widget-heading\" data-id=\"e914680\" data-element_type=\"widget\" data-widget_type=\"heading.default\">\n\t\t\t\t\t<h4 class=\"elementor-heading-title elementor-size-default\">Interaktives Erlebnis in Sweet Space Die Welt der S\u00fc\u00dfigkeiten!<\/h4>\t\t\t\t<\/div>\n\t\t\t\t<div class=\"elementor-element elementor-element-1a50aac elementor-widget elementor-widget-text-editor\" data-id=\"1a50aac\" data-element_type=\"widget\" data-widget_type=\"text-editor.default\">\n\t\t\t\t\t\t\t\t\t<p>Sweet Space: Es ist das immersive S\u00fc\u00dfigkeitenmuseum, in dem Sie verschiedene Themenr\u00e4ume mit interaktiven Ausstellungen besuchen, die die Fantasie anregen. Renommierte K\u00fcnstler und Designer, vereint in einer Ausstellung, die Ihre Sinne anregen wird.<\/p>\n\t\t\t\t\t\t\t\t<\/div>\n\t\t\t\t<div class=\"elementor-element elementor-element-e9932e3 elementor-align-left elementor-widget elementor-widget-button\" data-id=\"e9932e3\" data-element_type=\"widget\" data-widget_type=\"button.default\">\n\t\t\t\t\t\t\t\t\t\t<a class=\"elementor-button elementor-button-link elementor-size-sm elementor-animation-skew\" href=\"https:\/\/fever.pxf.io\/c\/4039372\/1396783\/16345?prodsku=92796&#038;u=https%3A%2F%2Ffeverup.com%2Fm%2F92796&#038;intsrc=PUI2_10347\" target=\"_blank\">\n\t\t\t\t\t\t<span class=\"elementor-button-content-wrapper\">\n\t\t\t\t\t\t\t\t\t<span class=\"elementor-button-text\">Ticket kaufen<\/span>\n\t\t\t\t\t<\/span>\n\t\t\t\t\t<\/a>\n\t\t\t\t\t\t\t\t<\/div>\n\t\t\t\t\t<\/div>\n\t\t<\/div>\n\t\t\t\t<div class=\"elementor-column elementor-col-33 elementor-inner-column elementor-element elementor-element-b26ee28\" data-id=\"b26ee28\" data-element_type=\"column\" data-settings=\"{&quot;background_background&quot;:&quot;classic&quot;}\">\n\t\t\t<div class=\"elementor-widget-wrap elementor-element-populated\">\n\t\t\t\t\t\t<div class=\"elementor-element elementor-element-2fcc6ee elementor-widget elementor-widget-image\" data-id=\"2fcc6ee\" data-element_type=\"widget\" data-widget_type=\"image.default\">\n\t\t\t\t\t\t\t\t\t\t\t\t\t\t\t<img decoding=\"async\" width=\"1024\" height=\"1024\" src=\"https:\/\/emadrid.com\/wp-content\/uploads\/2023\/04\/0cbb95a0-03d0-11eb-bf03-06551cb39bc6-1024x1024.webp?wsr\" class=\"attachment-large size-large wp-image-8138\" alt=\"\" srcset=\"https:\/\/emadrid.com\/wp-content\/uploads\/2023\/04\/0cbb95a0-03d0-11eb-bf03-06551cb39bc6-1024x1024.webp 1024w, https:\/\/emadrid.com\/wp-content\/uploads\/2023\/04\/0cbb95a0-03d0-11eb-bf03-06551cb39bc6-300x300.webp 300w, https:\/\/emadrid.com\/wp-content\/uploads\/2023\/04\/0cbb95a0-03d0-11eb-bf03-06551cb39bc6-150x150.webp 150w, https:\/\/emadrid.com\/wp-content\/uploads\/2023\/04\/0cbb95a0-03d0-11eb-bf03-06551cb39bc6-768x768.webp 768w, https:\/\/emadrid.com\/wp-content\/uploads\/2023\/04\/0cbb95a0-03d0-11eb-bf03-06551cb39bc6.webp 1200w\" sizes=\"(max-width: 1024px) 100vw, 1024px\" \/>\t\t\t\t\t\t\t\t\t\t\t\t\t\t\t<\/div>\n\t\t\t\t<div class=\"elementor-element elementor-element-0b7df32 elementor-widget elementor-widget-heading\" data-id=\"0b7df32\" data-element_type=\"widget\" data-widget_type=\"heading.default\">\n\t\t\t\t\t<h4 class=\"elementor-heading-title elementor-size-default\">1-Tages-Tour mit Weinprobe in der Region Madrid<\/h4>\t\t\t\t<\/div>\n\t\t\t\t<div class=\"elementor-element elementor-element-2945681 elementor-widget elementor-widget-text-editor\" data-id=\"2945681\" data-element_type=\"widget\" data-widget_type=\"text-editor.default\">\n\t\t\t\t\t\t\t\t\t<p>Hin- und R\u00fccktransport von Madrid mit dem Bus Verkostung von gro\u00dfz\u00fcgigen Proben von mehr als 10 Weinen zwischen Wei\u00df- und Rotweinen (unter anderem Tempranillo und Malvar autochthone Trauben) Snacks mit K\u00e4se, iberischem oder Oliven\u00f6l in den Weing\u00fctern.<\/p>\n\t\t\t\t\t\t\t\t<\/div>\n\t\t\t\t<div class=\"elementor-element elementor-element-3f60f53 elementor-align-left elementor-widget elementor-widget-button\" data-id=\"3f60f53\" data-element_type=\"widget\" data-widget_type=\"button.default\">\n\t\t\t\t\t\t\t\t\t\t<a class=\"elementor-button elementor-button-link elementor-size-sm elementor-animation-skew\" href=\"https:\/\/fever.pxf.io\/c\/4039372\/1396783\/16345?prodsku=92138&#038;u=https%3A%2F%2Ffeverup.com%2Fm%2F92138&#038;intsrc=PUI2_10347\" target=\"_blank\">\n\t\t\t\t\t\t<span class=\"elementor-button-content-wrapper\">\n\t\t\t\t\t\t\t\t\t<span class=\"elementor-button-text\">Ticket kaufen<\/span>\n\t\t\t\t\t<\/span>\n\t\t\t\t\t<\/a>\n\t\t\t\t\t\t\t\t<\/div>\n\t\t\t\t\t<\/div>\n\t\t<\/div>\n\t\t\t\t<div class=\"elementor-column elementor-col-33 elementor-inner-column elementor-element elementor-element-f08c2ad\" data-id=\"f08c2ad\" data-element_type=\"column\" data-settings=\"{&quot;background_background&quot;:&quot;classic&quot;}\">\n\t\t\t<div class=\"elementor-widget-wrap elementor-element-populated\">\n\t\t\t\t\t\t<div class=\"elementor-element elementor-element-db04e93 elementor-widget elementor-widget-image\" data-id=\"db04e93\" data-element_type=\"widget\" data-widget_type=\"image.default\">\n\t\t\t\t\t\t\t\t\t\t\t\t\t\t\t<img decoding=\"async\" width=\"768\" height=\"768\" src=\"https:\/\/emadrid.com\/wp-content\/uploads\/2023\/04\/f34b6246-a60f-11ed-b0ce-4ec714ff6716-768x768.webp?wsr\" class=\"attachment-medium_large size-medium_large wp-image-8142\" alt=\"\" srcset=\"https:\/\/emadrid.com\/wp-content\/uploads\/2023\/04\/f34b6246-a60f-11ed-b0ce-4ec714ff6716-768x768.webp 768w, https:\/\/emadrid.com\/wp-content\/uploads\/2023\/04\/f34b6246-a60f-11ed-b0ce-4ec714ff6716-300x300.webp 300w, https:\/\/emadrid.com\/wp-content\/uploads\/2023\/04\/f34b6246-a60f-11ed-b0ce-4ec714ff6716-1024x1024.webp 1024w, https:\/\/emadrid.com\/wp-content\/uploads\/2023\/04\/f34b6246-a60f-11ed-b0ce-4ec714ff6716-150x150.webp 150w, https:\/\/emadrid.com\/wp-content\/uploads\/2023\/04\/f34b6246-a60f-11ed-b0ce-4ec714ff6716.webp 1200w\" sizes=\"(max-width: 768px) 100vw, 768px\" \/>\t\t\t\t\t\t\t\t\t\t\t\t\t\t\t<\/div>\n\t\t\t\t<div class=\"elementor-element elementor-element-9d31e36 elementor-widget elementor-widget-heading\" data-id=\"9d31e36\" data-element_type=\"widget\" data-widget_type=\"heading.default\">\n\t\t\t\t\t<h4 class=\"elementor-heading-title elementor-size-default\">Countryside Festival: Aktivit\u00e4ten, Gastronomie, Musik und mehr<\/h4>\t\t\t\t<\/div>\n\t\t\t\t<div class=\"elementor-element elementor-element-d494232 elementor-widget elementor-widget-text-editor\" data-id=\"d494232\" data-element_type=\"widget\" data-widget_type=\"text-editor.default\">\n\t\t\t\t\t\t\t\t\t<p> Country Festival ist eine einzigartige Veranstaltung, die Madrid mit allem verbindet, was die l\u00e4ndliche Welt zu bieten hat. Ein breites kulinarisches Angebot, Aussteller, lokale und nationale Kunst, Aktivit\u00e4ten f\u00fcr Erwachsene und Kinder, Live-Musik und viele weitere lustige \u00dcberraschungen.<\/p>\n\t\t\t\t\t\t\t\t<\/div>\n\t\t\t\t<div class=\"elementor-element elementor-element-d395f03 elementor-align-left elementor-widget elementor-widget-button\" data-id=\"d395f03\" data-element_type=\"widget\" data-widget_type=\"button.default\">\n\t\t\t\t\t\t\t\t\t\t<a class=\"elementor-button elementor-button-link elementor-size-sm elementor-animation-skew\" href=\"https:\/\/fever.pxf.io\/c\/4039372\/1396783\/16345?prodsku=125101&#038;u=https%3A%2F%2Ffeverup.com%2Fm%2F125101&#038;intsrc=PUI2_10347\" target=\"_blank\">\n\t\t\t\t\t\t<span class=\"elementor-button-content-wrapper\">\n\t\t\t\t\t\t\t\t\t<span class=\"elementor-button-text\">Ticket kaufen<\/span>\n\t\t\t\t\t<\/span>\n\t\t\t\t\t<\/a>\n\t\t\t\t\t\t\t\t<\/div>\n\t\t\t\t\t<\/div>\n\t\t<\/div>\n\t\t\t\t\t<\/div>\n\t\t<\/section>\n\t\t\t\t\t<\/div>\n\t\t<\/div>\n\t\t\t\t\t<\/div>\n\t\t<\/section>\n\t\t\t\t<\/div>\n\t\t","protected":false},"excerpt":{"rendered":"<p>Weitere Vergn\u00fcgungsparks in Madrid ansehen Interaktives Erlebnis in Sweet Space Die Welt der S\u00fc\u00dfigkeiten! Sweet Space: Es ist das immersive S\u00fc\u00dfigkeitenmuseum, in dem Sie verschiedene Themenr\u00e4ume mit interaktiven Ausstellungen besuchen, die die Fantasie anregen. Renommierte K\u00fcnstler und Designer, vereint in einer Ausstellung, die Ihre Sinne anregen wird. Ticket kaufen 1-Tages-Tour mit Weinprobe in der Region [&hellip;]<\/p>\n","protected":false},"author":4,"featured_media":0,"parent":8542,"menu_order":0,"comment_status":"closed","ping_status":"closed","template":"","meta":{"site-sidebar-layout":"no-sidebar","site-content-layout":"page-builder","ast-site-content-layout":"full-width-container","site-content-style":"unboxed","site-sidebar-style":"unboxed","ast-global-header-display":"","ast-banner-title-visibility":"","ast-main-header-display":"","ast-hfb-above-header-display":"","ast-hfb-below-header-display":"","ast-hfb-mobile-header-display":"","site-post-title":"disabled","ast-breadcrumbs-content":"","ast-featured-img":"disabled","footer-sml-layout":"","theme-transparent-header-meta":"","adv-header-id-meta":"","stick-header-meta":"","header-above-stick-meta":"","header-main-stick-meta":"","header-below-stick-meta":"","astra-migrate-meta-layouts":"default","ast-page-background-enabled":"default","ast-page-background-meta":{"desktop":{"background-color":"var(--ast-global-color-4)","background-image":"","background-repeat":"repeat","background-position":"center center","background-size":"auto","background-attachment":"scroll","background-type":"","background-media":"","overlay-type":"","overlay-color":"","overlay-opacity":"","overlay-gradient":""},"tablet":{"background-color":"","background-image":"","background-repeat":"repeat","background-position":"center center","background-size":"auto","background-attachment":"scroll","background-type":"","background-media":"","overlay-type":"","overlay-color":"","overlay-opacity":"","overlay-gradient":""},"mobile":{"background-color":"","background-image":"","background-repeat":"repeat","background-position":"center center","background-size":"auto","background-attachment":"scroll","background-type":"","background-media":"","overlay-type":"","overlay-color":"","overlay-opacity":"","overlay-gradient":""}},"ast-content-background-meta":{"desktop":{"background-color":"var(--ast-global-color-5)","background-image":"","background-repeat":"repeat","background-position":"center center","background-size":"auto","background-attachment":"scroll","background-type":"","background-media":"","overlay-type":"","overlay-color":"","overlay-opacity":"","overlay-gradient":""},"tablet":{"background-color":"var(--ast-global-color-5)","background-image":"","background-repeat":"repeat","background-position":"center center","background-size":"auto","background-attachment":"scroll","background-type":"","background-media":"","overlay-type":"","overlay-color":"","overlay-opacity":"","overlay-gradient":""},"mobile":{"background-color":"var(--ast-global-color-5)","background-image":"","background-repeat":"repeat","background-position":"center center","background-size":"auto","background-attachment":"scroll","background-type":"","background-media":"","overlay-type":"","overlay-color":"","overlay-opacity":"","overlay-gradient":""}},"footnotes":""},"class_list":["post-9507","page","type-page","status-publish","hentry"],"yoast_head":"<!-- This site is optimized with the Yoast SEO plugin v26.4 - https:\/\/yoast.com\/wordpress\/plugins\/seo\/ -->\n<title>Attraktionen, Touren und Ausfl\u00fcge - eMadrid.com<\/title>\n<meta name=\"robots\" content=\"index, follow, max-snippet:-1, max-image-preview:large, max-video-preview:-1\" \/>\n<link rel=\"canonical\" href=\"https:\/\/emadrid.com\/de\/madrid-tickets-und-eintrittskarten\/attraktionen-touren-und-ausfluege\/\" \/>\n<meta property=\"og:locale\" content=\"de_DE\" \/>\n<meta property=\"og:type\" content=\"article\" \/>\n<meta property=\"og:title\" content=\"Attraktionen, Touren und Ausfl\u00fcge - eMadrid.com\" \/>\n<meta property=\"og:description\" content=\"Weitere Vergn\u00fcgungsparks in Madrid ansehen Interaktives Erlebnis in Sweet Space Die Welt der S\u00fc\u00dfigkeiten! Sweet Space: Es ist das immersive S\u00fc\u00dfigkeitenmuseum, in dem Sie verschiedene Themenr\u00e4ume mit interaktiven Ausstellungen besuchen, die die Fantasie anregen. Renommierte K\u00fcnstler und Designer, vereint in einer Ausstellung, die Ihre Sinne anregen wird. Ticket kaufen 1-Tages-Tour mit Weinprobe in der Region [&hellip;]\" \/>\n<meta property=\"og:url\" content=\"https:\/\/emadrid.com\/de\/madrid-tickets-und-eintrittskarten\/attraktionen-touren-und-ausfluege\/\" \/>\n<meta property=\"og:site_name\" content=\"eMadrid.com\" \/>\n<meta property=\"article:modified_time\" content=\"2023-04-22T18:10:54+00:00\" \/>\n<meta property=\"og:image\" content=\"https:\/\/emadrid.com\/wp-content\/uploads\/2023\/04\/07866b3c-90c8-11ed-b448-aa992b25e025-1024x1024.webp\" \/>\n<meta name=\"twitter:card\" content=\"summary_large_image\" \/>\n<meta name=\"twitter:label1\" content=\"Gesch\u00e4tzte Lesezeit\" \/>\n\t<meta name=\"twitter:data1\" content=\"1\u00a0Minute\" \/>\n<script type=\"application\/ld+json\" class=\"yoast-schema-graph\">{\"@context\":\"https:\/\/schema.org\",\"@graph\":[{\"@type\":\"WebPage\",\"@id\":\"https:\/\/emadrid.com\/de\/madrid-tickets-und-eintrittskarten\/attraktionen-touren-und-ausfluege\/\",\"url\":\"https:\/\/emadrid.com\/de\/madrid-tickets-und-eintrittskarten\/attraktionen-touren-und-ausfluege\/\",\"name\":\"Attraktionen, Touren und Ausfl\u00fcge - eMadrid.com\",\"isPartOf\":{\"@id\":\"https:\/\/emadrid.com\/de\/#website\"},\"primaryImageOfPage\":{\"@id\":\"https:\/\/emadrid.com\/de\/madrid-tickets-und-eintrittskarten\/attraktionen-touren-und-ausfluege\/#primaryimage\"},\"image\":{\"@id\":\"https:\/\/emadrid.com\/de\/madrid-tickets-und-eintrittskarten\/attraktionen-touren-und-ausfluege\/#primaryimage\"},\"thumbnailUrl\":\"https:\/\/emadrid.com\/wp-content\/uploads\/2023\/04\/07866b3c-90c8-11ed-b448-aa992b25e025-1024x1024.webp\",\"datePublished\":\"2023-03-09T18:36:26+00:00\",\"dateModified\":\"2023-04-22T18:10:54+00:00\",\"breadcrumb\":{\"@id\":\"https:\/\/emadrid.com\/de\/madrid-tickets-und-eintrittskarten\/attraktionen-touren-und-ausfluege\/#breadcrumb\"},\"inLanguage\":\"de\",\"potentialAction\":[{\"@type\":\"ReadAction\",\"target\":[\"https:\/\/emadrid.com\/de\/madrid-tickets-und-eintrittskarten\/attraktionen-touren-und-ausfluege\/\"]}]},{\"@type\":\"ImageObject\",\"inLanguage\":\"de\",\"@id\":\"https:\/\/emadrid.com\/de\/madrid-tickets-und-eintrittskarten\/attraktionen-touren-und-ausfluege\/#primaryimage\",\"url\":\"https:\/\/emadrid.com\/wp-content\/uploads\/2023\/04\/07866b3c-90c8-11ed-b448-aa992b25e025-1024x1024.webp\",\"contentUrl\":\"https:\/\/emadrid.com\/wp-content\/uploads\/2023\/04\/07866b3c-90c8-11ed-b448-aa992b25e025-1024x1024.webp\"},{\"@type\":\"BreadcrumbList\",\"@id\":\"https:\/\/emadrid.com\/de\/madrid-tickets-und-eintrittskarten\/attraktionen-touren-und-ausfluege\/#breadcrumb\",\"itemListElement\":[{\"@type\":\"ListItem\",\"position\":1,\"name\":\"Portada\",\"item\":\"https:\/\/emadrid.com\/de\/\"},{\"@type\":\"ListItem\",\"position\":2,\"name\":\"Madrid Tickets und Eintrittskarten\",\"item\":\"https:\/\/emadrid.com\/de\/madrid-tickets-und-eintrittskarten\/\"},{\"@type\":\"ListItem\",\"position\":3,\"name\":\"Attraktionen, Touren und Ausfl\u00fcge\"}]},{\"@type\":\"WebSite\",\"@id\":\"https:\/\/emadrid.com\/de\/#website\",\"url\":\"https:\/\/emadrid.com\/de\/\",\"name\":\"eMadrid.com\",\"description\":\"Las mejores Ofertas en Madrid. Hoteles, Espect\u00e1culos, Actividades y mucho m\u00e1s.\",\"publisher\":{\"@id\":\"https:\/\/emadrid.com\/de\/#organization\"},\"potentialAction\":[{\"@type\":\"SearchAction\",\"target\":{\"@type\":\"EntryPoint\",\"urlTemplate\":\"https:\/\/emadrid.com\/de\/?s={search_term_string}\"},\"query-input\":{\"@type\":\"PropertyValueSpecification\",\"valueRequired\":true,\"valueName\":\"search_term_string\"}}],\"inLanguage\":\"de\"},{\"@type\":\"Organization\",\"@id\":\"https:\/\/emadrid.com\/de\/#organization\",\"name\":\"eMadrid.com\",\"url\":\"https:\/\/emadrid.com\/de\/\",\"logo\":{\"@type\":\"ImageObject\",\"inLanguage\":\"de\",\"@id\":\"https:\/\/emadrid.com\/de\/#\/schema\/logo\/image\/\",\"url\":\"https:\/\/emadrid.com\/wp-content\/uploads\/2025\/01\/Logo-horizontal-250px.png?wsr\",\"contentUrl\":\"https:\/\/emadrid.com\/wp-content\/uploads\/2025\/01\/Logo-horizontal-250px.png?wsr\",\"width\":251,\"height\":35,\"caption\":\"eMadrid.com\"},\"image\":{\"@id\":\"https:\/\/emadrid.com\/de\/#\/schema\/logo\/image\/\"}}]}<\/script>\n<!-- \/ Yoast SEO plugin. -->","yoast_head_json":{"title":"Attraktionen, Touren und Ausfl\u00fcge - eMadrid.com","robots":{"index":"index","follow":"follow","max-snippet":"max-snippet:-1","max-image-preview":"max-image-preview:large","max-video-preview":"max-video-preview:-1"},"canonical":"https:\/\/emadrid.com\/de\/madrid-tickets-und-eintrittskarten\/attraktionen-touren-und-ausfluege\/","og_locale":"de_DE","og_type":"article","og_title":"Attraktionen, Touren und Ausfl\u00fcge - eMadrid.com","og_description":"Weitere Vergn\u00fcgungsparks in Madrid ansehen Interaktives Erlebnis in Sweet Space Die Welt der S\u00fc\u00dfigkeiten! Sweet Space: Es ist das immersive S\u00fc\u00dfigkeitenmuseum, in dem Sie verschiedene Themenr\u00e4ume mit interaktiven Ausstellungen besuchen, die die Fantasie anregen. Renommierte K\u00fcnstler und Designer, vereint in einer Ausstellung, die Ihre Sinne anregen wird. Ticket kaufen 1-Tages-Tour mit Weinprobe in der Region [&hellip;]","og_url":"https:\/\/emadrid.com\/de\/madrid-tickets-und-eintrittskarten\/attraktionen-touren-und-ausfluege\/","og_site_name":"eMadrid.com","article_modified_time":"2023-04-22T18:10:54+00:00","og_image":[{"url":"https:\/\/emadrid.com\/wp-content\/uploads\/2023\/04\/07866b3c-90c8-11ed-b448-aa992b25e025-1024x1024.webp","type":"","width":"","height":""}],"twitter_card":"summary_large_image","twitter_misc":{"Gesch\u00e4tzte Lesezeit":"1\u00a0Minute"},"schema":{"@context":"https:\/\/schema.org","@graph":[{"@type":"WebPage","@id":"https:\/\/emadrid.com\/de\/madrid-tickets-und-eintrittskarten\/attraktionen-touren-und-ausfluege\/","url":"https:\/\/emadrid.com\/de\/madrid-tickets-und-eintrittskarten\/attraktionen-touren-und-ausfluege\/","name":"Attraktionen, Touren und Ausfl\u00fcge - eMadrid.com","isPartOf":{"@id":"https:\/\/emadrid.com\/de\/#website"},"primaryImageOfPage":{"@id":"https:\/\/emadrid.com\/de\/madrid-tickets-und-eintrittskarten\/attraktionen-touren-und-ausfluege\/#primaryimage"},"image":{"@id":"https:\/\/emadrid.com\/de\/madrid-tickets-und-eintrittskarten\/attraktionen-touren-und-ausfluege\/#primaryimage"},"thumbnailUrl":"https:\/\/emadrid.com\/wp-content\/uploads\/2023\/04\/07866b3c-90c8-11ed-b448-aa992b25e025-1024x1024.webp","datePublished":"2023-03-09T18:36:26+00:00","dateModified":"2023-04-22T18:10:54+00:00","breadcrumb":{"@id":"https:\/\/emadrid.com\/de\/madrid-tickets-und-eintrittskarten\/attraktionen-touren-und-ausfluege\/#breadcrumb"},"inLanguage":"de","potentialAction":[{"@type":"ReadAction","target":["https:\/\/emadrid.com\/de\/madrid-tickets-und-eintrittskarten\/attraktionen-touren-und-ausfluege\/"]}]},{"@type":"ImageObject","inLanguage":"de","@id":"https:\/\/emadrid.com\/de\/madrid-tickets-und-eintrittskarten\/attraktionen-touren-und-ausfluege\/#primaryimage","url":"https:\/\/emadrid.com\/wp-content\/uploads\/2023\/04\/07866b3c-90c8-11ed-b448-aa992b25e025-1024x1024.webp","contentUrl":"https:\/\/emadrid.com\/wp-content\/uploads\/2023\/04\/07866b3c-90c8-11ed-b448-aa992b25e025-1024x1024.webp"},{"@type":"BreadcrumbList","@id":"https:\/\/emadrid.com\/de\/madrid-tickets-und-eintrittskarten\/attraktionen-touren-und-ausfluege\/#breadcrumb","itemListElement":[{"@type":"ListItem","position":1,"name":"Portada","item":"https:\/\/emadrid.com\/de\/"},{"@type":"ListItem","position":2,"name":"Madrid Tickets und Eintrittskarten","item":"https:\/\/emadrid.com\/de\/madrid-tickets-und-eintrittskarten\/"},{"@type":"ListItem","position":3,"name":"Attraktionen, Touren und Ausfl\u00fcge"}]},{"@type":"WebSite","@id":"https:\/\/emadrid.com\/de\/#website","url":"https:\/\/emadrid.com\/de\/","name":"eMadrid.com","description":"Las mejores Ofertas en Madrid. Hoteles, Espect\u00e1culos, Actividades y mucho m\u00e1s.","publisher":{"@id":"https:\/\/emadrid.com\/de\/#organization"},"potentialAction":[{"@type":"SearchAction","target":{"@type":"EntryPoint","urlTemplate":"https:\/\/emadrid.com\/de\/?s={search_term_string}"},"query-input":{"@type":"PropertyValueSpecification","valueRequired":true,"valueName":"search_term_string"}}],"inLanguage":"de"},{"@type":"Organization","@id":"https:\/\/emadrid.com\/de\/#organization","name":"eMadrid.com","url":"https:\/\/emadrid.com\/de\/","logo":{"@type":"ImageObject","inLanguage":"de","@id":"https:\/\/emadrid.com\/de\/#\/schema\/logo\/image\/","url":"https:\/\/emadrid.com\/wp-content\/uploads\/2025\/01\/Logo-horizontal-250px.png?wsr","contentUrl":"https:\/\/emadrid.com\/wp-content\/uploads\/2025\/01\/Logo-horizontal-250px.png?wsr","width":251,"height":35,"caption":"eMadrid.com"},"image":{"@id":"https:\/\/emadrid.com\/de\/#\/schema\/logo\/image\/"}}]}},"_links":{"self":[{"href":"https:\/\/emadrid.com\/de\/wp-json\/wp\/v2\/pages\/9507","targetHints":{"allow":["GET"]}}],"collection":[{"href":"https:\/\/emadrid.com\/de\/wp-json\/wp\/v2\/pages"}],"about":[{"href":"https:\/\/emadrid.com\/de\/wp-json\/wp\/v2\/types\/page"}],"author":[{"embeddable":true,"href":"https:\/\/emadrid.com\/de\/wp-json\/wp\/v2\/users\/4"}],"replies":[{"embeddable":true,"href":"https:\/\/emadrid.com\/de\/wp-json\/wp\/v2\/comments?post=9507"}],"version-history":[{"count":3,"href":"https:\/\/emadrid.com\/de\/wp-json\/wp\/v2\/pages\/9507\/revisions"}],"predecessor-version":[{"id":9510,"href":"https:\/\/emadrid.com\/de\/wp-json\/wp\/v2\/pages\/9507\/revisions\/9510"}],"up":[{"embeddable":true,"href":"https:\/\/emadrid.com\/de\/wp-json\/wp\/v2\/pages\/8542"}],"wp:attachment":[{"href":"https:\/\/emadrid.com\/de\/wp-json\/wp\/v2\/media?parent=9507"}],"curies":[{"name":"wp","href":"https:\/\/api.w.org\/{rel}","templated":true}]}}