{"id":9585,"date":"2023-03-09T19:42:35","date_gmt":"2023-03-09T19:42:35","guid":{"rendered":"https:\/\/bookingmadrid.com\/madrid-tickets-und-eintrittskarten\/aktivitaeten-im-freien\/"},"modified":"2023-04-22T19:15:45","modified_gmt":"2023-04-22T19:15:45","slug":"aktivitaeten-im-freien","status":"publish","type":"page","link":"https:\/\/emadrid.com\/de\/madrid-tickets-und-eintrittskarten\/aktivitaeten-im-freien\/","title":{"rendered":"Aktivit\u00e4ten im Freien"},"content":{"rendered":"\t\t<div data-elementor-type=\"wp-page\" data-elementor-id=\"9585\" class=\"elementor elementor-9585 elementor-1662\" data-elementor-post-type=\"page\">\n\t\t\t\t\t\t<section class=\"elementor-section elementor-top-section elementor-element elementor-element-ccbcf6d elementor-section-height-min-height elementor-section-items-bottom elementor-section-boxed elementor-section-height-default\" data-id=\"ccbcf6d\" data-element_type=\"section\" data-settings=\"{&quot;background_background&quot;:&quot;classic&quot;}\">\n\t\t\t\t\t\t\t<div class=\"elementor-background-overlay\"><\/div>\n\t\t\t\t\t\t\t<div class=\"elementor-container elementor-column-gap-default\">\n\t\t\t\t\t<div class=\"elementor-column elementor-col-100 elementor-top-column elementor-element elementor-element-1a866f9\" data-id=\"1a866f9\" data-element_type=\"column\">\n\t\t\t<div class=\"elementor-widget-wrap elementor-element-populated\">\n\t\t\t\t\t\t<div class=\"elementor-element elementor-element-1df7979 elementor-widget elementor-widget-heading\" data-id=\"1df7979\" data-element_type=\"widget\" data-widget_type=\"heading.default\">\n\t\t\t\t\t<h1 class=\"elementor-heading-title elementor-size-default\">Entradas<\/h1>\t\t\t\t<\/div>\n\t\t\t\t\t<\/div>\n\t\t<\/div>\n\t\t\t\t\t<\/div>\n\t\t<\/section>\n\t\t<div class=\"elementor-element elementor-element-de38e06 e-flex e-con-boxed e-con e-parent\" data-id=\"de38e06\" data-element_type=\"container\">\n\t\t\t\t\t<div class=\"e-con-inner\">\n\t\t\t\t<div class=\"elementor-element elementor-element-f7f475b elementor-widget elementor-widget-text-editor\" data-id=\"f7f475b\" data-element_type=\"widget\" data-widget_type=\"text-editor.default\">\n\t\t\t\t\t\t\t\t\t<p>Lorem ipsum dolor sit amet, consectetur adipiscing elit. Ut elit tellus, luctus nec ullamcorper mattis, pulvinar dapibus leo.<\/p>\t\t\t\t\t\t\t\t<\/div>\n\t\t\t\t<div class=\"elementor-element elementor-element-c9be1bc elementor-mobile-align-left elementor-widget elementor-widget-button\" data-id=\"c9be1bc\" data-element_type=\"widget\" data-widget_type=\"button.default\">\n\t\t\t\t\t\t\t\t\t\t<a class=\"elementor-button elementor-button-link elementor-size-sm elementor-animation-skew\" href=\"https:\/\/fever.pxf.io\/3eeq7B\" target=\"_blank\">\n\t\t\t\t\t\t<span class=\"elementor-button-content-wrapper\">\n\t\t\t\t\t\t\t\t\t<span class=\"elementor-button-text\">Sehen Sie sich weitere Outdoor-Pl\u00e4ne in Madrid an <\/span>\n\t\t\t\t\t<\/span>\n\t\t\t\t\t<\/a>\n\t\t\t\t\t\t\t\t<\/div>\n\t\t\t\t\t<\/div>\n\t\t\t\t<\/div>\n\t\t\t\t<section class=\"elementor-section elementor-top-section elementor-element elementor-element-8dafe73 elementor-section-boxed elementor-section-height-default elementor-section-height-default\" data-id=\"8dafe73\" data-element_type=\"section\">\n\t\t\t\t\t\t<div class=\"elementor-container elementor-column-gap-default\">\n\t\t\t\t\t<div class=\"elementor-column elementor-col-100 elementor-top-column elementor-element elementor-element-7131e03\" data-id=\"7131e03\" data-element_type=\"column\">\n\t\t\t<div class=\"elementor-widget-wrap elementor-element-populated\">\n\t\t\t\t\t\t<section class=\"elementor-section elementor-inner-section elementor-element elementor-element-d774ba5 elementor-section-boxed elementor-section-height-default elementor-section-height-default\" data-id=\"d774ba5\" data-element_type=\"section\">\n\t\t\t\t\t\t<div class=\"elementor-container elementor-column-gap-default\">\n\t\t\t\t\t<div class=\"elementor-column elementor-col-33 elementor-inner-column elementor-element elementor-element-38313d3\" data-id=\"38313d3\" data-element_type=\"column\" data-settings=\"{&quot;background_background&quot;:&quot;classic&quot;}\">\n\t\t\t<div class=\"elementor-widget-wrap elementor-element-populated\">\n\t\t\t\t\t\t<div class=\"elementor-element elementor-element-001dd1d elementor-widget elementor-widget-image\" data-id=\"001dd1d\" data-element_type=\"widget\" data-widget_type=\"image.default\">\n\t\t\t\t\t\t\t\t\t\t\t\t\t\t\t<img fetchpriority=\"high\" decoding=\"async\" width=\"1024\" height=\"1024\" src=\"https:\/\/emadrid.com\/wp-content\/uploads\/2023\/04\/dd39a7e2-c8c9-11ed-b667-1ed0ba3eee7f-1024x1024.webp?wsr\" class=\"attachment-large size-large wp-image-8366\" alt=\"\" srcset=\"https:\/\/emadrid.com\/wp-content\/uploads\/2023\/04\/dd39a7e2-c8c9-11ed-b667-1ed0ba3eee7f-1024x1024.webp 1024w, https:\/\/emadrid.com\/wp-content\/uploads\/2023\/04\/dd39a7e2-c8c9-11ed-b667-1ed0ba3eee7f-300x300.webp 300w, https:\/\/emadrid.com\/wp-content\/uploads\/2023\/04\/dd39a7e2-c8c9-11ed-b667-1ed0ba3eee7f-150x150.webp 150w, https:\/\/emadrid.com\/wp-content\/uploads\/2023\/04\/dd39a7e2-c8c9-11ed-b667-1ed0ba3eee7f-768x768.webp 768w, https:\/\/emadrid.com\/wp-content\/uploads\/2023\/04\/dd39a7e2-c8c9-11ed-b667-1ed0ba3eee7f.webp 1200w\" sizes=\"(max-width: 1024px) 100vw, 1024px\" \/>\t\t\t\t\t\t\t\t\t\t\t\t\t\t\t<\/div>\n\t\t\t\t<div class=\"elementor-element elementor-element-7551229 elementor-widget elementor-widget-heading\" data-id=\"7551229\" data-element_type=\"widget\" data-widget_type=\"heading.default\">\n\t\t\t\t\t<h4 class=\"elementor-heading-title elementor-size-default\">Beermad 2023: Das Bierfest\n<\/h4>\t\t\t\t<\/div>\n\t\t\t\t<div class=\"elementor-element elementor-element-f7e6610 elementor-widget elementor-widget-text-editor\" data-id=\"f7e6610\" data-element_type=\"widget\" data-widget_type=\"text-editor.default\">\n\t\t\t\t\t\t\t\t\t<p>Beermad 2023&nbsp;feiert seine IX. Ausgabe vom 12. bis 15. Mai. Genie\u00dfen Sie das wichtigste Bier-Event der Hauptstadt, bei dem Sie mehr als 170 verschiedene Sorten im Kristallpavillon der Casa de Campo in Madrid probieren k\u00f6nnen.<\/p>\n\t\t\t\t\t\t\t\t<\/div>\n\t\t\t\t<div class=\"elementor-element elementor-element-9eb20a3 elementor-align-left elementor-widget elementor-widget-button\" data-id=\"9eb20a3\" data-element_type=\"widget\" data-widget_type=\"button.default\">\n\t\t\t\t\t\t\t\t\t\t<a class=\"elementor-button elementor-button-link elementor-size-sm elementor-animation-skew\" href=\"https:\/\/fever.pxf.io\/AWW1m7\" target=\"_blank\">\n\t\t\t\t\t\t<span class=\"elementor-button-content-wrapper\">\n\t\t\t\t\t\t\t\t\t<span class=\"elementor-button-text\">Ticket kaufen<\/span>\n\t\t\t\t\t<\/span>\n\t\t\t\t\t<\/a>\n\t\t\t\t\t\t\t\t<\/div>\n\t\t\t\t\t<\/div>\n\t\t<\/div>\n\t\t\t\t<div class=\"elementor-column elementor-col-33 elementor-inner-column elementor-element elementor-element-14c092f\" data-id=\"14c092f\" data-element_type=\"column\" data-settings=\"{&quot;background_background&quot;:&quot;classic&quot;}\">\n\t\t\t<div class=\"elementor-widget-wrap elementor-element-populated\">\n\t\t\t\t\t\t<div class=\"elementor-element elementor-element-70c035f elementor-widget elementor-widget-image\" data-id=\"70c035f\" data-element_type=\"widget\" data-widget_type=\"image.default\">\n\t\t\t\t\t\t\t\t\t\t\t\t\t\t\t<img decoding=\"async\" width=\"1024\" height=\"1024\" src=\"https:\/\/emadrid.com\/wp-content\/uploads\/2023\/04\/748a5926-b55d-11ea-bf03-06551cb39bc6-1024x1024.webp?wsr\" class=\"attachment-large size-large wp-image-8370\" alt=\"\" srcset=\"https:\/\/emadrid.com\/wp-content\/uploads\/2023\/04\/748a5926-b55d-11ea-bf03-06551cb39bc6-1024x1024.webp 1024w, https:\/\/emadrid.com\/wp-content\/uploads\/2023\/04\/748a5926-b55d-11ea-bf03-06551cb39bc6-300x300.webp 300w, https:\/\/emadrid.com\/wp-content\/uploads\/2023\/04\/748a5926-b55d-11ea-bf03-06551cb39bc6-150x150.webp 150w, https:\/\/emadrid.com\/wp-content\/uploads\/2023\/04\/748a5926-b55d-11ea-bf03-06551cb39bc6-768x768.webp 768w, https:\/\/emadrid.com\/wp-content\/uploads\/2023\/04\/748a5926-b55d-11ea-bf03-06551cb39bc6.webp 1200w\" sizes=\"(max-width: 1024px) 100vw, 1024px\" \/>\t\t\t\t\t\t\t\t\t\t\t\t\t\t\t<\/div>\n\t\t\t\t<div class=\"elementor-element elementor-element-5462f26 elementor-widget elementor-widget-heading\" data-id=\"5462f26\" data-element_type=\"widget\" data-widget_type=\"heading.default\">\n\t\t\t\t\t<h4 class=\"elementor-heading-title elementor-size-default\">Wochenend-Reitroute f\u00fcr 2<\/h4>\t\t\t\t<\/div>\n\t\t\t\t<div class=\"elementor-element elementor-element-6c5b309 elementor-widget elementor-widget-text-editor\" data-id=\"6c5b309\" data-element_type=\"widget\" data-widget_type=\"text-editor.default\">\n\t\t\t\t\t\t\t\t\t<p>Eine idyllische Erfahrung, um sich von der Routine zu l\u00f6sen. Ein Weg, den Sie gehen k\u00f6nnen, egal ob Sie Erfahrung haben oder nicht. Fieberbonus: Geschenk von Fotos w\u00e4hrend des Abenteuers und ein Getr\u00e4nk auf dem Gel\u00e4nde<\/p>\n\t\t\t\t\t\t\t\t<\/div>\n\t\t\t\t<div class=\"elementor-element elementor-element-ae2532b elementor-align-left elementor-widget elementor-widget-button\" data-id=\"ae2532b\" data-element_type=\"widget\" data-widget_type=\"button.default\">\n\t\t\t\t\t\t\t\t\t\t<a class=\"elementor-button elementor-button-link elementor-size-sm elementor-animation-skew\" href=\"https:\/\/fever.pxf.io\/c\/4039372\/1396783\/16345?prodsku=88869&#038;u=https%3A%2F%2Ffeverup.com%2Fm%2F88869&#038;intsrc=PUI2_10347\" target=\"_blank\">\n\t\t\t\t\t\t<span class=\"elementor-button-content-wrapper\">\n\t\t\t\t\t\t\t\t\t<span class=\"elementor-button-text\">Ticket kaufen<\/span>\n\t\t\t\t\t<\/span>\n\t\t\t\t\t<\/a>\n\t\t\t\t\t\t\t\t<\/div>\n\t\t\t\t\t<\/div>\n\t\t<\/div>\n\t\t\t\t<div class=\"elementor-column elementor-col-33 elementor-inner-column elementor-element elementor-element-3f4e49b\" data-id=\"3f4e49b\" data-element_type=\"column\" data-settings=\"{&quot;background_background&quot;:&quot;classic&quot;}\">\n\t\t\t<div class=\"elementor-widget-wrap elementor-element-populated\">\n\t\t\t\t\t\t<div class=\"elementor-element elementor-element-443149e elementor-widget__width-initial elementor-widget elementor-widget-image\" data-id=\"443149e\" data-element_type=\"widget\" data-widget_type=\"image.default\">\n\t\t\t\t\t\t\t\t\t\t\t\t\t\t\t<img decoding=\"async\" width=\"1024\" height=\"1024\" src=\"https:\/\/emadrid.com\/wp-content\/uploads\/2023\/04\/3fef2a6b-28d6-11eb-9bdd-06551cb39bc6-1024x1024.webp?wsr\" class=\"attachment-large size-large wp-image-8374\" alt=\"\" srcset=\"https:\/\/emadrid.com\/wp-content\/uploads\/2023\/04\/3fef2a6b-28d6-11eb-9bdd-06551cb39bc6-1024x1024.webp 1024w, https:\/\/emadrid.com\/wp-content\/uploads\/2023\/04\/3fef2a6b-28d6-11eb-9bdd-06551cb39bc6-300x300.webp 300w, https:\/\/emadrid.com\/wp-content\/uploads\/2023\/04\/3fef2a6b-28d6-11eb-9bdd-06551cb39bc6-150x150.webp 150w, https:\/\/emadrid.com\/wp-content\/uploads\/2023\/04\/3fef2a6b-28d6-11eb-9bdd-06551cb39bc6-768x768.webp 768w, https:\/\/emadrid.com\/wp-content\/uploads\/2023\/04\/3fef2a6b-28d6-11eb-9bdd-06551cb39bc6.webp 1200w\" sizes=\"(max-width: 1024px) 100vw, 1024px\" \/>\t\t\t\t\t\t\t\t\t\t\t\t\t\t\t<\/div>\n\t\t\t\t<div class=\"elementor-element elementor-element-b837bb8 elementor-widget elementor-widget-heading\" data-id=\"b837bb8\" data-element_type=\"widget\" data-widget_type=\"heading.default\">\n\t\t\t\t\t<h4 class=\"elementor-heading-title elementor-size-default\">El Toril Glamping Experience: Nacht unter den Sternen f\u00fcr 2<\/h4>\t\t\t\t<\/div>\n\t\t\t\t<div class=\"elementor-element elementor-element-b626f29 elementor-widget elementor-widget-text-editor\" data-id=\"b626f29\" data-element_type=\"widget\" data-widget_type=\"text-editor.default\">\n\t\t\t\t\t\t\t\t\t<p> Eine \u00dcbernachtung in einer intimen Blase mit Blick auf die Sterne. In einem abgelegenen Naturgebiet mit Whirlpool im Freien. Ein leckerer Brunch in der Suite am n\u00e4chsten Tag<\/p>\n\t\t\t\t\t\t\t\t<\/div>\n\t\t\t\t<div class=\"elementor-element elementor-element-d4a1ce7 elementor-align-left elementor-widget elementor-widget-button\" data-id=\"d4a1ce7\" data-element_type=\"widget\" data-widget_type=\"button.default\">\n\t\t\t\t\t\t\t\t\t\t<a class=\"elementor-button elementor-button-link elementor-size-sm elementor-animation-skew\" href=\"https:\/\/fever.pxf.io\/c\/4039372\/1396783\/16345?prodsku=93435&#038;u=https%3A%2F%2Ffeverup.com%2Fm%2F93435&#038;intsrc=PUI2_10347\" target=\"_blank\">\n\t\t\t\t\t\t<span class=\"elementor-button-content-wrapper\">\n\t\t\t\t\t\t\t\t\t<span class=\"elementor-button-text\">Ticket kaufen<\/span>\n\t\t\t\t\t<\/span>\n\t\t\t\t\t<\/a>\n\t\t\t\t\t\t\t\t<\/div>\n\t\t\t\t\t<\/div>\n\t\t<\/div>\n\t\t\t\t\t<\/div>\n\t\t<\/section>\n\t\t\t\t\t<\/div>\n\t\t<\/div>\n\t\t\t\t\t<\/div>\n\t\t<\/section>\n\t\t\t\t<\/div>\n\t\t","protected":false},"excerpt":{"rendered":"<p>Sehen Sie sich weitere Outdoor-Pl\u00e4ne in Madrid an Beermad 2023: Das Bierfest Beermad 2023&nbsp;feiert seine IX. Ausgabe vom 12. bis 15. Mai. Genie\u00dfen Sie das wichtigste Bier-Event der Hauptstadt, bei dem Sie mehr als 170 verschiedene Sorten im Kristallpavillon der Casa de Campo in Madrid probieren k\u00f6nnen. Ticket kaufen Wochenend-Reitroute f\u00fcr 2 Eine idyllische Erfahrung, [&hellip;]<\/p>\n","protected":false},"author":4,"featured_media":0,"parent":8542,"menu_order":0,"comment_status":"closed","ping_status":"closed","template":"","meta":{"site-sidebar-layout":"no-sidebar","site-content-layout":"page-builder","ast-site-content-layout":"default","site-content-style":"default","site-sidebar-style":"default","ast-global-header-display":"","ast-banner-title-visibility":"","ast-main-header-display":"","ast-hfb-above-header-display":"","ast-hfb-below-header-display":"","ast-hfb-mobile-header-display":"","site-post-title":"disabled","ast-breadcrumbs-content":"","ast-featured-img":"disabled","footer-sml-layout":"","theme-transparent-header-meta":"","adv-header-id-meta":"","stick-header-meta":"","header-above-stick-meta":"","header-main-stick-meta":"","header-below-stick-meta":"","astra-migrate-meta-layouts":"default","ast-page-background-enabled":"default","ast-page-background-meta":{"desktop":{"background-color":"var(--ast-global-color-4)","background-image":"","background-repeat":"repeat","background-position":"center center","background-size":"auto","background-attachment":"scroll","background-type":"","background-media":"","overlay-type":"","overlay-color":"","overlay-opacity":"","overlay-gradient":""},"tablet":{"background-color":"","background-image":"","background-repeat":"repeat","background-position":"center center","background-size":"auto","background-attachment":"scroll","background-type":"","background-media":"","overlay-type":"","overlay-color":"","overlay-opacity":"","overlay-gradient":""},"mobile":{"background-color":"","background-image":"","background-repeat":"repeat","background-position":"center center","background-size":"auto","background-attachment":"scroll","background-type":"","background-media":"","overlay-type":"","overlay-color":"","overlay-opacity":"","overlay-gradient":""}},"ast-content-background-meta":{"desktop":{"background-color":"var(--ast-global-color-5)","background-image":"","background-repeat":"repeat","background-position":"center center","background-size":"auto","background-attachment":"scroll","background-type":"","background-media":"","overlay-type":"","overlay-color":"","overlay-opacity":"","overlay-gradient":""},"tablet":{"background-color":"var(--ast-global-color-5)","background-image":"","background-repeat":"repeat","background-position":"center center","background-size":"auto","background-attachment":"scroll","background-type":"","background-media":"","overlay-type":"","overlay-color":"","overlay-opacity":"","overlay-gradient":""},"mobile":{"background-color":"var(--ast-global-color-5)","background-image":"","background-repeat":"repeat","background-position":"center center","background-size":"auto","background-attachment":"scroll","background-type":"","background-media":"","overlay-type":"","overlay-color":"","overlay-opacity":"","overlay-gradient":""}},"footnotes":""},"class_list":["post-9585","page","type-page","status-publish","hentry"],"yoast_head":"<!-- This site is optimized with the Yoast SEO plugin v26.4 - https:\/\/yoast.com\/wordpress\/plugins\/seo\/ -->\n<title>Aktivit\u00e4ten im Freien - eMadrid.com<\/title>\n<meta name=\"robots\" content=\"index, follow, max-snippet:-1, max-image-preview:large, max-video-preview:-1\" \/>\n<link rel=\"canonical\" href=\"https:\/\/emadrid.com\/de\/madrid-tickets-und-eintrittskarten\/aktivitaeten-im-freien\/\" \/>\n<meta property=\"og:locale\" content=\"de_DE\" \/>\n<meta property=\"og:type\" content=\"article\" \/>\n<meta property=\"og:title\" content=\"Aktivit\u00e4ten im Freien - eMadrid.com\" \/>\n<meta property=\"og:description\" content=\"Sehen Sie sich weitere Outdoor-Pl\u00e4ne in Madrid an Beermad 2023: Das Bierfest Beermad 2023&nbsp;feiert seine IX. Ausgabe vom 12. bis 15. Mai. Genie\u00dfen Sie das wichtigste Bier-Event der Hauptstadt, bei dem Sie mehr als 170 verschiedene Sorten im Kristallpavillon der Casa de Campo in Madrid probieren k\u00f6nnen. Ticket kaufen Wochenend-Reitroute f\u00fcr 2 Eine idyllische Erfahrung, [&hellip;]\" \/>\n<meta property=\"og:url\" content=\"https:\/\/emadrid.com\/de\/madrid-tickets-und-eintrittskarten\/aktivitaeten-im-freien\/\" \/>\n<meta property=\"og:site_name\" content=\"eMadrid.com\" \/>\n<meta property=\"article:modified_time\" content=\"2023-04-22T19:15:45+00:00\" \/>\n<meta property=\"og:image\" content=\"https:\/\/emadrid.com\/wp-content\/uploads\/2023\/04\/dd39a7e2-c8c9-11ed-b667-1ed0ba3eee7f-1024x1024.webp\" \/>\n<meta name=\"twitter:card\" content=\"summary_large_image\" \/>\n<meta name=\"twitter:label1\" content=\"Gesch\u00e4tzte Lesezeit\" \/>\n\t<meta name=\"twitter:data1\" content=\"1\u00a0Minute\" \/>\n<script type=\"application\/ld+json\" class=\"yoast-schema-graph\">{\"@context\":\"https:\/\/schema.org\",\"@graph\":[{\"@type\":\"WebPage\",\"@id\":\"https:\/\/emadrid.com\/de\/madrid-tickets-und-eintrittskarten\/aktivitaeten-im-freien\/\",\"url\":\"https:\/\/emadrid.com\/de\/madrid-tickets-und-eintrittskarten\/aktivitaeten-im-freien\/\",\"name\":\"Aktivit\u00e4ten im Freien - eMadrid.com\",\"isPartOf\":{\"@id\":\"https:\/\/emadrid.com\/de\/#website\"},\"primaryImageOfPage\":{\"@id\":\"https:\/\/emadrid.com\/de\/madrid-tickets-und-eintrittskarten\/aktivitaeten-im-freien\/#primaryimage\"},\"image\":{\"@id\":\"https:\/\/emadrid.com\/de\/madrid-tickets-und-eintrittskarten\/aktivitaeten-im-freien\/#primaryimage\"},\"thumbnailUrl\":\"https:\/\/emadrid.com\/wp-content\/uploads\/2023\/04\/dd39a7e2-c8c9-11ed-b667-1ed0ba3eee7f-1024x1024.webp\",\"datePublished\":\"2023-03-09T19:42:35+00:00\",\"dateModified\":\"2023-04-22T19:15:45+00:00\",\"breadcrumb\":{\"@id\":\"https:\/\/emadrid.com\/de\/madrid-tickets-und-eintrittskarten\/aktivitaeten-im-freien\/#breadcrumb\"},\"inLanguage\":\"de\",\"potentialAction\":[{\"@type\":\"ReadAction\",\"target\":[\"https:\/\/emadrid.com\/de\/madrid-tickets-und-eintrittskarten\/aktivitaeten-im-freien\/\"]}]},{\"@type\":\"ImageObject\",\"inLanguage\":\"de\",\"@id\":\"https:\/\/emadrid.com\/de\/madrid-tickets-und-eintrittskarten\/aktivitaeten-im-freien\/#primaryimage\",\"url\":\"https:\/\/emadrid.com\/wp-content\/uploads\/2023\/04\/dd39a7e2-c8c9-11ed-b667-1ed0ba3eee7f-1024x1024.webp\",\"contentUrl\":\"https:\/\/emadrid.com\/wp-content\/uploads\/2023\/04\/dd39a7e2-c8c9-11ed-b667-1ed0ba3eee7f-1024x1024.webp\"},{\"@type\":\"BreadcrumbList\",\"@id\":\"https:\/\/emadrid.com\/de\/madrid-tickets-und-eintrittskarten\/aktivitaeten-im-freien\/#breadcrumb\",\"itemListElement\":[{\"@type\":\"ListItem\",\"position\":1,\"name\":\"Portada\",\"item\":\"https:\/\/emadrid.com\/de\/\"},{\"@type\":\"ListItem\",\"position\":2,\"name\":\"Madrid Tickets und Eintrittskarten\",\"item\":\"https:\/\/emadrid.com\/de\/madrid-tickets-und-eintrittskarten\/\"},{\"@type\":\"ListItem\",\"position\":3,\"name\":\"Aktivit\u00e4ten im Freien\"}]},{\"@type\":\"WebSite\",\"@id\":\"https:\/\/emadrid.com\/de\/#website\",\"url\":\"https:\/\/emadrid.com\/de\/\",\"name\":\"eMadrid.com\",\"description\":\"Las mejores Ofertas en Madrid. Hoteles, Espect\u00e1culos, Actividades y mucho m\u00e1s.\",\"publisher\":{\"@id\":\"https:\/\/emadrid.com\/de\/#organization\"},\"potentialAction\":[{\"@type\":\"SearchAction\",\"target\":{\"@type\":\"EntryPoint\",\"urlTemplate\":\"https:\/\/emadrid.com\/de\/?s={search_term_string}\"},\"query-input\":{\"@type\":\"PropertyValueSpecification\",\"valueRequired\":true,\"valueName\":\"search_term_string\"}}],\"inLanguage\":\"de\"},{\"@type\":\"Organization\",\"@id\":\"https:\/\/emadrid.com\/de\/#organization\",\"name\":\"eMadrid.com\",\"url\":\"https:\/\/emadrid.com\/de\/\",\"logo\":{\"@type\":\"ImageObject\",\"inLanguage\":\"de\",\"@id\":\"https:\/\/emadrid.com\/de\/#\/schema\/logo\/image\/\",\"url\":\"https:\/\/emadrid.com\/wp-content\/uploads\/2025\/01\/Logo-horizontal-250px.png?wsr\",\"contentUrl\":\"https:\/\/emadrid.com\/wp-content\/uploads\/2025\/01\/Logo-horizontal-250px.png?wsr\",\"width\":251,\"height\":35,\"caption\":\"eMadrid.com\"},\"image\":{\"@id\":\"https:\/\/emadrid.com\/de\/#\/schema\/logo\/image\/\"}}]}<\/script>\n<!-- \/ Yoast SEO plugin. -->","yoast_head_json":{"title":"Aktivit\u00e4ten im Freien - eMadrid.com","robots":{"index":"index","follow":"follow","max-snippet":"max-snippet:-1","max-image-preview":"max-image-preview:large","max-video-preview":"max-video-preview:-1"},"canonical":"https:\/\/emadrid.com\/de\/madrid-tickets-und-eintrittskarten\/aktivitaeten-im-freien\/","og_locale":"de_DE","og_type":"article","og_title":"Aktivit\u00e4ten im Freien - eMadrid.com","og_description":"Sehen Sie sich weitere Outdoor-Pl\u00e4ne in Madrid an Beermad 2023: Das Bierfest Beermad 2023&nbsp;feiert seine IX. Ausgabe vom 12. bis 15. Mai. Genie\u00dfen Sie das wichtigste Bier-Event der Hauptstadt, bei dem Sie mehr als 170 verschiedene Sorten im Kristallpavillon der Casa de Campo in Madrid probieren k\u00f6nnen. Ticket kaufen Wochenend-Reitroute f\u00fcr 2 Eine idyllische Erfahrung, [&hellip;]","og_url":"https:\/\/emadrid.com\/de\/madrid-tickets-und-eintrittskarten\/aktivitaeten-im-freien\/","og_site_name":"eMadrid.com","article_modified_time":"2023-04-22T19:15:45+00:00","og_image":[{"url":"https:\/\/emadrid.com\/wp-content\/uploads\/2023\/04\/dd39a7e2-c8c9-11ed-b667-1ed0ba3eee7f-1024x1024.webp","type":"","width":"","height":""}],"twitter_card":"summary_large_image","twitter_misc":{"Gesch\u00e4tzte Lesezeit":"1\u00a0Minute"},"schema":{"@context":"https:\/\/schema.org","@graph":[{"@type":"WebPage","@id":"https:\/\/emadrid.com\/de\/madrid-tickets-und-eintrittskarten\/aktivitaeten-im-freien\/","url":"https:\/\/emadrid.com\/de\/madrid-tickets-und-eintrittskarten\/aktivitaeten-im-freien\/","name":"Aktivit\u00e4ten im Freien - eMadrid.com","isPartOf":{"@id":"https:\/\/emadrid.com\/de\/#website"},"primaryImageOfPage":{"@id":"https:\/\/emadrid.com\/de\/madrid-tickets-und-eintrittskarten\/aktivitaeten-im-freien\/#primaryimage"},"image":{"@id":"https:\/\/emadrid.com\/de\/madrid-tickets-und-eintrittskarten\/aktivitaeten-im-freien\/#primaryimage"},"thumbnailUrl":"https:\/\/emadrid.com\/wp-content\/uploads\/2023\/04\/dd39a7e2-c8c9-11ed-b667-1ed0ba3eee7f-1024x1024.webp","datePublished":"2023-03-09T19:42:35+00:00","dateModified":"2023-04-22T19:15:45+00:00","breadcrumb":{"@id":"https:\/\/emadrid.com\/de\/madrid-tickets-und-eintrittskarten\/aktivitaeten-im-freien\/#breadcrumb"},"inLanguage":"de","potentialAction":[{"@type":"ReadAction","target":["https:\/\/emadrid.com\/de\/madrid-tickets-und-eintrittskarten\/aktivitaeten-im-freien\/"]}]},{"@type":"ImageObject","inLanguage":"de","@id":"https:\/\/emadrid.com\/de\/madrid-tickets-und-eintrittskarten\/aktivitaeten-im-freien\/#primaryimage","url":"https:\/\/emadrid.com\/wp-content\/uploads\/2023\/04\/dd39a7e2-c8c9-11ed-b667-1ed0ba3eee7f-1024x1024.webp","contentUrl":"https:\/\/emadrid.com\/wp-content\/uploads\/2023\/04\/dd39a7e2-c8c9-11ed-b667-1ed0ba3eee7f-1024x1024.webp"},{"@type":"BreadcrumbList","@id":"https:\/\/emadrid.com\/de\/madrid-tickets-und-eintrittskarten\/aktivitaeten-im-freien\/#breadcrumb","itemListElement":[{"@type":"ListItem","position":1,"name":"Portada","item":"https:\/\/emadrid.com\/de\/"},{"@type":"ListItem","position":2,"name":"Madrid Tickets und Eintrittskarten","item":"https:\/\/emadrid.com\/de\/madrid-tickets-und-eintrittskarten\/"},{"@type":"ListItem","position":3,"name":"Aktivit\u00e4ten im Freien"}]},{"@type":"WebSite","@id":"https:\/\/emadrid.com\/de\/#website","url":"https:\/\/emadrid.com\/de\/","name":"eMadrid.com","description":"Las mejores Ofertas en Madrid. Hoteles, Espect\u00e1culos, Actividades y mucho m\u00e1s.","publisher":{"@id":"https:\/\/emadrid.com\/de\/#organization"},"potentialAction":[{"@type":"SearchAction","target":{"@type":"EntryPoint","urlTemplate":"https:\/\/emadrid.com\/de\/?s={search_term_string}"},"query-input":{"@type":"PropertyValueSpecification","valueRequired":true,"valueName":"search_term_string"}}],"inLanguage":"de"},{"@type":"Organization","@id":"https:\/\/emadrid.com\/de\/#organization","name":"eMadrid.com","url":"https:\/\/emadrid.com\/de\/","logo":{"@type":"ImageObject","inLanguage":"de","@id":"https:\/\/emadrid.com\/de\/#\/schema\/logo\/image\/","url":"https:\/\/emadrid.com\/wp-content\/uploads\/2025\/01\/Logo-horizontal-250px.png?wsr","contentUrl":"https:\/\/emadrid.com\/wp-content\/uploads\/2025\/01\/Logo-horizontal-250px.png?wsr","width":251,"height":35,"caption":"eMadrid.com"},"image":{"@id":"https:\/\/emadrid.com\/de\/#\/schema\/logo\/image\/"}}]}},"_links":{"self":[{"href":"https:\/\/emadrid.com\/de\/wp-json\/wp\/v2\/pages\/9585","targetHints":{"allow":["GET"]}}],"collection":[{"href":"https:\/\/emadrid.com\/de\/wp-json\/wp\/v2\/pages"}],"about":[{"href":"https:\/\/emadrid.com\/de\/wp-json\/wp\/v2\/types\/page"}],"author":[{"embeddable":true,"href":"https:\/\/emadrid.com\/de\/wp-json\/wp\/v2\/users\/4"}],"replies":[{"embeddable":true,"href":"https:\/\/emadrid.com\/de\/wp-json\/wp\/v2\/comments?post=9585"}],"version-history":[{"count":3,"href":"https:\/\/emadrid.com\/de\/wp-json\/wp\/v2\/pages\/9585\/revisions"}],"predecessor-version":[{"id":9588,"href":"https:\/\/emadrid.com\/de\/wp-json\/wp\/v2\/pages\/9585\/revisions\/9588"}],"up":[{"embeddable":true,"href":"https:\/\/emadrid.com\/de\/wp-json\/wp\/v2\/pages\/8542"}],"wp:attachment":[{"href":"https:\/\/emadrid.com\/de\/wp-json\/wp\/v2\/media?parent=9585"}],"curies":[{"name":"wp","href":"https:\/\/api.w.org\/{rel}","templated":true}]}}