{"id":8981,"date":"2023-03-10T14:10:33","date_gmt":"2023-03-10T13:10:33","guid":{"rendered":"https:\/\/bookingmadrid.com\/agenda-madrid-up-to-date\/"},"modified":"2025-01-30T10:07:02","modified_gmt":"2025-01-30T09:07:02","slug":"madrid-up-to-date","status":"publish","type":"page","link":"https:\/\/emadrid.com\/en\/madrid-up-to-date\/","title":{"rendered":"Madrid up to date"},"content":{"rendered":"\t\t<div data-elementor-type=\"wp-page\" data-elementor-id=\"8981\" class=\"elementor elementor-8981 elementor-1963\" data-elementor-post-type=\"page\">\n\t\t\t\t\t\t<section class=\"elementor-section elementor-top-section elementor-element elementor-element-931a4cf elementor-section-height-min-height elementor-section-items-bottom elementor-section-boxed elementor-section-height-default\" data-id=\"931a4cf\" data-element_type=\"section\" data-settings=\"{&quot;background_background&quot;:&quot;classic&quot;}\">\n\t\t\t\t\t\t\t<div class=\"elementor-background-overlay\"><\/div>\n\t\t\t\t\t\t\t<div class=\"elementor-container elementor-column-gap-default\">\n\t\t\t\t\t<div class=\"elementor-column elementor-col-100 elementor-top-column elementor-element elementor-element-71f17ab\" data-id=\"71f17ab\" data-element_type=\"column\">\n\t\t\t<div class=\"elementor-widget-wrap elementor-element-populated\">\n\t\t\t\t\t\t<div class=\"elementor-element elementor-element-3b07f57 elementor-widget elementor-widget-heading\" data-id=\"3b07f57\" data-element_type=\"widget\" data-widget_type=\"heading.default\">\n\t\t\t\t\t<h1 class=\"elementor-heading-title elementor-size-default\">Agenda<\/h1>\t\t\t\t<\/div>\n\t\t\t\t\t<\/div>\n\t\t<\/div>\n\t\t\t\t\t<\/div>\n\t\t<\/section>\n\t\t\t\t<section class=\"elementor-section elementor-top-section elementor-element elementor-element-b529ba5 elementor-section-height-min-height elementor-section-items-top elementor-section-content-top elementor-section-boxed elementor-section-height-default\" data-id=\"b529ba5\" data-element_type=\"section\">\n\t\t\t\t\t\t<div class=\"elementor-container elementor-column-gap-default\">\n\t\t\t\t\t<div class=\"elementor-column elementor-col-100 elementor-top-column elementor-element elementor-element-66fdb66\" data-id=\"66fdb66\" data-element_type=\"column\">\n\t\t\t<div class=\"elementor-widget-wrap elementor-element-populated\">\n\t\t\t\t<div class=\"elementor-element elementor-element-cd88403 e-flex e-con-boxed e-con e-parent\" data-id=\"cd88403\" data-element_type=\"container\">\n\t\t\t\t\t<div class=\"e-con-inner\">\n\t\t\t\t<div class=\"elementor-element elementor-element-2f4954b elementor-widget elementor-widget-heading\" data-id=\"2f4954b\" data-element_type=\"widget\" data-widget_type=\"heading.default\">\n\t\t\t\t\t<span class=\"elementor-heading-title elementor-size-default\"> When do you visit Madrid?<\/span>\t\t\t\t<\/div>\n\t\t\t\t\t<\/div>\n\t\t\t\t<\/div>\n\t\t<div class=\"elementor-element elementor-element-a77e88d e-flex e-con-boxed e-con e-parent\" data-id=\"a77e88d\" data-element_type=\"container\">\n\t\t\t\t\t<div class=\"e-con-inner\">\n\t\t\t\t<div class=\"elementor-element elementor-element-4f95b1f filtros elementor-widget elementor-widget-shortcode\" data-id=\"4f95b1f\" data-element_type=\"widget\" data-widget_type=\"shortcode.default\">\n\t\t\t\t\t\t\t<div class=\"elementor-shortcode\">[facetwp facet=\"buscador_post\"]\n[facetwp facet=\"fechas_post\"]<\/div>\n\t\t\t\t\t\t<\/div>\n\t\t\t\t\t<\/div>\n\t\t\t\t<\/div>\n\t\t\t\t<div class=\"elementor-element elementor-element-4f68b8b elementor-grid-3 elementor-grid-tablet-2 elementor-grid-mobile-1 elementor-posts--thumbnail-top elementor-card-shadow-yes elementor-posts__hover-gradient elementor-widget elementor-widget-posts\" data-id=\"4f68b8b\" data-element_type=\"widget\" data-settings=\"{&quot;pagination_type&quot;:&quot;numbers&quot;,&quot;cards_columns&quot;:&quot;3&quot;,&quot;cards_columns_tablet&quot;:&quot;2&quot;,&quot;cards_columns_mobile&quot;:&quot;1&quot;,&quot;cards_row_gap&quot;:{&quot;unit&quot;:&quot;px&quot;,&quot;size&quot;:35,&quot;sizes&quot;:[]},&quot;cards_row_gap_tablet&quot;:{&quot;unit&quot;:&quot;px&quot;,&quot;size&quot;:&quot;&quot;,&quot;sizes&quot;:[]},&quot;cards_row_gap_mobile&quot;:{&quot;unit&quot;:&quot;px&quot;,&quot;size&quot;:&quot;&quot;,&quot;sizes&quot;:[]}}\" data-widget_type=\"posts.cards\">\n\t\t\t\t<div class=\"elementor-widget-container\">\n\t\t\t\t\t\t\t<div class=\"elementor-posts-container elementor-posts elementor-posts--skin-cards elementor-grid\" role=\"list\">\n\t\t\t\t<article class=\"elementor-post elementor-grid-item post-13696 post type-post status-publish format-standard hentry category-uncategorized tag-beautiful tag-community-of-madrid tag-madrid-2 tag-towns\" role=\"listitem\">\n\t\t\t<div class=\"elementor-post__card\">\n\t\t\t\t<div class=\"elementor-post__text\">\n\t\t\t\t<h3 class=\"elementor-post__title\">\n\t\t\t<a href=\"https:\/\/emadrid.com\/en\/the-most-beautiful-towns-in-the-community-of-madrid\/\" >\n\t\t\t\tWE BRING YOU TO THE MOST BEAUTIFUL TOWNS IN THE COMMUNITY OF MADRID\t\t\t<\/a>\n\t\t<\/h3>\n\t\t\t\t<div class=\"elementor-post__excerpt\">\n\t\t\t<p><b>Fecha de inicio:<\/b> 21\/11\/2023<br \/>\n<b>Fecha de cierre:<\/b> 31\/11\/2024<\/p>\n<p>Madrid se ha convertido en un destino ideal, por su atractivo tur\u00edstico, cultural, econ\u00f3mico y su infraestructura, y se ha establecido como uno de los enclaves tur\u00edsticos m\u00e1s populares de Espa\u00f1a, en muchos casos considerado el destino n\u00famero uno en el mundo por varias razones. A continuaci\u00f3n, os contamos algunos de los motivos por los que Madrid es un destino 10<\/p>\n\t\t<\/div>\n\t\t\t\t\t<div class=\"elementor-post__read-more-wrapper\">\n\t\t\n\t\t<a class=\"elementor-post__read-more\" href=\"https:\/\/emadrid.com\/en\/the-most-beautiful-towns-in-the-community-of-madrid\/\" aria-label=\"Read more about WE BRING YOU TO THE MOST BEAUTIFUL TOWNS IN THE COMMUNITY OF MADRID\" tabindex=\"-1\" >\n\t\t\tLeer m\u00e1s\t\t<\/a>\n\n\t\t\t\t\t<\/div>\n\t\t\t\t<\/div>\n\t\t\t\t\t<\/div>\n\t\t<\/article>\n\t\t\t\t<article class=\"elementor-post elementor-grid-item post-13645 post type-post status-publish format-standard hentry\" role=\"listitem\">\n\t\t\t<div class=\"elementor-post__card\">\n\t\t\t\t<div class=\"elementor-post__text\">\n\t\t\t\t<h3 class=\"elementor-post__title\">\n\t\t\t<a href=\"https:\/\/emadrid.com\/en\/discover-madrids-hidden-secrets-the-mysteries-and-legends-tour-2\/\" >\n\t\t\t\tDiscover Madrid&#8217;s Hidden Secrets: The Mysteries and Legends Tour\t\t\t<\/a>\n\t\t<\/h3>\n\t\t\t\t<div class=\"elementor-post__excerpt\">\n\t\t\t<p>Madrid, a city known for its vibrant life, rich history, and culture, also harbors secrets and mysteries waiting to be uncovered. For lovers of the<\/p>\n\t\t<\/div>\n\t\t\t\t\t<div class=\"elementor-post__read-more-wrapper\">\n\t\t\n\t\t<a class=\"elementor-post__read-more\" href=\"https:\/\/emadrid.com\/en\/discover-madrids-hidden-secrets-the-mysteries-and-legends-tour-2\/\" aria-label=\"Read more about Discover Madrid&#8217;s Hidden Secrets: The Mysteries and Legends Tour\" tabindex=\"-1\" >\n\t\t\tLeer m\u00e1s\t\t<\/a>\n\n\t\t\t\t\t<\/div>\n\t\t\t\t<\/div>\n\t\t\t\t\t<\/div>\n\t\t<\/article>\n\t\t\t\t<article class=\"elementor-post elementor-grid-item post-14083 post type-post status-publish format-standard has-post-thumbnail hentry category-agenda-madrid-up-to-date\" role=\"listitem\">\n\t\t\t<div class=\"elementor-post__card\">\n\t\t\t\t<a class=\"elementor-post__thumbnail__link\" href=\"https:\/\/emadrid.com\/en\/the-12-best-5-star-hotels-in-madrid\/\" tabindex=\"-1\" ><div class=\"elementor-post__thumbnail\"><img fetchpriority=\"high\" decoding=\"async\" width=\"2560\" height=\"1709\" src=\"https:\/\/emadrid.com\/wp-content\/uploads\/2024\/04\/Plaza-Mayor-de-Madrid-lugares-historicos-scaled.jpg?wsr\" class=\"attachment-full size-full wp-image-14008\" alt=\"Plaza Mayor de Madrid lugares hist\u00f3ricos\" srcset=\"https:\/\/emadrid.com\/wp-content\/uploads\/2024\/04\/Plaza-Mayor-de-Madrid-lugares-historicos-scaled.jpg 2560w, https:\/\/emadrid.com\/wp-content\/uploads\/2024\/04\/Plaza-Mayor-de-Madrid-lugares-historicos-300x200.jpg 300w, https:\/\/emadrid.com\/wp-content\/uploads\/2024\/04\/Plaza-Mayor-de-Madrid-lugares-historicos-1024x684.jpg 1024w, https:\/\/emadrid.com\/wp-content\/uploads\/2024\/04\/Plaza-Mayor-de-Madrid-lugares-historicos-768x513.jpg 768w, https:\/\/emadrid.com\/wp-content\/uploads\/2024\/04\/Plaza-Mayor-de-Madrid-lugares-historicos-1536x1025.jpg 1536w, https:\/\/emadrid.com\/wp-content\/uploads\/2024\/04\/Plaza-Mayor-de-Madrid-lugares-historicos-2048x1367.jpg 2048w\" sizes=\"(max-width: 2560px) 100vw, 2560px\" \/><\/div><\/a>\n\t\t\t\t<div class=\"elementor-post__text\">\n\t\t\t\t<h3 class=\"elementor-post__title\">\n\t\t\t<a href=\"https:\/\/emadrid.com\/en\/the-12-best-5-star-hotels-in-madrid\/\" >\n\t\t\t\tThe 12 best 5-star hotels in Madrid\t\t\t<\/a>\n\t\t<\/h3>\n\t\t\t\t<div class=\"elementor-post__excerpt\">\n\t\t\t<p>Madrid, with its historical charm and vibrant cultural life, is home to some of the world&#8217;s finest luxury hotels. For those seeking an exceptional experience<\/p>\n\t\t<\/div>\n\t\t\t\t\t<div class=\"elementor-post__read-more-wrapper\">\n\t\t\n\t\t<a class=\"elementor-post__read-more\" href=\"https:\/\/emadrid.com\/en\/the-12-best-5-star-hotels-in-madrid\/\" aria-label=\"Read more about The 12 best 5-star hotels in Madrid\" tabindex=\"-1\" >\n\t\t\tLeer m\u00e1s\t\t<\/a>\n\n\t\t\t\t\t<\/div>\n\t\t\t\t<\/div>\n\t\t\t\t\t<\/div>\n\t\t<\/article>\n\t\t\t\t<article class=\"elementor-post elementor-grid-item post-14056 post type-post status-publish format-standard has-post-thumbnail hentry category-agenda-madrid-up-to-date-en\" role=\"listitem\">\n\t\t\t<div class=\"elementor-post__card\">\n\t\t\t\t<a class=\"elementor-post__thumbnail__link\" href=\"https:\/\/emadrid.com\/en\/the-10-most-touristic-places-in-madrid\/\" tabindex=\"-1\" ><div class=\"elementor-post__thumbnail\"><img fetchpriority=\"high\" decoding=\"async\" width=\"2560\" height=\"1709\" src=\"https:\/\/emadrid.com\/wp-content\/uploads\/2024\/04\/Plaza-Mayor-de-Madrid-lugares-historicos-scaled.jpg?wsr\" class=\"attachment-full size-full wp-image-14008\" alt=\"Plaza Mayor de Madrid lugares hist\u00f3ricos\" srcset=\"https:\/\/emadrid.com\/wp-content\/uploads\/2024\/04\/Plaza-Mayor-de-Madrid-lugares-historicos-scaled.jpg 2560w, https:\/\/emadrid.com\/wp-content\/uploads\/2024\/04\/Plaza-Mayor-de-Madrid-lugares-historicos-300x200.jpg 300w, https:\/\/emadrid.com\/wp-content\/uploads\/2024\/04\/Plaza-Mayor-de-Madrid-lugares-historicos-1024x684.jpg 1024w, https:\/\/emadrid.com\/wp-content\/uploads\/2024\/04\/Plaza-Mayor-de-Madrid-lugares-historicos-768x513.jpg 768w, https:\/\/emadrid.com\/wp-content\/uploads\/2024\/04\/Plaza-Mayor-de-Madrid-lugares-historicos-1536x1025.jpg 1536w, https:\/\/emadrid.com\/wp-content\/uploads\/2024\/04\/Plaza-Mayor-de-Madrid-lugares-historicos-2048x1367.jpg 2048w\" sizes=\"(max-width: 2560px) 100vw, 2560px\" \/><\/div><\/a>\n\t\t\t\t<div class=\"elementor-post__text\">\n\t\t\t\t<h3 class=\"elementor-post__title\">\n\t\t\t<a href=\"https:\/\/emadrid.com\/en\/the-10-most-touristic-places-in-madrid\/\" >\n\t\t\t\tThe 10 most touristic places in Madrid\t\t\t<\/a>\n\t\t<\/h3>\n\t\t\t\t<div class=\"elementor-post__excerpt\">\n\t\t\t<p>Madrid, a city that pulses with history at every corner, offers a window to the past with its magnificent tourist sites. From royal palaces to<\/p>\n\t\t<\/div>\n\t\t\t\t\t<div class=\"elementor-post__read-more-wrapper\">\n\t\t\n\t\t<a class=\"elementor-post__read-more\" href=\"https:\/\/emadrid.com\/en\/the-10-most-touristic-places-in-madrid\/\" aria-label=\"Read more about The 10 most touristic places in Madrid\" tabindex=\"-1\" >\n\t\t\tLeer m\u00e1s\t\t<\/a>\n\n\t\t\t\t\t<\/div>\n\t\t\t\t<\/div>\n\t\t\t\t\t<\/div>\n\t\t<\/article>\n\t\t\t\t<article class=\"elementor-post elementor-grid-item post-13974 post type-post status-publish format-standard has-post-thumbnail hentry category-uncategorized\" role=\"listitem\">\n\t\t\t<div class=\"elementor-post__card\">\n\t\t\t\t<a class=\"elementor-post__thumbnail__link\" href=\"https:\/\/emadrid.com\/en\/discover-the-magic-of-the-rock-cats-dinner-show-at-bule-bule-madrid\/\" tabindex=\"-1\" ><div class=\"elementor-post__thumbnail\"><img decoding=\"async\" width=\"1200\" height=\"1200\" src=\"https:\/\/emadrid.com\/wp-content\/uploads\/2023\/04\/bab9d788-8c1e-11ed-a860-c2e416e955a4.webp?wsr\" class=\"attachment-full size-full wp-image-8116\" alt=\"\" srcset=\"https:\/\/emadrid.com\/wp-content\/uploads\/2023\/04\/bab9d788-8c1e-11ed-a860-c2e416e955a4.webp 1200w, https:\/\/emadrid.com\/wp-content\/uploads\/2023\/04\/bab9d788-8c1e-11ed-a860-c2e416e955a4-300x300.webp 300w, https:\/\/emadrid.com\/wp-content\/uploads\/2023\/04\/bab9d788-8c1e-11ed-a860-c2e416e955a4-1024x1024.webp 1024w, https:\/\/emadrid.com\/wp-content\/uploads\/2023\/04\/bab9d788-8c1e-11ed-a860-c2e416e955a4-150x150.webp 150w, https:\/\/emadrid.com\/wp-content\/uploads\/2023\/04\/bab9d788-8c1e-11ed-a860-c2e416e955a4-768x768.webp 768w\" sizes=\"(max-width: 1200px) 100vw, 1200px\" \/><\/div><\/a>\n\t\t\t\t<div class=\"elementor-post__text\">\n\t\t\t\t<h3 class=\"elementor-post__title\">\n\t\t\t<a href=\"https:\/\/emadrid.com\/en\/discover-the-magic-of-the-rock-cats-dinner-show-at-bule-bule-madrid\/\" >\n\t\t\t\tDiscover the Magic of \u201cThe Rock Cats\u201d: Dinner + Show at Bule Bule, Madrid\t\t\t<\/a>\n\t\t<\/h3>\n\t\t\t\t<div class=\"elementor-post__excerpt\">\n\t\t\t<p>Immerse yourself in a unique experience in Madrid with &#8220;The Rock Cats,&#8221; a show that combines the best of rock and pop music with a<\/p>\n\t\t<\/div>\n\t\t\t\t\t<div class=\"elementor-post__read-more-wrapper\">\n\t\t\n\t\t<a class=\"elementor-post__read-more\" href=\"https:\/\/emadrid.com\/en\/discover-the-magic-of-the-rock-cats-dinner-show-at-bule-bule-madrid\/\" aria-label=\"Read more about Discover the Magic of \u201cThe Rock Cats\u201d: Dinner + Show at Bule Bule, Madrid\" tabindex=\"-1\" >\n\t\t\tLeer m\u00e1s\t\t<\/a>\n\n\t\t\t\t\t<\/div>\n\t\t\t\t<\/div>\n\t\t\t\t\t<\/div>\n\t\t<\/article>\n\t\t\t\t<article class=\"elementor-post elementor-grid-item post-13960 post type-post status-publish format-standard has-post-thumbnail hentry category-agenda-madrid-up-to-date\" role=\"listitem\">\n\t\t\t<div class=\"elementor-post__card\">\n\t\t\t\t<a class=\"elementor-post__thumbnail__link\" href=\"https:\/\/emadrid.com\/en\/excursion-to-toledo-from-madrid-a-journey-to-the-heart-of-history\/\" tabindex=\"-1\" ><div class=\"elementor-post__thumbnail\"><img decoding=\"async\" width=\"1920\" height=\"1280\" src=\"https:\/\/emadrid.com\/wp-content\/uploads\/2023\/03\/excursion-toledo-dia-completo-r32.webp?wsr\" class=\"attachment-full size-full wp-image-7772\" alt=\"\" srcset=\"https:\/\/emadrid.com\/wp-content\/uploads\/2023\/03\/excursion-toledo-dia-completo-r32.webp 1920w, https:\/\/emadrid.com\/wp-content\/uploads\/2023\/03\/excursion-toledo-dia-completo-r32-300x200.webp 300w, https:\/\/emadrid.com\/wp-content\/uploads\/2023\/03\/excursion-toledo-dia-completo-r32-1024x683.webp 1024w, https:\/\/emadrid.com\/wp-content\/uploads\/2023\/03\/excursion-toledo-dia-completo-r32-768x512.webp 768w, https:\/\/emadrid.com\/wp-content\/uploads\/2023\/03\/excursion-toledo-dia-completo-r32-1536x1024.webp 1536w\" sizes=\"(max-width: 1920px) 100vw, 1920px\" \/><\/div><\/a>\n\t\t\t\t<div class=\"elementor-post__text\">\n\t\t\t\t<h3 class=\"elementor-post__title\">\n\t\t\t<a href=\"https:\/\/emadrid.com\/en\/excursion-to-toledo-from-madrid-a-journey-to-the-heart-of-history\/\" >\n\t\t\t\tExcursion to Toledo From Madrid: A Journey to the Heart of History\t\t\t<\/a>\n\t\t<\/h3>\n\t\t\t\t<div class=\"elementor-post__excerpt\">\n\t\t\t<p>Madrid, known for its vibrant life and rich history, also serves as a gateway to cities full of charm and mystery, such as Toledo. This<\/p>\n\t\t<\/div>\n\t\t\t\t\t<div class=\"elementor-post__read-more-wrapper\">\n\t\t\n\t\t<a class=\"elementor-post__read-more\" href=\"https:\/\/emadrid.com\/en\/excursion-to-toledo-from-madrid-a-journey-to-the-heart-of-history\/\" aria-label=\"Read more about Excursion to Toledo From Madrid: A Journey to the Heart of History\" tabindex=\"-1\" >\n\t\t\tLeer m\u00e1s\t\t<\/a>\n\n\t\t\t\t\t<\/div>\n\t\t\t\t<\/div>\n\t\t\t\t\t<\/div>\n\t\t<\/article>\n\t\t\t\t<\/div>\n\t\t\n\t\t\t\t<div class=\"e-load-more-anchor\" data-page=\"1\" data-max-page=\"6\" data-next-page=\"https:\/\/emadrid.com\/en\/wp-json\/wp\/v2\/pages\/8981\/page\/2\/\"><\/div>\n\t\t\t\t<nav class=\"elementor-pagination\" aria-label=\"Pagination\">\n\t\t\t<span aria-current=\"page\" class=\"page-numbers current\"><span class=\"elementor-screen-only\">Page<\/span>1<\/span>\n<a class=\"page-numbers\" href=\"https:\/\/emadrid.com\/en\/wp-json\/wp\/v2\/pages\/8981\/page\/2\/\"><span class=\"elementor-screen-only\">Page<\/span>2<\/a>\n<a class=\"page-numbers\" href=\"https:\/\/emadrid.com\/en\/wp-json\/wp\/v2\/pages\/8981\/page\/3\/\"><span class=\"elementor-screen-only\">Page<\/span>3<\/a>\n<a class=\"page-numbers\" href=\"https:\/\/emadrid.com\/en\/wp-json\/wp\/v2\/pages\/8981\/page\/4\/\"><span class=\"elementor-screen-only\">Page<\/span>4<\/a>\n<a class=\"page-numbers\" href=\"https:\/\/emadrid.com\/en\/wp-json\/wp\/v2\/pages\/8981\/page\/5\/\"><span class=\"elementor-screen-only\">Page<\/span>5<\/a>\t\t<\/nav>\n\t\t\t\t\t\t<\/div>\n\t\t\t\t<\/div>\n\t\t\t\t\t<\/div>\n\t\t<\/div>\n\t\t\t\t\t<\/div>\n\t\t<\/section>\n\t\t\t\t<\/div>\n\t\t","protected":false},"excerpt":{"rendered":"<p>Agenda When do you visit Madrid? [facetwp facet=&#8221;buscador_post&#8221;] [facetwp facet=&#8221;fechas_post&#8221;]<\/p>\n","protected":false},"author":4,"featured_media":0,"parent":0,"menu_order":0,"comment_status":"closed","ping_status":"closed","template":"elementor_header_footer","meta":{"site-sidebar-layout":"no-sidebar","site-content-layout":"page-builder","ast-site-content-layout":"default","site-content-style":"default","site-sidebar-style":"default","ast-global-header-display":"","ast-banner-title-visibility":"","ast-main-header-display":"","ast-hfb-above-header-display":"","ast-hfb-below-header-display":"","ast-hfb-mobile-header-display":"","site-post-title":"disabled","ast-breadcrumbs-content":"","ast-featured-img":"disabled","footer-sml-layout":"","theme-transparent-header-meta":"","adv-header-id-meta":"","stick-header-meta":"","header-above-stick-meta":"","header-main-stick-meta":"","header-below-stick-meta":"","astra-migrate-meta-layouts":"default","ast-page-background-enabled":"default","ast-page-background-meta":{"desktop":{"background-color":"var(--ast-global-color-4)","background-image":"","background-repeat":"repeat","background-position":"center center","background-size":"auto","background-attachment":"scroll","background-type":"","background-media":"","overlay-type":"","overlay-color":"","overlay-opacity":"","overlay-gradient":""},"tablet":{"background-color":"","background-image":"","background-repeat":"repeat","background-position":"center center","background-size":"auto","background-attachment":"scroll","background-type":"","background-media":"","overlay-type":"","overlay-color":"","overlay-opacity":"","overlay-gradient":""},"mobile":{"background-color":"","background-image":"","background-repeat":"repeat","background-position":"center center","background-size":"auto","background-attachment":"scroll","background-type":"","background-media":"","overlay-type":"","overlay-color":"","overlay-opacity":"","overlay-gradient":""}},"ast-content-background-meta":{"desktop":{"background-color":"var(--ast-global-color-5)","background-image":"","background-repeat":"repeat","background-position":"center center","background-size":"auto","background-attachment":"scroll","background-type":"","background-media":"","overlay-type":"","overlay-color":"","overlay-opacity":"","overlay-gradient":""},"tablet":{"background-color":"var(--ast-global-color-5)","background-image":"","background-repeat":"repeat","background-position":"center center","background-size":"auto","background-attachment":"scroll","background-type":"","background-media":"","overlay-type":"","overlay-color":"","overlay-opacity":"","overlay-gradient":""},"mobile":{"background-color":"var(--ast-global-color-5)","background-image":"","background-repeat":"repeat","background-position":"center center","background-size":"auto","background-attachment":"scroll","background-type":"","background-media":"","overlay-type":"","overlay-color":"","overlay-opacity":"","overlay-gradient":""}},"footnotes":""},"class_list":["post-8981","page","type-page","status-publish","hentry"],"yoast_head":"<!-- This site is optimized with the Yoast SEO plugin v26.4 - https:\/\/yoast.com\/wordpress\/plugins\/seo\/ -->\n<title>Madrid up to date - eMadrid.com<\/title>\n<meta name=\"robots\" content=\"index, follow, max-snippet:-1, max-image-preview:large, max-video-preview:-1\" \/>\n<link rel=\"canonical\" href=\"https:\/\/emadrid.com\/en\/madrid-up-to-date\/\" \/>\n<meta property=\"og:locale\" content=\"en_US\" \/>\n<meta property=\"og:type\" content=\"article\" \/>\n<meta property=\"og:title\" content=\"Madrid up to date - eMadrid.com\" \/>\n<meta property=\"og:description\" content=\"Agenda When do you visit Madrid? [facetwp facet=&#8221;buscador_post&#8221;] [facetwp facet=&#8221;fechas_post&#8221;]\" \/>\n<meta property=\"og:url\" content=\"https:\/\/emadrid.com\/en\/madrid-up-to-date\/\" \/>\n<meta property=\"og:site_name\" content=\"eMadrid.com\" \/>\n<meta property=\"article:modified_time\" content=\"2025-01-30T09:07:02+00:00\" \/>\n<meta name=\"twitter:card\" content=\"summary_large_image\" \/>\n<script type=\"application\/ld+json\" class=\"yoast-schema-graph\">{\"@context\":\"https:\/\/schema.org\",\"@graph\":[{\"@type\":\"WebPage\",\"@id\":\"https:\/\/emadrid.com\/en\/madrid-up-to-date\/\",\"url\":\"https:\/\/emadrid.com\/en\/madrid-up-to-date\/\",\"name\":\"Madrid up to date - eMadrid.com\",\"isPartOf\":{\"@id\":\"https:\/\/emadrid.com\/en\/#website\"},\"datePublished\":\"2023-03-10T13:10:33+00:00\",\"dateModified\":\"2025-01-30T09:07:02+00:00\",\"breadcrumb\":{\"@id\":\"https:\/\/emadrid.com\/en\/madrid-up-to-date\/#breadcrumb\"},\"inLanguage\":\"en-US\",\"potentialAction\":[{\"@type\":\"ReadAction\",\"target\":[\"https:\/\/emadrid.com\/en\/madrid-up-to-date\/\"]}]},{\"@type\":\"BreadcrumbList\",\"@id\":\"https:\/\/emadrid.com\/en\/madrid-up-to-date\/#breadcrumb\",\"itemListElement\":[{\"@type\":\"ListItem\",\"position\":1,\"name\":\"Portada\",\"item\":\"https:\/\/emadrid.com\/en\/\"},{\"@type\":\"ListItem\",\"position\":2,\"name\":\"Agenda, Madrid up to date\"}]},{\"@type\":\"WebSite\",\"@id\":\"https:\/\/emadrid.com\/en\/#website\",\"url\":\"https:\/\/emadrid.com\/en\/\",\"name\":\"eMadrid.com\",\"description\":\"Las mejores Ofertas en Madrid. Hoteles, Espect\u00e1culos, Actividades y mucho m\u00e1s.\",\"publisher\":{\"@id\":\"https:\/\/emadrid.com\/en\/#organization\"},\"potentialAction\":[{\"@type\":\"SearchAction\",\"target\":{\"@type\":\"EntryPoint\",\"urlTemplate\":\"https:\/\/emadrid.com\/en\/?s={search_term_string}\"},\"query-input\":{\"@type\":\"PropertyValueSpecification\",\"valueRequired\":true,\"valueName\":\"search_term_string\"}}],\"inLanguage\":\"en-US\"},{\"@type\":\"Organization\",\"@id\":\"https:\/\/emadrid.com\/en\/#organization\",\"name\":\"eMadrid.com\",\"url\":\"https:\/\/emadrid.com\/en\/\",\"logo\":{\"@type\":\"ImageObject\",\"inLanguage\":\"en-US\",\"@id\":\"https:\/\/emadrid.com\/en\/#\/schema\/logo\/image\/\",\"url\":\"https:\/\/emadrid.com\/wp-content\/uploads\/2025\/01\/Logo-horizontal-250px.png?wsr\",\"contentUrl\":\"https:\/\/emadrid.com\/wp-content\/uploads\/2025\/01\/Logo-horizontal-250px.png?wsr\",\"width\":251,\"height\":35,\"caption\":\"eMadrid.com\"},\"image\":{\"@id\":\"https:\/\/emadrid.com\/en\/#\/schema\/logo\/image\/\"}}]}<\/script>\n<!-- \/ Yoast SEO plugin. -->","yoast_head_json":{"title":"Madrid up to date - eMadrid.com","robots":{"index":"index","follow":"follow","max-snippet":"max-snippet:-1","max-image-preview":"max-image-preview:large","max-video-preview":"max-video-preview:-1"},"canonical":"https:\/\/emadrid.com\/en\/madrid-up-to-date\/","og_locale":"en_US","og_type":"article","og_title":"Madrid up to date - eMadrid.com","og_description":"Agenda When do you visit Madrid? [facetwp facet=&#8221;buscador_post&#8221;] [facetwp facet=&#8221;fechas_post&#8221;]","og_url":"https:\/\/emadrid.com\/en\/madrid-up-to-date\/","og_site_name":"eMadrid.com","article_modified_time":"2025-01-30T09:07:02+00:00","twitter_card":"summary_large_image","schema":{"@context":"https:\/\/schema.org","@graph":[{"@type":"WebPage","@id":"https:\/\/emadrid.com\/en\/madrid-up-to-date\/","url":"https:\/\/emadrid.com\/en\/madrid-up-to-date\/","name":"Madrid up to date - eMadrid.com","isPartOf":{"@id":"https:\/\/emadrid.com\/en\/#website"},"datePublished":"2023-03-10T13:10:33+00:00","dateModified":"2025-01-30T09:07:02+00:00","breadcrumb":{"@id":"https:\/\/emadrid.com\/en\/madrid-up-to-date\/#breadcrumb"},"inLanguage":"en-US","potentialAction":[{"@type":"ReadAction","target":["https:\/\/emadrid.com\/en\/madrid-up-to-date\/"]}]},{"@type":"BreadcrumbList","@id":"https:\/\/emadrid.com\/en\/madrid-up-to-date\/#breadcrumb","itemListElement":[{"@type":"ListItem","position":1,"name":"Portada","item":"https:\/\/emadrid.com\/en\/"},{"@type":"ListItem","position":2,"name":"Agenda, Madrid up to date"}]},{"@type":"WebSite","@id":"https:\/\/emadrid.com\/en\/#website","url":"https:\/\/emadrid.com\/en\/","name":"eMadrid.com","description":"Las mejores Ofertas en Madrid. Hoteles, Espect\u00e1culos, Actividades y mucho m\u00e1s.","publisher":{"@id":"https:\/\/emadrid.com\/en\/#organization"},"potentialAction":[{"@type":"SearchAction","target":{"@type":"EntryPoint","urlTemplate":"https:\/\/emadrid.com\/en\/?s={search_term_string}"},"query-input":{"@type":"PropertyValueSpecification","valueRequired":true,"valueName":"search_term_string"}}],"inLanguage":"en-US"},{"@type":"Organization","@id":"https:\/\/emadrid.com\/en\/#organization","name":"eMadrid.com","url":"https:\/\/emadrid.com\/en\/","logo":{"@type":"ImageObject","inLanguage":"en-US","@id":"https:\/\/emadrid.com\/en\/#\/schema\/logo\/image\/","url":"https:\/\/emadrid.com\/wp-content\/uploads\/2025\/01\/Logo-horizontal-250px.png?wsr","contentUrl":"https:\/\/emadrid.com\/wp-content\/uploads\/2025\/01\/Logo-horizontal-250px.png?wsr","width":251,"height":35,"caption":"eMadrid.com"},"image":{"@id":"https:\/\/emadrid.com\/en\/#\/schema\/logo\/image\/"}}]}},"_links":{"self":[{"href":"https:\/\/emadrid.com\/en\/wp-json\/wp\/v2\/pages\/8981","targetHints":{"allow":["GET"]}}],"collection":[{"href":"https:\/\/emadrid.com\/en\/wp-json\/wp\/v2\/pages"}],"about":[{"href":"https:\/\/emadrid.com\/en\/wp-json\/wp\/v2\/types\/page"}],"author":[{"embeddable":true,"href":"https:\/\/emadrid.com\/en\/wp-json\/wp\/v2\/users\/4"}],"replies":[{"embeddable":true,"href":"https:\/\/emadrid.com\/en\/wp-json\/wp\/v2\/comments?post=8981"}],"version-history":[{"count":2,"href":"https:\/\/emadrid.com\/en\/wp-json\/wp\/v2\/pages\/8981\/revisions"}],"predecessor-version":[{"id":14153,"href":"https:\/\/emadrid.com\/en\/wp-json\/wp\/v2\/pages\/8981\/revisions\/14153"}],"wp:attachment":[{"href":"https:\/\/emadrid.com\/en\/wp-json\/wp\/v2\/media?parent=8981"}],"curies":[{"name":"wp","href":"https:\/\/api.w.org\/{rel}","templated":true}]}}