{"id":9017,"date":"2023-03-30T09:06:19","date_gmt":"2023-03-30T09:06:19","guid":{"rendered":"https:\/\/bookingmadrid.com\/tickets-in-madrid\/museums\/"},"modified":"2023-05-12T07:52:57","modified_gmt":"2023-05-12T07:52:57","slug":"museums","status":"publish","type":"page","link":"https:\/\/emadrid.com\/en\/tickets-in-madrid\/museums\/","title":{"rendered":"Museums"},"content":{"rendered":"\t\t<div data-elementor-type=\"wp-page\" data-elementor-id=\"9017\" class=\"elementor elementor-9017 elementor-3893\" data-elementor-post-type=\"page\">\n\t\t\t\t\t\t<section class=\"elementor-section elementor-top-section elementor-element elementor-element-f3df3ca elementor-section-height-min-height elementor-section-items-bottom elementor-section-boxed elementor-section-height-default\" data-id=\"f3df3ca\" data-element_type=\"section\" data-settings=\"{&quot;background_background&quot;:&quot;classic&quot;}\">\n\t\t\t\t\t\t\t<div class=\"elementor-background-overlay\"><\/div>\n\t\t\t\t\t\t\t<div class=\"elementor-container elementor-column-gap-default\">\n\t\t\t\t\t<div class=\"elementor-column elementor-col-100 elementor-top-column elementor-element elementor-element-4858390\" data-id=\"4858390\" data-element_type=\"column\">\n\t\t\t<div class=\"elementor-widget-wrap elementor-element-populated\">\n\t\t\t\t\t\t<div class=\"elementor-element elementor-element-142cbb5 elementor-widget elementor-widget-heading\" data-id=\"142cbb5\" data-element_type=\"widget\" data-widget_type=\"heading.default\">\n\t\t\t\t\t<h1 class=\"elementor-heading-title elementor-size-default\">Museums\n<\/h1>\t\t\t\t<\/div>\n\t\t\t\t\t<\/div>\n\t\t<\/div>\n\t\t\t\t\t<\/div>\n\t\t<\/section>\n\t\t<div class=\"elementor-element elementor-element-c93bc9a e-flex e-con-boxed e-con e-parent\" data-id=\"c93bc9a\" data-element_type=\"container\">\n\t\t\t\t\t<div class=\"e-con-inner\">\n\t\t\t\t<div class=\"elementor-element elementor-element-46451c1 elementor-widget elementor-widget-text-editor\" data-id=\"46451c1\" data-element_type=\"widget\" data-widget_type=\"text-editor.default\">\n\t\t\t\t\t\t\t\t\t<p><a href=\"https:\/\/emadrid.com\/en\/madrid-guide\/the-city-of-madrid\/\">Madrid<\/a> is famous for its rich <a href=\"https:\/\/emadrid.com\/en\/madrid-guide\/the-city-of-madrid\/historical-places-of-madrid\/\">cultural and artistic heritage<\/a>, and boasts a wealth of museums offering a wide variety of art and cultural exhibitions. The Prado Museum is one of Madrid&#8217;s most famous museums, with an impressive collection of Spanish and international masterpieces by artists such as Vel\u00e1zquez, Goya and El Greco. Another notable museum is the Museo Nacional Centro de Arte Reina Sof\u00eda, which houses an impressive collection of modern and contemporary art, including works by Picasso and Dal\u00ed. Other important museums in Madrid include the Thyssen-Bornemisza Museum, the Museum of the Royal Academy of Fine Arts of San Fernando, the Madrid Wax Museum and the Madrid History Museum. Don&#8217;t miss the opportunity to explore the cultural and artistic richness of Madrid through its museums.<\/p>\t\t\t\t\t\t\t\t<\/div>\n\t\t\t\t<div class=\"elementor-element elementor-element-b48e7fe elementor-mobile-align-left elementor-widget elementor-widget-button\" data-id=\"b48e7fe\" data-element_type=\"widget\" data-widget_type=\"button.default\">\n\t\t\t\t\t\t\t\t\t\t<a class=\"elementor-button elementor-button-link elementor-size-sm elementor-animation-skew\" href=\"http:\/\/fever.pxf.io\/QyOkXo\" target=\"_blank\">\n\t\t\t\t\t\t<span class=\"elementor-button-content-wrapper\">\n\t\t\t\t\t\t\t\t\t<span class=\"elementor-button-text\">See more museums in Madrid  <\/span>\n\t\t\t\t\t<\/span>\n\t\t\t\t\t<\/a>\n\t\t\t\t\t\t\t\t<\/div>\n\t\t\t\t\t<\/div>\n\t\t\t\t<\/div>\n\t\t\t\t<section class=\"elementor-section elementor-top-section elementor-element elementor-element-d26244d elementor-section-boxed elementor-section-height-default elementor-section-height-default\" data-id=\"d26244d\" data-element_type=\"section\">\n\t\t\t\t\t\t<div class=\"elementor-container elementor-column-gap-default\">\n\t\t\t\t\t<div class=\"elementor-column elementor-col-100 elementor-top-column elementor-element elementor-element-5b9cd35\" data-id=\"5b9cd35\" data-element_type=\"column\">\n\t\t\t<div class=\"elementor-widget-wrap elementor-element-populated\">\n\t\t\t\t\t\t<section class=\"elementor-section elementor-inner-section elementor-element elementor-element-ba75b2c elementor-section-boxed elementor-section-height-default elementor-section-height-default\" data-id=\"ba75b2c\" data-element_type=\"section\">\n\t\t\t\t\t\t<div class=\"elementor-container elementor-column-gap-default\">\n\t\t\t\t\t<div class=\"elementor-column elementor-col-33 elementor-inner-column elementor-element elementor-element-7e76170\" data-id=\"7e76170\" data-element_type=\"column\" data-settings=\"{&quot;background_background&quot;:&quot;classic&quot;}\">\n\t\t\t<div class=\"elementor-widget-wrap elementor-element-populated\">\n\t\t\t\t\t\t<div class=\"elementor-element elementor-element-18cd53b elementor-widget elementor-widget-image\" data-id=\"18cd53b\" data-element_type=\"widget\" data-widget_type=\"image.default\">\n\t\t\t\t\t\t\t\t\t\t\t\t\t\t\t<img fetchpriority=\"high\" decoding=\"async\" width=\"780\" height=\"521\" src=\"https:\/\/emadrid.com\/wp-content\/uploads\/2023\/05\/palacio-real-madrid.webp?wsr\" class=\"attachment-large size-large wp-image-11601\" alt=\"\" srcset=\"https:\/\/emadrid.com\/wp-content\/uploads\/2023\/05\/palacio-real-madrid.webp 780w, https:\/\/emadrid.com\/wp-content\/uploads\/2023\/05\/palacio-real-madrid-300x200.webp 300w, https:\/\/emadrid.com\/wp-content\/uploads\/2023\/05\/palacio-real-madrid-768x513.webp 768w\" sizes=\"(max-width: 780px) 100vw, 780px\" \/>\t\t\t\t\t\t\t\t\t\t\t\t\t\t\t<\/div>\n\t\t\t\t<div class=\"elementor-element elementor-element-36790ea elementor-widget elementor-widget-heading\" data-id=\"36790ea\" data-element_type=\"widget\" data-widget_type=\"heading.default\">\n\t\t\t\t\t<h4 class=\"elementor-heading-title elementor-size-default\">Royal Palace of Madrid: quick access with optional audio guide<\/h4>\t\t\t\t<\/div>\n\t\t\t\t<div class=\"elementor-element elementor-element-dce7739 elementor-widget elementor-widget-text-editor\" data-id=\"dce7739\" data-element_type=\"widget\" data-widget_type=\"text-editor.default\">\n\t\t\t\t\t\t\t\t\t<p>Its art: paintings, sculptures and tapestries. One of the most emblematic buildings of the capital.<\/p>\t\t\t\t\t\t\t\t<\/div>\n\t\t\t\t<div class=\"elementor-element elementor-element-6b5a20b elementor-align-left elementor-widget elementor-widget-button\" data-id=\"6b5a20b\" data-element_type=\"widget\" data-widget_type=\"button.default\">\n\t\t\t\t\t\t\t\t\t\t<a class=\"elementor-button elementor-button-link elementor-size-sm elementor-animation-skew\" href=\"https:\/\/fever.pxf.io\/c\/4039372\/1396783\/16345?prodsku=111707&#038;u=https%3A%2F%2Ffeverup.com%2Fm%2F111707&#038;intsrc=PUI2_10347\" target=\"_blank\">\n\t\t\t\t\t\t<span class=\"elementor-button-content-wrapper\">\n\t\t\t\t\t\t\t\t\t<span class=\"elementor-button-text\">Buy ticket<\/span>\n\t\t\t\t\t<\/span>\n\t\t\t\t\t<\/a>\n\t\t\t\t\t\t\t\t<\/div>\n\t\t\t\t\t<\/div>\n\t\t<\/div>\n\t\t\t\t<div class=\"elementor-column elementor-col-33 elementor-inner-column elementor-element elementor-element-e060f4a\" data-id=\"e060f4a\" data-element_type=\"column\" data-settings=\"{&quot;background_background&quot;:&quot;classic&quot;}\">\n\t\t\t<div class=\"elementor-widget-wrap elementor-element-populated\">\n\t\t\t\t\t\t<div class=\"elementor-element elementor-element-d366d0b elementor-widget elementor-widget-image\" data-id=\"d366d0b\" data-element_type=\"widget\" data-widget_type=\"image.default\">\n\t\t\t\t\t\t\t\t\t\t\t\t\t\t\t<img decoding=\"async\" width=\"780\" height=\"521\" src=\"https:\/\/emadrid.com\/wp-content\/uploads\/2023\/04\/museo-del-prado.webp?wsr\" class=\"attachment-large size-large wp-image-8000\" alt=\"Entradas al Museo del Prado con eMadrid\" srcset=\"https:\/\/emadrid.com\/wp-content\/uploads\/2023\/04\/museo-del-prado.webp 780w, https:\/\/emadrid.com\/wp-content\/uploads\/2023\/04\/museo-del-prado-300x200.webp 300w, https:\/\/emadrid.com\/wp-content\/uploads\/2023\/04\/museo-del-prado-768x513.webp 768w\" sizes=\"(max-width: 780px) 100vw, 780px\" \/>\t\t\t\t\t\t\t\t\t\t\t\t\t\t\t<\/div>\n\t\t\t\t<div class=\"elementor-element elementor-element-553ff0c elementor-widget elementor-widget-heading\" data-id=\"553ff0c\" data-element_type=\"widget\" data-widget_type=\"heading.default\">\n\t\t\t\t\t<h4 class=\"elementor-heading-title elementor-size-default\">Tickets for the Prado Museum<\/h4>\t\t\t\t<\/div>\n\t\t\t\t<div class=\"elementor-element elementor-element-bf4a807 elementor-widget elementor-widget-text-editor\" data-id=\"bf4a807\" data-element_type=\"widget\" data-widget_type=\"text-editor.default\">\n\t\t\t\t\t\t\t\t\t<p>Works by Vel\u00e1zquez, Goya, Rubens, Titian, Rembrandt, El Greco, Bruegel, Van Dyck and Bosch among others.<\/p>\n\t\t\t\t\t\t\t\t<\/div>\n\t\t\t\t<div class=\"elementor-element elementor-element-7182d13 elementor-align-left elementor-widget elementor-widget-button\" data-id=\"7182d13\" data-element_type=\"widget\" data-widget_type=\"button.default\">\n\t\t\t\t\t\t\t\t\t\t<a class=\"elementor-button elementor-button-link elementor-size-sm elementor-animation-skew\" href=\"https:\/\/fever.pxf.io\/c\/4039372\/1396783\/16345?prodsku=111749&#038;u=https%3A%2F%2Ffeverup.com%2Fm%2F111749&#038;intsrc=PUI2_10347\" target=\"_blank\">\n\t\t\t\t\t\t<span class=\"elementor-button-content-wrapper\">\n\t\t\t\t\t\t\t\t\t<span class=\"elementor-button-text\">Buy ticket<\/span>\n\t\t\t\t\t<\/span>\n\t\t\t\t\t<\/a>\n\t\t\t\t\t\t\t\t<\/div>\n\t\t\t\t\t<\/div>\n\t\t<\/div>\n\t\t\t\t<div class=\"elementor-column elementor-col-33 elementor-inner-column elementor-element elementor-element-a0eb14d\" data-id=\"a0eb14d\" data-element_type=\"column\" data-settings=\"{&quot;background_background&quot;:&quot;classic&quot;}\">\n\t\t\t<div class=\"elementor-widget-wrap elementor-element-populated\">\n\t\t\t\t\t\t<div class=\"elementor-element elementor-element-f132644 elementor-widget elementor-widget-image\" data-id=\"f132644\" data-element_type=\"widget\" data-widget_type=\"image.default\">\n\t\t\t\t\t\t\t\t\t\t\t\t\t\t\t<img decoding=\"async\" width=\"780\" height=\"521\" src=\"https:\/\/emadrid.com\/wp-content\/uploads\/2023\/04\/museo-reina-sofia.webp?wsr\" class=\"attachment-large size-large wp-image-8004\" alt=\"Museo Reina Sof\u00eda sin colas con eMadrid\" srcset=\"https:\/\/emadrid.com\/wp-content\/uploads\/2023\/04\/museo-reina-sofia.webp 780w, https:\/\/emadrid.com\/wp-content\/uploads\/2023\/04\/museo-reina-sofia-300x200.webp 300w, https:\/\/emadrid.com\/wp-content\/uploads\/2023\/04\/museo-reina-sofia-768x513.webp 768w\" sizes=\"(max-width: 780px) 100vw, 780px\" \/>\t\t\t\t\t\t\t\t\t\t\t\t\t\t\t<\/div>\n\t\t\t\t<div class=\"elementor-element elementor-element-5af46c1 elementor-widget elementor-widget-heading\" data-id=\"5af46c1\" data-element_type=\"widget\" data-widget_type=\"heading.default\">\n\t\t\t\t\t<h4 class=\"elementor-heading-title elementor-size-default\">Queue-free entrance to the Reina Sofia Museum<\/h4>\t\t\t\t<\/div>\n\t\t\t\t<div class=\"elementor-element elementor-element-6206459 elementor-widget elementor-widget-text-editor\" data-id=\"6206459\" data-element_type=\"widget\" data-widget_type=\"text-editor.default\">\n\t\t\t\t\t\t\t\t\t<p>Visit the most important works of artists such as Picasso, Dal\u00ed, Mir\u00f3 or Juan Gris.<\/p>\n\t\t\t\t\t\t\t\t<\/div>\n\t\t\t\t<div class=\"elementor-element elementor-element-2e97682 elementor-align-left elementor-widget elementor-widget-button\" data-id=\"2e97682\" data-element_type=\"widget\" data-widget_type=\"button.default\">\n\t\t\t\t\t\t\t\t\t\t<a class=\"elementor-button elementor-button-link elementor-size-sm elementor-animation-skew\" href=\"https:\/\/fever.pxf.io\/c\/4039372\/1396783\/16345?prodsku=127994&#038;u=https%3A%2F%2Ffeverup.com%2Fm%2F127994&#038;intsrc=PUI2_10347\" target=\"_blank\">\n\t\t\t\t\t\t<span class=\"elementor-button-content-wrapper\">\n\t\t\t\t\t\t\t\t\t<span class=\"elementor-button-text\">Buy ticket<\/span>\n\t\t\t\t\t<\/span>\n\t\t\t\t\t<\/a>\n\t\t\t\t\t\t\t\t<\/div>\n\t\t\t\t\t<\/div>\n\t\t<\/div>\n\t\t\t\t\t<\/div>\n\t\t<\/section>\n\t\t\t\t\t<\/div>\n\t\t<\/div>\n\t\t\t\t\t<\/div>\n\t\t<\/section>\n\t\t\t\t<\/div>\n\t\t","protected":false},"excerpt":{"rendered":"<p>Museums Madrid is famous for its rich cultural and artistic heritage, and boasts a wealth of museums offering a wide variety of art and cultural exhibitions. The Prado Museum is one of Madrid&#8217;s most famous museums, with an impressive collection of Spanish and international masterpieces by artists such as Vel\u00e1zquez, Goya and El Greco. Another [&hellip;]<\/p>\n","protected":false},"author":4,"featured_media":0,"parent":8540,"menu_order":0,"comment_status":"closed","ping_status":"closed","template":"","meta":{"site-sidebar-layout":"no-sidebar","site-content-layout":"page-builder","ast-site-content-layout":"default","site-content-style":"default","site-sidebar-style":"default","ast-global-header-display":"","ast-banner-title-visibility":"","ast-main-header-display":"","ast-hfb-above-header-display":"","ast-hfb-below-header-display":"","ast-hfb-mobile-header-display":"","site-post-title":"disabled","ast-breadcrumbs-content":"","ast-featured-img":"disabled","footer-sml-layout":"","theme-transparent-header-meta":"","adv-header-id-meta":"","stick-header-meta":"","header-above-stick-meta":"","header-main-stick-meta":"","header-below-stick-meta":"","astra-migrate-meta-layouts":"default","ast-page-background-enabled":"default","ast-page-background-meta":{"desktop":{"background-color":"var(--ast-global-color-4)","background-image":"","background-repeat":"repeat","background-position":"center center","background-size":"auto","background-attachment":"scroll","background-type":"","background-media":"","overlay-type":"","overlay-color":"","overlay-opacity":"","overlay-gradient":""},"tablet":{"background-color":"","background-image":"","background-repeat":"repeat","background-position":"center center","background-size":"auto","background-attachment":"scroll","background-type":"","background-media":"","overlay-type":"","overlay-color":"","overlay-opacity":"","overlay-gradient":""},"mobile":{"background-color":"","background-image":"","background-repeat":"repeat","background-position":"center center","background-size":"auto","background-attachment":"scroll","background-type":"","background-media":"","overlay-type":"","overlay-color":"","overlay-opacity":"","overlay-gradient":""}},"ast-content-background-meta":{"desktop":{"background-color":"var(--ast-global-color-5)","background-image":"","background-repeat":"repeat","background-position":"center center","background-size":"auto","background-attachment":"scroll","background-type":"","background-media":"","overlay-type":"","overlay-color":"","overlay-opacity":"","overlay-gradient":""},"tablet":{"background-color":"var(--ast-global-color-5)","background-image":"","background-repeat":"repeat","background-position":"center center","background-size":"auto","background-attachment":"scroll","background-type":"","background-media":"","overlay-type":"","overlay-color":"","overlay-opacity":"","overlay-gradient":""},"mobile":{"background-color":"var(--ast-global-color-5)","background-image":"","background-repeat":"repeat","background-position":"center center","background-size":"auto","background-attachment":"scroll","background-type":"","background-media":"","overlay-type":"","overlay-color":"","overlay-opacity":"","overlay-gradient":""}},"footnotes":""},"class_list":["post-9017","page","type-page","status-publish","hentry"],"yoast_head":"<!-- This site is optimized with the Yoast SEO plugin v26.4 - https:\/\/yoast.com\/wordpress\/plugins\/seo\/ -->\n<title>Museums - eMadrid.com<\/title>\n<meta name=\"robots\" content=\"index, follow, max-snippet:-1, max-image-preview:large, max-video-preview:-1\" \/>\n<link rel=\"canonical\" href=\"https:\/\/emadrid.com\/en\/tickets-in-madrid\/museums\/\" \/>\n<meta property=\"og:locale\" content=\"en_US\" \/>\n<meta property=\"og:type\" content=\"article\" \/>\n<meta property=\"og:title\" content=\"Museums - eMadrid.com\" \/>\n<meta property=\"og:description\" content=\"Museums Madrid is famous for its rich cultural and artistic heritage, and boasts a wealth of museums offering a wide variety of art and cultural exhibitions. The Prado Museum is one of Madrid&#8217;s most famous museums, with an impressive collection of Spanish and international masterpieces by artists such as Vel\u00e1zquez, Goya and El Greco. Another [&hellip;]\" \/>\n<meta property=\"og:url\" content=\"https:\/\/emadrid.com\/en\/tickets-in-madrid\/museums\/\" \/>\n<meta property=\"og:site_name\" content=\"eMadrid.com\" \/>\n<meta property=\"article:modified_time\" content=\"2023-05-12T07:52:57+00:00\" \/>\n<meta property=\"og:image\" content=\"https:\/\/emadrid.com\/wp-content\/uploads\/2023\/05\/palacio-real-madrid.webp\" \/>\n<meta name=\"twitter:card\" content=\"summary_large_image\" \/>\n<meta name=\"twitter:label1\" content=\"Est. reading time\" \/>\n\t<meta name=\"twitter:data1\" content=\"1 minute\" \/>\n<script type=\"application\/ld+json\" class=\"yoast-schema-graph\">{\"@context\":\"https:\/\/schema.org\",\"@graph\":[{\"@type\":\"WebPage\",\"@id\":\"https:\/\/emadrid.com\/en\/tickets-in-madrid\/museums\/\",\"url\":\"https:\/\/emadrid.com\/en\/tickets-in-madrid\/museums\/\",\"name\":\"Museums - eMadrid.com\",\"isPartOf\":{\"@id\":\"https:\/\/emadrid.com\/en\/#website\"},\"primaryImageOfPage\":{\"@id\":\"https:\/\/emadrid.com\/en\/tickets-in-madrid\/museums\/#primaryimage\"},\"image\":{\"@id\":\"https:\/\/emadrid.com\/en\/tickets-in-madrid\/museums\/#primaryimage\"},\"thumbnailUrl\":\"https:\/\/emadrid.com\/wp-content\/uploads\/2023\/05\/palacio-real-madrid.webp\",\"datePublished\":\"2023-03-30T09:06:19+00:00\",\"dateModified\":\"2023-05-12T07:52:57+00:00\",\"breadcrumb\":{\"@id\":\"https:\/\/emadrid.com\/en\/tickets-in-madrid\/museums\/#breadcrumb\"},\"inLanguage\":\"en-US\",\"potentialAction\":[{\"@type\":\"ReadAction\",\"target\":[\"https:\/\/emadrid.com\/en\/tickets-in-madrid\/museums\/\"]}]},{\"@type\":\"ImageObject\",\"inLanguage\":\"en-US\",\"@id\":\"https:\/\/emadrid.com\/en\/tickets-in-madrid\/museums\/#primaryimage\",\"url\":\"https:\/\/emadrid.com\/wp-content\/uploads\/2023\/05\/palacio-real-madrid.webp\",\"contentUrl\":\"https:\/\/emadrid.com\/wp-content\/uploads\/2023\/05\/palacio-real-madrid.webp\"},{\"@type\":\"BreadcrumbList\",\"@id\":\"https:\/\/emadrid.com\/en\/tickets-in-madrid\/museums\/#breadcrumb\",\"itemListElement\":[{\"@type\":\"ListItem\",\"position\":1,\"name\":\"Portada\",\"item\":\"https:\/\/emadrid.com\/en\/\"},{\"@type\":\"ListItem\",\"position\":2,\"name\":\"Tickets in Madrid\",\"item\":\"https:\/\/emadrid.com\/en\/tickets-in-madrid\/\"},{\"@type\":\"ListItem\",\"position\":3,\"name\":\"Museums\"}]},{\"@type\":\"WebSite\",\"@id\":\"https:\/\/emadrid.com\/en\/#website\",\"url\":\"https:\/\/emadrid.com\/en\/\",\"name\":\"eMadrid.com\",\"description\":\"Las mejores Ofertas en Madrid. Hoteles, Espect\u00e1culos, Actividades y mucho m\u00e1s.\",\"publisher\":{\"@id\":\"https:\/\/emadrid.com\/en\/#organization\"},\"potentialAction\":[{\"@type\":\"SearchAction\",\"target\":{\"@type\":\"EntryPoint\",\"urlTemplate\":\"https:\/\/emadrid.com\/en\/?s={search_term_string}\"},\"query-input\":{\"@type\":\"PropertyValueSpecification\",\"valueRequired\":true,\"valueName\":\"search_term_string\"}}],\"inLanguage\":\"en-US\"},{\"@type\":\"Organization\",\"@id\":\"https:\/\/emadrid.com\/en\/#organization\",\"name\":\"eMadrid.com\",\"url\":\"https:\/\/emadrid.com\/en\/\",\"logo\":{\"@type\":\"ImageObject\",\"inLanguage\":\"en-US\",\"@id\":\"https:\/\/emadrid.com\/en\/#\/schema\/logo\/image\/\",\"url\":\"https:\/\/emadrid.com\/wp-content\/uploads\/2025\/01\/Logo-horizontal-250px.png?wsr\",\"contentUrl\":\"https:\/\/emadrid.com\/wp-content\/uploads\/2025\/01\/Logo-horizontal-250px.png?wsr\",\"width\":251,\"height\":35,\"caption\":\"eMadrid.com\"},\"image\":{\"@id\":\"https:\/\/emadrid.com\/en\/#\/schema\/logo\/image\/\"}}]}<\/script>\n<!-- \/ Yoast SEO plugin. -->","yoast_head_json":{"title":"Museums - eMadrid.com","robots":{"index":"index","follow":"follow","max-snippet":"max-snippet:-1","max-image-preview":"max-image-preview:large","max-video-preview":"max-video-preview:-1"},"canonical":"https:\/\/emadrid.com\/en\/tickets-in-madrid\/museums\/","og_locale":"en_US","og_type":"article","og_title":"Museums - eMadrid.com","og_description":"Museums Madrid is famous for its rich cultural and artistic heritage, and boasts a wealth of museums offering a wide variety of art and cultural exhibitions. The Prado Museum is one of Madrid&#8217;s most famous museums, with an impressive collection of Spanish and international masterpieces by artists such as Vel\u00e1zquez, Goya and El Greco. Another [&hellip;]","og_url":"https:\/\/emadrid.com\/en\/tickets-in-madrid\/museums\/","og_site_name":"eMadrid.com","article_modified_time":"2023-05-12T07:52:57+00:00","og_image":[{"url":"https:\/\/emadrid.com\/wp-content\/uploads\/2023\/05\/palacio-real-madrid.webp","type":"","width":"","height":""}],"twitter_card":"summary_large_image","twitter_misc":{"Est. reading time":"1 minute"},"schema":{"@context":"https:\/\/schema.org","@graph":[{"@type":"WebPage","@id":"https:\/\/emadrid.com\/en\/tickets-in-madrid\/museums\/","url":"https:\/\/emadrid.com\/en\/tickets-in-madrid\/museums\/","name":"Museums - eMadrid.com","isPartOf":{"@id":"https:\/\/emadrid.com\/en\/#website"},"primaryImageOfPage":{"@id":"https:\/\/emadrid.com\/en\/tickets-in-madrid\/museums\/#primaryimage"},"image":{"@id":"https:\/\/emadrid.com\/en\/tickets-in-madrid\/museums\/#primaryimage"},"thumbnailUrl":"https:\/\/emadrid.com\/wp-content\/uploads\/2023\/05\/palacio-real-madrid.webp","datePublished":"2023-03-30T09:06:19+00:00","dateModified":"2023-05-12T07:52:57+00:00","breadcrumb":{"@id":"https:\/\/emadrid.com\/en\/tickets-in-madrid\/museums\/#breadcrumb"},"inLanguage":"en-US","potentialAction":[{"@type":"ReadAction","target":["https:\/\/emadrid.com\/en\/tickets-in-madrid\/museums\/"]}]},{"@type":"ImageObject","inLanguage":"en-US","@id":"https:\/\/emadrid.com\/en\/tickets-in-madrid\/museums\/#primaryimage","url":"https:\/\/emadrid.com\/wp-content\/uploads\/2023\/05\/palacio-real-madrid.webp","contentUrl":"https:\/\/emadrid.com\/wp-content\/uploads\/2023\/05\/palacio-real-madrid.webp"},{"@type":"BreadcrumbList","@id":"https:\/\/emadrid.com\/en\/tickets-in-madrid\/museums\/#breadcrumb","itemListElement":[{"@type":"ListItem","position":1,"name":"Portada","item":"https:\/\/emadrid.com\/en\/"},{"@type":"ListItem","position":2,"name":"Tickets in Madrid","item":"https:\/\/emadrid.com\/en\/tickets-in-madrid\/"},{"@type":"ListItem","position":3,"name":"Museums"}]},{"@type":"WebSite","@id":"https:\/\/emadrid.com\/en\/#website","url":"https:\/\/emadrid.com\/en\/","name":"eMadrid.com","description":"Las mejores Ofertas en Madrid. Hoteles, Espect\u00e1culos, Actividades y mucho m\u00e1s.","publisher":{"@id":"https:\/\/emadrid.com\/en\/#organization"},"potentialAction":[{"@type":"SearchAction","target":{"@type":"EntryPoint","urlTemplate":"https:\/\/emadrid.com\/en\/?s={search_term_string}"},"query-input":{"@type":"PropertyValueSpecification","valueRequired":true,"valueName":"search_term_string"}}],"inLanguage":"en-US"},{"@type":"Organization","@id":"https:\/\/emadrid.com\/en\/#organization","name":"eMadrid.com","url":"https:\/\/emadrid.com\/en\/","logo":{"@type":"ImageObject","inLanguage":"en-US","@id":"https:\/\/emadrid.com\/en\/#\/schema\/logo\/image\/","url":"https:\/\/emadrid.com\/wp-content\/uploads\/2025\/01\/Logo-horizontal-250px.png?wsr","contentUrl":"https:\/\/emadrid.com\/wp-content\/uploads\/2025\/01\/Logo-horizontal-250px.png?wsr","width":251,"height":35,"caption":"eMadrid.com"},"image":{"@id":"https:\/\/emadrid.com\/en\/#\/schema\/logo\/image\/"}}]}},"_links":{"self":[{"href":"https:\/\/emadrid.com\/en\/wp-json\/wp\/v2\/pages\/9017","targetHints":{"allow":["GET"]}}],"collection":[{"href":"https:\/\/emadrid.com\/en\/wp-json\/wp\/v2\/pages"}],"about":[{"href":"https:\/\/emadrid.com\/en\/wp-json\/wp\/v2\/types\/page"}],"author":[{"embeddable":true,"href":"https:\/\/emadrid.com\/en\/wp-json\/wp\/v2\/users\/4"}],"replies":[{"embeddable":true,"href":"https:\/\/emadrid.com\/en\/wp-json\/wp\/v2\/comments?post=9017"}],"version-history":[{"count":8,"href":"https:\/\/emadrid.com\/en\/wp-json\/wp\/v2\/pages\/9017\/revisions"}],"predecessor-version":[{"id":12483,"href":"https:\/\/emadrid.com\/en\/wp-json\/wp\/v2\/pages\/9017\/revisions\/12483"}],"up":[{"embeddable":true,"href":"https:\/\/emadrid.com\/en\/wp-json\/wp\/v2\/pages\/8540"}],"wp:attachment":[{"href":"https:\/\/emadrid.com\/en\/wp-json\/wp\/v2\/media?parent=9017"}],"curies":[{"name":"wp","href":"https:\/\/api.w.org\/{rel}","templated":true}]}}