{"id":8661,"date":"2023-03-22T16:24:14","date_gmt":"2023-03-22T15:24:14","guid":{"rendered":"https:\/\/bookingmadrid.com\/hotels\/"},"modified":"2023-05-08T10:26:45","modified_gmt":"2023-05-08T10:26:45","slug":"hotels","status":"publish","type":"page","link":"https:\/\/emadrid.com\/fr\/hotels\/","title":{"rendered":"H\u00f4tels"},"content":{"rendered":"\t\t<div data-elementor-type=\"wp-page\" data-elementor-id=\"8661\" class=\"elementor elementor-8661 elementor-3071\" data-elementor-post-type=\"page\">\n\t\t\t\t\t\t<section class=\"elementor-section elementor-top-section elementor-element elementor-element-931a4cf elementor-section-boxed elementor-section-height-default elementor-section-height-default\" data-id=\"931a4cf\" data-element_type=\"section\" data-settings=\"{&quot;background_background&quot;:&quot;video&quot;,&quot;background_video_link&quot;:&quot;https:\\\/\\\/youtu.be\\\/BNMvNja8if4&quot;}\">\n\t\t\t\t\t\t\t\t<div class=\"elementor-background-video-container elementor-hidden-mobile\">\n\t\t\t\t\t\t\t\t\t\t\t\t\t<div class=\"elementor-background-video-embed\"><\/div>\n\t\t\t\t\t\t\t\t\t\t\t\t<\/div>\n\t\t\t\t\t\t\t\t\t<div class=\"elementor-background-overlay\"><\/div>\n\t\t\t\t\t\t\t<div class=\"elementor-container elementor-column-gap-default\">\n\t\t\t\t\t<div class=\"elementor-column elementor-col-100 elementor-top-column elementor-element elementor-element-71f17ab\" data-id=\"71f17ab\" data-element_type=\"column\">\n\t\t\t<div class=\"elementor-widget-wrap elementor-element-populated\">\n\t\t\t\t\t\t<div class=\"elementor-element elementor-element-3b07f57 elementor-widget elementor-widget-heading\" data-id=\"3b07f57\" data-element_type=\"widget\" data-widget_type=\"heading.default\">\n\t\t\t\t\t<h1 class=\"elementor-heading-title elementor-size-default\">H\u00f4tels \u00e0 Madrid<\/h1>\t\t\t\t<\/div>\n\t\t\t\t<div class=\"elementor-element elementor-element-829524c elementor-widget elementor-widget-html\" data-id=\"829524c\" data-element_type=\"widget\" data-widget_type=\"html.default\">\n\t\t\t\t\t<iframe frameborder=\"0\" scrolling=\"auto\" src=\"https:\/\/booking.emadrid.com\/public\/widget\/394698\/3626877806?lang=frselected_tab=HF&amp;lang=fr\" width=\"648\" height=\"450\"><a href=\"http:\/\/booking.emadrid.com\/public\/widget\/394698\/3626877806?lang=frselected_tab=HF&amp;lang=fr\">Moteur de recherche<\/a><\/iframe>\t\t\t\t<\/div>\n\t\t\t\t\t<\/div>\n\t\t<\/div>\n\t\t\t\t\t<\/div>\n\t\t<\/section>\n\t\t\t\t<section class=\"elementor-section elementor-top-section elementor-element elementor-element-20bcfe7 elementor-reverse-mobile elementor-section-boxed elementor-section-height-default elementor-section-height-default\" data-id=\"20bcfe7\" data-element_type=\"section\">\n\t\t\t\t\t\t<div class=\"elementor-container elementor-column-gap-default\">\n\t\t\t\t\t<div class=\"elementor-column elementor-col-100 elementor-top-column elementor-element elementor-element-a909e3a\" data-id=\"a909e3a\" data-element_type=\"column\">\n\t\t\t<div class=\"elementor-widget-wrap elementor-element-populated\">\n\t\t\t\t\t\t<div class=\"elementor-element elementor-element-acf3528 elementor-widget elementor-widget-text-editor\" data-id=\"acf3528\" data-element_type=\"widget\" data-widget_type=\"text-editor.default\">\n\t\t\t\t\t\t\t\t\t<p><span style=\"font-weight: 400;\">Vous cherchez les <\/span><b>meilleurs h\u00f4tels \u00e0 Madrid<\/b><span style=\"font-weight: 400;\"> pour profiter de votre escapade ? La capitale accueille chaque ann\u00e9e plus de six millions de touristes. <\/span><b>L&rsquo;offre de logements<\/b><span style=\"font-weight: 400;\"> se multiplie et donne naissance aux espaces les plus exclusifs, les plus alternatifs et les plus diff\u00e9rents que vous puissiez voir. <\/span><\/p><p><span style=\"font-weight: 400;\">Votre h\u00f4tel \u00e0 Madrid ne doit pas \u00eatre une simple formalit\u00e9 : il peut devenir l&rsquo;un des lieux les plus embl\u00e9matiques de votre voyage. <\/span><b>devenir l&rsquo;un des lieux les plus embl\u00e9matiques de votre voyage.<\/b><span style=\"font-weight: 400;\"> si vous savez en tirer le meilleur parti. C&rsquo;est pourquoi eMadrid vous propose un large \u00e9ventail de possibilit\u00e9s pour r\u00e9pondre \u00e0 vos besoins.<\/span><\/p><p><span style=\"font-weight: 400;\">De l&rsquo;exclusivit\u00e9 <\/span><b>l&rsquo;exclusivit\u00e9 du Ritz ou du Palace<\/b><span style=\"font-weight: 400;\">au charme d&rsquo;un petit <\/span><b>petit h\u00f4tel de Malasa\u00f1a<\/b><span style=\"font-weight: 400;\">les options sont infinies lorsque vous voyagez dans la ville qui ne dort (jamais). Nous allons vous montrer !<\/span><\/p><h2>H\u00f4tels dans le centre de Madrid :<\/h2><p>Si vous cherchez un<strong> logement dans le centre de Madrid<\/strong>, plusieurs options int\u00e9ressantes s&rsquo;offrent \u00e0 vous. Dans ce quartier, vous trouverez des h\u00f4tels de grande qualit\u00e9 qui vous permettront d&rsquo;\u00eatre proche des principales attractions touristiques de la ville. En outre, le fait de s\u00e9journer dans le centre-ville vous permettra d&rsquo;acc\u00e9der facilement au large \u00e9ventail d&rsquo;<a href=\"https:\/\/emadrid.com\/en\/madrid-guide\/where-to-eat-in-madrid\/\">offres gastronomiques<\/a> et culturelles de la capitale.<\/p><p>D&rsquo;autre part, les <strong>h\u00f4tels de Chamart\u00edn<\/strong> sont un quartier situ\u00e9 au nord de Madrid, connu pour sa <a href=\"https:\/\/emadrid.com\/en\/madrid-guide\/mobility-in-madrid\/suburban-madrid\/\">grande gare<\/a> et son complexe financier moderne. Si vous envisagez de visiter cette r\u00e9gion, vous trouverez des h\u00f4tels situ\u00e9s dans cette zone, qui vous permettront d&rsquo;acc\u00e9der facilement aux <a href=\"https:\/\/emadrid.com\/en\/madrid-guide\/what-to-do-in-madrid\/\">principales attractions touristiques<\/a>.<\/p><p>Chamber\u00ed est un quartier r\u00e9sidentiel tranquille du centre de Madrid. Vous pouvez trouver des <strong>h\u00f4tels \u00e0 Chamber\u00ed<\/strong> qui vous permettront de profiter de la paix et de la tranquillit\u00e9 de ce quartier. En outre, \u00e0 Chamber\u00ed, vous pourrez explorer certains des lieux les plus embl\u00e9matiques de la ville, tels que le Parque del Oeste, le Templo de Debod ou la Plaza de Olavide. D\u00e9couvrez-les tous <a href=\"https:\/\/emadrid.com\/en\/madrid-guide\/the-city-of-madrid\/historical-places-of-madrid\/\">ici<\/a>.<\/p><p>Enfin, les <strong>h\u00f4tels de la Gran V\u00eda<\/strong>, l&rsquo;une des avenues les plus c\u00e9l\u00e8bres et les plus anim\u00e9es de Madrid. Dans ce quartier, vous trouverez un large \u00e9ventail de magasins, de restaurants et de <a href=\"https:\/\/emadrid.com\/en\/madrid-guide\/what-to-do-in-madrid\/theaters-in-madrid\/\">th\u00e9\u00e2tres \u00e0 Madrid<\/a>. Si vous souhaitez s\u00e9journer dans cette r\u00e9gion, vous trouverez des h\u00f4tels qui vous permettront de profiter de toutes ces attractions touristiques. Vous serez \u00e9galement \u00e0 proximit\u00e9 du centre-ville et d&rsquo;autres sites d&rsquo;int\u00e9r\u00eat, tels que la Plaza Mayor et le Palais royal.<\/p><p>En r\u00e9sum\u00e9, Madrid dispose d&rsquo;un large \u00e9ventail de logements dans diff\u00e9rents quartiers de la ville. Quel que soit votre choix, veillez \u00e0 trouver un h\u00f4tel qui corresponde \u00e0 vos besoins et \u00e0 votre budget. Et surtout, profitez bien de votre s\u00e9jour \u00e0 Madrid !<\/p>\t\t\t\t\t\t\t\t<\/div>\n\t\t\t\t\t<\/div>\n\t\t<\/div>\n\t\t\t\t\t<\/div>\n\t\t<\/section>\n\t\t<div class=\"elementor-element elementor-element-ef1bb4d e-flex e-con-boxed e-con e-parent\" data-id=\"ef1bb4d\" data-element_type=\"container\">\n\t\t\t\t\t<div class=\"e-con-inner\">\n\t\t\t\t<div class=\"elementor-element elementor-element-557efd8 elementor-widget elementor-widget-html\" data-id=\"557efd8\" data-element_type=\"widget\" data-widget_type=\"html.default\">\n\t\t\t\t\t<iframe frameborder=\"0\" scrolling=\"auto\" src=\"https:\/\/booking.emadrid.com\/public\/widget\/396100\/500943928?lang=frselected_tab=HF&amp;lang=fr\" width=\"648\" height=\"420\"><a href=\"http:\/\/booking.emadrid.com\/public\/widget\/396100\/500943928?lang=frselected_tab=HF&amp;lang=fr\">Offres d'h\u00f4tels<\/a><\/iframe>\t\t\t\t<\/div>\n\t\t\t\t\t<\/div>\n\t\t\t\t<\/div>\n\t\t\t\t<\/div>\n\t\t","protected":false},"excerpt":{"rendered":"<p>H\u00f4tels \u00e0 Madrid Moteur de recherche Vous cherchez les meilleurs h\u00f4tels \u00e0 Madrid pour profiter de votre escapade ? La capitale accueille chaque ann\u00e9e plus de six millions de touristes. L&rsquo;offre de logements se multiplie et donne naissance aux espaces les plus exclusifs, les plus alternatifs et les plus diff\u00e9rents que vous puissiez voir. Votre [&hellip;]<\/p>\n","protected":false},"author":4,"featured_media":0,"parent":0,"menu_order":0,"comment_status":"closed","ping_status":"closed","template":"elementor_header_footer","meta":{"site-sidebar-layout":"no-sidebar","site-content-layout":"page-builder","ast-site-content-layout":"full-width-container","site-content-style":"unboxed","site-sidebar-style":"unboxed","ast-global-header-display":"","ast-banner-title-visibility":"","ast-main-header-display":"","ast-hfb-above-header-display":"","ast-hfb-below-header-display":"","ast-hfb-mobile-header-display":"","site-post-title":"disabled","ast-breadcrumbs-content":"","ast-featured-img":"disabled","footer-sml-layout":"","theme-transparent-header-meta":"","adv-header-id-meta":"","stick-header-meta":"","header-above-stick-meta":"","header-main-stick-meta":"","header-below-stick-meta":"","astra-migrate-meta-layouts":"default","ast-page-background-enabled":"default","ast-page-background-meta":{"desktop":{"background-color":"var(--ast-global-color-4)","background-image":"","background-repeat":"repeat","background-position":"center center","background-size":"auto","background-attachment":"scroll","background-type":"","background-media":"","overlay-type":"","overlay-color":"","overlay-opacity":"","overlay-gradient":""},"tablet":{"background-color":"","background-image":"","background-repeat":"repeat","background-position":"center center","background-size":"auto","background-attachment":"scroll","background-type":"","background-media":"","overlay-type":"","overlay-color":"","overlay-opacity":"","overlay-gradient":""},"mobile":{"background-color":"","background-image":"","background-repeat":"repeat","background-position":"center center","background-size":"auto","background-attachment":"scroll","background-type":"","background-media":"","overlay-type":"","overlay-color":"","overlay-opacity":"","overlay-gradient":""}},"ast-content-background-meta":{"desktop":{"background-color":"var(--ast-global-color-5)","background-image":"","background-repeat":"repeat","background-position":"center center","background-size":"auto","background-attachment":"scroll","background-type":"","background-media":"","overlay-type":"","overlay-color":"","overlay-opacity":"","overlay-gradient":""},"tablet":{"background-color":"var(--ast-global-color-5)","background-image":"","background-repeat":"repeat","background-position":"center center","background-size":"auto","background-attachment":"scroll","background-type":"","background-media":"","overlay-type":"","overlay-color":"","overlay-opacity":"","overlay-gradient":""},"mobile":{"background-color":"var(--ast-global-color-5)","background-image":"","background-repeat":"repeat","background-position":"center center","background-size":"auto","background-attachment":"scroll","background-type":"","background-media":"","overlay-type":"","overlay-color":"","overlay-opacity":"","overlay-gradient":""}},"footnotes":""},"class_list":["post-8661","page","type-page","status-publish","hentry"],"yoast_head":"<!-- This site is optimized with the Yoast SEO plugin v26.4 - https:\/\/yoast.com\/wordpress\/plugins\/seo\/ -->\n<title>H\u00f4tels - eMadrid.com<\/title>\n<meta name=\"robots\" content=\"index, follow, max-snippet:-1, max-image-preview:large, max-video-preview:-1\" \/>\n<link rel=\"canonical\" href=\"https:\/\/emadrid.com\/fr\/hotels\/\" \/>\n<meta property=\"og:locale\" content=\"fr_FR\" \/>\n<meta property=\"og:type\" content=\"article\" \/>\n<meta property=\"og:title\" content=\"H\u00f4tels - eMadrid.com\" \/>\n<meta property=\"og:description\" content=\"H\u00f4tels \u00e0 Madrid Moteur de recherche Vous cherchez les meilleurs h\u00f4tels \u00e0 Madrid pour profiter de votre escapade ? La capitale accueille chaque ann\u00e9e plus de six millions de touristes. L&rsquo;offre de logements se multiplie et donne naissance aux espaces les plus exclusifs, les plus alternatifs et les plus diff\u00e9rents que vous puissiez voir. Votre [&hellip;]\" \/>\n<meta property=\"og:url\" content=\"https:\/\/emadrid.com\/fr\/hotels\/\" \/>\n<meta property=\"og:site_name\" content=\"eMadrid.com\" \/>\n<meta property=\"article:modified_time\" content=\"2023-05-08T10:26:45+00:00\" \/>\n<meta name=\"twitter:card\" content=\"summary_large_image\" \/>\n<meta name=\"twitter:label1\" content=\"Dur\u00e9e de lecture estim\u00e9e\" \/>\n\t<meta name=\"twitter:data1\" content=\"2 minutes\" \/>\n<script type=\"application\/ld+json\" class=\"yoast-schema-graph\">{\"@context\":\"https:\/\/schema.org\",\"@graph\":[{\"@type\":\"WebPage\",\"@id\":\"https:\/\/emadrid.com\/fr\/hotels\/\",\"url\":\"https:\/\/emadrid.com\/fr\/hotels\/\",\"name\":\"H\u00f4tels - eMadrid.com\",\"isPartOf\":{\"@id\":\"https:\/\/emadrid.com\/fr\/#website\"},\"datePublished\":\"2023-03-22T15:24:14+00:00\",\"dateModified\":\"2023-05-08T10:26:45+00:00\",\"breadcrumb\":{\"@id\":\"https:\/\/emadrid.com\/fr\/hotels\/#breadcrumb\"},\"inLanguage\":\"fr-FR\",\"potentialAction\":[{\"@type\":\"ReadAction\",\"target\":[\"https:\/\/emadrid.com\/fr\/hotels\/\"]}]},{\"@type\":\"BreadcrumbList\",\"@id\":\"https:\/\/emadrid.com\/fr\/hotels\/#breadcrumb\",\"itemListElement\":[{\"@type\":\"ListItem\",\"position\":1,\"name\":\"Portada\",\"item\":\"https:\/\/emadrid.com\/fr\/\"},{\"@type\":\"ListItem\",\"position\":2,\"name\":\"H\u00f4tels\"}]},{\"@type\":\"WebSite\",\"@id\":\"https:\/\/emadrid.com\/fr\/#website\",\"url\":\"https:\/\/emadrid.com\/fr\/\",\"name\":\"eMadrid.com\",\"description\":\"Las mejores Ofertas en Madrid. Hoteles, Espect\u00e1culos, Actividades y mucho m\u00e1s.\",\"publisher\":{\"@id\":\"https:\/\/emadrid.com\/fr\/#organization\"},\"potentialAction\":[{\"@type\":\"SearchAction\",\"target\":{\"@type\":\"EntryPoint\",\"urlTemplate\":\"https:\/\/emadrid.com\/fr\/?s={search_term_string}\"},\"query-input\":{\"@type\":\"PropertyValueSpecification\",\"valueRequired\":true,\"valueName\":\"search_term_string\"}}],\"inLanguage\":\"fr-FR\"},{\"@type\":\"Organization\",\"@id\":\"https:\/\/emadrid.com\/fr\/#organization\",\"name\":\"eMadrid.com\",\"url\":\"https:\/\/emadrid.com\/fr\/\",\"logo\":{\"@type\":\"ImageObject\",\"inLanguage\":\"fr-FR\",\"@id\":\"https:\/\/emadrid.com\/fr\/#\/schema\/logo\/image\/\",\"url\":\"https:\/\/emadrid.com\/wp-content\/uploads\/2025\/01\/Logo-horizontal-250px.png?wsr\",\"contentUrl\":\"https:\/\/emadrid.com\/wp-content\/uploads\/2025\/01\/Logo-horizontal-250px.png?wsr\",\"width\":251,\"height\":35,\"caption\":\"eMadrid.com\"},\"image\":{\"@id\":\"https:\/\/emadrid.com\/fr\/#\/schema\/logo\/image\/\"}}]}<\/script>\n<!-- \/ Yoast SEO plugin. -->","yoast_head_json":{"title":"H\u00f4tels - eMadrid.com","robots":{"index":"index","follow":"follow","max-snippet":"max-snippet:-1","max-image-preview":"max-image-preview:large","max-video-preview":"max-video-preview:-1"},"canonical":"https:\/\/emadrid.com\/fr\/hotels\/","og_locale":"fr_FR","og_type":"article","og_title":"H\u00f4tels - eMadrid.com","og_description":"H\u00f4tels \u00e0 Madrid Moteur de recherche Vous cherchez les meilleurs h\u00f4tels \u00e0 Madrid pour profiter de votre escapade ? La capitale accueille chaque ann\u00e9e plus de six millions de touristes. L&rsquo;offre de logements se multiplie et donne naissance aux espaces les plus exclusifs, les plus alternatifs et les plus diff\u00e9rents que vous puissiez voir. Votre [&hellip;]","og_url":"https:\/\/emadrid.com\/fr\/hotels\/","og_site_name":"eMadrid.com","article_modified_time":"2023-05-08T10:26:45+00:00","twitter_card":"summary_large_image","twitter_misc":{"Dur\u00e9e de lecture estim\u00e9e":"2 minutes"},"schema":{"@context":"https:\/\/schema.org","@graph":[{"@type":"WebPage","@id":"https:\/\/emadrid.com\/fr\/hotels\/","url":"https:\/\/emadrid.com\/fr\/hotels\/","name":"H\u00f4tels - eMadrid.com","isPartOf":{"@id":"https:\/\/emadrid.com\/fr\/#website"},"datePublished":"2023-03-22T15:24:14+00:00","dateModified":"2023-05-08T10:26:45+00:00","breadcrumb":{"@id":"https:\/\/emadrid.com\/fr\/hotels\/#breadcrumb"},"inLanguage":"fr-FR","potentialAction":[{"@type":"ReadAction","target":["https:\/\/emadrid.com\/fr\/hotels\/"]}]},{"@type":"BreadcrumbList","@id":"https:\/\/emadrid.com\/fr\/hotels\/#breadcrumb","itemListElement":[{"@type":"ListItem","position":1,"name":"Portada","item":"https:\/\/emadrid.com\/fr\/"},{"@type":"ListItem","position":2,"name":"H\u00f4tels"}]},{"@type":"WebSite","@id":"https:\/\/emadrid.com\/fr\/#website","url":"https:\/\/emadrid.com\/fr\/","name":"eMadrid.com","description":"Las mejores Ofertas en Madrid. Hoteles, Espect\u00e1culos, Actividades y mucho m\u00e1s.","publisher":{"@id":"https:\/\/emadrid.com\/fr\/#organization"},"potentialAction":[{"@type":"SearchAction","target":{"@type":"EntryPoint","urlTemplate":"https:\/\/emadrid.com\/fr\/?s={search_term_string}"},"query-input":{"@type":"PropertyValueSpecification","valueRequired":true,"valueName":"search_term_string"}}],"inLanguage":"fr-FR"},{"@type":"Organization","@id":"https:\/\/emadrid.com\/fr\/#organization","name":"eMadrid.com","url":"https:\/\/emadrid.com\/fr\/","logo":{"@type":"ImageObject","inLanguage":"fr-FR","@id":"https:\/\/emadrid.com\/fr\/#\/schema\/logo\/image\/","url":"https:\/\/emadrid.com\/wp-content\/uploads\/2025\/01\/Logo-horizontal-250px.png?wsr","contentUrl":"https:\/\/emadrid.com\/wp-content\/uploads\/2025\/01\/Logo-horizontal-250px.png?wsr","width":251,"height":35,"caption":"eMadrid.com"},"image":{"@id":"https:\/\/emadrid.com\/fr\/#\/schema\/logo\/image\/"}}]}},"_links":{"self":[{"href":"https:\/\/emadrid.com\/fr\/wp-json\/wp\/v2\/pages\/8661","targetHints":{"allow":["GET"]}}],"collection":[{"href":"https:\/\/emadrid.com\/fr\/wp-json\/wp\/v2\/pages"}],"about":[{"href":"https:\/\/emadrid.com\/fr\/wp-json\/wp\/v2\/types\/page"}],"author":[{"embeddable":true,"href":"https:\/\/emadrid.com\/fr\/wp-json\/wp\/v2\/users\/4"}],"replies":[{"embeddable":true,"href":"https:\/\/emadrid.com\/fr\/wp-json\/wp\/v2\/comments?post=8661"}],"version-history":[{"count":10,"href":"https:\/\/emadrid.com\/fr\/wp-json\/wp\/v2\/pages\/8661\/revisions"}],"predecessor-version":[{"id":12010,"href":"https:\/\/emadrid.com\/fr\/wp-json\/wp\/v2\/pages\/8661\/revisions\/12010"}],"wp:attachment":[{"href":"https:\/\/emadrid.com\/fr\/wp-json\/wp\/v2\/media?parent=8661"}],"curies":[{"name":"wp","href":"https:\/\/api.w.org\/{rel}","templated":true}]}}