{"id":8754,"date":"2023-03-28T16:21:10","date_gmt":"2023-03-28T14:21:10","guid":{"rendered":"https:\/\/bookingmadrid.com\/louer-une-voiture\/"},"modified":"2023-05-08T10:54:14","modified_gmt":"2023-05-08T10:54:14","slug":"louer-une-voiture","status":"publish","type":"page","link":"https:\/\/emadrid.com\/fr\/louer-une-voiture\/","title":{"rendered":"Louer une voiture"},"content":{"rendered":"\t\t<div data-elementor-type=\"wp-page\" data-elementor-id=\"8754\" class=\"elementor elementor-8754 elementor-3414\" data-elementor-post-type=\"page\">\n\t\t\t\t\t\t<section class=\"elementor-section elementor-top-section elementor-element elementor-element-931a4cf elementor-section-height-min-height elementor-section-items-bottom elementor-section-boxed elementor-section-height-default\" data-id=\"931a4cf\" data-element_type=\"section\" data-settings=\"{&quot;background_background&quot;:&quot;classic&quot;}\">\n\t\t\t\t\t\t\t<div class=\"elementor-background-overlay\"><\/div>\n\t\t\t\t\t\t\t<div class=\"elementor-container elementor-column-gap-default\">\n\t\t\t\t\t<div class=\"elementor-column elementor-col-100 elementor-top-column elementor-element elementor-element-71f17ab\" data-id=\"71f17ab\" data-element_type=\"column\">\n\t\t\t<div class=\"elementor-widget-wrap elementor-element-populated\">\n\t\t\t\t\t\t<div class=\"elementor-element elementor-element-3b07f57 elementor-widget elementor-widget-heading\" data-id=\"3b07f57\" data-element_type=\"widget\" data-widget_type=\"heading.default\">\n\t\t\t\t\t<h1 class=\"elementor-heading-title elementor-size-default\">Louer une voiture<\/h1>\t\t\t\t<\/div>\n\t\t\t\t<div class=\"elementor-element elementor-element-08303e9 elementor-widget elementor-widget-html\" data-id=\"08303e9\" data-element_type=\"widget\" data-widget_type=\"html.default\">\n\t\t\t\t\t<iframe frameborder=\"0\" scrolling=\"auto\" src=\"https:\/\/booking.emadrid.com\/public\/widget\/394699\/344441840?lang=frselected_tab=HF&amp;lang=fr\" width=\"648\" height=\"420\"><a href=\"https:\/\/booking.emadrid.com\/public\/widget\/394699\/344441840?lang=frselected_tab=HF&amp;lang=fr\">Moteur de recherche<\/a><\/iframe>\t\t\t\t<\/div>\n\t\t\t\t\t<\/div>\n\t\t<\/div>\n\t\t\t\t\t<\/div>\n\t\t<\/section>\n\t\t<div class=\"elementor-element elementor-element-be25931 e-flex e-con-boxed e-con e-parent\" data-id=\"be25931\" data-element_type=\"container\">\n\t\t\t\t\t<div class=\"e-con-inner\">\n\t\t\t\t<div class=\"elementor-element elementor-element-d7fd525 elementor-widget elementor-widget-text-editor\" data-id=\"d7fd525\" data-element_type=\"widget\" data-widget_type=\"text-editor.default\">\n\t\t\t\t\t\t\t\t\t<p>Bienvenue dans le monde merveilleux de la location de voiture \u00e0 Madrid ! Si vous cherchez une fa\u00e7on confortable et flexible d&rsquo;explorer la ville et ses environs, il n&rsquo;y a pas de meilleure option que de louer une voiture. Dans ce texte, nous vous pr\u00e9senterons les meilleurs conseils et astuces pour trouver le service de location de voiture id\u00e9al pour vous, alors pr\u00e9parez-vous \u00e0 d\u00e9couvrir la libert\u00e9 que seule une voiture peut vous donner !<\/p><p>\u00c0 Madrid, l&rsquo;amusement ne s&rsquo;arr\u00eate jamais, et la meilleure fa\u00e7on de l&rsquo;exp\u00e9rimenter est en voiture. Il y a tant de <a href=\"https:\/\/emadrid.com\/en\/madrid-guide\/what-to-do-in-madrid\/\">choses \u00e0 faire<\/a> et <a href=\"https:\/\/emadrid.com\/en\/madrid-guide\/the-city-of-madrid\/\">d&rsquo;endroits \u00e0 visiter<\/a>, des <a href=\"https:\/\/emadrid.com\/en\/madrid-guide\/the-city-of-madrid\/historical-places-of-madrid\/\">sites historiques et culturels<\/a> aux <a href=\"https:\/\/emadrid.com\/en\/madrid-guide\/where-to-eat-in-madrid\/\">bars et restaurants<\/a> les plus populaires de la ville. Avec une voiture de location, vous pouvez voyager \u00e0 votre rythme, sans vous soucier des horaires de <a href=\"https:\/\/emadrid.com\/en\/madrid-guide\/mobility-in-madrid\/suburban-madrid\/\">train<\/a> ou de <a href=\"https:\/\/emadrid.com\/en\/madrid-guide\/mobility-in-madrid\/madrid-buses\/\">bus<\/a>.<\/p><p>Mais comment trouver le meilleur service de location de voiture \u00e0 Madrid ? La r\u00e9ponse est simple : avec nous ! Nous sommes la meilleure option pour ceux qui recherchent un service de location de voiture de haute qualit\u00e9 et fiable \u00e0 Madrid. Nous offrons une grande vari\u00e9t\u00e9 de voitures modernes, avec des prix comp\u00e9titifs et des politiques claires et \u00e9quitables.<\/p><p>Ne vous inqui\u00e9tez pas si vous ne connaissez pas grand-chose \u00e0 la location de voitures. Notre \u00e9quipe d&rsquo;experts en location de voitures est l\u00e0 pour vous aider \u00e0 chaque \u00e9tape. Du choix de la voiture au processus de r\u00e9servation et d&rsquo;encaissement, nous serons \u00e0 vos c\u00f4t\u00e9s pour veiller \u00e0 ce que vous viviez la meilleure exp\u00e9rience possible.<\/p><p>L&rsquo;un des principaux avantages de la location de voiture \u00e0 Madrid est la flexibilit\u00e9 qu&rsquo;elle vous offre. Vous pouvez planifier votre propre itin\u00e9raire et visiter les endroits qui vous int\u00e9ressent le plus, sans avoir \u00e0 vous soucier des <a href=\"https:\/\/emadrid.com\/en\/madrid-guide\/mobility-in-madrid\/\">horaires des transports publics<\/a>. De plus, conduire \u00e0 Madrid est facile et s\u00fbr, gr\u00e2ce \u00e0 son r\u00e9seau routier moderne et \u00e0 l&rsquo;amabilit\u00e9 de ses conducteurs.<\/p><p>Ne manquez pas l&rsquo;occasion de profiter de la v\u00e9ritable essence de Madrid. Louez une voiture avec nous et d\u00e9couvrez tout ce que cette ville a \u00e0 offrir. Des rues anim\u00e9es du centre-ville aux <a href=\"https:\/\/emadrid.com\/en\/madrid-guide\/plans-and-trips\/\">villages et villes<\/a> pittoresques des environs, il y a tant \u00e0 explorer \u00e0 Madrid !<\/p><p>En conclusion, si vous cherchez un moyen pratique et flexible de d\u00e9couvrir Madrid, il n&rsquo;y a pas de meilleure option que de louer une voiture. Et si vous voulez la meilleure exp\u00e9rience de location de voiture possible, venez chez nous ! Avec des voitures modernes, des prix comp\u00e9titifs et une \u00e9quipe d&rsquo;experts en location de voitures \u00e0 votre disposition, nous sommes s\u00fbrs que vous aurez la meilleure exp\u00e9rience de location de voiture \u00e0 Madrid. N&rsquo;attendez plus et r\u00e9servez votre voiture d\u00e8s aujourd&rsquo;hui !<\/p>\t\t\t\t\t\t\t\t<\/div>\n\t\t\t\t\t<\/div>\n\t\t\t\t<\/div>\n\t\t\t\t<\/div>\n\t\t","protected":false},"excerpt":{"rendered":"<p>Louer une voiture Moteur de recherche Bienvenue dans le monde merveilleux de la location de voiture \u00e0 Madrid ! Si vous cherchez une fa\u00e7on confortable et flexible d&rsquo;explorer la ville et ses environs, il n&rsquo;y a pas de meilleure option que de louer une voiture. Dans ce texte, nous vous pr\u00e9senterons les meilleurs conseils et [&hellip;]<\/p>\n","protected":false},"author":4,"featured_media":0,"parent":0,"menu_order":0,"comment_status":"closed","ping_status":"closed","template":"elementor_header_footer","meta":{"site-sidebar-layout":"no-sidebar","site-content-layout":"page-builder","ast-site-content-layout":"default","site-content-style":"default","site-sidebar-style":"default","ast-global-header-display":"","ast-banner-title-visibility":"","ast-main-header-display":"","ast-hfb-above-header-display":"","ast-hfb-below-header-display":"","ast-hfb-mobile-header-display":"","site-post-title":"disabled","ast-breadcrumbs-content":"","ast-featured-img":"disabled","footer-sml-layout":"","theme-transparent-header-meta":"","adv-header-id-meta":"","stick-header-meta":"","header-above-stick-meta":"","header-main-stick-meta":"","header-below-stick-meta":"","astra-migrate-meta-layouts":"default","ast-page-background-enabled":"default","ast-page-background-meta":{"desktop":{"background-color":"var(--ast-global-color-4)","background-image":"","background-repeat":"repeat","background-position":"center center","background-size":"auto","background-attachment":"scroll","background-type":"","background-media":"","overlay-type":"","overlay-color":"","overlay-opacity":"","overlay-gradient":""},"tablet":{"background-color":"","background-image":"","background-repeat":"repeat","background-position":"center center","background-size":"auto","background-attachment":"scroll","background-type":"","background-media":"","overlay-type":"","overlay-color":"","overlay-opacity":"","overlay-gradient":""},"mobile":{"background-color":"","background-image":"","background-repeat":"repeat","background-position":"center center","background-size":"auto","background-attachment":"scroll","background-type":"","background-media":"","overlay-type":"","overlay-color":"","overlay-opacity":"","overlay-gradient":""}},"ast-content-background-meta":{"desktop":{"background-color":"var(--ast-global-color-5)","background-image":"","background-repeat":"repeat","background-position":"center center","background-size":"auto","background-attachment":"scroll","background-type":"","background-media":"","overlay-type":"","overlay-color":"","overlay-opacity":"","overlay-gradient":""},"tablet":{"background-color":"var(--ast-global-color-5)","background-image":"","background-repeat":"repeat","background-position":"center center","background-size":"auto","background-attachment":"scroll","background-type":"","background-media":"","overlay-type":"","overlay-color":"","overlay-opacity":"","overlay-gradient":""},"mobile":{"background-color":"var(--ast-global-color-5)","background-image":"","background-repeat":"repeat","background-position":"center center","background-size":"auto","background-attachment":"scroll","background-type":"","background-media":"","overlay-type":"","overlay-color":"","overlay-opacity":"","overlay-gradient":""}},"footnotes":""},"class_list":["post-8754","page","type-page","status-publish","hentry"],"yoast_head":"<!-- This site is optimized with the Yoast SEO plugin v26.4 - https:\/\/yoast.com\/wordpress\/plugins\/seo\/ -->\n<title>Louer une voiture - eMadrid.com<\/title>\n<meta name=\"robots\" content=\"index, follow, max-snippet:-1, max-image-preview:large, max-video-preview:-1\" \/>\n<link rel=\"canonical\" href=\"https:\/\/emadrid.com\/fr\/louer-une-voiture\/\" \/>\n<meta property=\"og:locale\" content=\"fr_FR\" \/>\n<meta property=\"og:type\" content=\"article\" \/>\n<meta property=\"og:title\" content=\"Louer une voiture - eMadrid.com\" \/>\n<meta property=\"og:description\" content=\"Louer une voiture Moteur de recherche Bienvenue dans le monde merveilleux de la location de voiture \u00e0 Madrid ! Si vous cherchez une fa\u00e7on confortable et flexible d&rsquo;explorer la ville et ses environs, il n&rsquo;y a pas de meilleure option que de louer une voiture. Dans ce texte, nous vous pr\u00e9senterons les meilleurs conseils et [&hellip;]\" \/>\n<meta property=\"og:url\" content=\"https:\/\/emadrid.com\/fr\/louer-une-voiture\/\" \/>\n<meta property=\"og:site_name\" content=\"eMadrid.com\" \/>\n<meta property=\"article:modified_time\" content=\"2023-05-08T10:54:14+00:00\" \/>\n<meta name=\"twitter:card\" content=\"summary_large_image\" \/>\n<meta name=\"twitter:label1\" content=\"Dur\u00e9e de lecture estim\u00e9e\" \/>\n\t<meta name=\"twitter:data1\" content=\"2 minutes\" \/>\n<script type=\"application\/ld+json\" class=\"yoast-schema-graph\">{\"@context\":\"https:\/\/schema.org\",\"@graph\":[{\"@type\":\"WebPage\",\"@id\":\"https:\/\/emadrid.com\/fr\/louer-une-voiture\/\",\"url\":\"https:\/\/emadrid.com\/fr\/louer-une-voiture\/\",\"name\":\"Louer une voiture - eMadrid.com\",\"isPartOf\":{\"@id\":\"https:\/\/emadrid.com\/fr\/#website\"},\"datePublished\":\"2023-03-28T14:21:10+00:00\",\"dateModified\":\"2023-05-08T10:54:14+00:00\",\"breadcrumb\":{\"@id\":\"https:\/\/emadrid.com\/fr\/louer-une-voiture\/#breadcrumb\"},\"inLanguage\":\"fr-FR\",\"potentialAction\":[{\"@type\":\"ReadAction\",\"target\":[\"https:\/\/emadrid.com\/fr\/louer-une-voiture\/\"]}]},{\"@type\":\"BreadcrumbList\",\"@id\":\"https:\/\/emadrid.com\/fr\/louer-une-voiture\/#breadcrumb\",\"itemListElement\":[{\"@type\":\"ListItem\",\"position\":1,\"name\":\"Portada\",\"item\":\"https:\/\/emadrid.com\/fr\/\"},{\"@type\":\"ListItem\",\"position\":2,\"name\":\"Louer une voiture\"}]},{\"@type\":\"WebSite\",\"@id\":\"https:\/\/emadrid.com\/fr\/#website\",\"url\":\"https:\/\/emadrid.com\/fr\/\",\"name\":\"eMadrid.com\",\"description\":\"Las mejores Ofertas en Madrid. Hoteles, Espect\u00e1culos, Actividades y mucho m\u00e1s.\",\"publisher\":{\"@id\":\"https:\/\/emadrid.com\/fr\/#organization\"},\"potentialAction\":[{\"@type\":\"SearchAction\",\"target\":{\"@type\":\"EntryPoint\",\"urlTemplate\":\"https:\/\/emadrid.com\/fr\/?s={search_term_string}\"},\"query-input\":{\"@type\":\"PropertyValueSpecification\",\"valueRequired\":true,\"valueName\":\"search_term_string\"}}],\"inLanguage\":\"fr-FR\"},{\"@type\":\"Organization\",\"@id\":\"https:\/\/emadrid.com\/fr\/#organization\",\"name\":\"eMadrid.com\",\"url\":\"https:\/\/emadrid.com\/fr\/\",\"logo\":{\"@type\":\"ImageObject\",\"inLanguage\":\"fr-FR\",\"@id\":\"https:\/\/emadrid.com\/fr\/#\/schema\/logo\/image\/\",\"url\":\"https:\/\/emadrid.com\/wp-content\/uploads\/2025\/01\/Logo-horizontal-250px.png?wsr\",\"contentUrl\":\"https:\/\/emadrid.com\/wp-content\/uploads\/2025\/01\/Logo-horizontal-250px.png?wsr\",\"width\":251,\"height\":35,\"caption\":\"eMadrid.com\"},\"image\":{\"@id\":\"https:\/\/emadrid.com\/fr\/#\/schema\/logo\/image\/\"}}]}<\/script>\n<!-- \/ Yoast SEO plugin. -->","yoast_head_json":{"title":"Louer une voiture - eMadrid.com","robots":{"index":"index","follow":"follow","max-snippet":"max-snippet:-1","max-image-preview":"max-image-preview:large","max-video-preview":"max-video-preview:-1"},"canonical":"https:\/\/emadrid.com\/fr\/louer-une-voiture\/","og_locale":"fr_FR","og_type":"article","og_title":"Louer une voiture - eMadrid.com","og_description":"Louer une voiture Moteur de recherche Bienvenue dans le monde merveilleux de la location de voiture \u00e0 Madrid ! Si vous cherchez une fa\u00e7on confortable et flexible d&rsquo;explorer la ville et ses environs, il n&rsquo;y a pas de meilleure option que de louer une voiture. Dans ce texte, nous vous pr\u00e9senterons les meilleurs conseils et [&hellip;]","og_url":"https:\/\/emadrid.com\/fr\/louer-une-voiture\/","og_site_name":"eMadrid.com","article_modified_time":"2023-05-08T10:54:14+00:00","twitter_card":"summary_large_image","twitter_misc":{"Dur\u00e9e de lecture estim\u00e9e":"2 minutes"},"schema":{"@context":"https:\/\/schema.org","@graph":[{"@type":"WebPage","@id":"https:\/\/emadrid.com\/fr\/louer-une-voiture\/","url":"https:\/\/emadrid.com\/fr\/louer-une-voiture\/","name":"Louer une voiture - eMadrid.com","isPartOf":{"@id":"https:\/\/emadrid.com\/fr\/#website"},"datePublished":"2023-03-28T14:21:10+00:00","dateModified":"2023-05-08T10:54:14+00:00","breadcrumb":{"@id":"https:\/\/emadrid.com\/fr\/louer-une-voiture\/#breadcrumb"},"inLanguage":"fr-FR","potentialAction":[{"@type":"ReadAction","target":["https:\/\/emadrid.com\/fr\/louer-une-voiture\/"]}]},{"@type":"BreadcrumbList","@id":"https:\/\/emadrid.com\/fr\/louer-une-voiture\/#breadcrumb","itemListElement":[{"@type":"ListItem","position":1,"name":"Portada","item":"https:\/\/emadrid.com\/fr\/"},{"@type":"ListItem","position":2,"name":"Louer une voiture"}]},{"@type":"WebSite","@id":"https:\/\/emadrid.com\/fr\/#website","url":"https:\/\/emadrid.com\/fr\/","name":"eMadrid.com","description":"Las mejores Ofertas en Madrid. Hoteles, Espect\u00e1culos, Actividades y mucho m\u00e1s.","publisher":{"@id":"https:\/\/emadrid.com\/fr\/#organization"},"potentialAction":[{"@type":"SearchAction","target":{"@type":"EntryPoint","urlTemplate":"https:\/\/emadrid.com\/fr\/?s={search_term_string}"},"query-input":{"@type":"PropertyValueSpecification","valueRequired":true,"valueName":"search_term_string"}}],"inLanguage":"fr-FR"},{"@type":"Organization","@id":"https:\/\/emadrid.com\/fr\/#organization","name":"eMadrid.com","url":"https:\/\/emadrid.com\/fr\/","logo":{"@type":"ImageObject","inLanguage":"fr-FR","@id":"https:\/\/emadrid.com\/fr\/#\/schema\/logo\/image\/","url":"https:\/\/emadrid.com\/wp-content\/uploads\/2025\/01\/Logo-horizontal-250px.png?wsr","contentUrl":"https:\/\/emadrid.com\/wp-content\/uploads\/2025\/01\/Logo-horizontal-250px.png?wsr","width":251,"height":35,"caption":"eMadrid.com"},"image":{"@id":"https:\/\/emadrid.com\/fr\/#\/schema\/logo\/image\/"}}]}},"_links":{"self":[{"href":"https:\/\/emadrid.com\/fr\/wp-json\/wp\/v2\/pages\/8754","targetHints":{"allow":["GET"]}}],"collection":[{"href":"https:\/\/emadrid.com\/fr\/wp-json\/wp\/v2\/pages"}],"about":[{"href":"https:\/\/emadrid.com\/fr\/wp-json\/wp\/v2\/types\/page"}],"author":[{"embeddable":true,"href":"https:\/\/emadrid.com\/fr\/wp-json\/wp\/v2\/users\/4"}],"replies":[{"embeddable":true,"href":"https:\/\/emadrid.com\/fr\/wp-json\/wp\/v2\/comments?post=8754"}],"version-history":[{"count":13,"href":"https:\/\/emadrid.com\/fr\/wp-json\/wp\/v2\/pages\/8754\/revisions"}],"predecessor-version":[{"id":12017,"href":"https:\/\/emadrid.com\/fr\/wp-json\/wp\/v2\/pages\/8754\/revisions\/12017"}],"wp:attachment":[{"href":"https:\/\/emadrid.com\/fr\/wp-json\/wp\/v2\/media?parent=8754"}],"curies":[{"name":"wp","href":"https:\/\/api.w.org\/{rel}","templated":true}]}}