{"id":9222,"date":"2023-03-09T19:36:02","date_gmt":"2023-03-09T19:36:02","guid":{"rendered":"https:\/\/bookingmadrid.com\/billets-et-tickets-madrid\/terrasses-et-toits\/"},"modified":"2023-04-21T17:02:29","modified_gmt":"2023-04-21T17:02:29","slug":"terrasses-et-toits","status":"publish","type":"page","link":"https:\/\/emadrid.com\/fr\/billets-et-tickets-madrid\/terrasses-et-toits\/","title":{"rendered":"Terrasses et toits"},"content":{"rendered":"\t\t<div data-elementor-type=\"wp-page\" data-elementor-id=\"9222\" class=\"elementor elementor-9222 elementor-1620\" data-elementor-post-type=\"page\">\n\t\t\t\t\t\t<section class=\"elementor-section elementor-top-section elementor-element elementor-element-4d7158c elementor-section-height-min-height elementor-section-items-bottom elementor-section-boxed elementor-section-height-default\" data-id=\"4d7158c\" data-element_type=\"section\" data-settings=\"{&quot;background_background&quot;:&quot;classic&quot;}\">\n\t\t\t\t\t\t\t<div class=\"elementor-background-overlay\"><\/div>\n\t\t\t\t\t\t\t<div class=\"elementor-container elementor-column-gap-default\">\n\t\t\t\t\t<div class=\"elementor-column elementor-col-100 elementor-top-column elementor-element elementor-element-d1864cc\" data-id=\"d1864cc\" data-element_type=\"column\">\n\t\t\t<div class=\"elementor-widget-wrap elementor-element-populated\">\n\t\t\t\t\t\t<div class=\"elementor-element elementor-element-3897db4 elementor-widget elementor-widget-heading\" data-id=\"3897db4\" data-element_type=\"widget\" data-widget_type=\"heading.default\">\n\t\t\t\t\t<h1 class=\"elementor-heading-title elementor-size-default\">Entradas<\/h1>\t\t\t\t<\/div>\n\t\t\t\t\t<\/div>\n\t\t<\/div>\n\t\t\t\t\t<\/div>\n\t\t<\/section>\n\t\t<div class=\"elementor-element elementor-element-2baa3d2 e-flex e-con-boxed e-con e-parent\" data-id=\"2baa3d2\" data-element_type=\"container\">\n\t\t\t\t\t<div class=\"e-con-inner\">\n\t\t\t\t<div class=\"elementor-element elementor-element-c043cad elementor-widget elementor-widget-text-editor\" data-id=\"c043cad\" data-element_type=\"widget\" data-widget_type=\"text-editor.default\">\n\t\t\t\t\t\t\t\t\t<p>Lorem ipsum dolor sit amet, consectetur adipiscing elit. Ut elit tellus, luctus nec ullamcorper mattis, pulvinar dapibus leo.<\/p>\t\t\t\t\t\t\t\t<\/div>\n\t\t\t\t<div class=\"elementor-element elementor-element-bd6cb5f elementor-mobile-align-left elementor-widget elementor-widget-button\" data-id=\"bd6cb5f\" data-element_type=\"widget\" data-widget_type=\"button.default\">\n\t\t\t\t\t\t\t\t\t\t<a class=\"elementor-button elementor-button-link elementor-size-sm elementor-animation-skew\" href=\"https:\/\/fever.pxf.io\/LXXWza\" target=\"_blank\">\n\t\t\t\t\t\t<span class=\"elementor-button-content-wrapper\">\n\t\t\t\t\t\t\t\t\t<span class=\"elementor-button-text\">Voir plus de terrasses et de toits \u00e0 Madrid <\/span>\n\t\t\t\t\t<\/span>\n\t\t\t\t\t<\/a>\n\t\t\t\t\t\t\t\t<\/div>\n\t\t\t\t\t<\/div>\n\t\t\t\t<\/div>\n\t\t\t\t<section class=\"elementor-section elementor-top-section elementor-element elementor-element-cd48c5d elementor-section-boxed elementor-section-height-default elementor-section-height-default\" data-id=\"cd48c5d\" data-element_type=\"section\">\n\t\t\t\t\t\t<div class=\"elementor-container elementor-column-gap-default\">\n\t\t\t\t\t<div class=\"elementor-column elementor-col-100 elementor-top-column elementor-element elementor-element-06af6c5\" data-id=\"06af6c5\" data-element_type=\"column\">\n\t\t\t<div class=\"elementor-widget-wrap elementor-element-populated\">\n\t\t\t\t\t\t<section class=\"elementor-section elementor-inner-section elementor-element elementor-element-c2345e1 elementor-section-boxed elementor-section-height-default elementor-section-height-default\" data-id=\"c2345e1\" data-element_type=\"section\">\n\t\t\t\t\t\t<div class=\"elementor-container elementor-column-gap-default\">\n\t\t\t\t\t<div class=\"elementor-column elementor-col-33 elementor-inner-column elementor-element elementor-element-a02c16c\" data-id=\"a02c16c\" data-element_type=\"column\" data-settings=\"{&quot;background_background&quot;:&quot;classic&quot;}\">\n\t\t\t<div class=\"elementor-widget-wrap elementor-element-populated\">\n\t\t\t\t\t\t<div class=\"elementor-element elementor-element-6422900 elementor-widget elementor-widget-image\" data-id=\"6422900\" data-element_type=\"widget\" data-widget_type=\"image.default\">\n\t\t\t\t\t\t\t\t\t\t\t\t\t\t\t<img fetchpriority=\"high\" decoding=\"async\" width=\"1200\" height=\"1200\" src=\"https:\/\/emadrid.com\/wp-content\/uploads\/2023\/04\/15ce6ec2-e115-11e8-a5f5-067dfd978c4d.webp?wsr\" class=\"attachment-1536x1536 size-1536x1536 wp-image-8121\" alt=\"\" srcset=\"https:\/\/emadrid.com\/wp-content\/uploads\/2023\/04\/15ce6ec2-e115-11e8-a5f5-067dfd978c4d.webp 1200w, https:\/\/emadrid.com\/wp-content\/uploads\/2023\/04\/15ce6ec2-e115-11e8-a5f5-067dfd978c4d-300x300.webp 300w, https:\/\/emadrid.com\/wp-content\/uploads\/2023\/04\/15ce6ec2-e115-11e8-a5f5-067dfd978c4d-1024x1024.webp 1024w, https:\/\/emadrid.com\/wp-content\/uploads\/2023\/04\/15ce6ec2-e115-11e8-a5f5-067dfd978c4d-150x150.webp 150w, https:\/\/emadrid.com\/wp-content\/uploads\/2023\/04\/15ce6ec2-e115-11e8-a5f5-067dfd978c4d-768x768.webp 768w\" sizes=\"(max-width: 1200px) 100vw, 1200px\" \/>\t\t\t\t\t\t\t\t\t\t\t\t\t\t\t<\/div>\n\t\t\t\t<div class=\"elementor-element elementor-element-400eef0 elementor-widget elementor-widget-heading\" data-id=\"400eef0\" data-element_type=\"widget\" data-widget_type=\"heading.default\">\n\t\t\t\t\t<h4 class=\"elementor-heading-title elementor-size-default\">Botania, Grupo Larrumba : menu sur la Plaza de Espa\u00f1a<\/h4>\t\t\t\t<\/div>\n\t\t\t\t<div class=\"elementor-element elementor-element-0d66d25 elementor-widget elementor-widget-text-editor\" data-id=\"0d66d25\" data-element_type=\"widget\" data-widget_type=\"text-editor.default\">\n\t\t\t\t\t\t\t\t\t<p>Un menu fusion complet et d\u00e9licieux. Le restaurant branch\u00e9 de la Plaza de Espa\u00f1a \u00e0 ne pas manquer. Un bon plan pour profiter de la meilleure gastronomie avec le groupe Larrumba \u00e0 Madrid.<\/p>\n\t\t\t\t\t\t\t\t<\/div>\n\t\t\t\t<div class=\"elementor-element elementor-element-675e8e5 elementor-align-left elementor-widget elementor-widget-button\" data-id=\"675e8e5\" data-element_type=\"widget\" data-widget_type=\"button.default\">\n\t\t\t\t\t\t\t\t\t\t<a class=\"elementor-button elementor-button-link elementor-size-sm elementor-animation-skew\" href=\"https:\/\/fever.pxf.io\/c\/4039372\/1396783\/16345?prodsku=69706&#038;u=https%3A%2F%2Ffeverup.com%2Fm%2F69706&#038;intsrc=PUI2_10347\" target=\"_blank\">\n\t\t\t\t\t\t<span class=\"elementor-button-content-wrapper\">\n\t\t\t\t\t\t\t\t\t<span class=\"elementor-button-text\">Acheter un billet<\/span>\n\t\t\t\t\t<\/span>\n\t\t\t\t\t<\/a>\n\t\t\t\t\t\t\t\t<\/div>\n\t\t\t\t\t<\/div>\n\t\t<\/div>\n\t\t\t\t<div class=\"elementor-column elementor-col-33 elementor-inner-column elementor-element elementor-element-192112e\" data-id=\"192112e\" data-element_type=\"column\" data-settings=\"{&quot;background_background&quot;:&quot;classic&quot;}\">\n\t\t\t<div class=\"elementor-widget-wrap elementor-element-populated\">\n\t\t\t\t\t\t<div class=\"elementor-element elementor-element-c376cd7 elementor-widget elementor-widget-image\" data-id=\"c376cd7\" data-element_type=\"widget\" data-widget_type=\"image.default\">\n\t\t\t\t\t\t\t\t\t\t\t\t\t\t\t<img decoding=\"async\" width=\"1024\" height=\"1024\" src=\"https:\/\/emadrid.com\/wp-content\/uploads\/2023\/04\/878fd8fc-a04d-11ec-96f1-72b36e02e70a-1024x1024.webp?wsr\" class=\"attachment-large size-large wp-image-8125\" alt=\"\" srcset=\"https:\/\/emadrid.com\/wp-content\/uploads\/2023\/04\/878fd8fc-a04d-11ec-96f1-72b36e02e70a-1024x1024.webp 1024w, https:\/\/emadrid.com\/wp-content\/uploads\/2023\/04\/878fd8fc-a04d-11ec-96f1-72b36e02e70a-300x300.webp 300w, https:\/\/emadrid.com\/wp-content\/uploads\/2023\/04\/878fd8fc-a04d-11ec-96f1-72b36e02e70a-150x150.webp 150w, https:\/\/emadrid.com\/wp-content\/uploads\/2023\/04\/878fd8fc-a04d-11ec-96f1-72b36e02e70a-768x768.webp 768w, https:\/\/emadrid.com\/wp-content\/uploads\/2023\/04\/878fd8fc-a04d-11ec-96f1-72b36e02e70a.webp 1200w\" sizes=\"(max-width: 1024px) 100vw, 1024px\" \/>\t\t\t\t\t\t\t\t\t\t\t\t\t\t\t<\/div>\n\t\t\t\t<div class=\"elementor-element elementor-element-20811ff elementor-widget elementor-widget-heading\" data-id=\"20811ff\" data-element_type=\"widget\" data-widget_type=\"heading.default\">\n\t\t\t\t\t<h4 class=\"elementor-heading-title elementor-size-default\">Restaurante el Olvido : un menu pour les amoureux de la terre et de la mer<\/h4>\t\t\t\t<\/div>\n\t\t\t\t<div class=\"elementor-element elementor-element-eaeb1c1 elementor-widget elementor-widget-text-editor\" data-id=\"eaeb1c1\" data-element_type=\"widget\" data-widget_type=\"text-editor.default\">\n\t\t\t\t\t\t\t\t\t<p> Un menu d\u00e9licieux avec le meilleur de la terre et de la mer. Boisson incluse dans le menu. Au c\u0153ur de Chamart\u00edn<\/p>\n\t\t\t\t\t\t\t\t<\/div>\n\t\t\t\t<div class=\"elementor-element elementor-element-728aad7 elementor-align-left elementor-widget elementor-widget-button\" data-id=\"728aad7\" data-element_type=\"widget\" data-widget_type=\"button.default\">\n\t\t\t\t\t\t\t\t\t\t<a class=\"elementor-button elementor-button-link elementor-size-sm elementor-animation-skew\" href=\"https:\/\/fever.pxf.io\/c\/4039372\/1396783\/16345?prodsku=111143&#038;u=https%3A%2F%2Ffeverup.com%2Fm%2F111143&#038;intsrc=PUI2_10347\" target=\"_blank\">\n\t\t\t\t\t\t<span class=\"elementor-button-content-wrapper\">\n\t\t\t\t\t\t\t\t\t<span class=\"elementor-button-text\">Acheter un billet<\/span>\n\t\t\t\t\t<\/span>\n\t\t\t\t\t<\/a>\n\t\t\t\t\t\t\t\t<\/div>\n\t\t\t\t\t<\/div>\n\t\t<\/div>\n\t\t\t\t<div class=\"elementor-column elementor-col-33 elementor-inner-column elementor-element elementor-element-67e68ff\" data-id=\"67e68ff\" data-element_type=\"column\" data-settings=\"{&quot;background_background&quot;:&quot;classic&quot;}\">\n\t\t\t<div class=\"elementor-widget-wrap elementor-element-populated\">\n\t\t\t\t\t\t<div class=\"elementor-element elementor-element-4aee88b elementor-widget elementor-widget-image\" data-id=\"4aee88b\" data-element_type=\"widget\" data-widget_type=\"image.default\">\n\t\t\t\t\t\t\t\t\t\t\t\t\t\t\t<img decoding=\"async\" width=\"1024\" height=\"1024\" src=\"https:\/\/emadrid.com\/wp-content\/uploads\/2023\/04\/6f36cbea-d0aa-11ea-bf03-06551cb39bc6-1024x1024.webp?wsr\" class=\"attachment-large size-large wp-image-8129\" alt=\"\" srcset=\"https:\/\/emadrid.com\/wp-content\/uploads\/2023\/04\/6f36cbea-d0aa-11ea-bf03-06551cb39bc6-1024x1024.webp 1024w, https:\/\/emadrid.com\/wp-content\/uploads\/2023\/04\/6f36cbea-d0aa-11ea-bf03-06551cb39bc6-300x300.webp 300w, https:\/\/emadrid.com\/wp-content\/uploads\/2023\/04\/6f36cbea-d0aa-11ea-bf03-06551cb39bc6-150x150.webp 150w, https:\/\/emadrid.com\/wp-content\/uploads\/2023\/04\/6f36cbea-d0aa-11ea-bf03-06551cb39bc6-768x768.webp 768w, https:\/\/emadrid.com\/wp-content\/uploads\/2023\/04\/6f36cbea-d0aa-11ea-bf03-06551cb39bc6.webp 1200w\" sizes=\"(max-width: 1024px) 100vw, 1024px\" \/>\t\t\t\t\t\t\t\t\t\t\t\t\t\t\t<\/div>\n\t\t\t\t<div class=\"elementor-element elementor-element-8dff674 elementor-widget elementor-widget-heading\" data-id=\"8dff674\" data-element_type=\"widget\" data-widget_type=\"heading.default\">\n\t\t\t\t\t<h4 class=\"elementor-heading-title elementor-size-default\">Pipa&amp;Co Salamanca, Grupo Larrumba : menu fusion dans le centre de Madrid<\/h4>\t\t\t\t<\/div>\n\t\t\t\t<div class=\"elementor-element elementor-element-375563e elementor-widget elementor-widget-text-editor\" data-id=\"375563e\" data-element_type=\"widget\" data-widget_type=\"text-editor.default\">\n\t\t\t\t\t\t\t\t\t<p>Un menu d\u00e9licieux et complet avec entr\u00e9e, plat et dessert, bas\u00e9 sur des produits du march\u00e9 de haute qualit\u00e9. Un grand restaurant avec un jardin climatis\u00e9 unique \u00e0 Madrid<\/p>\n\t\t\t\t\t\t\t\t<\/div>\n\t\t\t\t<div class=\"elementor-element elementor-element-daf992c elementor-align-left elementor-widget elementor-widget-button\" data-id=\"daf992c\" data-element_type=\"widget\" data-widget_type=\"button.default\">\n\t\t\t\t\t\t\t\t\t\t<a class=\"elementor-button elementor-button-link elementor-size-sm elementor-animation-skew\" href=\"https:\/\/fever.pxf.io\/c\/4039372\/1396783\/16345?prodsku=90162&#038;u=https%3A%2F%2Ffeverup.com%2Fm%2F90162&#038;intsrc=PUI2_10347\" target=\"_blank\">\n\t\t\t\t\t\t<span class=\"elementor-button-content-wrapper\">\n\t\t\t\t\t\t\t\t\t<span class=\"elementor-button-text\">Acheter un billet<\/span>\n\t\t\t\t\t<\/span>\n\t\t\t\t\t<\/a>\n\t\t\t\t\t\t\t\t<\/div>\n\t\t\t\t\t<\/div>\n\t\t<\/div>\n\t\t\t\t\t<\/div>\n\t\t<\/section>\n\t\t\t\t\t<\/div>\n\t\t<\/div>\n\t\t\t\t\t<\/div>\n\t\t<\/section>\n\t\t\t\t<\/div>\n\t\t","protected":false},"excerpt":{"rendered":"<p>Voir plus de terrasses et de toits \u00e0 Madrid Botania, Grupo Larrumba : menu sur la Plaza de Espa\u00f1a Un menu fusion complet et d\u00e9licieux. Le restaurant branch\u00e9 de la Plaza de Espa\u00f1a \u00e0 ne pas manquer. Un bon plan pour profiter de la meilleure gastronomie avec le groupe Larrumba \u00e0 Madrid. Acheter un billet [&hellip;]<\/p>\n","protected":false},"author":4,"featured_media":0,"parent":8544,"menu_order":0,"comment_status":"closed","ping_status":"closed","template":"","meta":{"site-sidebar-layout":"no-sidebar","site-content-layout":"page-builder","ast-site-content-layout":"default","site-content-style":"default","site-sidebar-style":"default","ast-global-header-display":"","ast-banner-title-visibility":"","ast-main-header-display":"","ast-hfb-above-header-display":"","ast-hfb-below-header-display":"","ast-hfb-mobile-header-display":"","site-post-title":"disabled","ast-breadcrumbs-content":"","ast-featured-img":"disabled","footer-sml-layout":"","theme-transparent-header-meta":"","adv-header-id-meta":"","stick-header-meta":"","header-above-stick-meta":"","header-main-stick-meta":"","header-below-stick-meta":"","astra-migrate-meta-layouts":"default","ast-page-background-enabled":"default","ast-page-background-meta":{"desktop":{"background-color":"var(--ast-global-color-4)","background-image":"","background-repeat":"repeat","background-position":"center center","background-size":"auto","background-attachment":"scroll","background-type":"","background-media":"","overlay-type":"","overlay-color":"","overlay-opacity":"","overlay-gradient":""},"tablet":{"background-color":"","background-image":"","background-repeat":"repeat","background-position":"center center","background-size":"auto","background-attachment":"scroll","background-type":"","background-media":"","overlay-type":"","overlay-color":"","overlay-opacity":"","overlay-gradient":""},"mobile":{"background-color":"","background-image":"","background-repeat":"repeat","background-position":"center center","background-size":"auto","background-attachment":"scroll","background-type":"","background-media":"","overlay-type":"","overlay-color":"","overlay-opacity":"","overlay-gradient":""}},"ast-content-background-meta":{"desktop":{"background-color":"var(--ast-global-color-5)","background-image":"","background-repeat":"repeat","background-position":"center center","background-size":"auto","background-attachment":"scroll","background-type":"","background-media":"","overlay-type":"","overlay-color":"","overlay-opacity":"","overlay-gradient":""},"tablet":{"background-color":"var(--ast-global-color-5)","background-image":"","background-repeat":"repeat","background-position":"center center","background-size":"auto","background-attachment":"scroll","background-type":"","background-media":"","overlay-type":"","overlay-color":"","overlay-opacity":"","overlay-gradient":""},"mobile":{"background-color":"var(--ast-global-color-5)","background-image":"","background-repeat":"repeat","background-position":"center center","background-size":"auto","background-attachment":"scroll","background-type":"","background-media":"","overlay-type":"","overlay-color":"","overlay-opacity":"","overlay-gradient":""}},"footnotes":""},"class_list":["post-9222","page","type-page","status-publish","hentry"],"yoast_head":"<!-- This site is optimized with the Yoast SEO plugin v26.4 - https:\/\/yoast.com\/wordpress\/plugins\/seo\/ -->\n<title>Terrasses et toits - eMadrid.com<\/title>\n<meta name=\"robots\" content=\"index, follow, max-snippet:-1, max-image-preview:large, max-video-preview:-1\" \/>\n<link rel=\"canonical\" href=\"https:\/\/emadrid.com\/fr\/billets-et-tickets-madrid\/terrasses-et-toits\/\" \/>\n<meta property=\"og:locale\" content=\"fr_FR\" \/>\n<meta property=\"og:type\" content=\"article\" \/>\n<meta property=\"og:title\" content=\"Terrasses et toits - eMadrid.com\" \/>\n<meta property=\"og:description\" content=\"Voir plus de terrasses et de toits \u00e0 Madrid Botania, Grupo Larrumba : menu sur la Plaza de Espa\u00f1a Un menu fusion complet et d\u00e9licieux. Le restaurant branch\u00e9 de la Plaza de Espa\u00f1a \u00e0 ne pas manquer. Un bon plan pour profiter de la meilleure gastronomie avec le groupe Larrumba \u00e0 Madrid. Acheter un billet [&hellip;]\" \/>\n<meta property=\"og:url\" content=\"https:\/\/emadrid.com\/fr\/billets-et-tickets-madrid\/terrasses-et-toits\/\" \/>\n<meta property=\"og:site_name\" content=\"eMadrid.com\" \/>\n<meta property=\"article:modified_time\" content=\"2023-04-21T17:02:29+00:00\" \/>\n<meta property=\"og:image\" content=\"https:\/\/emadrid.com\/wp-content\/uploads\/2023\/04\/15ce6ec2-e115-11e8-a5f5-067dfd978c4d.webp\" \/>\n<meta name=\"twitter:card\" content=\"summary_large_image\" \/>\n<meta name=\"twitter:label1\" content=\"Dur\u00e9e de lecture estim\u00e9e\" \/>\n\t<meta name=\"twitter:data1\" content=\"1 minute\" \/>\n<script type=\"application\/ld+json\" class=\"yoast-schema-graph\">{\"@context\":\"https:\/\/schema.org\",\"@graph\":[{\"@type\":\"WebPage\",\"@id\":\"https:\/\/emadrid.com\/fr\/billets-et-tickets-madrid\/terrasses-et-toits\/\",\"url\":\"https:\/\/emadrid.com\/fr\/billets-et-tickets-madrid\/terrasses-et-toits\/\",\"name\":\"Terrasses et toits - eMadrid.com\",\"isPartOf\":{\"@id\":\"https:\/\/emadrid.com\/fr\/#website\"},\"primaryImageOfPage\":{\"@id\":\"https:\/\/emadrid.com\/fr\/billets-et-tickets-madrid\/terrasses-et-toits\/#primaryimage\"},\"image\":{\"@id\":\"https:\/\/emadrid.com\/fr\/billets-et-tickets-madrid\/terrasses-et-toits\/#primaryimage\"},\"thumbnailUrl\":\"https:\/\/emadrid.com\/wp-content\/uploads\/2023\/04\/15ce6ec2-e115-11e8-a5f5-067dfd978c4d.webp\",\"datePublished\":\"2023-03-09T19:36:02+00:00\",\"dateModified\":\"2023-04-21T17:02:29+00:00\",\"breadcrumb\":{\"@id\":\"https:\/\/emadrid.com\/fr\/billets-et-tickets-madrid\/terrasses-et-toits\/#breadcrumb\"},\"inLanguage\":\"fr-FR\",\"potentialAction\":[{\"@type\":\"ReadAction\",\"target\":[\"https:\/\/emadrid.com\/fr\/billets-et-tickets-madrid\/terrasses-et-toits\/\"]}]},{\"@type\":\"ImageObject\",\"inLanguage\":\"fr-FR\",\"@id\":\"https:\/\/emadrid.com\/fr\/billets-et-tickets-madrid\/terrasses-et-toits\/#primaryimage\",\"url\":\"https:\/\/emadrid.com\/wp-content\/uploads\/2023\/04\/15ce6ec2-e115-11e8-a5f5-067dfd978c4d.webp\",\"contentUrl\":\"https:\/\/emadrid.com\/wp-content\/uploads\/2023\/04\/15ce6ec2-e115-11e8-a5f5-067dfd978c4d.webp\"},{\"@type\":\"BreadcrumbList\",\"@id\":\"https:\/\/emadrid.com\/fr\/billets-et-tickets-madrid\/terrasses-et-toits\/#breadcrumb\",\"itemListElement\":[{\"@type\":\"ListItem\",\"position\":1,\"name\":\"Portada\",\"item\":\"https:\/\/emadrid.com\/fr\/\"},{\"@type\":\"ListItem\",\"position\":2,\"name\":\"Billets et tickets Madrid\",\"item\":\"https:\/\/emadrid.com\/fr\/entradas-y-tickets-de-madrid\/\"},{\"@type\":\"ListItem\",\"position\":3,\"name\":\"Terrasses et toits\"}]},{\"@type\":\"WebSite\",\"@id\":\"https:\/\/emadrid.com\/fr\/#website\",\"url\":\"https:\/\/emadrid.com\/fr\/\",\"name\":\"eMadrid.com\",\"description\":\"Las mejores Ofertas en Madrid. Hoteles, Espect\u00e1culos, Actividades y mucho m\u00e1s.\",\"publisher\":{\"@id\":\"https:\/\/emadrid.com\/fr\/#organization\"},\"potentialAction\":[{\"@type\":\"SearchAction\",\"target\":{\"@type\":\"EntryPoint\",\"urlTemplate\":\"https:\/\/emadrid.com\/fr\/?s={search_term_string}\"},\"query-input\":{\"@type\":\"PropertyValueSpecification\",\"valueRequired\":true,\"valueName\":\"search_term_string\"}}],\"inLanguage\":\"fr-FR\"},{\"@type\":\"Organization\",\"@id\":\"https:\/\/emadrid.com\/fr\/#organization\",\"name\":\"eMadrid.com\",\"url\":\"https:\/\/emadrid.com\/fr\/\",\"logo\":{\"@type\":\"ImageObject\",\"inLanguage\":\"fr-FR\",\"@id\":\"https:\/\/emadrid.com\/fr\/#\/schema\/logo\/image\/\",\"url\":\"https:\/\/emadrid.com\/wp-content\/uploads\/2025\/01\/Logo-horizontal-250px.png?wsr\",\"contentUrl\":\"https:\/\/emadrid.com\/wp-content\/uploads\/2025\/01\/Logo-horizontal-250px.png?wsr\",\"width\":251,\"height\":35,\"caption\":\"eMadrid.com\"},\"image\":{\"@id\":\"https:\/\/emadrid.com\/fr\/#\/schema\/logo\/image\/\"}}]}<\/script>\n<!-- \/ Yoast SEO plugin. -->","yoast_head_json":{"title":"Terrasses et toits - eMadrid.com","robots":{"index":"index","follow":"follow","max-snippet":"max-snippet:-1","max-image-preview":"max-image-preview:large","max-video-preview":"max-video-preview:-1"},"canonical":"https:\/\/emadrid.com\/fr\/billets-et-tickets-madrid\/terrasses-et-toits\/","og_locale":"fr_FR","og_type":"article","og_title":"Terrasses et toits - eMadrid.com","og_description":"Voir plus de terrasses et de toits \u00e0 Madrid Botania, Grupo Larrumba : menu sur la Plaza de Espa\u00f1a Un menu fusion complet et d\u00e9licieux. Le restaurant branch\u00e9 de la Plaza de Espa\u00f1a \u00e0 ne pas manquer. Un bon plan pour profiter de la meilleure gastronomie avec le groupe Larrumba \u00e0 Madrid. Acheter un billet [&hellip;]","og_url":"https:\/\/emadrid.com\/fr\/billets-et-tickets-madrid\/terrasses-et-toits\/","og_site_name":"eMadrid.com","article_modified_time":"2023-04-21T17:02:29+00:00","og_image":[{"url":"https:\/\/emadrid.com\/wp-content\/uploads\/2023\/04\/15ce6ec2-e115-11e8-a5f5-067dfd978c4d.webp","type":"","width":"","height":""}],"twitter_card":"summary_large_image","twitter_misc":{"Dur\u00e9e de lecture estim\u00e9e":"1 minute"},"schema":{"@context":"https:\/\/schema.org","@graph":[{"@type":"WebPage","@id":"https:\/\/emadrid.com\/fr\/billets-et-tickets-madrid\/terrasses-et-toits\/","url":"https:\/\/emadrid.com\/fr\/billets-et-tickets-madrid\/terrasses-et-toits\/","name":"Terrasses et toits - eMadrid.com","isPartOf":{"@id":"https:\/\/emadrid.com\/fr\/#website"},"primaryImageOfPage":{"@id":"https:\/\/emadrid.com\/fr\/billets-et-tickets-madrid\/terrasses-et-toits\/#primaryimage"},"image":{"@id":"https:\/\/emadrid.com\/fr\/billets-et-tickets-madrid\/terrasses-et-toits\/#primaryimage"},"thumbnailUrl":"https:\/\/emadrid.com\/wp-content\/uploads\/2023\/04\/15ce6ec2-e115-11e8-a5f5-067dfd978c4d.webp","datePublished":"2023-03-09T19:36:02+00:00","dateModified":"2023-04-21T17:02:29+00:00","breadcrumb":{"@id":"https:\/\/emadrid.com\/fr\/billets-et-tickets-madrid\/terrasses-et-toits\/#breadcrumb"},"inLanguage":"fr-FR","potentialAction":[{"@type":"ReadAction","target":["https:\/\/emadrid.com\/fr\/billets-et-tickets-madrid\/terrasses-et-toits\/"]}]},{"@type":"ImageObject","inLanguage":"fr-FR","@id":"https:\/\/emadrid.com\/fr\/billets-et-tickets-madrid\/terrasses-et-toits\/#primaryimage","url":"https:\/\/emadrid.com\/wp-content\/uploads\/2023\/04\/15ce6ec2-e115-11e8-a5f5-067dfd978c4d.webp","contentUrl":"https:\/\/emadrid.com\/wp-content\/uploads\/2023\/04\/15ce6ec2-e115-11e8-a5f5-067dfd978c4d.webp"},{"@type":"BreadcrumbList","@id":"https:\/\/emadrid.com\/fr\/billets-et-tickets-madrid\/terrasses-et-toits\/#breadcrumb","itemListElement":[{"@type":"ListItem","position":1,"name":"Portada","item":"https:\/\/emadrid.com\/fr\/"},{"@type":"ListItem","position":2,"name":"Billets et tickets Madrid","item":"https:\/\/emadrid.com\/fr\/entradas-y-tickets-de-madrid\/"},{"@type":"ListItem","position":3,"name":"Terrasses et toits"}]},{"@type":"WebSite","@id":"https:\/\/emadrid.com\/fr\/#website","url":"https:\/\/emadrid.com\/fr\/","name":"eMadrid.com","description":"Las mejores Ofertas en Madrid. Hoteles, Espect\u00e1culos, Actividades y mucho m\u00e1s.","publisher":{"@id":"https:\/\/emadrid.com\/fr\/#organization"},"potentialAction":[{"@type":"SearchAction","target":{"@type":"EntryPoint","urlTemplate":"https:\/\/emadrid.com\/fr\/?s={search_term_string}"},"query-input":{"@type":"PropertyValueSpecification","valueRequired":true,"valueName":"search_term_string"}}],"inLanguage":"fr-FR"},{"@type":"Organization","@id":"https:\/\/emadrid.com\/fr\/#organization","name":"eMadrid.com","url":"https:\/\/emadrid.com\/fr\/","logo":{"@type":"ImageObject","inLanguage":"fr-FR","@id":"https:\/\/emadrid.com\/fr\/#\/schema\/logo\/image\/","url":"https:\/\/emadrid.com\/wp-content\/uploads\/2025\/01\/Logo-horizontal-250px.png?wsr","contentUrl":"https:\/\/emadrid.com\/wp-content\/uploads\/2025\/01\/Logo-horizontal-250px.png?wsr","width":251,"height":35,"caption":"eMadrid.com"},"image":{"@id":"https:\/\/emadrid.com\/fr\/#\/schema\/logo\/image\/"}}]}},"_links":{"self":[{"href":"https:\/\/emadrid.com\/fr\/wp-json\/wp\/v2\/pages\/9222","targetHints":{"allow":["GET"]}}],"collection":[{"href":"https:\/\/emadrid.com\/fr\/wp-json\/wp\/v2\/pages"}],"about":[{"href":"https:\/\/emadrid.com\/fr\/wp-json\/wp\/v2\/types\/page"}],"author":[{"embeddable":true,"href":"https:\/\/emadrid.com\/fr\/wp-json\/wp\/v2\/users\/4"}],"replies":[{"embeddable":true,"href":"https:\/\/emadrid.com\/fr\/wp-json\/wp\/v2\/comments?post=9222"}],"version-history":[{"count":3,"href":"https:\/\/emadrid.com\/fr\/wp-json\/wp\/v2\/pages\/9222\/revisions"}],"predecessor-version":[{"id":9296,"href":"https:\/\/emadrid.com\/fr\/wp-json\/wp\/v2\/pages\/9222\/revisions\/9296"}],"up":[{"embeddable":true,"href":"https:\/\/emadrid.com\/fr\/wp-json\/wp\/v2\/pages\/8544"}],"wp:attachment":[{"href":"https:\/\/emadrid.com\/fr\/wp-json\/wp\/v2\/media?parent=9222"}],"curies":[{"name":"wp","href":"https:\/\/api.w.org\/{rel}","templated":true}]}}