{"id":9230,"date":"2023-03-09T19:37:41","date_gmt":"2023-03-09T18:37:41","guid":{"rendered":"https:\/\/bookingmadrid.com\/billets-et-tickets-madrid\/activites-et-jeux\/"},"modified":"2023-04-21T17:04:55","modified_gmt":"2023-04-21T17:04:55","slug":"activites-et-jeux","status":"publish","type":"page","link":"https:\/\/emadrid.com\/fr\/billets-et-tickets-madrid\/activites-et-jeux\/","title":{"rendered":"Activit\u00e9s et jeux"},"content":{"rendered":"\t\t<div data-elementor-type=\"wp-page\" data-elementor-id=\"9230\" class=\"elementor elementor-9230 elementor-1628\" data-elementor-post-type=\"page\">\n\t\t\t\t\t\t<section class=\"elementor-section elementor-top-section elementor-element elementor-element-fabd6d7 elementor-section-height-min-height elementor-section-items-bottom elementor-section-boxed elementor-section-height-default\" data-id=\"fabd6d7\" data-element_type=\"section\" data-settings=\"{&quot;background_background&quot;:&quot;classic&quot;}\">\n\t\t\t\t\t\t\t<div class=\"elementor-background-overlay\"><\/div>\n\t\t\t\t\t\t\t<div class=\"elementor-container elementor-column-gap-default\">\n\t\t\t\t\t<div class=\"elementor-column elementor-col-100 elementor-top-column elementor-element elementor-element-15359be\" data-id=\"15359be\" data-element_type=\"column\">\n\t\t\t<div class=\"elementor-widget-wrap elementor-element-populated\">\n\t\t\t\t\t\t<div class=\"elementor-element elementor-element-cc8a1a4 elementor-widget elementor-widget-heading\" data-id=\"cc8a1a4\" data-element_type=\"widget\" data-widget_type=\"heading.default\">\n\t\t\t\t\t<h1 class=\"elementor-heading-title elementor-size-default\">Entradas<\/h1>\t\t\t\t<\/div>\n\t\t\t\t\t<\/div>\n\t\t<\/div>\n\t\t\t\t\t<\/div>\n\t\t<\/section>\n\t\t<div class=\"elementor-element elementor-element-8d81284 e-flex e-con-boxed e-con e-parent\" data-id=\"8d81284\" data-element_type=\"container\">\n\t\t\t\t\t<div class=\"e-con-inner\">\n\t\t\t\t<div class=\"elementor-element elementor-element-8e25eac elementor-widget elementor-widget-text-editor\" data-id=\"8e25eac\" data-element_type=\"widget\" data-widget_type=\"text-editor.default\">\n\t\t\t\t\t\t\t\t\t<p>Lorem ipsum dolor sit amet, consectetur adipiscing elit. Ut elit tellus, luctus nec ullamcorper mattis, pulvinar dapibus leo.<\/p>\t\t\t\t\t\t\t\t<\/div>\n\t\t\t\t<div class=\"elementor-element elementor-element-b5c979c elementor-mobile-align-left elementor-widget elementor-widget-button\" data-id=\"b5c979c\" data-element_type=\"widget\" data-widget_type=\"button.default\">\n\t\t\t\t\t\t\t\t\t\t<a class=\"elementor-button elementor-button-link elementor-size-sm elementor-animation-skew\" href=\"https:\/\/fever.pxf.io\/jrra1b\" target=\"_blank\">\n\t\t\t\t\t\t<span class=\"elementor-button-content-wrapper\">\n\t\t\t\t\t\t\t\t\t<span class=\"elementor-button-text\">Voir plus d'activit\u00e9s et de jeux \u00e0 Madrid <\/span>\n\t\t\t\t\t<\/span>\n\t\t\t\t\t<\/a>\n\t\t\t\t\t\t\t\t<\/div>\n\t\t\t\t\t<\/div>\n\t\t\t\t<\/div>\n\t\t\t\t<section class=\"elementor-section elementor-top-section elementor-element elementor-element-d9445b9 elementor-section-boxed elementor-section-height-default elementor-section-height-default\" data-id=\"d9445b9\" data-element_type=\"section\">\n\t\t\t\t\t\t<div class=\"elementor-container elementor-column-gap-default\">\n\t\t\t\t\t<div class=\"elementor-column elementor-col-100 elementor-top-column elementor-element elementor-element-5462c22\" data-id=\"5462c22\" data-element_type=\"column\">\n\t\t\t<div class=\"elementor-widget-wrap elementor-element-populated\">\n\t\t\t\t\t\t<section class=\"elementor-section elementor-inner-section elementor-element elementor-element-cba2088 elementor-section-boxed elementor-section-height-default elementor-section-height-default\" data-id=\"cba2088\" data-element_type=\"section\">\n\t\t\t\t\t\t<div class=\"elementor-container elementor-column-gap-default\">\n\t\t\t\t\t<div class=\"elementor-column elementor-col-33 elementor-inner-column elementor-element elementor-element-c41684b\" data-id=\"c41684b\" data-element_type=\"column\" data-settings=\"{&quot;background_background&quot;:&quot;classic&quot;}\">\n\t\t\t<div class=\"elementor-widget-wrap elementor-element-populated\">\n\t\t\t\t\t\t<div class=\"elementor-element elementor-element-abe1394 elementor-widget elementor-widget-image\" data-id=\"abe1394\" data-element_type=\"widget\" data-widget_type=\"image.default\">\n\t\t\t\t\t\t\t\t\t\t\t\t\t\t\t<img fetchpriority=\"high\" decoding=\"async\" width=\"1024\" height=\"1024\" src=\"https:\/\/emadrid.com\/wp-content\/uploads\/2023\/04\/0dafb85f-ba48-11eb-9522-06551cb39bc6-1024x1024.webp?wsr\" class=\"attachment-large size-large wp-image-8169\" alt=\"\" srcset=\"https:\/\/emadrid.com\/wp-content\/uploads\/2023\/04\/0dafb85f-ba48-11eb-9522-06551cb39bc6-1024x1024.webp 1024w, https:\/\/emadrid.com\/wp-content\/uploads\/2023\/04\/0dafb85f-ba48-11eb-9522-06551cb39bc6-300x300.webp 300w, https:\/\/emadrid.com\/wp-content\/uploads\/2023\/04\/0dafb85f-ba48-11eb-9522-06551cb39bc6-150x150.webp 150w, https:\/\/emadrid.com\/wp-content\/uploads\/2023\/04\/0dafb85f-ba48-11eb-9522-06551cb39bc6-768x768.webp 768w, https:\/\/emadrid.com\/wp-content\/uploads\/2023\/04\/0dafb85f-ba48-11eb-9522-06551cb39bc6.webp 1200w\" sizes=\"(max-width: 1024px) 100vw, 1024px\" \/>\t\t\t\t\t\t\t\t\t\t\t\t\t\t\t<\/div>\n\t\t\t\t<div class=\"elementor-element elementor-element-8319d5d elementor-widget elementor-widget-heading\" data-id=\"8319d5d\" data-element_type=\"widget\" data-widget_type=\"heading.default\">\n\t\t\t\t\t<h4 class=\"elementor-heading-title elementor-size-default\">CityPlay : bowling, minigolf et simulateur VIP<\/h4>\t\t\t\t<\/div>\n\t\t\t\t<div class=\"elementor-element elementor-element-1d6edc6 elementor-widget elementor-widget-text-editor\" data-id=\"1d6edc6\" data-element_type=\"widget\" data-widget_type=\"text-editor.default\">\n\t\t\t\t\t\t\t\t\t<p> Exp\u00e9rience pour minimum 2 personnes Ce que vous allez appr\u00e9cier. Un bowling ultramoderne dot\u00e9 d&rsquo;un \u00e9clairage spectaculaire. Terrain de golf miniature de 18 trous \u00e0 l&rsquo;esth\u00e9tique impressionnante. Est\u00e9ticamente impresionante campo de minigolf de 18 hoyos.<\/p>\n\t\t\t\t\t\t\t\t<\/div>\n\t\t\t\t<div class=\"elementor-element elementor-element-7642c5d elementor-align-left elementor-widget elementor-widget-button\" data-id=\"7642c5d\" data-element_type=\"widget\" data-widget_type=\"button.default\">\n\t\t\t\t\t\t\t\t\t\t<a class=\"elementor-button elementor-button-link elementor-size-sm elementor-animation-skew\" href=\"https:\/\/fever.pxf.io\/c\/4039372\/1396783\/16345?prodsku=99005&#038;u=https%3A%2F%2Ffeverup.com%2Fm%2F99005&#038;intsrc=PUI2_10347\" target=\"_blank\">\n\t\t\t\t\t\t<span class=\"elementor-button-content-wrapper\">\n\t\t\t\t\t\t\t\t\t<span class=\"elementor-button-text\">Acheter un billet<\/span>\n\t\t\t\t\t<\/span>\n\t\t\t\t\t<\/a>\n\t\t\t\t\t\t\t\t<\/div>\n\t\t\t\t\t<\/div>\n\t\t<\/div>\n\t\t\t\t<div class=\"elementor-column elementor-col-33 elementor-inner-column elementor-element elementor-element-ca37df4\" data-id=\"ca37df4\" data-element_type=\"column\" data-settings=\"{&quot;background_background&quot;:&quot;classic&quot;}\">\n\t\t\t<div class=\"elementor-widget-wrap elementor-element-populated\">\n\t\t\t\t\t\t<div class=\"elementor-element elementor-element-5d4e69c elementor-widget elementor-widget-image\" data-id=\"5d4e69c\" data-element_type=\"widget\" data-widget_type=\"image.default\">\n\t\t\t\t\t\t\t\t\t\t\t\t\t\t\t<img decoding=\"async\" width=\"1024\" height=\"1024\" src=\"https:\/\/emadrid.com\/wp-content\/uploads\/2023\/04\/f28e9c38-8b4d-11ed-84b4-62ac6f726102-1024x1024.webp?wsr\" class=\"attachment-large size-large wp-image-8173\" alt=\"\" srcset=\"https:\/\/emadrid.com\/wp-content\/uploads\/2023\/04\/f28e9c38-8b4d-11ed-84b4-62ac6f726102-1024x1024.webp 1024w, https:\/\/emadrid.com\/wp-content\/uploads\/2023\/04\/f28e9c38-8b4d-11ed-84b4-62ac6f726102-300x300.webp 300w, https:\/\/emadrid.com\/wp-content\/uploads\/2023\/04\/f28e9c38-8b4d-11ed-84b4-62ac6f726102-150x150.webp 150w, https:\/\/emadrid.com\/wp-content\/uploads\/2023\/04\/f28e9c38-8b4d-11ed-84b4-62ac6f726102-768x768.webp 768w, https:\/\/emadrid.com\/wp-content\/uploads\/2023\/04\/f28e9c38-8b4d-11ed-84b4-62ac6f726102.webp 1200w\" sizes=\"(max-width: 1024px) 100vw, 1024px\" \/>\t\t\t\t\t\t\t\t\t\t\t\t\t\t\t<\/div>\n\t\t\t\t<div class=\"elementor-element elementor-element-f64724c elementor-widget elementor-widget-heading\" data-id=\"f64724c\" data-element_type=\"widget\" data-widget_type=\"heading.default\">\n\t\t\t\t\t<h4 class=\"elementor-heading-title elementor-size-default\">Jeu de Laser Tag \u00e0 Planet Laser Madrid<\/h4>\t\t\t\t<\/div>\n\t\t\t\t<div class=\"elementor-element elementor-element-c1a066d elementor-widget elementor-widget-text-editor\" data-id=\"c1a066d\" data-element_type=\"widget\" data-widget_type=\"text-editor.default\">\n\t\t\t\t\t\t\t\t\t<p> Une bataille laser palpitante, avec des blasters \u00e0 la pointe de la technologie. Des gilets dot\u00e9s de \u00ab\u00a0superpouvoirs\u00a0\u00bb, avec des haut-parleurs mont\u00e9s sur les \u00e9paules pour vous informer. Jusqu&rsquo;\u00e0 10 modes de jeu permettant de cr\u00e9er plus de 100 sc\u00e9narios diff\u00e9rents. <\/p>\n\t\t\t\t\t\t\t\t<\/div>\n\t\t\t\t<div class=\"elementor-element elementor-element-5a1f802 elementor-align-left elementor-widget elementor-widget-button\" data-id=\"5a1f802\" data-element_type=\"widget\" data-widget_type=\"button.default\">\n\t\t\t\t\t\t\t\t\t\t<a class=\"elementor-button elementor-button-link elementor-size-sm elementor-animation-skew\" href=\"https:\/\/fever.pxf.io\/c\/4039372\/1396783\/16345?prodsku=123823&#038;u=https%3A%2F%2Ffeverup.com%2Fm%2F123823&#038;intsrc=PUI2_10347\" target=\"_blank\">\n\t\t\t\t\t\t<span class=\"elementor-button-content-wrapper\">\n\t\t\t\t\t\t\t\t\t<span class=\"elementor-button-text\">Acheter un billet<\/span>\n\t\t\t\t\t<\/span>\n\t\t\t\t\t<\/a>\n\t\t\t\t\t\t\t\t<\/div>\n\t\t\t\t\t<\/div>\n\t\t<\/div>\n\t\t\t\t<div class=\"elementor-column elementor-col-33 elementor-inner-column elementor-element elementor-element-14d9067\" data-id=\"14d9067\" data-element_type=\"column\" data-settings=\"{&quot;background_background&quot;:&quot;classic&quot;}\">\n\t\t\t<div class=\"elementor-widget-wrap elementor-element-populated\">\n\t\t\t\t\t\t<div class=\"elementor-element elementor-element-bf17b28 elementor-widget elementor-widget-image\" data-id=\"bf17b28\" data-element_type=\"widget\" data-widget_type=\"image.default\">\n\t\t\t\t\t\t\t\t\t\t\t\t\t\t\t<img decoding=\"async\" width=\"1024\" height=\"1024\" src=\"https:\/\/emadrid.com\/wp-content\/uploads\/2023\/04\/a57e9390-708f-11ed-8b93-8aad6c169c4c-1024x1024.webp?wsr\" class=\"attachment-large size-large wp-image-8177\" alt=\"\" srcset=\"https:\/\/emadrid.com\/wp-content\/uploads\/2023\/04\/a57e9390-708f-11ed-8b93-8aad6c169c4c-1024x1024.webp 1024w, https:\/\/emadrid.com\/wp-content\/uploads\/2023\/04\/a57e9390-708f-11ed-8b93-8aad6c169c4c-300x300.webp 300w, https:\/\/emadrid.com\/wp-content\/uploads\/2023\/04\/a57e9390-708f-11ed-8b93-8aad6c169c4c-150x150.webp 150w, https:\/\/emadrid.com\/wp-content\/uploads\/2023\/04\/a57e9390-708f-11ed-8b93-8aad6c169c4c-768x768.webp 768w, https:\/\/emadrid.com\/wp-content\/uploads\/2023\/04\/a57e9390-708f-11ed-8b93-8aad6c169c4c.webp 1200w\" sizes=\"(max-width: 1024px) 100vw, 1024px\" \/>\t\t\t\t\t\t\t\t\t\t\t\t\t\t\t<\/div>\n\t\t\t\t<div class=\"elementor-element elementor-element-cdffa4c elementor-widget elementor-widget-heading\" data-id=\"cdffa4c\" data-element_type=\"widget\" data-widget_type=\"heading.default\">\n\t\t\t\t\t<h4 class=\"elementor-heading-title elementor-size-default\">Le lancer de hache : une exp\u00e9rience sauvage !<\/h4>\t\t\t\t<\/div>\n\t\t\t\t<div class=\"elementor-element elementor-element-43c2d06 elementor-widget elementor-widget-text-editor\" data-id=\"43c2d06\" data-element_type=\"widget\" data-widget_type=\"text-editor.default\">\n\t\t\t\t\t\t\t\t\t<p>Tiro de hacha en Urban Safari, Madrid. Billet pour 1, 2 ou 3 personnes Ce que vous allez appr\u00e9cier.Tir \u00e0 la hache avec diff\u00e9rentes armes : hache standard, ninja star 80 gr, zombie killer et tomahawk. Vous participerez \u00e0 des jeux et \u00e0 des d\u00e9fis amusants<\/p>\n\t\t\t\t\t\t\t\t<\/div>\n\t\t\t\t<div class=\"elementor-element elementor-element-29fc4d2 elementor-align-left elementor-widget elementor-widget-button\" data-id=\"29fc4d2\" data-element_type=\"widget\" data-widget_type=\"button.default\">\n\t\t\t\t\t\t\t\t\t\t<a class=\"elementor-button elementor-button-link elementor-size-sm elementor-animation-skew\" href=\"https:\/\/fever.pxf.io\/c\/4039372\/1396783\/16345?prodsku=122504&#038;u=https%3A%2F%2Ffeverup.com%2Fm%2F122504&#038;intsrc=PUI2_10347\" target=\"_blank\">\n\t\t\t\t\t\t<span class=\"elementor-button-content-wrapper\">\n\t\t\t\t\t\t\t\t\t<span class=\"elementor-button-text\">Acheter un billet<\/span>\n\t\t\t\t\t<\/span>\n\t\t\t\t\t<\/a>\n\t\t\t\t\t\t\t\t<\/div>\n\t\t\t\t\t<\/div>\n\t\t<\/div>\n\t\t\t\t\t<\/div>\n\t\t<\/section>\n\t\t\t\t\t<\/div>\n\t\t<\/div>\n\t\t\t\t\t<\/div>\n\t\t<\/section>\n\t\t\t\t<\/div>\n\t\t","protected":false},"excerpt":{"rendered":"<p>Voir plus d&rsquo;activit\u00e9s et de jeux \u00e0 Madrid CityPlay : bowling, minigolf et simulateur VIP Exp\u00e9rience pour minimum 2 personnes Ce que vous allez appr\u00e9cier. Un bowling ultramoderne dot\u00e9 d&rsquo;un \u00e9clairage spectaculaire. Terrain de golf miniature de 18 trous \u00e0 l&rsquo;esth\u00e9tique impressionnante. Est\u00e9ticamente impresionante campo de minigolf de 18 hoyos. Acheter un billet Jeu de [&hellip;]<\/p>\n","protected":false},"author":4,"featured_media":0,"parent":8544,"menu_order":0,"comment_status":"closed","ping_status":"closed","template":"","meta":{"site-sidebar-layout":"no-sidebar","site-content-layout":"page-builder","ast-site-content-layout":"full-width-container","site-content-style":"unboxed","site-sidebar-style":"unboxed","ast-global-header-display":"","ast-banner-title-visibility":"","ast-main-header-display":"","ast-hfb-above-header-display":"","ast-hfb-below-header-display":"","ast-hfb-mobile-header-display":"","site-post-title":"disabled","ast-breadcrumbs-content":"","ast-featured-img":"disabled","footer-sml-layout":"","theme-transparent-header-meta":"","adv-header-id-meta":"","stick-header-meta":"","header-above-stick-meta":"","header-main-stick-meta":"","header-below-stick-meta":"","astra-migrate-meta-layouts":"default","ast-page-background-enabled":"default","ast-page-background-meta":{"desktop":{"background-color":"var(--ast-global-color-4)","background-image":"","background-repeat":"repeat","background-position":"center center","background-size":"auto","background-attachment":"scroll","background-type":"","background-media":"","overlay-type":"","overlay-color":"","overlay-opacity":"","overlay-gradient":""},"tablet":{"background-color":"","background-image":"","background-repeat":"repeat","background-position":"center center","background-size":"auto","background-attachment":"scroll","background-type":"","background-media":"","overlay-type":"","overlay-color":"","overlay-opacity":"","overlay-gradient":""},"mobile":{"background-color":"","background-image":"","background-repeat":"repeat","background-position":"center center","background-size":"auto","background-attachment":"scroll","background-type":"","background-media":"","overlay-type":"","overlay-color":"","overlay-opacity":"","overlay-gradient":""}},"ast-content-background-meta":{"desktop":{"background-color":"var(--ast-global-color-5)","background-image":"","background-repeat":"repeat","background-position":"center center","background-size":"auto","background-attachment":"scroll","background-type":"","background-media":"","overlay-type":"","overlay-color":"","overlay-opacity":"","overlay-gradient":""},"tablet":{"background-color":"var(--ast-global-color-5)","background-image":"","background-repeat":"repeat","background-position":"center center","background-size":"auto","background-attachment":"scroll","background-type":"","background-media":"","overlay-type":"","overlay-color":"","overlay-opacity":"","overlay-gradient":""},"mobile":{"background-color":"var(--ast-global-color-5)","background-image":"","background-repeat":"repeat","background-position":"center center","background-size":"auto","background-attachment":"scroll","background-type":"","background-media":"","overlay-type":"","overlay-color":"","overlay-opacity":"","overlay-gradient":""}},"footnotes":""},"class_list":["post-9230","page","type-page","status-publish","hentry"],"yoast_head":"<!-- This site is optimized with the Yoast SEO plugin v26.4 - https:\/\/yoast.com\/wordpress\/plugins\/seo\/ -->\n<title>Activit\u00e9s et jeux - eMadrid.com<\/title>\n<meta name=\"robots\" content=\"index, follow, max-snippet:-1, max-image-preview:large, max-video-preview:-1\" \/>\n<link rel=\"canonical\" href=\"https:\/\/emadrid.com\/fr\/billets-et-tickets-madrid\/activites-et-jeux\/\" \/>\n<meta property=\"og:locale\" content=\"fr_FR\" \/>\n<meta property=\"og:type\" content=\"article\" \/>\n<meta property=\"og:title\" content=\"Activit\u00e9s et jeux - eMadrid.com\" \/>\n<meta property=\"og:description\" content=\"Voir plus d&rsquo;activit\u00e9s et de jeux \u00e0 Madrid CityPlay : bowling, minigolf et simulateur VIP Exp\u00e9rience pour minimum 2 personnes Ce que vous allez appr\u00e9cier. Un bowling ultramoderne dot\u00e9 d&rsquo;un \u00e9clairage spectaculaire. Terrain de golf miniature de 18 trous \u00e0 l&rsquo;esth\u00e9tique impressionnante. Est\u00e9ticamente impresionante campo de minigolf de 18 hoyos. Acheter un billet Jeu de [&hellip;]\" \/>\n<meta property=\"og:url\" content=\"https:\/\/emadrid.com\/fr\/billets-et-tickets-madrid\/activites-et-jeux\/\" \/>\n<meta property=\"og:site_name\" content=\"eMadrid.com\" \/>\n<meta property=\"article:modified_time\" content=\"2023-04-21T17:04:55+00:00\" \/>\n<meta property=\"og:image\" content=\"https:\/\/emadrid.com\/wp-content\/uploads\/2023\/04\/0dafb85f-ba48-11eb-9522-06551cb39bc6-1024x1024.webp\" \/>\n<meta name=\"twitter:card\" content=\"summary_large_image\" \/>\n<meta name=\"twitter:label1\" content=\"Dur\u00e9e de lecture estim\u00e9e\" \/>\n\t<meta name=\"twitter:data1\" content=\"1 minute\" \/>\n<script type=\"application\/ld+json\" class=\"yoast-schema-graph\">{\"@context\":\"https:\/\/schema.org\",\"@graph\":[{\"@type\":\"WebPage\",\"@id\":\"https:\/\/emadrid.com\/fr\/billets-et-tickets-madrid\/activites-et-jeux\/\",\"url\":\"https:\/\/emadrid.com\/fr\/billets-et-tickets-madrid\/activites-et-jeux\/\",\"name\":\"Activit\u00e9s et jeux - eMadrid.com\",\"isPartOf\":{\"@id\":\"https:\/\/emadrid.com\/fr\/#website\"},\"primaryImageOfPage\":{\"@id\":\"https:\/\/emadrid.com\/fr\/billets-et-tickets-madrid\/activites-et-jeux\/#primaryimage\"},\"image\":{\"@id\":\"https:\/\/emadrid.com\/fr\/billets-et-tickets-madrid\/activites-et-jeux\/#primaryimage\"},\"thumbnailUrl\":\"https:\/\/emadrid.com\/wp-content\/uploads\/2023\/04\/0dafb85f-ba48-11eb-9522-06551cb39bc6-1024x1024.webp\",\"datePublished\":\"2023-03-09T18:37:41+00:00\",\"dateModified\":\"2023-04-21T17:04:55+00:00\",\"breadcrumb\":{\"@id\":\"https:\/\/emadrid.com\/fr\/billets-et-tickets-madrid\/activites-et-jeux\/#breadcrumb\"},\"inLanguage\":\"fr-FR\",\"potentialAction\":[{\"@type\":\"ReadAction\",\"target\":[\"https:\/\/emadrid.com\/fr\/billets-et-tickets-madrid\/activites-et-jeux\/\"]}]},{\"@type\":\"ImageObject\",\"inLanguage\":\"fr-FR\",\"@id\":\"https:\/\/emadrid.com\/fr\/billets-et-tickets-madrid\/activites-et-jeux\/#primaryimage\",\"url\":\"https:\/\/emadrid.com\/wp-content\/uploads\/2023\/04\/0dafb85f-ba48-11eb-9522-06551cb39bc6-1024x1024.webp\",\"contentUrl\":\"https:\/\/emadrid.com\/wp-content\/uploads\/2023\/04\/0dafb85f-ba48-11eb-9522-06551cb39bc6-1024x1024.webp\"},{\"@type\":\"BreadcrumbList\",\"@id\":\"https:\/\/emadrid.com\/fr\/billets-et-tickets-madrid\/activites-et-jeux\/#breadcrumb\",\"itemListElement\":[{\"@type\":\"ListItem\",\"position\":1,\"name\":\"Portada\",\"item\":\"https:\/\/emadrid.com\/fr\/\"},{\"@type\":\"ListItem\",\"position\":2,\"name\":\"Billets et tickets Madrid\",\"item\":\"https:\/\/emadrid.com\/fr\/entradas-y-tickets-de-madrid\/\"},{\"@type\":\"ListItem\",\"position\":3,\"name\":\"Activit\u00e9s et jeux\"}]},{\"@type\":\"WebSite\",\"@id\":\"https:\/\/emadrid.com\/fr\/#website\",\"url\":\"https:\/\/emadrid.com\/fr\/\",\"name\":\"eMadrid.com\",\"description\":\"Las mejores Ofertas en Madrid. Hoteles, Espect\u00e1culos, Actividades y mucho m\u00e1s.\",\"publisher\":{\"@id\":\"https:\/\/emadrid.com\/fr\/#organization\"},\"potentialAction\":[{\"@type\":\"SearchAction\",\"target\":{\"@type\":\"EntryPoint\",\"urlTemplate\":\"https:\/\/emadrid.com\/fr\/?s={search_term_string}\"},\"query-input\":{\"@type\":\"PropertyValueSpecification\",\"valueRequired\":true,\"valueName\":\"search_term_string\"}}],\"inLanguage\":\"fr-FR\"},{\"@type\":\"Organization\",\"@id\":\"https:\/\/emadrid.com\/fr\/#organization\",\"name\":\"eMadrid.com\",\"url\":\"https:\/\/emadrid.com\/fr\/\",\"logo\":{\"@type\":\"ImageObject\",\"inLanguage\":\"fr-FR\",\"@id\":\"https:\/\/emadrid.com\/fr\/#\/schema\/logo\/image\/\",\"url\":\"https:\/\/emadrid.com\/wp-content\/uploads\/2025\/01\/Logo-horizontal-250px.png?wsr\",\"contentUrl\":\"https:\/\/emadrid.com\/wp-content\/uploads\/2025\/01\/Logo-horizontal-250px.png?wsr\",\"width\":251,\"height\":35,\"caption\":\"eMadrid.com\"},\"image\":{\"@id\":\"https:\/\/emadrid.com\/fr\/#\/schema\/logo\/image\/\"}}]}<\/script>\n<!-- \/ Yoast SEO plugin. -->","yoast_head_json":{"title":"Activit\u00e9s et jeux - eMadrid.com","robots":{"index":"index","follow":"follow","max-snippet":"max-snippet:-1","max-image-preview":"max-image-preview:large","max-video-preview":"max-video-preview:-1"},"canonical":"https:\/\/emadrid.com\/fr\/billets-et-tickets-madrid\/activites-et-jeux\/","og_locale":"fr_FR","og_type":"article","og_title":"Activit\u00e9s et jeux - eMadrid.com","og_description":"Voir plus d&rsquo;activit\u00e9s et de jeux \u00e0 Madrid CityPlay : bowling, minigolf et simulateur VIP Exp\u00e9rience pour minimum 2 personnes Ce que vous allez appr\u00e9cier. Un bowling ultramoderne dot\u00e9 d&rsquo;un \u00e9clairage spectaculaire. Terrain de golf miniature de 18 trous \u00e0 l&rsquo;esth\u00e9tique impressionnante. Est\u00e9ticamente impresionante campo de minigolf de 18 hoyos. Acheter un billet Jeu de [&hellip;]","og_url":"https:\/\/emadrid.com\/fr\/billets-et-tickets-madrid\/activites-et-jeux\/","og_site_name":"eMadrid.com","article_modified_time":"2023-04-21T17:04:55+00:00","og_image":[{"url":"https:\/\/emadrid.com\/wp-content\/uploads\/2023\/04\/0dafb85f-ba48-11eb-9522-06551cb39bc6-1024x1024.webp","type":"","width":"","height":""}],"twitter_card":"summary_large_image","twitter_misc":{"Dur\u00e9e de lecture estim\u00e9e":"1 minute"},"schema":{"@context":"https:\/\/schema.org","@graph":[{"@type":"WebPage","@id":"https:\/\/emadrid.com\/fr\/billets-et-tickets-madrid\/activites-et-jeux\/","url":"https:\/\/emadrid.com\/fr\/billets-et-tickets-madrid\/activites-et-jeux\/","name":"Activit\u00e9s et jeux - eMadrid.com","isPartOf":{"@id":"https:\/\/emadrid.com\/fr\/#website"},"primaryImageOfPage":{"@id":"https:\/\/emadrid.com\/fr\/billets-et-tickets-madrid\/activites-et-jeux\/#primaryimage"},"image":{"@id":"https:\/\/emadrid.com\/fr\/billets-et-tickets-madrid\/activites-et-jeux\/#primaryimage"},"thumbnailUrl":"https:\/\/emadrid.com\/wp-content\/uploads\/2023\/04\/0dafb85f-ba48-11eb-9522-06551cb39bc6-1024x1024.webp","datePublished":"2023-03-09T18:37:41+00:00","dateModified":"2023-04-21T17:04:55+00:00","breadcrumb":{"@id":"https:\/\/emadrid.com\/fr\/billets-et-tickets-madrid\/activites-et-jeux\/#breadcrumb"},"inLanguage":"fr-FR","potentialAction":[{"@type":"ReadAction","target":["https:\/\/emadrid.com\/fr\/billets-et-tickets-madrid\/activites-et-jeux\/"]}]},{"@type":"ImageObject","inLanguage":"fr-FR","@id":"https:\/\/emadrid.com\/fr\/billets-et-tickets-madrid\/activites-et-jeux\/#primaryimage","url":"https:\/\/emadrid.com\/wp-content\/uploads\/2023\/04\/0dafb85f-ba48-11eb-9522-06551cb39bc6-1024x1024.webp","contentUrl":"https:\/\/emadrid.com\/wp-content\/uploads\/2023\/04\/0dafb85f-ba48-11eb-9522-06551cb39bc6-1024x1024.webp"},{"@type":"BreadcrumbList","@id":"https:\/\/emadrid.com\/fr\/billets-et-tickets-madrid\/activites-et-jeux\/#breadcrumb","itemListElement":[{"@type":"ListItem","position":1,"name":"Portada","item":"https:\/\/emadrid.com\/fr\/"},{"@type":"ListItem","position":2,"name":"Billets et tickets Madrid","item":"https:\/\/emadrid.com\/fr\/entradas-y-tickets-de-madrid\/"},{"@type":"ListItem","position":3,"name":"Activit\u00e9s et jeux"}]},{"@type":"WebSite","@id":"https:\/\/emadrid.com\/fr\/#website","url":"https:\/\/emadrid.com\/fr\/","name":"eMadrid.com","description":"Las mejores Ofertas en Madrid. Hoteles, Espect\u00e1culos, Actividades y mucho m\u00e1s.","publisher":{"@id":"https:\/\/emadrid.com\/fr\/#organization"},"potentialAction":[{"@type":"SearchAction","target":{"@type":"EntryPoint","urlTemplate":"https:\/\/emadrid.com\/fr\/?s={search_term_string}"},"query-input":{"@type":"PropertyValueSpecification","valueRequired":true,"valueName":"search_term_string"}}],"inLanguage":"fr-FR"},{"@type":"Organization","@id":"https:\/\/emadrid.com\/fr\/#organization","name":"eMadrid.com","url":"https:\/\/emadrid.com\/fr\/","logo":{"@type":"ImageObject","inLanguage":"fr-FR","@id":"https:\/\/emadrid.com\/fr\/#\/schema\/logo\/image\/","url":"https:\/\/emadrid.com\/wp-content\/uploads\/2025\/01\/Logo-horizontal-250px.png?wsr","contentUrl":"https:\/\/emadrid.com\/wp-content\/uploads\/2025\/01\/Logo-horizontal-250px.png?wsr","width":251,"height":35,"caption":"eMadrid.com"},"image":{"@id":"https:\/\/emadrid.com\/fr\/#\/schema\/logo\/image\/"}}]}},"_links":{"self":[{"href":"https:\/\/emadrid.com\/fr\/wp-json\/wp\/v2\/pages\/9230","targetHints":{"allow":["GET"]}}],"collection":[{"href":"https:\/\/emadrid.com\/fr\/wp-json\/wp\/v2\/pages"}],"about":[{"href":"https:\/\/emadrid.com\/fr\/wp-json\/wp\/v2\/types\/page"}],"author":[{"embeddable":true,"href":"https:\/\/emadrid.com\/fr\/wp-json\/wp\/v2\/users\/4"}],"replies":[{"embeddable":true,"href":"https:\/\/emadrid.com\/fr\/wp-json\/wp\/v2\/comments?post=9230"}],"version-history":[{"count":3,"href":"https:\/\/emadrid.com\/fr\/wp-json\/wp\/v2\/pages\/9230\/revisions"}],"predecessor-version":[{"id":9302,"href":"https:\/\/emadrid.com\/fr\/wp-json\/wp\/v2\/pages\/9230\/revisions\/9302"}],"up":[{"embeddable":true,"href":"https:\/\/emadrid.com\/fr\/wp-json\/wp\/v2\/pages\/8544"}],"wp:attachment":[{"href":"https:\/\/emadrid.com\/fr\/wp-json\/wp\/v2\/media?parent=9230"}],"curies":[{"name":"wp","href":"https:\/\/api.w.org\/{rel}","templated":true}]}}