{"id":9339,"date":"2023-03-09T19:41:19","date_gmt":"2023-03-09T18:41:19","guid":{"rendered":"https:\/\/bookingmadrid.com\/billets-et-tickets-madrid\/bono-cultural-joven\/"},"modified":"2023-05-05T12:22:28","modified_gmt":"2023-05-05T12:22:28","slug":"bono-cultural-joven","status":"publish","type":"page","link":"https:\/\/emadrid.com\/fr\/billets-et-tickets-madrid\/bono-cultural-joven\/","title":{"rendered":"Bono Cultural Joven"},"content":{"rendered":"\t\t<div data-elementor-type=\"wp-page\" data-elementor-id=\"9339\" class=\"elementor elementor-9339 elementor-1654\" data-elementor-post-type=\"page\">\n\t\t\t\t\t\t<section class=\"elementor-section elementor-top-section elementor-element elementor-element-89f5dad elementor-section-height-min-height elementor-section-items-bottom elementor-section-boxed elementor-section-height-default\" data-id=\"89f5dad\" data-element_type=\"section\" data-settings=\"{&quot;background_background&quot;:&quot;classic&quot;}\">\n\t\t\t\t\t\t\t<div class=\"elementor-background-overlay\"><\/div>\n\t\t\t\t\t\t\t<div class=\"elementor-container elementor-column-gap-default\">\n\t\t\t\t\t<div class=\"elementor-column elementor-col-100 elementor-top-column elementor-element elementor-element-5111737\" data-id=\"5111737\" data-element_type=\"column\">\n\t\t\t<div class=\"elementor-widget-wrap elementor-element-populated\">\n\t\t\t\t\t\t<div class=\"elementor-element elementor-element-e2d5007 elementor-widget elementor-widget-heading\" data-id=\"e2d5007\" data-element_type=\"widget\" data-widget_type=\"heading.default\">\n\t\t\t\t\t<h1 class=\"elementor-heading-title elementor-size-default\">Entradas<\/h1>\t\t\t\t<\/div>\n\t\t\t\t\t<\/div>\n\t\t<\/div>\n\t\t\t\t\t<\/div>\n\t\t<\/section>\n\t\t<div class=\"elementor-element elementor-element-27fd6c8 e-flex e-con-boxed e-con e-parent\" data-id=\"27fd6c8\" data-element_type=\"container\">\n\t\t\t\t\t<div class=\"e-con-inner\">\n\t\t\t\t<div class=\"elementor-element elementor-element-37ab852 elementor-widget elementor-widget-text-editor\" data-id=\"37ab852\" data-element_type=\"widget\" data-widget_type=\"text-editor.default\">\n\t\t\t\t\t\t\t\t\t<p>Lorem ipsum dolor sit amet, consectetur adipiscing elit. Ut elit tellus, luctus nec ullamcorper mattis, pulvinar dapibus leo.<\/p>\t\t\t\t\t\t\t\t<\/div>\n\t\t\t\t<div class=\"elementor-element elementor-element-be46f0e elementor-mobile-align-left elementor-widget elementor-widget-button\" data-id=\"be46f0e\" data-element_type=\"widget\" data-widget_type=\"button.default\">\n\t\t\t\t\t\t\t\t\t\t<a class=\"elementor-button elementor-button-link elementor-size-sm elementor-animation-skew\" href=\"https:\/\/fever.pxf.io\/9ggB7Q\" target=\"_blank\">\n\t\t\t\t\t\t<span class=\"elementor-button-content-wrapper\">\n\t\t\t\t\t\t\t\t\t<span class=\"elementor-button-text\">Voir plus du ch\u00e8que culturel pour les jeunes \u00e0 Madrid <\/span>\n\t\t\t\t\t<\/span>\n\t\t\t\t\t<\/a>\n\t\t\t\t\t\t\t\t<\/div>\n\t\t\t\t\t<\/div>\n\t\t\t\t<\/div>\n\t\t\t\t<section class=\"elementor-section elementor-top-section elementor-element elementor-element-cd3f0a0 elementor-section-boxed elementor-section-height-default elementor-section-height-default\" data-id=\"cd3f0a0\" data-element_type=\"section\">\n\t\t\t\t\t\t<div class=\"elementor-container elementor-column-gap-default\">\n\t\t\t\t\t<div class=\"elementor-column elementor-col-100 elementor-top-column elementor-element elementor-element-0bdb727\" data-id=\"0bdb727\" data-element_type=\"column\">\n\t\t\t<div class=\"elementor-widget-wrap elementor-element-populated\">\n\t\t\t\t\t\t<section class=\"elementor-section elementor-inner-section elementor-element elementor-element-6f5c3d5 elementor-section-boxed elementor-section-height-default elementor-section-height-default\" data-id=\"6f5c3d5\" data-element_type=\"section\">\n\t\t\t\t\t\t<div class=\"elementor-container elementor-column-gap-default\">\n\t\t\t\t\t<div class=\"elementor-column elementor-col-33 elementor-inner-column elementor-element elementor-element-7f0f363\" data-id=\"7f0f363\" data-element_type=\"column\" data-settings=\"{&quot;background_background&quot;:&quot;classic&quot;}\">\n\t\t\t<div class=\"elementor-widget-wrap elementor-element-populated\">\n\t\t\t\t\t\t<div class=\"elementor-element elementor-element-153bdc0 elementor-widget elementor-widget-image\" data-id=\"153bdc0\" data-element_type=\"widget\" data-widget_type=\"image.default\">\n\t\t\t\t\t\t\t\t\t\t\t\t\t\t\t<img fetchpriority=\"high\" decoding=\"async\" width=\"800\" height=\"800\" src=\"https:\/\/emadrid.com\/wp-content\/uploads\/2023\/05\/632e1908-d9fc-11ed-ac0d-825d2e6b6802.jpg?wsr\" class=\"attachment-large size-large wp-image-11827\" alt=\"\" srcset=\"https:\/\/emadrid.com\/wp-content\/uploads\/2023\/05\/632e1908-d9fc-11ed-ac0d-825d2e6b6802.jpg 800w, https:\/\/emadrid.com\/wp-content\/uploads\/2023\/05\/632e1908-d9fc-11ed-ac0d-825d2e6b6802-300x300.jpg 300w, https:\/\/emadrid.com\/wp-content\/uploads\/2023\/05\/632e1908-d9fc-11ed-ac0d-825d2e6b6802-150x150.jpg 150w, https:\/\/emadrid.com\/wp-content\/uploads\/2023\/05\/632e1908-d9fc-11ed-ac0d-825d2e6b6802-768x768.jpg 768w\" sizes=\"(max-width: 800px) 100vw, 800px\" \/>\t\t\t\t\t\t\t\t\t\t\t\t\t\t\t<\/div>\n\t\t\t\t<div class=\"elementor-element elementor-element-6d73f80 elementor-widget elementor-widget-heading\" data-id=\"6d73f80\" data-element_type=\"widget\" data-widget_type=\"heading.default\">\n\t\t\t\t\t<h4 class=\"elementor-heading-title elementor-size-default\">Les Gardiens de la Galaxie Vol. III \u00e0 Autocine Madrid Fever<\/h4>\t\t\t\t<\/div>\n\t\t\t\t<div class=\"elementor-element elementor-element-be8b918 elementor-widget elementor-widget-text-editor\" data-id=\"be8b918\" data-element_type=\"widget\" data-widget_type=\"text-editor.default\">\n\t\t\t\t\t\t\t\t\t<p>Autocine Madrid Fever vous offre une proposition culturelle dans le plus pur style am\u00e9ricain. Vous pourrez profiter d&rsquo;une premi\u00e8re, d&rsquo;un classique ou d&rsquo;un documentaire depuis votre voiture, que vous regarderez sur un \u00e9cran g\u00e9ant de 250 m\u00e8tres carr\u00e9s. De plus, vous pourrez d\u00e9guster diff\u00e9rentes propositions dans ses food trucks pour une exp\u00e9rience \u00e0 360\u00ba.<\/p>\t\t\t\t\t\t\t\t<\/div>\n\t\t\t\t<div class=\"elementor-element elementor-element-bb7488d elementor-align-left elementor-widget elementor-widget-button\" data-id=\"bb7488d\" data-element_type=\"widget\" data-widget_type=\"button.default\">\n\t\t\t\t\t\t\t\t\t\t<a class=\"elementor-button elementor-button-link elementor-size-sm elementor-animation-skew\" href=\"https:\/\/fever.pxf.io\/c\/4039372\/1396783\/16345?prodsku=127841&#038;u=https%3A%2F%2Ffeverup.com%2Fm%2F127841&#038;intsrc=PUI2_10347\" target=\"_blank\">\n\t\t\t\t\t\t<span class=\"elementor-button-content-wrapper\">\n\t\t\t\t\t\t\t\t\t<span class=\"elementor-button-text\">Acheter des billets<\/span>\n\t\t\t\t\t<\/span>\n\t\t\t\t\t<\/a>\n\t\t\t\t\t\t\t\t<\/div>\n\t\t\t\t\t<\/div>\n\t\t<\/div>\n\t\t\t\t<div class=\"elementor-column elementor-col-33 elementor-inner-column elementor-element elementor-element-6c4868d\" data-id=\"6c4868d\" data-element_type=\"column\" data-settings=\"{&quot;background_background&quot;:&quot;classic&quot;}\">\n\t\t\t<div class=\"elementor-widget-wrap elementor-element-populated\">\n\t\t\t\t\t\t<div class=\"elementor-element elementor-element-9216dc8 elementor-widget elementor-widget-image\" data-id=\"9216dc8\" data-element_type=\"widget\" data-widget_type=\"image.default\">\n\t\t\t\t\t\t\t\t\t\t\t\t\t\t\t<img decoding=\"async\" width=\"768\" height=\"768\" src=\"https:\/\/emadrid.com\/wp-content\/uploads\/2023\/05\/3793f488-b13a-11ed-a818-322fd7f00fe9.jpg?wsr\" class=\"attachment-large size-large wp-image-11832\" alt=\"\" srcset=\"https:\/\/emadrid.com\/wp-content\/uploads\/2023\/05\/3793f488-b13a-11ed-a818-322fd7f00fe9.jpg 768w, https:\/\/emadrid.com\/wp-content\/uploads\/2023\/05\/3793f488-b13a-11ed-a818-322fd7f00fe9-300x300.jpg 300w, https:\/\/emadrid.com\/wp-content\/uploads\/2023\/05\/3793f488-b13a-11ed-a818-322fd7f00fe9-150x150.jpg 150w\" sizes=\"(max-width: 768px) 100vw, 768px\" \/>\t\t\t\t\t\t\t\t\t\t\t\t\t\t\t<\/div>\n\t\t\t\t<div class=\"elementor-element elementor-element-ed36202 elementor-widget elementor-widget-heading\" data-id=\"ed36202\" data-element_type=\"widget\" data-widget_type=\"heading.default\">\n\t\t\t\t\t<h4 class=\"elementor-heading-title elementor-size-default\">Bowie Taken by Duffy : l'exposition<\/h4>\t\t\t\t<\/div>\n\t\t\t\t<div class=\"elementor-element elementor-element-3708ba9 elementor-widget elementor-widget-text-editor\" data-id=\"3708ba9\" data-element_type=\"widget\" data-widget_type=\"text-editor.default\">\n\t\t\t\t\t\t\t\t\t<p>Bowie Taken by Duffy est une exposition in\u00e9dite qui c\u00e9l\u00e8bre le travail du l\u00e9gendaire photographe britannique Brian Duffy aux c\u00f4t\u00e9s de David Bowie.<\/p>\t\t\t\t\t\t\t\t<\/div>\n\t\t\t\t<div class=\"elementor-element elementor-element-fb9141d elementor-align-left elementor-widget elementor-widget-button\" data-id=\"fb9141d\" data-element_type=\"widget\" data-widget_type=\"button.default\">\n\t\t\t\t\t\t\t\t\t\t<a class=\"elementor-button elementor-button-link elementor-size-sm elementor-animation-skew\" href=\"https:\/\/fever.pxf.io\/c\/4039372\/1396783\/16345?prodsku=126236&#038;u=https%3A%2F%2Ffeverup.com%2Fm%2F126236&#038;intsrc=PUI2_10347\" target=\"_blank\">\n\t\t\t\t\t\t<span class=\"elementor-button-content-wrapper\">\n\t\t\t\t\t\t\t\t\t<span class=\"elementor-button-text\">Acheter des billets<\/span>\n\t\t\t\t\t<\/span>\n\t\t\t\t\t<\/a>\n\t\t\t\t\t\t\t\t<\/div>\n\t\t\t\t\t<\/div>\n\t\t<\/div>\n\t\t\t\t<div class=\"elementor-column elementor-col-33 elementor-inner-column elementor-element elementor-element-a2f0498\" data-id=\"a2f0498\" data-element_type=\"column\" data-settings=\"{&quot;background_background&quot;:&quot;classic&quot;}\">\n\t\t\t<div class=\"elementor-widget-wrap elementor-element-populated\">\n\t\t\t\t\t\t<div class=\"elementor-element elementor-element-a6b81ea elementor-widget elementor-widget-image\" data-id=\"a6b81ea\" data-element_type=\"widget\" data-widget_type=\"image.default\">\n\t\t\t\t\t\t\t\t\t\t\t\t\t\t\t<img decoding=\"async\" width=\"1024\" height=\"1024\" src=\"https:\/\/emadrid.com\/wp-content\/uploads\/2023\/04\/de80f7cc-aeac-11ed-9e7a-fa4f1e7093b5-1024x1024.webp?wsr\" class=\"attachment-large size-large wp-image-8325\" alt=\"\" srcset=\"https:\/\/emadrid.com\/wp-content\/uploads\/2023\/04\/de80f7cc-aeac-11ed-9e7a-fa4f1e7093b5-1024x1024.webp 1024w, https:\/\/emadrid.com\/wp-content\/uploads\/2023\/04\/de80f7cc-aeac-11ed-9e7a-fa4f1e7093b5-300x300.webp 300w, https:\/\/emadrid.com\/wp-content\/uploads\/2023\/04\/de80f7cc-aeac-11ed-9e7a-fa4f1e7093b5-150x150.webp 150w, https:\/\/emadrid.com\/wp-content\/uploads\/2023\/04\/de80f7cc-aeac-11ed-9e7a-fa4f1e7093b5-768x768.webp 768w, https:\/\/emadrid.com\/wp-content\/uploads\/2023\/04\/de80f7cc-aeac-11ed-9e7a-fa4f1e7093b5.webp 1200w\" sizes=\"(max-width: 1024px) 100vw, 1024px\" \/>\t\t\t\t\t\t\t\t\t\t\t\t\t\t\t<\/div>\n\t\t\t\t<div class=\"elementor-element elementor-element-decff3b elementor-widget elementor-widget-heading\" data-id=\"decff3b\" data-element_type=\"widget\" data-widget_type=\"heading.default\">\n\t\t\t\t\t<h4 class=\"elementor-heading-title elementor-size-default\">Candlelight: Hommage \u00e0 Ludovico Einaudi au Four Seasons Hotel Madrid<\/h4>\t\t\t\t<\/div>\n\t\t\t\t<div class=\"elementor-element elementor-element-0d6078e elementor-widget elementor-widget-text-editor\" data-id=\"0d6078e\" data-element_type=\"widget\" data-widget_type=\"text-editor.default\">\n\t\t\t\t\t\t\t\t\t<p>Candlelight apporte la magie d&rsquo;une exp\u00e9rience musicale en direct dans des endroits incroyables de Madrid. Obtenez vos billets pour Candlelight: Tribute to Ludovico Einaudi au Four Seasons Hotel Madrid.<\/p>\n\t\t\t\t\t\t\t\t<\/div>\n\t\t\t\t<div class=\"elementor-element elementor-element-28d6985 elementor-align-left elementor-widget elementor-widget-button\" data-id=\"28d6985\" data-element_type=\"widget\" data-widget_type=\"button.default\">\n\t\t\t\t\t\t\t\t\t\t<a class=\"elementor-button elementor-button-link elementor-size-sm elementor-animation-skew\" href=\"https:\/\/fever.pxf.io\/c\/4039372\/1396783\/16345?prodsku=124096&#038;u=https%3A%2F%2Ffeverup.com%2Fm%2F124096&#038;intsrc=PUI2_10347\" target=\"_blank\">\n\t\t\t\t\t\t<span class=\"elementor-button-content-wrapper\">\n\t\t\t\t\t\t\t\t\t<span class=\"elementor-button-text\">Acheter des billets<\/span>\n\t\t\t\t\t<\/span>\n\t\t\t\t\t<\/a>\n\t\t\t\t\t\t\t\t<\/div>\n\t\t\t\t\t<\/div>\n\t\t<\/div>\n\t\t\t\t\t<\/div>\n\t\t<\/section>\n\t\t\t\t\t<\/div>\n\t\t<\/div>\n\t\t\t\t\t<\/div>\n\t\t<\/section>\n\t\t\t\t<\/div>\n\t\t","protected":false},"excerpt":{"rendered":"<p>Voir plus du ch\u00e8que culturel pour les jeunes \u00e0 Madrid Les Gardiens de la Galaxie Vol. III \u00e0 Autocine Madrid Fever Autocine Madrid Fever vous offre une proposition culturelle dans le plus pur style am\u00e9ricain. Vous pourrez profiter d&rsquo;une premi\u00e8re, d&rsquo;un classique ou d&rsquo;un documentaire depuis votre voiture, que vous regarderez sur un \u00e9cran g\u00e9ant [&hellip;]<\/p>\n","protected":false},"author":4,"featured_media":0,"parent":8544,"menu_order":0,"comment_status":"closed","ping_status":"closed","template":"","meta":{"site-sidebar-layout":"no-sidebar","site-content-layout":"page-builder","ast-site-content-layout":"full-width-container","site-content-style":"unboxed","site-sidebar-style":"unboxed","ast-global-header-display":"","ast-banner-title-visibility":"","ast-main-header-display":"","ast-hfb-above-header-display":"","ast-hfb-below-header-display":"","ast-hfb-mobile-header-display":"","site-post-title":"disabled","ast-breadcrumbs-content":"","ast-featured-img":"disabled","footer-sml-layout":"","theme-transparent-header-meta":"","adv-header-id-meta":"","stick-header-meta":"","header-above-stick-meta":"","header-main-stick-meta":"","header-below-stick-meta":"","astra-migrate-meta-layouts":"default","ast-page-background-enabled":"default","ast-page-background-meta":{"desktop":{"background-color":"var(--ast-global-color-4)","background-image":"","background-repeat":"repeat","background-position":"center center","background-size":"auto","background-attachment":"scroll","background-type":"","background-media":"","overlay-type":"","overlay-color":"","overlay-opacity":"","overlay-gradient":""},"tablet":{"background-color":"","background-image":"","background-repeat":"repeat","background-position":"center center","background-size":"auto","background-attachment":"scroll","background-type":"","background-media":"","overlay-type":"","overlay-color":"","overlay-opacity":"","overlay-gradient":""},"mobile":{"background-color":"","background-image":"","background-repeat":"repeat","background-position":"center center","background-size":"auto","background-attachment":"scroll","background-type":"","background-media":"","overlay-type":"","overlay-color":"","overlay-opacity":"","overlay-gradient":""}},"ast-content-background-meta":{"desktop":{"background-color":"var(--ast-global-color-5)","background-image":"","background-repeat":"repeat","background-position":"center center","background-size":"auto","background-attachment":"scroll","background-type":"","background-media":"","overlay-type":"","overlay-color":"","overlay-opacity":"","overlay-gradient":""},"tablet":{"background-color":"var(--ast-global-color-5)","background-image":"","background-repeat":"repeat","background-position":"center center","background-size":"auto","background-attachment":"scroll","background-type":"","background-media":"","overlay-type":"","overlay-color":"","overlay-opacity":"","overlay-gradient":""},"mobile":{"background-color":"var(--ast-global-color-5)","background-image":"","background-repeat":"repeat","background-position":"center center","background-size":"auto","background-attachment":"scroll","background-type":"","background-media":"","overlay-type":"","overlay-color":"","overlay-opacity":"","overlay-gradient":""}},"footnotes":""},"class_list":["post-9339","page","type-page","status-publish","hentry"],"yoast_head":"<!-- This site is optimized with the Yoast SEO plugin v26.4 - https:\/\/yoast.com\/wordpress\/plugins\/seo\/ -->\n<title>Bono Cultural Joven - eMadrid.com<\/title>\n<meta name=\"robots\" content=\"index, follow, max-snippet:-1, max-image-preview:large, max-video-preview:-1\" \/>\n<link rel=\"canonical\" href=\"https:\/\/emadrid.com\/fr\/billets-et-tickets-madrid\/bono-cultural-joven\/\" \/>\n<meta property=\"og:locale\" content=\"fr_FR\" \/>\n<meta property=\"og:type\" content=\"article\" \/>\n<meta property=\"og:title\" content=\"Bono Cultural Joven - eMadrid.com\" \/>\n<meta property=\"og:description\" content=\"Voir plus du ch\u00e8que culturel pour les jeunes \u00e0 Madrid Les Gardiens de la Galaxie Vol. III \u00e0 Autocine Madrid Fever Autocine Madrid Fever vous offre une proposition culturelle dans le plus pur style am\u00e9ricain. Vous pourrez profiter d&rsquo;une premi\u00e8re, d&rsquo;un classique ou d&rsquo;un documentaire depuis votre voiture, que vous regarderez sur un \u00e9cran g\u00e9ant [&hellip;]\" \/>\n<meta property=\"og:url\" content=\"https:\/\/emadrid.com\/fr\/billets-et-tickets-madrid\/bono-cultural-joven\/\" \/>\n<meta property=\"og:site_name\" content=\"eMadrid.com\" \/>\n<meta property=\"article:modified_time\" content=\"2023-05-05T12:22:28+00:00\" \/>\n<meta property=\"og:image\" content=\"https:\/\/emadrid.com\/wp-content\/uploads\/2023\/05\/632e1908-d9fc-11ed-ac0d-825d2e6b6802.jpg\" \/>\n<meta name=\"twitter:card\" content=\"summary_large_image\" \/>\n<meta name=\"twitter:label1\" content=\"Dur\u00e9e de lecture estim\u00e9e\" \/>\n\t<meta name=\"twitter:data1\" content=\"1 minute\" \/>\n<script type=\"application\/ld+json\" class=\"yoast-schema-graph\">{\"@context\":\"https:\/\/schema.org\",\"@graph\":[{\"@type\":\"WebPage\",\"@id\":\"https:\/\/emadrid.com\/fr\/billets-et-tickets-madrid\/bono-cultural-joven\/\",\"url\":\"https:\/\/emadrid.com\/fr\/billets-et-tickets-madrid\/bono-cultural-joven\/\",\"name\":\"Bono Cultural Joven - eMadrid.com\",\"isPartOf\":{\"@id\":\"https:\/\/emadrid.com\/fr\/#website\"},\"primaryImageOfPage\":{\"@id\":\"https:\/\/emadrid.com\/fr\/billets-et-tickets-madrid\/bono-cultural-joven\/#primaryimage\"},\"image\":{\"@id\":\"https:\/\/emadrid.com\/fr\/billets-et-tickets-madrid\/bono-cultural-joven\/#primaryimage\"},\"thumbnailUrl\":\"https:\/\/emadrid.com\/wp-content\/uploads\/2023\/05\/632e1908-d9fc-11ed-ac0d-825d2e6b6802.jpg\",\"datePublished\":\"2023-03-09T18:41:19+00:00\",\"dateModified\":\"2023-05-05T12:22:28+00:00\",\"breadcrumb\":{\"@id\":\"https:\/\/emadrid.com\/fr\/billets-et-tickets-madrid\/bono-cultural-joven\/#breadcrumb\"},\"inLanguage\":\"fr-FR\",\"potentialAction\":[{\"@type\":\"ReadAction\",\"target\":[\"https:\/\/emadrid.com\/fr\/billets-et-tickets-madrid\/bono-cultural-joven\/\"]}]},{\"@type\":\"ImageObject\",\"inLanguage\":\"fr-FR\",\"@id\":\"https:\/\/emadrid.com\/fr\/billets-et-tickets-madrid\/bono-cultural-joven\/#primaryimage\",\"url\":\"https:\/\/emadrid.com\/wp-content\/uploads\/2023\/05\/632e1908-d9fc-11ed-ac0d-825d2e6b6802.jpg\",\"contentUrl\":\"https:\/\/emadrid.com\/wp-content\/uploads\/2023\/05\/632e1908-d9fc-11ed-ac0d-825d2e6b6802.jpg\"},{\"@type\":\"BreadcrumbList\",\"@id\":\"https:\/\/emadrid.com\/fr\/billets-et-tickets-madrid\/bono-cultural-joven\/#breadcrumb\",\"itemListElement\":[{\"@type\":\"ListItem\",\"position\":1,\"name\":\"Portada\",\"item\":\"https:\/\/emadrid.com\/fr\/\"},{\"@type\":\"ListItem\",\"position\":2,\"name\":\"Billets et tickets Madrid\",\"item\":\"https:\/\/emadrid.com\/fr\/entradas-y-tickets-de-madrid\/\"},{\"@type\":\"ListItem\",\"position\":3,\"name\":\"Bono Cultural Joven\"}]},{\"@type\":\"WebSite\",\"@id\":\"https:\/\/emadrid.com\/fr\/#website\",\"url\":\"https:\/\/emadrid.com\/fr\/\",\"name\":\"eMadrid.com\",\"description\":\"Las mejores Ofertas en Madrid. Hoteles, Espect\u00e1culos, Actividades y mucho m\u00e1s.\",\"publisher\":{\"@id\":\"https:\/\/emadrid.com\/fr\/#organization\"},\"potentialAction\":[{\"@type\":\"SearchAction\",\"target\":{\"@type\":\"EntryPoint\",\"urlTemplate\":\"https:\/\/emadrid.com\/fr\/?s={search_term_string}\"},\"query-input\":{\"@type\":\"PropertyValueSpecification\",\"valueRequired\":true,\"valueName\":\"search_term_string\"}}],\"inLanguage\":\"fr-FR\"},{\"@type\":\"Organization\",\"@id\":\"https:\/\/emadrid.com\/fr\/#organization\",\"name\":\"eMadrid.com\",\"url\":\"https:\/\/emadrid.com\/fr\/\",\"logo\":{\"@type\":\"ImageObject\",\"inLanguage\":\"fr-FR\",\"@id\":\"https:\/\/emadrid.com\/fr\/#\/schema\/logo\/image\/\",\"url\":\"https:\/\/emadrid.com\/wp-content\/uploads\/2025\/01\/Logo-horizontal-250px.png?wsr\",\"contentUrl\":\"https:\/\/emadrid.com\/wp-content\/uploads\/2025\/01\/Logo-horizontal-250px.png?wsr\",\"width\":251,\"height\":35,\"caption\":\"eMadrid.com\"},\"image\":{\"@id\":\"https:\/\/emadrid.com\/fr\/#\/schema\/logo\/image\/\"}}]}<\/script>\n<!-- \/ Yoast SEO plugin. -->","yoast_head_json":{"title":"Bono Cultural Joven - eMadrid.com","robots":{"index":"index","follow":"follow","max-snippet":"max-snippet:-1","max-image-preview":"max-image-preview:large","max-video-preview":"max-video-preview:-1"},"canonical":"https:\/\/emadrid.com\/fr\/billets-et-tickets-madrid\/bono-cultural-joven\/","og_locale":"fr_FR","og_type":"article","og_title":"Bono Cultural Joven - eMadrid.com","og_description":"Voir plus du ch\u00e8que culturel pour les jeunes \u00e0 Madrid Les Gardiens de la Galaxie Vol. III \u00e0 Autocine Madrid Fever Autocine Madrid Fever vous offre une proposition culturelle dans le plus pur style am\u00e9ricain. Vous pourrez profiter d&rsquo;une premi\u00e8re, d&rsquo;un classique ou d&rsquo;un documentaire depuis votre voiture, que vous regarderez sur un \u00e9cran g\u00e9ant [&hellip;]","og_url":"https:\/\/emadrid.com\/fr\/billets-et-tickets-madrid\/bono-cultural-joven\/","og_site_name":"eMadrid.com","article_modified_time":"2023-05-05T12:22:28+00:00","og_image":[{"url":"https:\/\/emadrid.com\/wp-content\/uploads\/2023\/05\/632e1908-d9fc-11ed-ac0d-825d2e6b6802.jpg","type":"","width":"","height":""}],"twitter_card":"summary_large_image","twitter_misc":{"Dur\u00e9e de lecture estim\u00e9e":"1 minute"},"schema":{"@context":"https:\/\/schema.org","@graph":[{"@type":"WebPage","@id":"https:\/\/emadrid.com\/fr\/billets-et-tickets-madrid\/bono-cultural-joven\/","url":"https:\/\/emadrid.com\/fr\/billets-et-tickets-madrid\/bono-cultural-joven\/","name":"Bono Cultural Joven - eMadrid.com","isPartOf":{"@id":"https:\/\/emadrid.com\/fr\/#website"},"primaryImageOfPage":{"@id":"https:\/\/emadrid.com\/fr\/billets-et-tickets-madrid\/bono-cultural-joven\/#primaryimage"},"image":{"@id":"https:\/\/emadrid.com\/fr\/billets-et-tickets-madrid\/bono-cultural-joven\/#primaryimage"},"thumbnailUrl":"https:\/\/emadrid.com\/wp-content\/uploads\/2023\/05\/632e1908-d9fc-11ed-ac0d-825d2e6b6802.jpg","datePublished":"2023-03-09T18:41:19+00:00","dateModified":"2023-05-05T12:22:28+00:00","breadcrumb":{"@id":"https:\/\/emadrid.com\/fr\/billets-et-tickets-madrid\/bono-cultural-joven\/#breadcrumb"},"inLanguage":"fr-FR","potentialAction":[{"@type":"ReadAction","target":["https:\/\/emadrid.com\/fr\/billets-et-tickets-madrid\/bono-cultural-joven\/"]}]},{"@type":"ImageObject","inLanguage":"fr-FR","@id":"https:\/\/emadrid.com\/fr\/billets-et-tickets-madrid\/bono-cultural-joven\/#primaryimage","url":"https:\/\/emadrid.com\/wp-content\/uploads\/2023\/05\/632e1908-d9fc-11ed-ac0d-825d2e6b6802.jpg","contentUrl":"https:\/\/emadrid.com\/wp-content\/uploads\/2023\/05\/632e1908-d9fc-11ed-ac0d-825d2e6b6802.jpg"},{"@type":"BreadcrumbList","@id":"https:\/\/emadrid.com\/fr\/billets-et-tickets-madrid\/bono-cultural-joven\/#breadcrumb","itemListElement":[{"@type":"ListItem","position":1,"name":"Portada","item":"https:\/\/emadrid.com\/fr\/"},{"@type":"ListItem","position":2,"name":"Billets et tickets Madrid","item":"https:\/\/emadrid.com\/fr\/entradas-y-tickets-de-madrid\/"},{"@type":"ListItem","position":3,"name":"Bono Cultural Joven"}]},{"@type":"WebSite","@id":"https:\/\/emadrid.com\/fr\/#website","url":"https:\/\/emadrid.com\/fr\/","name":"eMadrid.com","description":"Las mejores Ofertas en Madrid. Hoteles, Espect\u00e1culos, Actividades y mucho m\u00e1s.","publisher":{"@id":"https:\/\/emadrid.com\/fr\/#organization"},"potentialAction":[{"@type":"SearchAction","target":{"@type":"EntryPoint","urlTemplate":"https:\/\/emadrid.com\/fr\/?s={search_term_string}"},"query-input":{"@type":"PropertyValueSpecification","valueRequired":true,"valueName":"search_term_string"}}],"inLanguage":"fr-FR"},{"@type":"Organization","@id":"https:\/\/emadrid.com\/fr\/#organization","name":"eMadrid.com","url":"https:\/\/emadrid.com\/fr\/","logo":{"@type":"ImageObject","inLanguage":"fr-FR","@id":"https:\/\/emadrid.com\/fr\/#\/schema\/logo\/image\/","url":"https:\/\/emadrid.com\/wp-content\/uploads\/2025\/01\/Logo-horizontal-250px.png?wsr","contentUrl":"https:\/\/emadrid.com\/wp-content\/uploads\/2025\/01\/Logo-horizontal-250px.png?wsr","width":251,"height":35,"caption":"eMadrid.com"},"image":{"@id":"https:\/\/emadrid.com\/fr\/#\/schema\/logo\/image\/"}}]}},"_links":{"self":[{"href":"https:\/\/emadrid.com\/fr\/wp-json\/wp\/v2\/pages\/9339","targetHints":{"allow":["GET"]}}],"collection":[{"href":"https:\/\/emadrid.com\/fr\/wp-json\/wp\/v2\/pages"}],"about":[{"href":"https:\/\/emadrid.com\/fr\/wp-json\/wp\/v2\/types\/page"}],"author":[{"embeddable":true,"href":"https:\/\/emadrid.com\/fr\/wp-json\/wp\/v2\/users\/4"}],"replies":[{"embeddable":true,"href":"https:\/\/emadrid.com\/fr\/wp-json\/wp\/v2\/comments?post=9339"}],"version-history":[{"count":7,"href":"https:\/\/emadrid.com\/fr\/wp-json\/wp\/v2\/pages\/9339\/revisions"}],"predecessor-version":[{"id":11844,"href":"https:\/\/emadrid.com\/fr\/wp-json\/wp\/v2\/pages\/9339\/revisions\/11844"}],"up":[{"embeddable":true,"href":"https:\/\/emadrid.com\/fr\/wp-json\/wp\/v2\/pages\/8544"}],"wp:attachment":[{"href":"https:\/\/emadrid.com\/fr\/wp-json\/wp\/v2\/media?parent=9339"}],"curies":[{"name":"wp","href":"https:\/\/api.w.org\/{rel}","templated":true}]}}