{"id":11352,"date":"2023-05-03T15:44:30","date_gmt":"2023-05-03T15:44:30","guid":{"rendered":"https:\/\/bookingmadrid.com\/avviso-legale\/"},"modified":"2023-05-08T08:03:41","modified_gmt":"2023-05-08T08:03:41","slug":"avviso-legale","status":"publish","type":"page","link":"https:\/\/emadrid.com\/it\/avviso-legale\/","title":{"rendered":"Avviso legale"},"content":{"rendered":"\n<p><strong>LEGGE SUI SERVIZI DELLA SOCIET\u00c0 DELL&#8217;INFORMAZIONE (LSSI)<\/strong><strong> <\/strong><\/p>\n\n\n\n<p>Luis Tolosa, responsabile del sito web, di seguito RESPONSABILE, mette a disposizione degli utenti il presente documento, con il quale intende adempiere agli obblighi previsti dalla Legge 34\/2002, dell&#8217;11 luglio, sui Servizi della Societ\u00e0 dell&#8217;Informazione e del Commercio Elettronico (LSSICE), BOE n. 166, oltre a informare tutti gli utenti del sito web sulle condizioni di utilizzo. <\/p>\n\n\n\n<p>Chiunque acceda a questo sito web assume il ruolo di utente, impegnandosi all&#8217;osservanza e al rigoroso rispetto delle disposizioni del presente documento, nonch\u00e9 di qualsiasi altra disposizione di legge applicabile. <\/p>\n\n\n\n<p>Luis Tolosa si riserva il diritto di modificare qualsiasi tipo di informazione che possa apparire sul sito web, senza alcun obbligo di preavviso o di informazione agli utenti, intendendo come sufficiente la pubblicazione sul sito web di Luis Tolosa. <\/p>\n\n\n\n<p><\/p>\n\n\n\n<p><strong>1. DIRITTI DI PROPRIET\u00c0 INTELLETTUALE E INDUSTRIALE <\/strong><\/p>\n\n\n\n<p>Il sito web, compresi, a titolo esemplificativo e non esaustivo, la programmazione, la redazione, la compilazione e gli altri elementi necessari al suo funzionamento, i disegni, i loghi, i testi e\/o la grafica, sono di propriet\u00e0 della PARTE RESPONSABILE o, se del caso, dispone di una licenza o di un&#8217;autorizzazione espressa da parte degli autori. Tutti i contenuti del sito sono debitamente protetti dalle norme sulla propriet\u00e0 intellettuale e industriale, nonch\u00e9 registrati nei corrispondenti registri pubblici. Indipendentemente dallo scopo per cui sono stati concepiti, la riproduzione totale o parziale, l&#8217;uso, lo sfruttamento, la distribuzione e la commercializzazione richiedono in ogni caso la previa autorizzazione scritta del RESPONSABILE. Qualsiasi utilizzo non autorizzato \u00e8 considerato una grave violazione dei diritti di propriet\u00e0 intellettuale o industriale dell&#8217;autore.  <\/p>\n\n\n\n<p>I disegni, i loghi, i testi e\/o la grafica che non appartengono al RESPONSABILE e che possono apparire sul sito web appartengono ai rispettivi proprietari, che sono essi stessi responsabili di ogni possibile controversia che possa sorgere in relazione ad essi. Il RESPONSABILE autorizza espressamente i terzi a reindirizzare direttamente ai contenuti specifici del sito web, e in ogni caso a reindirizzare al sito principale di <a href=\"https:\/\/emadrid.com\/\">emadrid.com\/<\/a>. <\/p>\n\n\n\n<p>Il RESPONSABILE riconosce i corrispondenti diritti di propriet\u00e0 intellettuale e industriale a favore dei loro proprietari, e la loro semplice menzione o apparizione sul sito web non implica l&#8217;esistenza di alcun diritto o responsabilit\u00e0 su di essi, n\u00e9 alcun avallo, sponsorizzazione o raccomandazione da parte dello stesso.  <\/p>\n\n\n\n<p>Per esprimere commenti su eventuali violazioni dei diritti di propriet\u00e0 intellettuale o industriale, nonch\u00e9 su qualsiasi contenuto del sito web, \u00e8 possibile inviare un&#8217;e-mail a info@emadrid.com.<\/p>\n\n\n\n<p><\/p>\n\n\n\n<p><\/p>\n\n\n\n<p><strong>2. ESENZIONE DI RESPONSABILIT\u00c0 <\/strong><\/p>\n\n\n\n<p>Il RESPONSABILE \u00e8 esonerato da qualsiasi tipo di responsabilit\u00e0 derivante dalle informazioni pubblicate sul suo sito web a condizione che non sia effettivamente a conoscenza del fatto che tali informazioni siano state manipolate o introdotte da terzi esterni allo stesso o, se lo \u00e8, abbia agito diligentemente per rimuovere i dati o rendere impossibile l&#8217;accesso agli stessi.  <\/p>\n\n\n\n<p><strong>Utilizzo dei cookie<\/strong><strong> <\/strong><\/p>\n\n\n\n<p>Questo sito web pu\u00f2 utilizzare cookie tecnici (piccoli file informativi che il server invia al computer di chi accede alla pagina) per svolgere alcune funzioni ritenute essenziali per il corretto funzionamento e la visualizzazione del sito. I cookie utilizzati sono comunque di natura temporanea, al solo scopo di rendere pi\u00f9 efficiente la navigazione, e scompaiono al termine della sessione dell&#8217;utente. In nessun caso questi cookie forniscono di per s\u00e9 dati personali e non saranno utilizzati per raccogliere tali dati.  <\/p>\n\n\n\n<p>Attraverso l&#8217;uso dei cookie \u00e8 inoltre possibile che il server su cui si trova il sito riconosca il browser utilizzato dall&#8217;utente per facilitare la navigazione, consentendo, ad esempio, agli utenti che si sono precedentemente registrati di accedere ad aree, servizi, promozioni o concorsi riservati esclusivamente a loro senza doversi registrare ad ogni visita. Possono anche essere utilizzati per misurare l&#8217;audience, i parametri di traffico, controllare l&#8217;andamento e il numero delle iscrizioni, ecc. Questo sito web non installer\u00e0 cookie dispensabili senza il preventivo consenso dell&#8217;utente. L&#8217;utente ha la possibilit\u00e0 di configurare il proprio browser in modo da essere avvisato della ricezione dei cookie e di impedirne l&#8217;installazione sul proprio dispositivo. Per ulteriori informazioni, consultare le istruzioni del browser. <\/p>\n\n\n\n<p><strong>Politica di collegamento <\/strong><\/p>\n\n\n\n<p>Dal sito web, potreste essere reindirizzati a contenuti di siti web di terzi. Poich\u00e9 il RESPONSABILE non pu\u00f2 sempre controllare i contenuti pubblicati da terzi sui rispettivi siti web, il RESPONSABILE non si assume alcuna responsabilit\u00e0 per tali contenuti. In ogni caso, rimuover\u00e0 immediatamente qualsiasi contenuto che possa contravvenire alla legislazione nazionale o internazionale, alla morale o all&#8217;ordine pubblico, eliminando immediatamente il reindirizzamento a tale sito web e informando le autorit\u00e0 competenti del contenuto in questione. Il RESPONSABILE non \u00e8 responsabile delle informazioni e dei contenuti memorizzati, inclusi, ma non limitati a, forum, chat, generatori di blog, commenti, social network o qualsiasi altro mezzo che permetta a terzi di pubblicare contenuti in modo indipendente sul sito web del RESPONSABILE. Tuttavia, in conformit\u00e0 con le disposizioni degli articoli 11 e 16 della LSSICE, si mette a disposizione di tutti gli utenti, delle autorit\u00e0 e delle forze di sicurezza, collaborando attivamente alla rimozione o, se del caso, al blocco di tutti i contenuti che possono pregiudicare o contravvenire alla legislazione nazionale o internazionale, ai diritti di terzi o al buon costume e all&#8217;ordine pubblico. Nel caso in cui l&#8217;utente ritenga che sul sito web siano presenti contenuti suscettibili di questa classificazione, \u00e8 pregato di comunicarlo immediatamente all&#8217;amministratore del sito. Questo sito web \u00e8 stato controllato e testato per garantirne il corretto funzionamento. In linea di principio, il corretto funzionamento pu\u00f2 essere garantito 365 giorni all&#8217;anno, 24 ore al giorno. Tuttavia, il RESPONSABILE non esclude la possibilit\u00e0 che si verifichino alcuni errori di programmazione o che si verifichino cause di forza maggiore, disastri naturali, scioperi o circostanze simili che rendano impossibile l&#8217;accesso al sito web. RESPONSABILE non esclude l&#8217;esistenza di alcuni errori di programmazione o il verificarsi di cause di forza maggiore, catastrofi naturali, scioperi o circostanze simili che rendano impossibile l&#8217;accesso al sito web. <\/p>\n\n\n\n<p><strong>Indirizzi IP<\/strong><strong> <\/strong><\/p>\n\n\n\n<p>I server del sito web possono rilevare automaticamente l&#8217;indirizzo IP e il nome di dominio utilizzati dall&#8217;utente. L&#8217;indirizzo IP \u00e8 un numero assegnato automaticamente a un computer quando si connette a Internet. Tutte queste informazioni vengono registrate in un file di attivit\u00e0 del server che consente di elaborare ulteriormente i dati per ottenere misurazioni puramente statistiche del numero di impressioni di pagina, del numero di visite effettuate ai server Web, dell&#8217;ordine delle visite, del punto di accesso, ecc.  <\/p>\n","protected":false},"excerpt":{"rendered":"<p>LEGGE SUI SERVIZI DELLA SOCIET\u00c0 DELL&#8217;INFORMAZIONE (LSSI) Luis Tolosa, responsabile del sito web, di seguito RESPONSABILE, mette a disposizione degli utenti il presente documento, con il quale intende adempiere agli obblighi previsti dalla Legge 34\/2002, dell&#8217;11 luglio, sui Servizi della Societ\u00e0 dell&#8217;Informazione e del Commercio Elettronico (LSSICE), BOE n. 166, oltre a informare tutti gli [&hellip;]<\/p>\n","protected":false},"author":4,"featured_media":0,"parent":0,"menu_order":0,"comment_status":"closed","ping_status":"closed","template":"","meta":{"site-sidebar-layout":"default","site-content-layout":"","ast-site-content-layout":"default","site-content-style":"default","site-sidebar-style":"default","ast-global-header-display":"","ast-banner-title-visibility":"","ast-main-header-display":"","ast-hfb-above-header-display":"","ast-hfb-below-header-display":"","ast-hfb-mobile-header-display":"","site-post-title":"","ast-breadcrumbs-content":"","ast-featured-img":"","footer-sml-layout":"","theme-transparent-header-meta":"","adv-header-id-meta":"","stick-header-meta":"","header-above-stick-meta":"","header-main-stick-meta":"","header-below-stick-meta":"","astra-migrate-meta-layouts":"default","ast-page-background-enabled":"default","ast-page-background-meta":{"desktop":{"background-color":"var(--ast-global-color-4)","background-image":"","background-repeat":"repeat","background-position":"center center","background-size":"auto","background-attachment":"scroll","background-type":"","background-media":"","overlay-type":"","overlay-color":"","overlay-opacity":"","overlay-gradient":""},"tablet":{"background-color":"","background-image":"","background-repeat":"repeat","background-position":"center center","background-size":"auto","background-attachment":"scroll","background-type":"","background-media":"","overlay-type":"","overlay-color":"","overlay-opacity":"","overlay-gradient":""},"mobile":{"background-color":"","background-image":"","background-repeat":"repeat","background-position":"center center","background-size":"auto","background-attachment":"scroll","background-type":"","background-media":"","overlay-type":"","overlay-color":"","overlay-opacity":"","overlay-gradient":""}},"ast-content-background-meta":{"desktop":{"background-color":"var(--ast-global-color-5)","background-image":"","background-repeat":"repeat","background-position":"center center","background-size":"auto","background-attachment":"scroll","background-type":"","background-media":"","overlay-type":"","overlay-color":"","overlay-opacity":"","overlay-gradient":""},"tablet":{"background-color":"var(--ast-global-color-5)","background-image":"","background-repeat":"repeat","background-position":"center center","background-size":"auto","background-attachment":"scroll","background-type":"","background-media":"","overlay-type":"","overlay-color":"","overlay-opacity":"","overlay-gradient":""},"mobile":{"background-color":"var(--ast-global-color-5)","background-image":"","background-repeat":"repeat","background-position":"center center","background-size":"auto","background-attachment":"scroll","background-type":"","background-media":"","overlay-type":"","overlay-color":"","overlay-opacity":"","overlay-gradient":""}},"footnotes":""},"class_list":["post-11352","page","type-page","status-publish","hentry"],"yoast_head":"<!-- This site is optimized with the Yoast SEO plugin v26.4 - https:\/\/yoast.com\/wordpress\/plugins\/seo\/ -->\n<title>Avviso legale - eMadrid.com<\/title>\n<meta name=\"robots\" content=\"index, follow, max-snippet:-1, max-image-preview:large, max-video-preview:-1\" \/>\n<link rel=\"canonical\" href=\"https:\/\/emadrid.com\/it\/avviso-legale\/\" \/>\n<meta property=\"og:locale\" content=\"it_IT\" \/>\n<meta property=\"og:type\" content=\"article\" \/>\n<meta property=\"og:title\" content=\"Avviso legale - eMadrid.com\" \/>\n<meta property=\"og:description\" content=\"LEGGE SUI SERVIZI DELLA SOCIET\u00c0 DELL&#8217;INFORMAZIONE (LSSI) Luis Tolosa, responsabile del sito web, di seguito RESPONSABILE, mette a disposizione degli utenti il presente documento, con il quale intende adempiere agli obblighi previsti dalla Legge 34\/2002, dell&#8217;11 luglio, sui Servizi della Societ\u00e0 dell&#8217;Informazione e del Commercio Elettronico (LSSICE), BOE n. 166, oltre a informare tutti gli [&hellip;]\" \/>\n<meta property=\"og:url\" content=\"https:\/\/emadrid.com\/it\/avviso-legale\/\" \/>\n<meta property=\"og:site_name\" content=\"eMadrid.com\" \/>\n<meta property=\"article:modified_time\" content=\"2023-05-08T08:03:41+00:00\" \/>\n<meta name=\"twitter:card\" content=\"summary_large_image\" \/>\n<meta name=\"twitter:label1\" content=\"Tempo di lettura stimato\" \/>\n\t<meta name=\"twitter:data1\" content=\"5 minuti\" \/>\n<script type=\"application\/ld+json\" class=\"yoast-schema-graph\">{\"@context\":\"https:\/\/schema.org\",\"@graph\":[{\"@type\":\"WebPage\",\"@id\":\"https:\/\/emadrid.com\/it\/avviso-legale\/\",\"url\":\"https:\/\/emadrid.com\/it\/avviso-legale\/\",\"name\":\"Avviso legale - eMadrid.com\",\"isPartOf\":{\"@id\":\"https:\/\/emadrid.com\/it\/#website\"},\"datePublished\":\"2023-05-03T15:44:30+00:00\",\"dateModified\":\"2023-05-08T08:03:41+00:00\",\"breadcrumb\":{\"@id\":\"https:\/\/emadrid.com\/it\/avviso-legale\/#breadcrumb\"},\"inLanguage\":\"it-IT\",\"potentialAction\":[{\"@type\":\"ReadAction\",\"target\":[\"https:\/\/emadrid.com\/it\/avviso-legale\/\"]}]},{\"@type\":\"BreadcrumbList\",\"@id\":\"https:\/\/emadrid.com\/it\/avviso-legale\/#breadcrumb\",\"itemListElement\":[{\"@type\":\"ListItem\",\"position\":1,\"name\":\"Portada\",\"item\":\"https:\/\/emadrid.com\/it\/\"},{\"@type\":\"ListItem\",\"position\":2,\"name\":\"Avviso legale\"}]},{\"@type\":\"WebSite\",\"@id\":\"https:\/\/emadrid.com\/it\/#website\",\"url\":\"https:\/\/emadrid.com\/it\/\",\"name\":\"eMadrid.com\",\"description\":\"Las mejores Ofertas en Madrid. Hoteles, Espect\u00e1culos, Actividades y mucho m\u00e1s.\",\"publisher\":{\"@id\":\"https:\/\/emadrid.com\/it\/#organization\"},\"potentialAction\":[{\"@type\":\"SearchAction\",\"target\":{\"@type\":\"EntryPoint\",\"urlTemplate\":\"https:\/\/emadrid.com\/it\/?s={search_term_string}\"},\"query-input\":{\"@type\":\"PropertyValueSpecification\",\"valueRequired\":true,\"valueName\":\"search_term_string\"}}],\"inLanguage\":\"it-IT\"},{\"@type\":\"Organization\",\"@id\":\"https:\/\/emadrid.com\/it\/#organization\",\"name\":\"eMadrid.com\",\"url\":\"https:\/\/emadrid.com\/it\/\",\"logo\":{\"@type\":\"ImageObject\",\"inLanguage\":\"it-IT\",\"@id\":\"https:\/\/emadrid.com\/it\/#\/schema\/logo\/image\/\",\"url\":\"https:\/\/emadrid.com\/wp-content\/uploads\/2025\/01\/Logo-horizontal-250px.png?wsr\",\"contentUrl\":\"https:\/\/emadrid.com\/wp-content\/uploads\/2025\/01\/Logo-horizontal-250px.png?wsr\",\"width\":251,\"height\":35,\"caption\":\"eMadrid.com\"},\"image\":{\"@id\":\"https:\/\/emadrid.com\/it\/#\/schema\/logo\/image\/\"}}]}<\/script>\n<!-- \/ Yoast SEO plugin. -->","yoast_head_json":{"title":"Avviso legale - eMadrid.com","robots":{"index":"index","follow":"follow","max-snippet":"max-snippet:-1","max-image-preview":"max-image-preview:large","max-video-preview":"max-video-preview:-1"},"canonical":"https:\/\/emadrid.com\/it\/avviso-legale\/","og_locale":"it_IT","og_type":"article","og_title":"Avviso legale - eMadrid.com","og_description":"LEGGE SUI SERVIZI DELLA SOCIET\u00c0 DELL&#8217;INFORMAZIONE (LSSI) Luis Tolosa, responsabile del sito web, di seguito RESPONSABILE, mette a disposizione degli utenti il presente documento, con il quale intende adempiere agli obblighi previsti dalla Legge 34\/2002, dell&#8217;11 luglio, sui Servizi della Societ\u00e0 dell&#8217;Informazione e del Commercio Elettronico (LSSICE), BOE n. 166, oltre a informare tutti gli [&hellip;]","og_url":"https:\/\/emadrid.com\/it\/avviso-legale\/","og_site_name":"eMadrid.com","article_modified_time":"2023-05-08T08:03:41+00:00","twitter_card":"summary_large_image","twitter_misc":{"Tempo di lettura stimato":"5 minuti"},"schema":{"@context":"https:\/\/schema.org","@graph":[{"@type":"WebPage","@id":"https:\/\/emadrid.com\/it\/avviso-legale\/","url":"https:\/\/emadrid.com\/it\/avviso-legale\/","name":"Avviso legale - eMadrid.com","isPartOf":{"@id":"https:\/\/emadrid.com\/it\/#website"},"datePublished":"2023-05-03T15:44:30+00:00","dateModified":"2023-05-08T08:03:41+00:00","breadcrumb":{"@id":"https:\/\/emadrid.com\/it\/avviso-legale\/#breadcrumb"},"inLanguage":"it-IT","potentialAction":[{"@type":"ReadAction","target":["https:\/\/emadrid.com\/it\/avviso-legale\/"]}]},{"@type":"BreadcrumbList","@id":"https:\/\/emadrid.com\/it\/avviso-legale\/#breadcrumb","itemListElement":[{"@type":"ListItem","position":1,"name":"Portada","item":"https:\/\/emadrid.com\/it\/"},{"@type":"ListItem","position":2,"name":"Avviso legale"}]},{"@type":"WebSite","@id":"https:\/\/emadrid.com\/it\/#website","url":"https:\/\/emadrid.com\/it\/","name":"eMadrid.com","description":"Las mejores Ofertas en Madrid. Hoteles, Espect\u00e1culos, Actividades y mucho m\u00e1s.","publisher":{"@id":"https:\/\/emadrid.com\/it\/#organization"},"potentialAction":[{"@type":"SearchAction","target":{"@type":"EntryPoint","urlTemplate":"https:\/\/emadrid.com\/it\/?s={search_term_string}"},"query-input":{"@type":"PropertyValueSpecification","valueRequired":true,"valueName":"search_term_string"}}],"inLanguage":"it-IT"},{"@type":"Organization","@id":"https:\/\/emadrid.com\/it\/#organization","name":"eMadrid.com","url":"https:\/\/emadrid.com\/it\/","logo":{"@type":"ImageObject","inLanguage":"it-IT","@id":"https:\/\/emadrid.com\/it\/#\/schema\/logo\/image\/","url":"https:\/\/emadrid.com\/wp-content\/uploads\/2025\/01\/Logo-horizontal-250px.png?wsr","contentUrl":"https:\/\/emadrid.com\/wp-content\/uploads\/2025\/01\/Logo-horizontal-250px.png?wsr","width":251,"height":35,"caption":"eMadrid.com"},"image":{"@id":"https:\/\/emadrid.com\/it\/#\/schema\/logo\/image\/"}}]}},"_links":{"self":[{"href":"https:\/\/emadrid.com\/it\/wp-json\/wp\/v2\/pages\/11352","targetHints":{"allow":["GET"]}}],"collection":[{"href":"https:\/\/emadrid.com\/it\/wp-json\/wp\/v2\/pages"}],"about":[{"href":"https:\/\/emadrid.com\/it\/wp-json\/wp\/v2\/types\/page"}],"author":[{"embeddable":true,"href":"https:\/\/emadrid.com\/it\/wp-json\/wp\/v2\/users\/4"}],"replies":[{"embeddable":true,"href":"https:\/\/emadrid.com\/it\/wp-json\/wp\/v2\/comments?post=11352"}],"version-history":[{"count":10,"href":"https:\/\/emadrid.com\/it\/wp-json\/wp\/v2\/pages\/11352\/revisions"}],"predecessor-version":[{"id":11978,"href":"https:\/\/emadrid.com\/it\/wp-json\/wp\/v2\/pages\/11352\/revisions\/11978"}],"wp:attachment":[{"href":"https:\/\/emadrid.com\/it\/wp-json\/wp\/v2\/media?parent=11352"}],"curies":[{"name":"wp","href":"https:\/\/api.w.org\/{rel}","templated":true}]}}