{"id":11544,"date":"2023-05-03T15:45:15","date_gmt":"2023-05-03T13:45:15","guid":{"rendered":"https:\/\/bookingmadrid.com\/informativa-sulla-privacy\/"},"modified":"2023-05-04T20:32:15","modified_gmt":"2023-05-04T20:32:15","slug":"informativa-sulla-privacy","status":"publish","type":"page","link":"https:\/\/emadrid.com\/it\/informativa-sulla-privacy\/","title":{"rendered":"Informativa sulla privacy"},"content":{"rendered":"\n<p><strong>1. INFORMAZIONI SULL&#8217;UTENTE&nbsp;<\/strong><\/p>\n\n\n\n<p><strong>Chi \u00e8 responsabile del trattamento dei vostri dati personali<\/strong>?&nbsp;<\/p>\n\n\n\n<p><strong>Luis Tolosa <\/strong>\u00e8 RESPONSABILE del trattamento dei dati personali dell&#8217;UTENTE e informa che tali dati saranno trattati in conformit\u00e0 alle disposizioni del Regolamento (UE) 2016\/679, del 27 aprile (GDPR), e della Legge Organica 3\/2018, del 5 dicembre (LOPDGDD).\u00a0<\/p>\n\n\n\n<p><\/p>\n\n\n\n<p><\/p>\n\n\n\n<p><strong>Per quale motivo trattiamo i vostri dati personali<\/strong>?&nbsp;<\/p>\n\n\n\n<p>mantenere un rapporto commerciale con l&#8217;utente. Le operazioni previste per lo svolgimento del trattamento sono:&nbsp;<\/p>\n\n\n\n<ul class=\"wp-block-list\">\n<li>Invio di comunicazioni commerciali pubblicitarie tramite e-mail, fax, SMS, MMS, social network o qualsiasi altro mezzo elettronico o fisico, presente o futuro, che consenta di effettuare comunicazioni commerciali. Queste comunicazioni saranno effettuate dal RESPONSABILE e saranno relative ai suoi prodotti e servizi, o a quelli dei suoi collaboratori o fornitori, con i quali ha raggiunto un accordo promozionale. In questo caso, i terzi non avranno mai accesso ai dati personali.&nbsp;<\/li>\n\n\n\n<li>Condurre ricerche di mercato e analisi statistiche.&nbsp;<\/li>\n\n\n\n<li>Elaborare ordini, richieste, rispondere a quesiti o a qualsiasi tipo di richiesta fatta dall&#8217;UTENTE attraverso uno qualsiasi dei metodi di contatto messi a sua disposizione sul sito web dell&#8217;azienda RESPONSABILE.\u00a0<\/li>\n<\/ul>\n\n\n\n<ul class=\"wp-block-list\">\n<li>Per inviare la newsletter online sulle novit\u00e0, le offerte e le promozioni della nostra attivit\u00e0.&nbsp;<\/li>\n<\/ul>\n\n\n\n<p><strong>Perch\u00e9 possiamo trattare i vostri dati personali<\/strong>?&nbsp;<\/p>\n\n\n\n<p>Perch\u00e9 il trattamento \u00e8 legittimato dall&#8217;articolo 6 del GDPR come segue:&nbsp;<\/p>\n\n\n\n<ul class=\"wp-block-list\">\n<li>Con il consenso dell&#8217;UTENTE: invio di comunicazioni commerciali e della newsletter.&nbsp;<\/li>\n\n\n\n<li>Per il legittimo interesse del RESPONSABILE: per effettuare ricerche di mercato, analisi statistiche, ecc. e per elaborare ordini, richieste, ecc. su richiesta dell&#8217;UTENTE.&nbsp;<\/li>\n<\/ul>\n\n\n\n<p><strong>Per quanto tempo conserveremo i vostri dati personali<\/strong>?&nbsp;<\/p>\n\n\n\n<p>Saranno conservati per un periodo di tempo non superiore a quello necessario per il mantenimento delle finalit\u00e0 del trattamento o in presenza di requisiti legali che ne impongano la conservazione e, quando non saranno pi\u00f9 necessari per tali finalit\u00e0, saranno cancellati con misure di sicurezza adeguate per garantire l&#8217;anonimato dei dati o la loro totale distruzione.&nbsp;<\/p>\n\n\n\n<p><strong>A chi forniamo i vostri dati personali<\/strong>?&nbsp;<\/p>\n\n\n\n<p>Non \u00e8 prevista la comunicazione dei dati personali a terzi ad eccezione, se necessario per lo sviluppo e l&#8217;esecuzione delle finalit\u00e0 del trattamento, dei nostri fornitori di servizi relativi alle comunicazioni, con i quali il RESPONSABILE ha sottoscritto i contratti di riservatezza e di trattamento dei dati richiesti dalla normativa sulla privacy in vigore.&nbsp;<\/p>\n\n\n\n<p><strong>Quali sono i vostri diritti<\/strong>?&nbsp;<\/p>\n\n\n\n<p>I diritti dell&#8217;UTENTE sono:&nbsp;<\/p>\n\n\n\n<ul class=\"wp-block-list\">\n<li>Diritto di ritirare il consenso in qualsiasi momento.\u00a0<\/li>\n<\/ul>\n\n\n\n<ul class=\"wp-block-list\">\n<li>Il diritto di accesso, rettifica, portabilit\u00e0 e cancellazione dei propri dati, nonch\u00e9 il diritto di limitare o opporsi al loro trattamento.\u00a0<\/li>\n<\/ul>\n\n\n\n<ul class=\"wp-block-list\">\n<li>Il diritto di proporre reclamo all&#8217;autorit\u00e0 di controllo (www.aepd.es) qualora ritenga che il trattamento non sia conforme alla normativa vigente.\u00a0<\/li>\n<\/ul>\n\n\n\n<p><strong>Informazioni di contatto per l&#8217;esercizio dei <\/strong>diritti:&nbsp;<\/p>\n\n\n\n<p>Luis Tolosa. Calle de Valdebernardo, 39 &#8211; 28280 Madrid (Madrid)\u00a0<\/p>\n\n\n\n<p><\/p>\n\n\n\n<p><\/p>\n\n\n\n<p><strong>2. NATURA OBBLIGATORIA O FACOLTATIVA DELLE INFORMAZIONI FORNITE DALL&#8217;UTENTE&nbsp;<\/strong><\/p>\n\n\n\n<p>Gli UTENTI, barrando le caselle corrispondenti e inserendo i dati nei campi contrassegnati da un asterisco (*) nel modulo di contatto o presentati nei moduli di download, accettano espressamente e liberamente e inequivocabilmente che i loro dati sono necessari per soddisfare la loro richiesta, da parte del fornitore, essendo volontario l&#8217;inserimento dei dati nei campi rimanenti. L&#8217;UTENTE garantisce che i dati personali forniti al RESPONSABILE sono veritieri ed \u00e8 responsabile della comunicazione di eventuali modifiche agli stessi.&nbsp;<\/p>\n\n\n\n<p>Il RESPONSABILE informa che tutti i dati richiesti attraverso il sito web sono obbligatori, in quanto necessari per la fornitura di un servizio ottimale all&#8217;UTENTE. Nel caso in cui non vengano forniti tutti i dati, non si garantisce che le informazioni e i servizi forniti siano completamente adeguati alle esigenze dell&#8217;utente.\u00a0<\/p>\n\n\n\n<p><\/p>\n\n\n\n<p><\/p>\n\n\n\n<p><strong>3. MISURE DI SICUREZZA&nbsp;<\/strong><\/p>\n\n\n\n<p>Che in conformit\u00e0 alle disposizioni della normativa vigente in materia di protezione dei dati personali, il RESPONSABILE rispetta tutte le disposizioni del GDPR e della normativa LOPDGDD per il trattamento dei dati personali sotto la sua responsabilit\u00e0, e manifestamente i principi descritti nell&#8217;articolo 5 del GDPR, per cui essi sono trattati in modo lecito, equo e trasparente nei confronti dell&#8217;interessato e sono adeguati, pertinenti e limitati a quanto necessario in relazione alle finalit\u00e0 per cui sono trattati.&nbsp;<\/p>\n\n\n\n<p>Il RESPONSABILE garantisce di aver attuato politiche tecniche e organizzative adeguate per applicare le misure di sicurezza stabilite dal GDPR e dal LOPDGDD al fine di proteggere i diritti e le libert\u00e0 degli UTENTI e di aver comunicato loro le informazioni appropriate affinch\u00e9 possano esercitarli.&nbsp;<\/p>\n\n\n\n<p>Per ulteriori informazioni sulle garanzie di privacy, \u00e8 possibile contattare il RESPONSABILE attraverso Luis Tolosa. Calle de Valdebernardo, 39 &#8211; 28280 Madrid (Madrid)&nbsp;<\/p>\n","protected":false},"excerpt":{"rendered":"<p>1. INFORMAZIONI SULL&#8217;UTENTE&nbsp; Chi \u00e8 responsabile del trattamento dei vostri dati personali?&nbsp; Luis Tolosa \u00e8 RESPONSABILE del trattamento dei dati personali dell&#8217;UTENTE e informa che tali dati saranno trattati in conformit\u00e0 alle disposizioni del Regolamento (UE) 2016\/679, del 27 aprile (GDPR), e della Legge Organica 3\/2018, del 5 dicembre (LOPDGDD).\u00a0 Per quale motivo trattiamo i [&hellip;]<\/p>\n","protected":false},"author":4,"featured_media":0,"parent":0,"menu_order":0,"comment_status":"closed","ping_status":"closed","template":"","meta":{"site-sidebar-layout":"default","site-content-layout":"default","ast-site-content-layout":"default","site-content-style":"default","site-sidebar-style":"default","ast-global-header-display":"","ast-banner-title-visibility":"","ast-main-header-display":"","ast-hfb-above-header-display":"","ast-hfb-below-header-display":"","ast-hfb-mobile-header-display":"","site-post-title":"","ast-breadcrumbs-content":"","ast-featured-img":"","footer-sml-layout":"","theme-transparent-header-meta":"default","adv-header-id-meta":"","stick-header-meta":"","header-above-stick-meta":"","header-main-stick-meta":"","header-below-stick-meta":"","astra-migrate-meta-layouts":"default","ast-page-background-enabled":"default","ast-page-background-meta":{"desktop":{"background-color":"var(--ast-global-color-4)","background-image":"","background-repeat":"repeat","background-position":"center center","background-size":"auto","background-attachment":"scroll","background-type":"","background-media":"","overlay-type":"","overlay-color":"","overlay-opacity":"","overlay-gradient":""},"tablet":{"background-color":"","background-image":"","background-repeat":"repeat","background-position":"center center","background-size":"auto","background-attachment":"scroll","background-type":"","background-media":"","overlay-type":"","overlay-color":"","overlay-opacity":"","overlay-gradient":""},"mobile":{"background-color":"","background-image":"","background-repeat":"repeat","background-position":"center center","background-size":"auto","background-attachment":"scroll","background-type":"","background-media":"","overlay-type":"","overlay-color":"","overlay-opacity":"","overlay-gradient":""}},"ast-content-background-meta":{"desktop":{"background-color":"var(--ast-global-color-5)","background-image":"","background-repeat":"repeat","background-position":"center center","background-size":"auto","background-attachment":"scroll","background-type":"","background-media":"","overlay-type":"","overlay-color":"","overlay-opacity":"","overlay-gradient":""},"tablet":{"background-color":"var(--ast-global-color-5)","background-image":"","background-repeat":"repeat","background-position":"center center","background-size":"auto","background-attachment":"scroll","background-type":"","background-media":"","overlay-type":"","overlay-color":"","overlay-opacity":"","overlay-gradient":""},"mobile":{"background-color":"var(--ast-global-color-5)","background-image":"","background-repeat":"repeat","background-position":"center center","background-size":"auto","background-attachment":"scroll","background-type":"","background-media":"","overlay-type":"","overlay-color":"","overlay-opacity":"","overlay-gradient":""}},"footnotes":""},"class_list":["post-11544","page","type-page","status-publish","hentry"],"yoast_head":"<!-- This site is optimized with the Yoast SEO plugin v26.4 - https:\/\/yoast.com\/wordpress\/plugins\/seo\/ -->\n<title>Informativa sulla privacy - eMadrid.com<\/title>\n<meta name=\"robots\" content=\"index, follow, max-snippet:-1, max-image-preview:large, max-video-preview:-1\" \/>\n<link rel=\"canonical\" href=\"https:\/\/emadrid.com\/it\/informativa-sulla-privacy\/\" \/>\n<meta property=\"og:locale\" content=\"it_IT\" \/>\n<meta property=\"og:type\" content=\"article\" \/>\n<meta property=\"og:title\" content=\"Informativa sulla privacy - eMadrid.com\" \/>\n<meta property=\"og:description\" content=\"1. INFORMAZIONI SULL&#8217;UTENTE&nbsp; Chi \u00e8 responsabile del trattamento dei vostri dati personali?&nbsp; Luis Tolosa \u00e8 RESPONSABILE del trattamento dei dati personali dell&#8217;UTENTE e informa che tali dati saranno trattati in conformit\u00e0 alle disposizioni del Regolamento (UE) 2016\/679, del 27 aprile (GDPR), e della Legge Organica 3\/2018, del 5 dicembre (LOPDGDD).\u00a0 Per quale motivo trattiamo i [&hellip;]\" \/>\n<meta property=\"og:url\" content=\"https:\/\/emadrid.com\/it\/informativa-sulla-privacy\/\" \/>\n<meta property=\"og:site_name\" content=\"eMadrid.com\" \/>\n<meta property=\"article:modified_time\" content=\"2023-05-04T20:32:15+00:00\" \/>\n<meta name=\"twitter:card\" content=\"summary_large_image\" \/>\n<meta name=\"twitter:label1\" content=\"Tempo di lettura stimato\" \/>\n\t<meta name=\"twitter:data1\" content=\"4 minuti\" \/>\n<script type=\"application\/ld+json\" class=\"yoast-schema-graph\">{\"@context\":\"https:\/\/schema.org\",\"@graph\":[{\"@type\":\"WebPage\",\"@id\":\"https:\/\/emadrid.com\/it\/informativa-sulla-privacy\/\",\"url\":\"https:\/\/emadrid.com\/it\/informativa-sulla-privacy\/\",\"name\":\"Informativa sulla privacy - eMadrid.com\",\"isPartOf\":{\"@id\":\"https:\/\/emadrid.com\/it\/#website\"},\"datePublished\":\"2023-05-03T13:45:15+00:00\",\"dateModified\":\"2023-05-04T20:32:15+00:00\",\"breadcrumb\":{\"@id\":\"https:\/\/emadrid.com\/it\/informativa-sulla-privacy\/#breadcrumb\"},\"inLanguage\":\"it-IT\",\"potentialAction\":[{\"@type\":\"ReadAction\",\"target\":[\"https:\/\/emadrid.com\/it\/informativa-sulla-privacy\/\"]}]},{\"@type\":\"BreadcrumbList\",\"@id\":\"https:\/\/emadrid.com\/it\/informativa-sulla-privacy\/#breadcrumb\",\"itemListElement\":[{\"@type\":\"ListItem\",\"position\":1,\"name\":\"Portada\",\"item\":\"https:\/\/emadrid.com\/it\/\"},{\"@type\":\"ListItem\",\"position\":2,\"name\":\"Informativa sulla privacy\"}]},{\"@type\":\"WebSite\",\"@id\":\"https:\/\/emadrid.com\/it\/#website\",\"url\":\"https:\/\/emadrid.com\/it\/\",\"name\":\"eMadrid.com\",\"description\":\"Las mejores Ofertas en Madrid. Hoteles, Espect\u00e1culos, Actividades y mucho m\u00e1s.\",\"publisher\":{\"@id\":\"https:\/\/emadrid.com\/it\/#organization\"},\"potentialAction\":[{\"@type\":\"SearchAction\",\"target\":{\"@type\":\"EntryPoint\",\"urlTemplate\":\"https:\/\/emadrid.com\/it\/?s={search_term_string}\"},\"query-input\":{\"@type\":\"PropertyValueSpecification\",\"valueRequired\":true,\"valueName\":\"search_term_string\"}}],\"inLanguage\":\"it-IT\"},{\"@type\":\"Organization\",\"@id\":\"https:\/\/emadrid.com\/it\/#organization\",\"name\":\"eMadrid.com\",\"url\":\"https:\/\/emadrid.com\/it\/\",\"logo\":{\"@type\":\"ImageObject\",\"inLanguage\":\"it-IT\",\"@id\":\"https:\/\/emadrid.com\/it\/#\/schema\/logo\/image\/\",\"url\":\"https:\/\/emadrid.com\/wp-content\/uploads\/2025\/01\/Logo-horizontal-250px.png?wsr\",\"contentUrl\":\"https:\/\/emadrid.com\/wp-content\/uploads\/2025\/01\/Logo-horizontal-250px.png?wsr\",\"width\":251,\"height\":35,\"caption\":\"eMadrid.com\"},\"image\":{\"@id\":\"https:\/\/emadrid.com\/it\/#\/schema\/logo\/image\/\"}}]}<\/script>\n<!-- \/ Yoast SEO plugin. -->","yoast_head_json":{"title":"Informativa sulla privacy - eMadrid.com","robots":{"index":"index","follow":"follow","max-snippet":"max-snippet:-1","max-image-preview":"max-image-preview:large","max-video-preview":"max-video-preview:-1"},"canonical":"https:\/\/emadrid.com\/it\/informativa-sulla-privacy\/","og_locale":"it_IT","og_type":"article","og_title":"Informativa sulla privacy - eMadrid.com","og_description":"1. INFORMAZIONI SULL&#8217;UTENTE&nbsp; Chi \u00e8 responsabile del trattamento dei vostri dati personali?&nbsp; Luis Tolosa \u00e8 RESPONSABILE del trattamento dei dati personali dell&#8217;UTENTE e informa che tali dati saranno trattati in conformit\u00e0 alle disposizioni del Regolamento (UE) 2016\/679, del 27 aprile (GDPR), e della Legge Organica 3\/2018, del 5 dicembre (LOPDGDD).\u00a0 Per quale motivo trattiamo i [&hellip;]","og_url":"https:\/\/emadrid.com\/it\/informativa-sulla-privacy\/","og_site_name":"eMadrid.com","article_modified_time":"2023-05-04T20:32:15+00:00","twitter_card":"summary_large_image","twitter_misc":{"Tempo di lettura stimato":"4 minuti"},"schema":{"@context":"https:\/\/schema.org","@graph":[{"@type":"WebPage","@id":"https:\/\/emadrid.com\/it\/informativa-sulla-privacy\/","url":"https:\/\/emadrid.com\/it\/informativa-sulla-privacy\/","name":"Informativa sulla privacy - eMadrid.com","isPartOf":{"@id":"https:\/\/emadrid.com\/it\/#website"},"datePublished":"2023-05-03T13:45:15+00:00","dateModified":"2023-05-04T20:32:15+00:00","breadcrumb":{"@id":"https:\/\/emadrid.com\/it\/informativa-sulla-privacy\/#breadcrumb"},"inLanguage":"it-IT","potentialAction":[{"@type":"ReadAction","target":["https:\/\/emadrid.com\/it\/informativa-sulla-privacy\/"]}]},{"@type":"BreadcrumbList","@id":"https:\/\/emadrid.com\/it\/informativa-sulla-privacy\/#breadcrumb","itemListElement":[{"@type":"ListItem","position":1,"name":"Portada","item":"https:\/\/emadrid.com\/it\/"},{"@type":"ListItem","position":2,"name":"Informativa sulla privacy"}]},{"@type":"WebSite","@id":"https:\/\/emadrid.com\/it\/#website","url":"https:\/\/emadrid.com\/it\/","name":"eMadrid.com","description":"Las mejores Ofertas en Madrid. Hoteles, Espect\u00e1culos, Actividades y mucho m\u00e1s.","publisher":{"@id":"https:\/\/emadrid.com\/it\/#organization"},"potentialAction":[{"@type":"SearchAction","target":{"@type":"EntryPoint","urlTemplate":"https:\/\/emadrid.com\/it\/?s={search_term_string}"},"query-input":{"@type":"PropertyValueSpecification","valueRequired":true,"valueName":"search_term_string"}}],"inLanguage":"it-IT"},{"@type":"Organization","@id":"https:\/\/emadrid.com\/it\/#organization","name":"eMadrid.com","url":"https:\/\/emadrid.com\/it\/","logo":{"@type":"ImageObject","inLanguage":"it-IT","@id":"https:\/\/emadrid.com\/it\/#\/schema\/logo\/image\/","url":"https:\/\/emadrid.com\/wp-content\/uploads\/2025\/01\/Logo-horizontal-250px.png?wsr","contentUrl":"https:\/\/emadrid.com\/wp-content\/uploads\/2025\/01\/Logo-horizontal-250px.png?wsr","width":251,"height":35,"caption":"eMadrid.com"},"image":{"@id":"https:\/\/emadrid.com\/it\/#\/schema\/logo\/image\/"}}]}},"_links":{"self":[{"href":"https:\/\/emadrid.com\/it\/wp-json\/wp\/v2\/pages\/11544","targetHints":{"allow":["GET"]}}],"collection":[{"href":"https:\/\/emadrid.com\/it\/wp-json\/wp\/v2\/pages"}],"about":[{"href":"https:\/\/emadrid.com\/it\/wp-json\/wp\/v2\/types\/page"}],"author":[{"embeddable":true,"href":"https:\/\/emadrid.com\/it\/wp-json\/wp\/v2\/users\/4"}],"replies":[{"embeddable":true,"href":"https:\/\/emadrid.com\/it\/wp-json\/wp\/v2\/comments?post=11544"}],"version-history":[{"count":2,"href":"https:\/\/emadrid.com\/it\/wp-json\/wp\/v2\/pages\/11544\/revisions"}],"predecessor-version":[{"id":11546,"href":"https:\/\/emadrid.com\/it\/wp-json\/wp\/v2\/pages\/11544\/revisions\/11546"}],"wp:attachment":[{"href":"https:\/\/emadrid.com\/it\/wp-json\/wp\/v2\/media?parent=11544"}],"curies":[{"name":"wp","href":"https:\/\/api.w.org\/{rel}","templated":true}]}}