{"id":11553,"date":"2023-05-03T15:47:50","date_gmt":"2023-05-03T15:47:50","guid":{"rendered":"https:\/\/bookingmadrid.com\/informativa-sui-cookie\/"},"modified":"2023-05-05T09:21:59","modified_gmt":"2023-05-05T09:21:59","slug":"informativa-sui-cookie","status":"publish","type":"page","link":"https:\/\/emadrid.com\/it\/informativa-sui-cookie\/","title":{"rendered":"Informativa sui cookie"},"content":{"rendered":"\n<p><strong>INFORMAZIONI SUI COOKIE&nbsp;<\/strong><\/p>\n\n\n\n<p>In conformit\u00e0 alla Legge 34\/2002 dell&#8217;11 luglio 2002 sui servizi della societ\u00e0 dell&#8217;informazione e il commercio elettronico.&nbsp;<\/p>\n\n\n\n<p>(LSSI), in relazione al Regolamento (UE) 2016\/679 del Parlamento europeo e del Consiglio, del 27 aprile 2016, Regolamento generale sulla protezione dei dati (GDPR) e alla Legge organica 3\/2018, del 5 dicembre, sulla protezione dei dati e la garanzia dei diritti digitali (LOPDGDD), \u00e8 obbligatorio ottenere il consenso espresso dell&#8217;utente di tutti i siti web che utilizzano cookie erogabili, prima che l&#8217;utente li navighi.&nbsp;<\/p>\n\n\n\n<p><strong>COSA SONO I BISCOTTI<\/strong>?&nbsp;<\/p>\n\n\n\n<p>I cookie e altre tecnologie simili, come gli oggetti locali condivisi, i flash cookie o i pixel, sono strumenti utilizzati dai server web per memorizzare e recuperare informazioni sui visitatori e per garantire il corretto funzionamento del sito.&nbsp;<\/p>\n\n\n\n<p>L&#8217;uso di questi dispositivi consente al server Web di ricordare alcuni dati relativi all&#8217;utente, come le sue preferenze di visualizzazione delle pagine del server, il nome e la password, i prodotti a cui \u00e8 maggiormente interessato, ecc.&nbsp;<\/p>\n\n\n\n<p>COOKIE <strong>INTERESSATI DAL REGOLAMENTO E COOKIE ESENTI&nbsp;<\/strong><\/p>\n\n\n\n<p>Secondo la direttiva UE, i cookie che richiedono il consenso informato dell&#8217;utente sono i cookie analitici e i cookie pubblicitari e di affiliazione, ad eccezione di quelli di natura tecnica e di quelli necessari al funzionamento del sito web o alla fornitura di servizi espressamente richiesti dall&#8217;utente.&nbsp;<\/p>\n\n\n\n<p><strong>TIPI DI COOKIE PER FINALIT\u00c0&nbsp;<\/strong><\/p>\n\n\n\n<ul class=\"wp-block-list\">\n<li>Cookie <strong>tecnici e funzionali<\/strong>: si tratta di cookie che consentono all&#8217;utente di navigare su un sito web, una piattaforma o un&#8217;applicazione e di utilizzare le diverse opzioni o servizi presenti su di essa.&nbsp;<\/li>\n\n\n\n<li>Cookie <strong>analitici<\/strong>: sono cookie che consentono al responsabile di monitorare e analizzare il comportamento degli utenti dei siti web a cui sono collegati. Le informazioni raccolte attraverso questo tipo di cookie vengono utilizzate per misurare l&#8217;attivit\u00e0 dei siti web, delle applicazioni o delle piattaforme e per elaborare profili di navigazione degli utenti di tali siti, applicazioni e piattaforme, al fine di introdurre miglioramenti basati sull&#8217;analisi dei dati di utilizzo degli utenti del servizio.<\/li>\n\n\n\n<li>&nbsp;Cookie <strong>pubblicitari: sono <\/strong>quelli che permettono di gestire nel modo pi\u00f9 efficace possibile gli spazi pubblicitari che, se del caso, l&#8217;editore ha inserito su un sito web, un&#8217;applicazione o una piattaforma da cui viene fornito il servizio richiesto, in base a criteri quali il contenuto modificato o la frequenza con cui vengono mostrati gli annunci.&nbsp;<\/li>\n\n\n\n<li>Cookie di <strong>pubblicit\u00e0 comportamentale<\/strong>: raccolgono informazioni sulle preferenze e sulle scelte personali dell&#8217;utente (retargeting) per consentire la gestione, nel modo pi\u00f9 efficace possibile, degli spazi pubblicitari che, eventualmente, l&#8217;editore ha inserito su un sito web, un&#8217;applicazione o una piattaforma da cui viene fornito il servizio richiesto. C<\/li>\n\n\n\n<li>Cookie <strong>sociali<\/strong>: sono impostati dalle piattaforme di social media sui Servizi per consentire all&#8217;utente di condividere contenuti con i propri amici e reti. Le piattaforme di social media hanno la possibilit\u00e0 di tracciare la vostra attivit\u00e0 online al di fuori dei Servizi. Ci\u00f2 pu\u00f2 influire sui contenuti e sui messaggi che l&#8217;utente vede su altri servizi che visita.&nbsp;<\/li>\n\n\n\n<li>&nbsp;Cookie <strong>di affiliazione<\/strong>: consentono di tracciare le visite da altri siti web con i quali il sito ha un contratto di affiliazione (societ\u00e0 di affiliazione).&nbsp;<\/li>\n\n\n\n<li>Cookie <strong>di sicurezza<\/strong>: memorizzano informazioni criptate per evitare che i dati in essi memorizzati siano vulnerabili ad attacchi malevoli da parte di terzi.&nbsp;<\/li>\n<\/ul>\n\n\n\n<p><strong>IN BASE ALLA PROPRIET\u00c0&nbsp;<\/strong><\/p>\n\n\n\n<ul class=\"wp-block-list\">\n<li>Cookie propri: sono quelli inviati al terminale dell&#8217;utente da un computer o da un dominio gestito dall&#8217;editore stesso e dal quale viene fornito il servizio richiesto dall&#8217;utente.<\/li>\n\n\n\n<li>Cookie di terze parti: sono quelli che vengono inviati al terminale dell&#8217;utente da un computer o da un dominio non gestito dall&#8217;editore, ma da un&#8217;altra entit\u00e0 che elabora i dati ottenuti attraverso i cookie.&nbsp;<\/li>\n<\/ul>\n\n\n\n<p><strong>IN BASE ALLA DURATA DI CONSERVAZIONE&nbsp;<\/strong><\/p>\n\n\n\n<ul class=\"wp-block-list\">\n<li>Cookie <strong>di sessione: si <\/strong>tratta di un tipo di cookie progettato per raccogliere e memorizzare dati durante l&#8217;accesso dell&#8217;utente a una pagina web.&nbsp;<\/li>\n\n\n\n<li>Cookie <strong>persistenti: si tratta di <\/strong>un tipo di cookie in cui i dati rimangono memorizzati nel terminale e possono essere consultati ed elaborati per un periodo definito dal responsabile del cookie, che pu\u00f2 variare da pochi minuti a diversi anni.&nbsp;<\/li>\n<\/ul>\n\n\n\n<p><strong>TRATTAMENTO DEI DATI PERSONALI&nbsp;<\/strong><\/p>\n\n\n\n<p>Luis Tolosa \u00e8 il <strong>Titolare del trattamento dei dati <\/strong>personali dell&#8217;<strong>Interessato <\/strong>e la informa che tali dati saranno trattati in conformit\u00e0 alle disposizioni del Regolamento (UE) 2016\/679, del 27 aprile 2016 (GDPR), per cui le vengono fornite le seguenti informazioni sul trattamento:&nbsp;<\/p>\n\n\n\n<p><strong>Finalit\u00e0 del trattamento: <\/strong>come specificato nella sezione relativa ai cookie utilizzati in questo sito web.&nbsp;<\/p>\n\n\n\n<p><strong>Legittimazione del trattamento<\/strong>: salvo i casi in cui sia necessario per la navigazione del sito web, con il consenso dell&#8217;interessato (art. 6.1 GDPR).&nbsp;<\/p>\n\n\n\n<p><strong>Criteri di conservazione dei dati<\/strong>: come specificato nella sezione relativa ai cookie utilizzati sul sito web.&nbsp;<\/p>\n\n\n\n<p><strong>Comunicazione dei dati<\/strong>: i dati non saranno comunicati a terzi, salvo che per i cookie di propriet\u00e0 di terzi o per obbligo di legge.&nbsp;<\/p>\n\n\n\n<p><strong>Diritti della parte <\/strong>interessata:&nbsp;<\/p>\n\n\n\n<ul class=\"wp-block-list\">\n<li>Diritto di ritirare il consenso in qualsiasi momento.&nbsp;<\/li>\n\n\n\n<li>Il diritto di accesso, rettifica, portabilit\u00e0 e cancellazione dei propri dati, nonch\u00e9 il diritto di limitare o opporsi al loro trattamento.&nbsp;<\/li>\n\n\n\n<li>Il diritto di proporre reclamo all&#8217;autorit\u00e0 di controllo (www.aepd.es) qualora ritenga che il trattamento non sia conforme alla normativa vigente.&nbsp;<\/li>\n<\/ul>\n\n\n\n<p><strong>Informazioni di contatto per l&#8217;esercizio dei diritti:&nbsp;<\/strong><\/p>\n\n\n\n<p>Luis Tolosa. Calle de Valdebernardo, 39 &#8211; 28280 Madrid (Madrid)&nbsp;<\/p>\n\n\n\n<p><strong>COOKIE UTILIZZATI IN QUESTO SITO WEB&nbsp;<\/strong><\/p>\n\n\n\n<p>Da questo pannello sar\u00e0 possibile configurare i cookie che il sito web pu\u00f2 installare nel browser dell&#8217;utente, ad eccezione dei cookie tecnici o funzionali che sono necessari per la navigazione e l&#8217;utilizzo delle diverse opzioni o servizi offerti.&nbsp;<\/p>\n\n\n\n<p>I cookie selezionati indicano che l&#8217;utente autorizza l&#8217;installazione nel proprio browser e il trattamento dei dati secondo le condizioni riportate nella Politica sui cookie.&nbsp;<\/p>\n\n\n\n<p>L&#8217;utente pu\u00f2 selezionare o deselezionare il selettore a seconda che desideri accettare o rifiutare l&#8217;installazione dei cookie.&nbsp;<\/p>\n\n\n\n<p><strong>COOKIE CONTROLLATI DALL<\/strong>&#8216;EDITORE&nbsp;<\/p>\n\n\n\n<figure class=\"wp-block-table\"><table><tbody><tr><td>&nbsp;<\/td><td>&nbsp;<\/td><td><strong>Tecnico e <\/strong>funzionale&nbsp;<\/td><td>&nbsp;<\/td><\/tr><tr><td>Propriet\u00e0&nbsp;<\/td><td>Biscotto&nbsp;<\/td><td>Scopo&nbsp;<\/td><td>Scadenza&nbsp;<\/td><\/tr><tr><td>emadrid.com&nbsp;<\/td><td>meteo_localizzazione&nbsp;<\/td><td>Cookie necessario per l&#8217;utilizzo delle opzioni e dei servizi del sito web.&nbsp;<\/td><td>in un mese&nbsp;<\/td><\/tr><\/tbody><\/table><\/figure>\n\n\n\n<p><strong>COOKIE <\/strong>DI TERZE PARTI&nbsp;<\/p>\n\n\n\n<p>I servizi di terze parti sono al di fuori del controllo dell&#8217;editore. I fornitori possono modificare in qualsiasi momento i loro termini di servizio, lo scopo e l&#8217;uso dei cookie, ecc.&nbsp;<\/p>\n\n\n\n<p><strong>Fornitori esterni di questo sito web:&nbsp;<\/strong><\/p>\n\n\n\n<p>Non vengono installati cookie controllati da terze parti\u00a0<\/p>\n\n\n\n<p>COMME <strong> GESTIRE I COOKIE DAL <\/strong>BROWSER\u00a0<\/p>\n\n\n\n<figure class=\"wp-block-table\"><table><tbody><tr><td><strong>Eliminare i cookie dal <\/strong>dispositivo&nbsp;<\/td><td>I cookie gi\u00e0 presenti su un dispositivo possono essere eliminati cancellando la cronologia del browser, che elimina i cookie da tutti i siti web visitati. Tuttavia, alcune delle informazioni salvate (ad esempio i dati di accesso o le preferenze del sito web) potrebbero andare perse.&nbsp;<\/td><\/tr><tr><td><strong>Gestire i cookie <\/strong>specifici del sito&nbsp;<\/td><td>Per avere un controllo pi\u00f9 preciso sui cookie specifici del sito, gli utenti possono regolare le impostazioni sulla privacy e sui cookie nel proprio browser.&nbsp;<\/td><\/tr><\/tbody><\/table><\/figure>\n\n\n\n<figure class=\"wp-block-table\"><table><tbody><tr><td colspan=\"2\"><strong>Blocco dei <\/strong>cookie&nbsp;<\/td><td>Sebbene la maggior parte dei browser moderni possa essere configurata per impedire l&#8217;installazione dei cookie sul dispositivo dell&#8217;utente, ci\u00f2 potrebbe richiedere la regolazione manuale di alcune preferenze ogni volta che si visita un sito o una pagina. Inoltre, alcuni servizi e funzionalit\u00e0 potrebbero non funzionare correttamente (ad esempio, il login al profilo).&nbsp;<\/td><\/tr><tr><td colspan=\"3\"><strong>COME ELIMINARE I COOKIE DAI BROWSER PI\u00d9 <\/strong>COMUNI&nbsp;<\/td><\/tr><tr><td><strong>Cromo&nbsp;<\/strong><\/td><td colspan=\"2\"><a href=\"http:\/\/support.google.com\/chrome\/answer\/95647?hl=es\">http:\/\/support.google.com\/chrome\/answer\/95647?hl=es&nbsp;<\/a><\/td><\/tr><tr><td><strong>Bordo&nbsp;<\/strong><\/td><td colspan=\"2\"><a href=\"https:\/\/support.microsoft.com\/es-es\/microsoft-edge\/eliminar-las-cookies-en-microsoft-edge-63947406-40ac-c3b8-57b9-2a946a29ae09\">https:\/\/support.microsoft.com\/es-es\/microsoft-edge\/eliminar-las-cookies-en-microsoft-edge-63947406-40ac-c3b8-57b9-<\/a><a href=\"https:\/\/support.microsoft.com\/es-es\/microsoft-edge\/eliminar-las-cookies-en-microsoft-edge-63947406-40ac-c3b8-57b9-2a946a29ae09\">2a946a29ae09&nbsp;<\/a><\/td><\/tr><tr><td><strong>Esploratore&nbsp;<\/strong><\/td><td colspan=\"2\"><a href=\"https:\/\/support.microsoft.com\/es-es\/help\/278835\/how-to-delete-cookie-files-in-internet-explorer\">https:\/\/support.microsoft.com\/es-es\/help\/278835\/how-to-delete-cookie-files-in-internet-explorer&nbsp;<\/a><\/td><\/tr><tr><td><strong>Firefox&nbsp;<\/strong><\/td><td colspan=\"2\"><a href=\"https:\/\/www.mozilla.org\/es-ES\/privacy\/websites\/#cookies\">https:\/\/www.mozilla.org\/es-ES\/privacy\/websites\/#cookies&nbsp;<\/a><\/td><\/tr><tr><td><strong>Safari&nbsp;<\/strong><\/td><td colspan=\"2\"><a href=\"https:\/\/support.apple.com\/es-es\/guide\/safari\/sfri11471\/mac\">https:\/\/support.apple.com\/es-es\/guide\/safari\/sfri11471\/mac&nbsp;<\/a><\/td><\/tr><tr><td><strong>Opera&nbsp;<\/strong><\/td><td colspan=\"2\"><a href=\"https:\/\/help.opera.com\/en\/latest\/security-and-privacy\/#clearBrowsingData\">https:\/\/help.opera.com\/en\/latest\/security-and-privacy\/#clearBrowsingData&nbsp;<\/a><\/td><\/tr><\/tbody><\/table><\/figure>\n","protected":false},"excerpt":{"rendered":"<p>INFORMAZIONI SUI COOKIE&nbsp; In conformit\u00e0 alla Legge 34\/2002 dell&#8217;11 luglio 2002 sui servizi della societ\u00e0 dell&#8217;informazione e il commercio elettronico.&nbsp; (LSSI), in relazione al Regolamento (UE) 2016\/679 del Parlamento europeo e del Consiglio, del 27 aprile 2016, Regolamento generale sulla protezione dei dati (GDPR) e alla Legge organica 3\/2018, del 5 dicembre, sulla protezione dei [&hellip;]<\/p>\n","protected":false},"author":4,"featured_media":0,"parent":0,"menu_order":0,"comment_status":"closed","ping_status":"closed","template":"","meta":{"site-sidebar-layout":"default","site-content-layout":"","ast-site-content-layout":"default","site-content-style":"default","site-sidebar-style":"default","ast-global-header-display":"","ast-banner-title-visibility":"","ast-main-header-display":"","ast-hfb-above-header-display":"","ast-hfb-below-header-display":"","ast-hfb-mobile-header-display":"","site-post-title":"","ast-breadcrumbs-content":"","ast-featured-img":"","footer-sml-layout":"","theme-transparent-header-meta":"","adv-header-id-meta":"","stick-header-meta":"","header-above-stick-meta":"","header-main-stick-meta":"","header-below-stick-meta":"","astra-migrate-meta-layouts":"default","ast-page-background-enabled":"default","ast-page-background-meta":{"desktop":{"background-color":"var(--ast-global-color-4)","background-image":"","background-repeat":"repeat","background-position":"center center","background-size":"auto","background-attachment":"scroll","background-type":"","background-media":"","overlay-type":"","overlay-color":"","overlay-opacity":"","overlay-gradient":""},"tablet":{"background-color":"","background-image":"","background-repeat":"repeat","background-position":"center center","background-size":"auto","background-attachment":"scroll","background-type":"","background-media":"","overlay-type":"","overlay-color":"","overlay-opacity":"","overlay-gradient":""},"mobile":{"background-color":"","background-image":"","background-repeat":"repeat","background-position":"center center","background-size":"auto","background-attachment":"scroll","background-type":"","background-media":"","overlay-type":"","overlay-color":"","overlay-opacity":"","overlay-gradient":""}},"ast-content-background-meta":{"desktop":{"background-color":"var(--ast-global-color-5)","background-image":"","background-repeat":"repeat","background-position":"center center","background-size":"auto","background-attachment":"scroll","background-type":"","background-media":"","overlay-type":"","overlay-color":"","overlay-opacity":"","overlay-gradient":""},"tablet":{"background-color":"var(--ast-global-color-5)","background-image":"","background-repeat":"repeat","background-position":"center center","background-size":"auto","background-attachment":"scroll","background-type":"","background-media":"","overlay-type":"","overlay-color":"","overlay-opacity":"","overlay-gradient":""},"mobile":{"background-color":"var(--ast-global-color-5)","background-image":"","background-repeat":"repeat","background-position":"center center","background-size":"auto","background-attachment":"scroll","background-type":"","background-media":"","overlay-type":"","overlay-color":"","overlay-opacity":"","overlay-gradient":""}},"footnotes":""},"class_list":["post-11553","page","type-page","status-publish","hentry"],"yoast_head":"<!-- This site is optimized with the Yoast SEO plugin v26.4 - https:\/\/yoast.com\/wordpress\/plugins\/seo\/ -->\n<title>Informativa sui cookie - eMadrid.com<\/title>\n<meta name=\"robots\" content=\"index, follow, max-snippet:-1, max-image-preview:large, max-video-preview:-1\" \/>\n<link rel=\"canonical\" href=\"https:\/\/emadrid.com\/it\/informativa-sui-cookie\/\" \/>\n<meta property=\"og:locale\" content=\"it_IT\" \/>\n<meta property=\"og:type\" content=\"article\" \/>\n<meta property=\"og:title\" content=\"Informativa sui cookie - eMadrid.com\" \/>\n<meta property=\"og:description\" content=\"INFORMAZIONI SUI COOKIE&nbsp; In conformit\u00e0 alla Legge 34\/2002 dell&#8217;11 luglio 2002 sui servizi della societ\u00e0 dell&#8217;informazione e il commercio elettronico.&nbsp; (LSSI), in relazione al Regolamento (UE) 2016\/679 del Parlamento europeo e del Consiglio, del 27 aprile 2016, Regolamento generale sulla protezione dei dati (GDPR) e alla Legge organica 3\/2018, del 5 dicembre, sulla protezione dei [&hellip;]\" \/>\n<meta property=\"og:url\" content=\"https:\/\/emadrid.com\/it\/informativa-sui-cookie\/\" \/>\n<meta property=\"og:site_name\" content=\"eMadrid.com\" \/>\n<meta property=\"article:modified_time\" content=\"2023-05-05T09:21:59+00:00\" \/>\n<meta name=\"twitter:card\" content=\"summary_large_image\" \/>\n<meta name=\"twitter:label1\" content=\"Tempo di lettura stimato\" \/>\n\t<meta name=\"twitter:data1\" content=\"6 minuti\" \/>\n<script type=\"application\/ld+json\" class=\"yoast-schema-graph\">{\"@context\":\"https:\/\/schema.org\",\"@graph\":[{\"@type\":\"WebPage\",\"@id\":\"https:\/\/emadrid.com\/it\/informativa-sui-cookie\/\",\"url\":\"https:\/\/emadrid.com\/it\/informativa-sui-cookie\/\",\"name\":\"Informativa sui cookie - eMadrid.com\",\"isPartOf\":{\"@id\":\"https:\/\/emadrid.com\/it\/#website\"},\"datePublished\":\"2023-05-03T15:47:50+00:00\",\"dateModified\":\"2023-05-05T09:21:59+00:00\",\"breadcrumb\":{\"@id\":\"https:\/\/emadrid.com\/it\/informativa-sui-cookie\/#breadcrumb\"},\"inLanguage\":\"it-IT\",\"potentialAction\":[{\"@type\":\"ReadAction\",\"target\":[\"https:\/\/emadrid.com\/it\/informativa-sui-cookie\/\"]}]},{\"@type\":\"BreadcrumbList\",\"@id\":\"https:\/\/emadrid.com\/it\/informativa-sui-cookie\/#breadcrumb\",\"itemListElement\":[{\"@type\":\"ListItem\",\"position\":1,\"name\":\"Portada\",\"item\":\"https:\/\/emadrid.com\/it\/\"},{\"@type\":\"ListItem\",\"position\":2,\"name\":\"Informativa sui cookie\"}]},{\"@type\":\"WebSite\",\"@id\":\"https:\/\/emadrid.com\/it\/#website\",\"url\":\"https:\/\/emadrid.com\/it\/\",\"name\":\"eMadrid.com\",\"description\":\"Las mejores Ofertas en Madrid. Hoteles, Espect\u00e1culos, Actividades y mucho m\u00e1s.\",\"publisher\":{\"@id\":\"https:\/\/emadrid.com\/it\/#organization\"},\"potentialAction\":[{\"@type\":\"SearchAction\",\"target\":{\"@type\":\"EntryPoint\",\"urlTemplate\":\"https:\/\/emadrid.com\/it\/?s={search_term_string}\"},\"query-input\":{\"@type\":\"PropertyValueSpecification\",\"valueRequired\":true,\"valueName\":\"search_term_string\"}}],\"inLanguage\":\"it-IT\"},{\"@type\":\"Organization\",\"@id\":\"https:\/\/emadrid.com\/it\/#organization\",\"name\":\"eMadrid.com\",\"url\":\"https:\/\/emadrid.com\/it\/\",\"logo\":{\"@type\":\"ImageObject\",\"inLanguage\":\"it-IT\",\"@id\":\"https:\/\/emadrid.com\/it\/#\/schema\/logo\/image\/\",\"url\":\"https:\/\/emadrid.com\/wp-content\/uploads\/2025\/01\/Logo-horizontal-250px.png?wsr\",\"contentUrl\":\"https:\/\/emadrid.com\/wp-content\/uploads\/2025\/01\/Logo-horizontal-250px.png?wsr\",\"width\":251,\"height\":35,\"caption\":\"eMadrid.com\"},\"image\":{\"@id\":\"https:\/\/emadrid.com\/it\/#\/schema\/logo\/image\/\"}}]}<\/script>\n<!-- \/ Yoast SEO plugin. -->","yoast_head_json":{"title":"Informativa sui cookie - eMadrid.com","robots":{"index":"index","follow":"follow","max-snippet":"max-snippet:-1","max-image-preview":"max-image-preview:large","max-video-preview":"max-video-preview:-1"},"canonical":"https:\/\/emadrid.com\/it\/informativa-sui-cookie\/","og_locale":"it_IT","og_type":"article","og_title":"Informativa sui cookie - eMadrid.com","og_description":"INFORMAZIONI SUI COOKIE&nbsp; In conformit\u00e0 alla Legge 34\/2002 dell&#8217;11 luglio 2002 sui servizi della societ\u00e0 dell&#8217;informazione e il commercio elettronico.&nbsp; (LSSI), in relazione al Regolamento (UE) 2016\/679 del Parlamento europeo e del Consiglio, del 27 aprile 2016, Regolamento generale sulla protezione dei dati (GDPR) e alla Legge organica 3\/2018, del 5 dicembre, sulla protezione dei [&hellip;]","og_url":"https:\/\/emadrid.com\/it\/informativa-sui-cookie\/","og_site_name":"eMadrid.com","article_modified_time":"2023-05-05T09:21:59+00:00","twitter_card":"summary_large_image","twitter_misc":{"Tempo di lettura stimato":"6 minuti"},"schema":{"@context":"https:\/\/schema.org","@graph":[{"@type":"WebPage","@id":"https:\/\/emadrid.com\/it\/informativa-sui-cookie\/","url":"https:\/\/emadrid.com\/it\/informativa-sui-cookie\/","name":"Informativa sui cookie - eMadrid.com","isPartOf":{"@id":"https:\/\/emadrid.com\/it\/#website"},"datePublished":"2023-05-03T15:47:50+00:00","dateModified":"2023-05-05T09:21:59+00:00","breadcrumb":{"@id":"https:\/\/emadrid.com\/it\/informativa-sui-cookie\/#breadcrumb"},"inLanguage":"it-IT","potentialAction":[{"@type":"ReadAction","target":["https:\/\/emadrid.com\/it\/informativa-sui-cookie\/"]}]},{"@type":"BreadcrumbList","@id":"https:\/\/emadrid.com\/it\/informativa-sui-cookie\/#breadcrumb","itemListElement":[{"@type":"ListItem","position":1,"name":"Portada","item":"https:\/\/emadrid.com\/it\/"},{"@type":"ListItem","position":2,"name":"Informativa sui cookie"}]},{"@type":"WebSite","@id":"https:\/\/emadrid.com\/it\/#website","url":"https:\/\/emadrid.com\/it\/","name":"eMadrid.com","description":"Las mejores Ofertas en Madrid. Hoteles, Espect\u00e1culos, Actividades y mucho m\u00e1s.","publisher":{"@id":"https:\/\/emadrid.com\/it\/#organization"},"potentialAction":[{"@type":"SearchAction","target":{"@type":"EntryPoint","urlTemplate":"https:\/\/emadrid.com\/it\/?s={search_term_string}"},"query-input":{"@type":"PropertyValueSpecification","valueRequired":true,"valueName":"search_term_string"}}],"inLanguage":"it-IT"},{"@type":"Organization","@id":"https:\/\/emadrid.com\/it\/#organization","name":"eMadrid.com","url":"https:\/\/emadrid.com\/it\/","logo":{"@type":"ImageObject","inLanguage":"it-IT","@id":"https:\/\/emadrid.com\/it\/#\/schema\/logo\/image\/","url":"https:\/\/emadrid.com\/wp-content\/uploads\/2025\/01\/Logo-horizontal-250px.png?wsr","contentUrl":"https:\/\/emadrid.com\/wp-content\/uploads\/2025\/01\/Logo-horizontal-250px.png?wsr","width":251,"height":35,"caption":"eMadrid.com"},"image":{"@id":"https:\/\/emadrid.com\/it\/#\/schema\/logo\/image\/"}}]}},"_links":{"self":[{"href":"https:\/\/emadrid.com\/it\/wp-json\/wp\/v2\/pages\/11553","targetHints":{"allow":["GET"]}}],"collection":[{"href":"https:\/\/emadrid.com\/it\/wp-json\/wp\/v2\/pages"}],"about":[{"href":"https:\/\/emadrid.com\/it\/wp-json\/wp\/v2\/types\/page"}],"author":[{"embeddable":true,"href":"https:\/\/emadrid.com\/it\/wp-json\/wp\/v2\/users\/4"}],"replies":[{"embeddable":true,"href":"https:\/\/emadrid.com\/it\/wp-json\/wp\/v2\/comments?post=11553"}],"version-history":[{"count":3,"href":"https:\/\/emadrid.com\/it\/wp-json\/wp\/v2\/pages\/11553\/revisions"}],"predecessor-version":[{"id":11590,"href":"https:\/\/emadrid.com\/it\/wp-json\/wp\/v2\/pages\/11553\/revisions\/11590"}],"wp:attachment":[{"href":"https:\/\/emadrid.com\/it\/wp-json\/wp\/v2\/media?parent=11553"}],"curies":[{"name":"wp","href":"https:\/\/api.w.org\/{rel}","templated":true}]}}