{"id":11566,"date":"2023-05-04T07:44:55","date_gmt":"2023-05-04T05:44:55","guid":{"rendered":"https:\/\/bookingmadrid.com\/terminos-y-condiciones\/"},"modified":"2023-05-05T17:00:31","modified_gmt":"2023-05-05T17:00:31","slug":"termini-e-condizioni","status":"publish","type":"page","link":"https:\/\/emadrid.com\/it\/termini-e-condizioni\/","title":{"rendered":"Termini e condizioni"},"content":{"rendered":"\n<p>Attraverso il sito web eMadrid.com, l&#8217;UTENTE ha accesso a informazioni su prodotti e servizi di terzi relativi al turismo e ai viaggi e, in alcuni casi, pu\u00f2 effettuare prenotazioni e acquisti di tali prodotti e servizi presso i relativi fornitori.<\/p>\n\n\n\n<p>Attraverso questo sito web, eMadrid.com fornisce una piattaforma pubblicitaria e di marketing online attraverso la quale tutti i nostri fornitori di servizi offrono tutti i tipi di alloggio temporaneo (ad esempio, hotel, appartamenti, motel, ostelli, case vacanze, ecc.), viaggi, escursioni o altri servizi, in modo che gli utenti del sito web possano cercare, confrontare, selezionare, scegliere e acquistare l&#8217;offerta che meglio si adatta alle loro aspettative e, infine, effettuare una prenotazione con il fornitore di servizi scelto. Effettuando una prenotazione attraverso il sito web eMadrid.com, l&#8217;UTENTE stabilisce un rapporto contrattuale diretto (giuridicamente vincolante) con il fornitore di servizi con cui ha effettuato la prenotazione. Dal momento in cui si effettua la prenotazione, noi agiamo esclusivamente come intermediario tra l&#8217;UTENTE e il fornitore di servizi, trasmettendo i dati della prenotazione ai fornitori di servizi, che a loro volta confermeranno la prenotazione tramite un&#8217;e-mail di conferma o con qualsiasi altro mezzo stabilito dal fornitore di servizi nelle proprie condizioni.<\/p>\n\n\n\n<p>Le informazioni che visualizziamo si basano sulle informazioni forniteci dai fornitori di servizi. In ogni caso, i fornitori dei prodotti e dei servizi hanno accesso a una extranet di fornitori di servizi attraverso la quale sono pienamente responsabili dell&#8217;aggiornamento delle tariffe, della disponibilit\u00e0 e di qualsiasi altro dato che compare sul nostro sito web in merito ai prodotti e ai servizi pubblicizzati.<\/p>\n\n\n\n<p>Il contenuto e il servizio di prenotazione online fornito attraverso questo sito web \u00e8 gestito e fornito da Civitatis, ed \u00e8 soggetto alle seguenti condizioni <a href=\"https:\/\/www.civitatis.com\/it\/condizioni-generali\/\">i suoi termini e condizioni<\/a> da Online Travels, soggetto a <a href=\"https:\/\/onlinetravelserver.com\/general-conditions\">i suoi termini e condizioni<\/a> da Febbre soggetta a <a href=\"https:\/\/docs.google.com\/document\/d\/e\/2PACX-1vTVfVWPBaOva3nUzzscqNETIqJe34-Om-Ng5G-vCeoopC7P7MssnUT2JUc7C5eosn6z8jM2pu57XxEs\/pub\">i suoi termini e condizioni<\/a> e da Get Your Guide con riserva di <a href=\"https:\/\/www.getyourguide.it\/c\/general-terms-and-conditions\" target=\"_blank\" rel=\"noreferrer noopener\">termini e condizioni<\/a> che l&#8217;utente pu\u00f2 leggere e accettare prima di effettuare la prenotazione. <\/p>\n\n\n\n<p>Privacy e cookie<\/p>\n\n\n\n<p>Potete controllare la nostra <a href=\"https:\/\/emadrid.com\/it\/informativa-sulla-privacy\/\">(link<\/a> alla nostra politica sulla privacy e sui cookie)<\/p>\n\n\n\n<p>Esenzione di responsabilit\u00e0<\/p>\n\n\n\n<p>In conformit\u00e0 a questi termini, non siamo responsabili dei danni diretti subiti dall&#8217;utente per motivi riconducibili ai nostri obblighi in riferimento ai nostri servizi, poich\u00e9 la contrattazione avviene direttamente con i nostri fornitori di servizi e in conformit\u00e0 ai termini e alle condizioni a cui l&#8217;utente aderisce espressamente.<\/p>\n\n\n\n<p>In nessun caso saremo responsabili di eventuali danni diretti o indiretti derivanti da o in connessione con l&#8217;accesso, la visualizzazione o l&#8217;utilizzo di questo sito web, o con il ritardo o l&#8217;impossibilit\u00e0 di accedere, visualizzare o utilizzare questo sito web, o qualsiasi altro problema tecnico che possa interessare questo sito web.<\/p>\n\n\n\n<p>Nella misura consentita dalla legge, n\u00e9 noi n\u00e9 alcuno dei nostri direttori, dipendenti, agenti, collaboratori o chiunque altro coinvolto nel processo di creazione, sponsorizzazione e promozione del sito web e dei suoi contenuti sar\u00e0 responsabile per il seguente rapporto non esclusivo: <\/p>\n\n\n\n<ol class=\"wp-block-list\">\n<li>perdite o danni punitivi, speciali, indiretti o consequenziali, perdite di produzione, profitti, ricavi, contratti, nonch\u00e9 perdite o danni ai clienti o alla reputazione e perdite di crediti; <\/li>\n\n\n\n<li>errori relativi alla descrizione delle informazioni (comprese le informazioni su prezzi, disponibilit\u00e0 e valutazioni) dello stabilimento sul nostro sito web; <\/li>\n\n\n\n<li>servizi forniti o prodotti offerti dalla struttura; <\/li>\n\n\n\n<li>perdite, danni o costi (diretti, indiretti, consequenziali o punitivi) subiti, sostenuti o pagati dall&#8217;UTENTE derivanti da o in relazione all&#8217;uso, alla mancata disponibilit\u00e0 o al ritardo del nostro sito web; oppure<\/li>\n\n\n\n<li>qualsiasi lesione (personale), morte, danno alla propriet\u00e0 o altri danni, perdite e spese (dirette o indirette, conseguenti o punitive) che l&#8217;UTENTE subisca, sostenga o paghi, sia a causa di atti (legali), errori, violazioni, negligenza (grave), dolo professionale, omissioni, inadempienze, travisamenti, false dichiarazioni, responsabilit\u00e0 oggettiva o (in tutto o in parte) attribuibili alla struttura (dipendenti, direttori, personale, rappresentanti o societ\u00e0 affiliate), false dichiarazioni, responsabilit\u00e0 extracontrattuale o (in tutto o in parte) attribuibile alla struttura (dipendenti, direttori, personale, agenti, rappresentanti o societ\u00e0 affiliate), comprese eventuali cancellazioni (parziali), overbooking, scioperi, cause di forza maggiore o altri atti al di fuori del nostro controllo.<\/li>\n<\/ol>\n\n\n\n<p>Propriet\u00e0 intellettuale e giurisdizione<\/p>\n\n\n\n<p>Se non diversamente indicato, il software necessario per i nostri servizi o utilizzato sul nostro sito web e i diritti di propriet\u00e0 intellettuale (compresi i diritti d&#8217;autore) dei contenuti e delle informazioni e dei materiali presenti sul nostro sito web appartengono a eMadrid.com, ai suoi fornitori o distributori. <\/p>\n\n\n\n<p>Nella misura consentita dalla legge, i presenti termini e condizioni e la fornitura dei nostri servizi saranno disciplinati e interpretati in conformit\u00e0 alle leggi vigenti in Spagna, e qualsiasi controversia derivante dai presenti termini e condizioni generali e dai nostri servizi sar\u00e0 portata esclusivamente davanti ai tribunali competenti in Spagna.<\/p>\n\n\n\n<p>La versione originale in inglese di questi termini e condizioni \u00e8 stata tradotta in altre lingue. La versione tradotta \u00e8 una traduzione di cortesia e non ufficiale; pertanto, nessun diritto pu\u00f2 essere derivato dalla traduzione. In caso di controversia sul contenuto o sull&#8217;interpretazione dei termini e delle condizioni, nonch\u00e9 in caso di conflitti, contraddizioni o discrepanze tra la versione inglese e le altre versioni linguistiche, la versione inglese di questi termini prevale ed \u00e8 definitiva nella misura consentita dalla legge. Potete consultare la versione inglese sul nostro sito web (selezionando la lingua) o chiederci per iscritto di inviarvela.<\/p>\n\n\n\n<p>Dettagli dell&#8217;azienda<\/p>\n\n\n\n<p>eMadrid.com \u00e8 un dominio registrato di propriet\u00e0 di Madrid Reserva Online, S.L., una societ\u00e0 di nazionalit\u00e0 spagnola e di durata indeterminata, costituita secondo le leggi spagnole, con sede legale in Calle de Valdebernardo, 39, 28280, Madrid, Spagna, e con codice fiscale 45531669H.<\/p>\n","protected":false},"excerpt":{"rendered":"<p>Attraverso il sito web eMadrid.com, l&#8217;UTENTE ha accesso a informazioni su prodotti e servizi di terzi relativi al turismo e ai viaggi e, in alcuni casi, pu\u00f2 effettuare prenotazioni e acquisti di tali prodotti e servizi presso i relativi fornitori. Attraverso questo sito web, eMadrid.com fornisce una piattaforma pubblicitaria e di marketing online attraverso la [&hellip;]<\/p>\n","protected":false},"author":4,"featured_media":0,"parent":0,"menu_order":0,"comment_status":"closed","ping_status":"closed","template":"","meta":{"site-sidebar-layout":"default","site-content-layout":"default","ast-site-content-layout":"default","site-content-style":"default","site-sidebar-style":"default","ast-global-header-display":"","ast-banner-title-visibility":"","ast-main-header-display":"","ast-hfb-above-header-display":"","ast-hfb-below-header-display":"","ast-hfb-mobile-header-display":"","site-post-title":"","ast-breadcrumbs-content":"","ast-featured-img":"","footer-sml-layout":"","theme-transparent-header-meta":"default","adv-header-id-meta":"","stick-header-meta":"","header-above-stick-meta":"","header-main-stick-meta":"","header-below-stick-meta":"","astra-migrate-meta-layouts":"default","ast-page-background-enabled":"default","ast-page-background-meta":{"desktop":{"background-color":"var(--ast-global-color-4)","background-image":"","background-repeat":"repeat","background-position":"center center","background-size":"auto","background-attachment":"scroll","background-type":"","background-media":"","overlay-type":"","overlay-color":"","overlay-opacity":"","overlay-gradient":""},"tablet":{"background-color":"","background-image":"","background-repeat":"repeat","background-position":"center center","background-size":"auto","background-attachment":"scroll","background-type":"","background-media":"","overlay-type":"","overlay-color":"","overlay-opacity":"","overlay-gradient":""},"mobile":{"background-color":"","background-image":"","background-repeat":"repeat","background-position":"center center","background-size":"auto","background-attachment":"scroll","background-type":"","background-media":"","overlay-type":"","overlay-color":"","overlay-opacity":"","overlay-gradient":""}},"ast-content-background-meta":{"desktop":{"background-color":"var(--ast-global-color-5)","background-image":"","background-repeat":"repeat","background-position":"center center","background-size":"auto","background-attachment":"scroll","background-type":"","background-media":"","overlay-type":"","overlay-color":"","overlay-opacity":"","overlay-gradient":""},"tablet":{"background-color":"var(--ast-global-color-5)","background-image":"","background-repeat":"repeat","background-position":"center center","background-size":"auto","background-attachment":"scroll","background-type":"","background-media":"","overlay-type":"","overlay-color":"","overlay-opacity":"","overlay-gradient":""},"mobile":{"background-color":"var(--ast-global-color-5)","background-image":"","background-repeat":"repeat","background-position":"center center","background-size":"auto","background-attachment":"scroll","background-type":"","background-media":"","overlay-type":"","overlay-color":"","overlay-opacity":"","overlay-gradient":""}},"footnotes":""},"class_list":["post-11566","page","type-page","status-publish","hentry"],"yoast_head":"<!-- This site is optimized with the Yoast SEO plugin v26.4 - https:\/\/yoast.com\/wordpress\/plugins\/seo\/ -->\n<title>Termini e condizioni - eMadrid.com<\/title>\n<meta name=\"robots\" content=\"index, follow, max-snippet:-1, max-image-preview:large, max-video-preview:-1\" \/>\n<link rel=\"canonical\" href=\"https:\/\/emadrid.com\/it\/termini-e-condizioni\/\" \/>\n<meta property=\"og:locale\" content=\"it_IT\" \/>\n<meta property=\"og:type\" content=\"article\" \/>\n<meta property=\"og:title\" content=\"Termini e condizioni - eMadrid.com\" \/>\n<meta property=\"og:description\" content=\"Attraverso il sito web eMadrid.com, l&#8217;UTENTE ha accesso a informazioni su prodotti e servizi di terzi relativi al turismo e ai viaggi e, in alcuni casi, pu\u00f2 effettuare prenotazioni e acquisti di tali prodotti e servizi presso i relativi fornitori. Attraverso questo sito web, eMadrid.com fornisce una piattaforma pubblicitaria e di marketing online attraverso la [&hellip;]\" \/>\n<meta property=\"og:url\" content=\"https:\/\/emadrid.com\/it\/termini-e-condizioni\/\" \/>\n<meta property=\"og:site_name\" content=\"eMadrid.com\" \/>\n<meta property=\"article:modified_time\" content=\"2023-05-05T17:00:31+00:00\" \/>\n<meta name=\"twitter:card\" content=\"summary_large_image\" \/>\n<meta name=\"twitter:label1\" content=\"Tempo di lettura stimato\" \/>\n\t<meta name=\"twitter:data1\" content=\"5 minuti\" \/>\n<script type=\"application\/ld+json\" class=\"yoast-schema-graph\">{\"@context\":\"https:\/\/schema.org\",\"@graph\":[{\"@type\":\"WebPage\",\"@id\":\"https:\/\/emadrid.com\/it\/termini-e-condizioni\/\",\"url\":\"https:\/\/emadrid.com\/it\/termini-e-condizioni\/\",\"name\":\"Termini e condizioni - eMadrid.com\",\"isPartOf\":{\"@id\":\"https:\/\/emadrid.com\/it\/#website\"},\"datePublished\":\"2023-05-04T05:44:55+00:00\",\"dateModified\":\"2023-05-05T17:00:31+00:00\",\"breadcrumb\":{\"@id\":\"https:\/\/emadrid.com\/it\/termini-e-condizioni\/#breadcrumb\"},\"inLanguage\":\"it-IT\",\"potentialAction\":[{\"@type\":\"ReadAction\",\"target\":[\"https:\/\/emadrid.com\/it\/termini-e-condizioni\/\"]}]},{\"@type\":\"BreadcrumbList\",\"@id\":\"https:\/\/emadrid.com\/it\/termini-e-condizioni\/#breadcrumb\",\"itemListElement\":[{\"@type\":\"ListItem\",\"position\":1,\"name\":\"Portada\",\"item\":\"https:\/\/emadrid.com\/it\/\"},{\"@type\":\"ListItem\",\"position\":2,\"name\":\"Termini e condizioni\"}]},{\"@type\":\"WebSite\",\"@id\":\"https:\/\/emadrid.com\/it\/#website\",\"url\":\"https:\/\/emadrid.com\/it\/\",\"name\":\"eMadrid.com\",\"description\":\"Las mejores Ofertas en Madrid. Hoteles, Espect\u00e1culos, Actividades y mucho m\u00e1s.\",\"publisher\":{\"@id\":\"https:\/\/emadrid.com\/it\/#organization\"},\"potentialAction\":[{\"@type\":\"SearchAction\",\"target\":{\"@type\":\"EntryPoint\",\"urlTemplate\":\"https:\/\/emadrid.com\/it\/?s={search_term_string}\"},\"query-input\":{\"@type\":\"PropertyValueSpecification\",\"valueRequired\":true,\"valueName\":\"search_term_string\"}}],\"inLanguage\":\"it-IT\"},{\"@type\":\"Organization\",\"@id\":\"https:\/\/emadrid.com\/it\/#organization\",\"name\":\"eMadrid.com\",\"url\":\"https:\/\/emadrid.com\/it\/\",\"logo\":{\"@type\":\"ImageObject\",\"inLanguage\":\"it-IT\",\"@id\":\"https:\/\/emadrid.com\/it\/#\/schema\/logo\/image\/\",\"url\":\"https:\/\/emadrid.com\/wp-content\/uploads\/2025\/01\/Logo-horizontal-250px.png?wsr\",\"contentUrl\":\"https:\/\/emadrid.com\/wp-content\/uploads\/2025\/01\/Logo-horizontal-250px.png?wsr\",\"width\":251,\"height\":35,\"caption\":\"eMadrid.com\"},\"image\":{\"@id\":\"https:\/\/emadrid.com\/it\/#\/schema\/logo\/image\/\"}}]}<\/script>\n<!-- \/ Yoast SEO plugin. -->","yoast_head_json":{"title":"Termini e condizioni - eMadrid.com","robots":{"index":"index","follow":"follow","max-snippet":"max-snippet:-1","max-image-preview":"max-image-preview:large","max-video-preview":"max-video-preview:-1"},"canonical":"https:\/\/emadrid.com\/it\/termini-e-condizioni\/","og_locale":"it_IT","og_type":"article","og_title":"Termini e condizioni - eMadrid.com","og_description":"Attraverso il sito web eMadrid.com, l&#8217;UTENTE ha accesso a informazioni su prodotti e servizi di terzi relativi al turismo e ai viaggi e, in alcuni casi, pu\u00f2 effettuare prenotazioni e acquisti di tali prodotti e servizi presso i relativi fornitori. Attraverso questo sito web, eMadrid.com fornisce una piattaforma pubblicitaria e di marketing online attraverso la [&hellip;]","og_url":"https:\/\/emadrid.com\/it\/termini-e-condizioni\/","og_site_name":"eMadrid.com","article_modified_time":"2023-05-05T17:00:31+00:00","twitter_card":"summary_large_image","twitter_misc":{"Tempo di lettura stimato":"5 minuti"},"schema":{"@context":"https:\/\/schema.org","@graph":[{"@type":"WebPage","@id":"https:\/\/emadrid.com\/it\/termini-e-condizioni\/","url":"https:\/\/emadrid.com\/it\/termini-e-condizioni\/","name":"Termini e condizioni - eMadrid.com","isPartOf":{"@id":"https:\/\/emadrid.com\/it\/#website"},"datePublished":"2023-05-04T05:44:55+00:00","dateModified":"2023-05-05T17:00:31+00:00","breadcrumb":{"@id":"https:\/\/emadrid.com\/it\/termini-e-condizioni\/#breadcrumb"},"inLanguage":"it-IT","potentialAction":[{"@type":"ReadAction","target":["https:\/\/emadrid.com\/it\/termini-e-condizioni\/"]}]},{"@type":"BreadcrumbList","@id":"https:\/\/emadrid.com\/it\/termini-e-condizioni\/#breadcrumb","itemListElement":[{"@type":"ListItem","position":1,"name":"Portada","item":"https:\/\/emadrid.com\/it\/"},{"@type":"ListItem","position":2,"name":"Termini e condizioni"}]},{"@type":"WebSite","@id":"https:\/\/emadrid.com\/it\/#website","url":"https:\/\/emadrid.com\/it\/","name":"eMadrid.com","description":"Las mejores Ofertas en Madrid. Hoteles, Espect\u00e1culos, Actividades y mucho m\u00e1s.","publisher":{"@id":"https:\/\/emadrid.com\/it\/#organization"},"potentialAction":[{"@type":"SearchAction","target":{"@type":"EntryPoint","urlTemplate":"https:\/\/emadrid.com\/it\/?s={search_term_string}"},"query-input":{"@type":"PropertyValueSpecification","valueRequired":true,"valueName":"search_term_string"}}],"inLanguage":"it-IT"},{"@type":"Organization","@id":"https:\/\/emadrid.com\/it\/#organization","name":"eMadrid.com","url":"https:\/\/emadrid.com\/it\/","logo":{"@type":"ImageObject","inLanguage":"it-IT","@id":"https:\/\/emadrid.com\/it\/#\/schema\/logo\/image\/","url":"https:\/\/emadrid.com\/wp-content\/uploads\/2025\/01\/Logo-horizontal-250px.png?wsr","contentUrl":"https:\/\/emadrid.com\/wp-content\/uploads\/2025\/01\/Logo-horizontal-250px.png?wsr","width":251,"height":35,"caption":"eMadrid.com"},"image":{"@id":"https:\/\/emadrid.com\/it\/#\/schema\/logo\/image\/"}}]}},"_links":{"self":[{"href":"https:\/\/emadrid.com\/it\/wp-json\/wp\/v2\/pages\/11566","targetHints":{"allow":["GET"]}}],"collection":[{"href":"https:\/\/emadrid.com\/it\/wp-json\/wp\/v2\/pages"}],"about":[{"href":"https:\/\/emadrid.com\/it\/wp-json\/wp\/v2\/types\/page"}],"author":[{"embeddable":true,"href":"https:\/\/emadrid.com\/it\/wp-json\/wp\/v2\/users\/4"}],"replies":[{"embeddable":true,"href":"https:\/\/emadrid.com\/it\/wp-json\/wp\/v2\/comments?post=11566"}],"version-history":[{"count":6,"href":"https:\/\/emadrid.com\/it\/wp-json\/wp\/v2\/pages\/11566\/revisions"}],"predecessor-version":[{"id":11938,"href":"https:\/\/emadrid.com\/it\/wp-json\/wp\/v2\/pages\/11566\/revisions\/11938"}],"wp:attachment":[{"href":"https:\/\/emadrid.com\/it\/wp-json\/wp\/v2\/media?parent=11566"}],"curies":[{"name":"wp","href":"https:\/\/api.w.org\/{rel}","templated":true}]}}