{"id":8671,"date":"2023-03-22T16:24:14","date_gmt":"2023-03-22T15:24:14","guid":{"rendered":"https:\/\/bookingmadrid.com\/hotel\/"},"modified":"2023-05-08T11:01:20","modified_gmt":"2023-05-08T11:01:20","slug":"hotel","status":"publish","type":"page","link":"https:\/\/emadrid.com\/it\/hotel\/","title":{"rendered":"Hotel"},"content":{"rendered":"\t\t<div data-elementor-type=\"wp-page\" data-elementor-id=\"8671\" class=\"elementor elementor-8671 elementor-3071\" data-elementor-post-type=\"page\">\n\t\t\t\t\t\t<section class=\"elementor-section elementor-top-section elementor-element elementor-element-931a4cf elementor-section-boxed elementor-section-height-default elementor-section-height-default\" data-id=\"931a4cf\" data-element_type=\"section\" data-settings=\"{&quot;background_background&quot;:&quot;video&quot;,&quot;background_video_link&quot;:&quot;https:\\\/\\\/youtu.be\\\/BNMvNja8if4&quot;}\">\n\t\t\t\t\t\t\t\t<div class=\"elementor-background-video-container elementor-hidden-mobile\">\n\t\t\t\t\t\t\t\t\t\t\t\t\t<div class=\"elementor-background-video-embed\"><\/div>\n\t\t\t\t\t\t\t\t\t\t\t\t<\/div>\n\t\t\t\t\t\t\t\t\t<div class=\"elementor-background-overlay\"><\/div>\n\t\t\t\t\t\t\t<div class=\"elementor-container elementor-column-gap-default\">\n\t\t\t\t\t<div class=\"elementor-column elementor-col-100 elementor-top-column elementor-element elementor-element-71f17ab\" data-id=\"71f17ab\" data-element_type=\"column\">\n\t\t\t<div class=\"elementor-widget-wrap elementor-element-populated\">\n\t\t\t\t\t\t<div class=\"elementor-element elementor-element-3b07f57 elementor-widget elementor-widget-heading\" data-id=\"3b07f57\" data-element_type=\"widget\" data-widget_type=\"heading.default\">\n\t\t\t\t\t<h1 class=\"elementor-heading-title elementor-size-default\">Hotel a Madrid<\/h1>\t\t\t\t<\/div>\n\t\t\t\t<div class=\"elementor-element elementor-element-829524c elementor-widget elementor-widget-html\" data-id=\"829524c\" data-element_type=\"widget\" data-widget_type=\"html.default\">\n\t\t\t\t\t<iframe frameborder=\"0\" scrolling=\"auto\" src=\"https:\/\/booking.emadrid.com\/public\/widget\/394698\/3626877806?lang=itselected_tab=HF&amp;lang=it\" width=\"648\" height=\"450\"><a href=\"http:\/\/booking.emadrid.com\/public\/widget\/394698\/3626877806?selected_tab=H\">Motore di ricerca<\/a><\/iframe>\t\t\t\t<\/div>\n\t\t\t\t\t<\/div>\n\t\t<\/div>\n\t\t\t\t\t<\/div>\n\t\t<\/section>\n\t\t\t\t<section class=\"elementor-section elementor-top-section elementor-element elementor-element-20bcfe7 elementor-reverse-mobile elementor-section-boxed elementor-section-height-default elementor-section-height-default\" data-id=\"20bcfe7\" data-element_type=\"section\">\n\t\t\t\t\t\t<div class=\"elementor-container elementor-column-gap-default\">\n\t\t\t\t\t<div class=\"elementor-column elementor-col-100 elementor-top-column elementor-element elementor-element-a909e3a\" data-id=\"a909e3a\" data-element_type=\"column\">\n\t\t\t<div class=\"elementor-widget-wrap elementor-element-populated\">\n\t\t\t\t\t\t<div class=\"elementor-element elementor-element-acf3528 elementor-widget elementor-widget-text-editor\" data-id=\"acf3528\" data-element_type=\"widget\" data-widget_type=\"text-editor.default\">\n\t\t\t\t\t\t\t\t\t<p><span style=\"font-weight: 400;\">Cercate i <\/span><b>i migliori hotel di Madrid<\/b><span style=\"font-weight: 400;\"> per godervi la vostra fuga? La capitale accoglie ogni anno pi\u00f9 di sei milioni di turisti, motivo per cui la <\/span><b>offerta di alloggi<\/b><span style=\"font-weight: 400;\"> si moltiplica e d\u00e0 vita agli spazi pi\u00f9 esclusivi, alternativi e diversi che possiate mai vedere. <\/span><\/p><p><span style=\"font-weight: 400;\">Il vostro hotel a Madrid non deve essere solo una formalit\u00e0: pu\u00f2 diventare uno dei luoghi pi\u00f9 emblematici del vostro viaggio. <\/span><b>diventare uno dei luoghi pi\u00f9 emblematici del vostro viaggio.<\/b><span style=\"font-weight: 400;\"> se si sa come sfruttarla al meglio. Ecco perch\u00e9 eMadrid vi offre un&#8217;ampia gamma di possibilit\u00e0 per soddisfare le vostre esigenze.<\/span><\/p><p><span style=\"font-weight: 400;\">Dall&#8217;esclusivit\u00e0 del <\/span><b>esclusivit\u00e0 del Ritz o del Palace<\/b><span style=\"font-weight: 400;\">al fascino di un <\/span><b>piccolo hotel a Malasa\u00f1a<\/b><span style=\"font-weight: 400;\">le opzioni sono infinite quando si viaggia nella citt\u00e0 che non dorme mai. Ve lo dimostriamo!<\/span><\/p><h2>Hotel nel centro di Madrid:<\/h2><p>Se cercate un<strong> alloggio nel centro di Madrid<\/strong>, ci sono diverse opzioni interessanti. In questo quartiere si trovano hotel di alta qualit\u00e0 che vi permetteranno di essere vicini alle principali attrazioni turistiche della citt\u00e0. Inoltre, soggiornare nel centro della citt\u00e0 vi permetter\u00e0 di accedere facilmente all&#8217;ampia <a href=\"https:\/\/emadrid.com\/en\/madrid-guide\/where-to-eat-in-madrid\/\">offerta gastronomica<\/a> e culturale della capitale.<\/p><p>Gli <strong>hotel di Chamart\u00edn<\/strong> sono invece un quartiere situato a nord di Madrid, noto per la sua <a href=\"https:\/\/emadrid.com\/en\/madrid-guide\/mobility-in-madrid\/suburban-madrid\/\">grande stazione ferroviaria<\/a> e il suo moderno complesso finanziario. Se avete intenzione di visitare questa zona, ci sono hotel situati in quest&#8217;area che vi permetteranno di accedere facilmente alle <a href=\"https:\/\/emadrid.com\/en\/madrid-guide\/what-to-do-in-madrid\/\">principali attrazioni turistiche<\/a>.<\/p><p>Chamber\u00ed \u00e8 un tranquillo quartiere residenziale nel centro di Madrid. Potete trovare <strong>hotel a Chamber\u00ed<\/strong> che vi permetteranno di godere della pace e della tranquillit\u00e0 di questo quartiere. Inoltre, a Chamber\u00ed \u00e8 possibile esplorare alcuni dei luoghi pi\u00f9 emblematici della citt\u00e0, come il Parque del Oeste, il Templo de Debod o la Plaza de Olavide. Scopriteli tutti <a href=\"https:\/\/emadrid.com\/en\/madrid-guide\/the-city-of-madrid\/historical-places-of-madrid\/\">qui<\/a>.<\/p><p>Infine, gli <strong>hotel sulla Gran V\u00eda di Madrid<\/strong>, uno dei viali pi\u00f9 famosi e vivaci di Madrid. In questa zona si trova una vasta gamma di negozi, ristoranti e <a href=\"https:\/\/emadrid.com\/en\/madrid-guide\/what-to-do-in-madrid\/theaters-in-madrid\/\">teatri di Madrid<\/a>. Se desiderate soggiornare in questa zona, ci sono hotel che vi permetteranno di godere di tutte queste attrazioni turistiche. Sarete inoltre vicini al centro della citt\u00e0 e ad altri luoghi di interesse, come la Plaza Mayor e il Palazzo Reale.<\/p><p>In breve, Madrid offre un&#8217;ampia gamma di alloggi in diverse zone della citt\u00e0. Qualunque sia la vostra scelta, assicuratevi di cercare un hotel adatto alle vostre esigenze e al vostro budget. E, soprattutto, godetevi il vostro soggiorno a Madrid!<\/p>\t\t\t\t\t\t\t\t<\/div>\n\t\t\t\t\t<\/div>\n\t\t<\/div>\n\t\t\t\t\t<\/div>\n\t\t<\/section>\n\t\t<div class=\"elementor-element elementor-element-ef1bb4d e-flex e-con-boxed e-con e-parent\" data-id=\"ef1bb4d\" data-element_type=\"container\">\n\t\t\t\t\t<div class=\"e-con-inner\">\n\t\t\t\t<div class=\"elementor-element elementor-element-557efd8 elementor-widget elementor-widget-html\" data-id=\"557efd8\" data-element_type=\"widget\" data-widget_type=\"html.default\">\n\t\t\t\t\t<iframe frameborder=\"0\" scrolling=\"auto\" src=\"https:\/\/booking.emadrid.com\/public\/widget\/396100\/500943928?lang=itselected_tab=HF&amp;lang=it\" width=\"648\" height=\"420\"><a href=\"http:\/\/booking.emadrid.com\/public\/widget\/396100\/500943928\">Offerte alberghiere<\/a><\/iframe>\t\t\t\t<\/div>\n\t\t\t\t\t<\/div>\n\t\t\t\t<\/div>\n\t\t\t\t<\/div>\n\t\t","protected":false},"excerpt":{"rendered":"<p>Hotel a Madrid Motore di ricerca Cercate i i migliori hotel di Madrid per godervi la vostra fuga? La capitale accoglie ogni anno pi\u00f9 di sei milioni di turisti, motivo per cui la offerta di alloggi si moltiplica e d\u00e0 vita agli spazi pi\u00f9 esclusivi, alternativi e diversi che possiate mai vedere. Il vostro hotel [&hellip;]<\/p>\n","protected":false},"author":4,"featured_media":0,"parent":0,"menu_order":0,"comment_status":"closed","ping_status":"closed","template":"elementor_header_footer","meta":{"site-sidebar-layout":"no-sidebar","site-content-layout":"page-builder","ast-site-content-layout":"full-width-container","site-content-style":"unboxed","site-sidebar-style":"unboxed","ast-global-header-display":"","ast-banner-title-visibility":"","ast-main-header-display":"","ast-hfb-above-header-display":"","ast-hfb-below-header-display":"","ast-hfb-mobile-header-display":"","site-post-title":"disabled","ast-breadcrumbs-content":"","ast-featured-img":"disabled","footer-sml-layout":"","theme-transparent-header-meta":"","adv-header-id-meta":"","stick-header-meta":"","header-above-stick-meta":"","header-main-stick-meta":"","header-below-stick-meta":"","astra-migrate-meta-layouts":"default","ast-page-background-enabled":"default","ast-page-background-meta":{"desktop":{"background-color":"var(--ast-global-color-4)","background-image":"","background-repeat":"repeat","background-position":"center center","background-size":"auto","background-attachment":"scroll","background-type":"","background-media":"","overlay-type":"","overlay-color":"","overlay-opacity":"","overlay-gradient":""},"tablet":{"background-color":"","background-image":"","background-repeat":"repeat","background-position":"center center","background-size":"auto","background-attachment":"scroll","background-type":"","background-media":"","overlay-type":"","overlay-color":"","overlay-opacity":"","overlay-gradient":""},"mobile":{"background-color":"","background-image":"","background-repeat":"repeat","background-position":"center center","background-size":"auto","background-attachment":"scroll","background-type":"","background-media":"","overlay-type":"","overlay-color":"","overlay-opacity":"","overlay-gradient":""}},"ast-content-background-meta":{"desktop":{"background-color":"var(--ast-global-color-5)","background-image":"","background-repeat":"repeat","background-position":"center center","background-size":"auto","background-attachment":"scroll","background-type":"","background-media":"","overlay-type":"","overlay-color":"","overlay-opacity":"","overlay-gradient":""},"tablet":{"background-color":"var(--ast-global-color-5)","background-image":"","background-repeat":"repeat","background-position":"center center","background-size":"auto","background-attachment":"scroll","background-type":"","background-media":"","overlay-type":"","overlay-color":"","overlay-opacity":"","overlay-gradient":""},"mobile":{"background-color":"var(--ast-global-color-5)","background-image":"","background-repeat":"repeat","background-position":"center center","background-size":"auto","background-attachment":"scroll","background-type":"","background-media":"","overlay-type":"","overlay-color":"","overlay-opacity":"","overlay-gradient":""}},"footnotes":""},"class_list":["post-8671","page","type-page","status-publish","hentry"],"yoast_head":"<!-- This site is optimized with the Yoast SEO plugin v26.4 - https:\/\/yoast.com\/wordpress\/plugins\/seo\/ -->\n<title>Hotel - eMadrid.com<\/title>\n<meta name=\"robots\" content=\"index, follow, max-snippet:-1, max-image-preview:large, max-video-preview:-1\" \/>\n<link rel=\"canonical\" href=\"https:\/\/emadrid.com\/it\/hotel\/\" \/>\n<meta property=\"og:locale\" content=\"it_IT\" \/>\n<meta property=\"og:type\" content=\"article\" \/>\n<meta property=\"og:title\" content=\"Hotel - eMadrid.com\" \/>\n<meta property=\"og:description\" content=\"Hotel a Madrid Motore di ricerca Cercate i i migliori hotel di Madrid per godervi la vostra fuga? La capitale accoglie ogni anno pi\u00f9 di sei milioni di turisti, motivo per cui la offerta di alloggi si moltiplica e d\u00e0 vita agli spazi pi\u00f9 esclusivi, alternativi e diversi che possiate mai vedere. Il vostro hotel [&hellip;]\" \/>\n<meta property=\"og:url\" content=\"https:\/\/emadrid.com\/it\/hotel\/\" \/>\n<meta property=\"og:site_name\" content=\"eMadrid.com\" \/>\n<meta property=\"article:modified_time\" content=\"2023-05-08T11:01:20+00:00\" \/>\n<meta name=\"twitter:card\" content=\"summary_large_image\" \/>\n<meta name=\"twitter:label1\" content=\"Tempo di lettura stimato\" \/>\n\t<meta name=\"twitter:data1\" content=\"2 minuti\" \/>\n<script type=\"application\/ld+json\" class=\"yoast-schema-graph\">{\"@context\":\"https:\/\/schema.org\",\"@graph\":[{\"@type\":\"WebPage\",\"@id\":\"https:\/\/emadrid.com\/it\/hotel\/\",\"url\":\"https:\/\/emadrid.com\/it\/hotel\/\",\"name\":\"Hotel - eMadrid.com\",\"isPartOf\":{\"@id\":\"https:\/\/emadrid.com\/it\/#website\"},\"datePublished\":\"2023-03-22T15:24:14+00:00\",\"dateModified\":\"2023-05-08T11:01:20+00:00\",\"breadcrumb\":{\"@id\":\"https:\/\/emadrid.com\/it\/hotel\/#breadcrumb\"},\"inLanguage\":\"it-IT\",\"potentialAction\":[{\"@type\":\"ReadAction\",\"target\":[\"https:\/\/emadrid.com\/it\/hotel\/\"]}]},{\"@type\":\"BreadcrumbList\",\"@id\":\"https:\/\/emadrid.com\/it\/hotel\/#breadcrumb\",\"itemListElement\":[{\"@type\":\"ListItem\",\"position\":1,\"name\":\"Portada\",\"item\":\"https:\/\/emadrid.com\/it\/\"},{\"@type\":\"ListItem\",\"position\":2,\"name\":\"Hotel\"}]},{\"@type\":\"WebSite\",\"@id\":\"https:\/\/emadrid.com\/it\/#website\",\"url\":\"https:\/\/emadrid.com\/it\/\",\"name\":\"eMadrid.com\",\"description\":\"Las mejores Ofertas en Madrid. Hoteles, Espect\u00e1culos, Actividades y mucho m\u00e1s.\",\"publisher\":{\"@id\":\"https:\/\/emadrid.com\/it\/#organization\"},\"potentialAction\":[{\"@type\":\"SearchAction\",\"target\":{\"@type\":\"EntryPoint\",\"urlTemplate\":\"https:\/\/emadrid.com\/it\/?s={search_term_string}\"},\"query-input\":{\"@type\":\"PropertyValueSpecification\",\"valueRequired\":true,\"valueName\":\"search_term_string\"}}],\"inLanguage\":\"it-IT\"},{\"@type\":\"Organization\",\"@id\":\"https:\/\/emadrid.com\/it\/#organization\",\"name\":\"eMadrid.com\",\"url\":\"https:\/\/emadrid.com\/it\/\",\"logo\":{\"@type\":\"ImageObject\",\"inLanguage\":\"it-IT\",\"@id\":\"https:\/\/emadrid.com\/it\/#\/schema\/logo\/image\/\",\"url\":\"https:\/\/emadrid.com\/wp-content\/uploads\/2025\/01\/Logo-horizontal-250px.png?wsr\",\"contentUrl\":\"https:\/\/emadrid.com\/wp-content\/uploads\/2025\/01\/Logo-horizontal-250px.png?wsr\",\"width\":251,\"height\":35,\"caption\":\"eMadrid.com\"},\"image\":{\"@id\":\"https:\/\/emadrid.com\/it\/#\/schema\/logo\/image\/\"}}]}<\/script>\n<!-- \/ Yoast SEO plugin. -->","yoast_head_json":{"title":"Hotel - eMadrid.com","robots":{"index":"index","follow":"follow","max-snippet":"max-snippet:-1","max-image-preview":"max-image-preview:large","max-video-preview":"max-video-preview:-1"},"canonical":"https:\/\/emadrid.com\/it\/hotel\/","og_locale":"it_IT","og_type":"article","og_title":"Hotel - eMadrid.com","og_description":"Hotel a Madrid Motore di ricerca Cercate i i migliori hotel di Madrid per godervi la vostra fuga? La capitale accoglie ogni anno pi\u00f9 di sei milioni di turisti, motivo per cui la offerta di alloggi si moltiplica e d\u00e0 vita agli spazi pi\u00f9 esclusivi, alternativi e diversi che possiate mai vedere. Il vostro hotel [&hellip;]","og_url":"https:\/\/emadrid.com\/it\/hotel\/","og_site_name":"eMadrid.com","article_modified_time":"2023-05-08T11:01:20+00:00","twitter_card":"summary_large_image","twitter_misc":{"Tempo di lettura stimato":"2 minuti"},"schema":{"@context":"https:\/\/schema.org","@graph":[{"@type":"WebPage","@id":"https:\/\/emadrid.com\/it\/hotel\/","url":"https:\/\/emadrid.com\/it\/hotel\/","name":"Hotel - eMadrid.com","isPartOf":{"@id":"https:\/\/emadrid.com\/it\/#website"},"datePublished":"2023-03-22T15:24:14+00:00","dateModified":"2023-05-08T11:01:20+00:00","breadcrumb":{"@id":"https:\/\/emadrid.com\/it\/hotel\/#breadcrumb"},"inLanguage":"it-IT","potentialAction":[{"@type":"ReadAction","target":["https:\/\/emadrid.com\/it\/hotel\/"]}]},{"@type":"BreadcrumbList","@id":"https:\/\/emadrid.com\/it\/hotel\/#breadcrumb","itemListElement":[{"@type":"ListItem","position":1,"name":"Portada","item":"https:\/\/emadrid.com\/it\/"},{"@type":"ListItem","position":2,"name":"Hotel"}]},{"@type":"WebSite","@id":"https:\/\/emadrid.com\/it\/#website","url":"https:\/\/emadrid.com\/it\/","name":"eMadrid.com","description":"Las mejores Ofertas en Madrid. Hoteles, Espect\u00e1culos, Actividades y mucho m\u00e1s.","publisher":{"@id":"https:\/\/emadrid.com\/it\/#organization"},"potentialAction":[{"@type":"SearchAction","target":{"@type":"EntryPoint","urlTemplate":"https:\/\/emadrid.com\/it\/?s={search_term_string}"},"query-input":{"@type":"PropertyValueSpecification","valueRequired":true,"valueName":"search_term_string"}}],"inLanguage":"it-IT"},{"@type":"Organization","@id":"https:\/\/emadrid.com\/it\/#organization","name":"eMadrid.com","url":"https:\/\/emadrid.com\/it\/","logo":{"@type":"ImageObject","inLanguage":"it-IT","@id":"https:\/\/emadrid.com\/it\/#\/schema\/logo\/image\/","url":"https:\/\/emadrid.com\/wp-content\/uploads\/2025\/01\/Logo-horizontal-250px.png?wsr","contentUrl":"https:\/\/emadrid.com\/wp-content\/uploads\/2025\/01\/Logo-horizontal-250px.png?wsr","width":251,"height":35,"caption":"eMadrid.com"},"image":{"@id":"https:\/\/emadrid.com\/it\/#\/schema\/logo\/image\/"}}]}},"_links":{"self":[{"href":"https:\/\/emadrid.com\/it\/wp-json\/wp\/v2\/pages\/8671","targetHints":{"allow":["GET"]}}],"collection":[{"href":"https:\/\/emadrid.com\/it\/wp-json\/wp\/v2\/pages"}],"about":[{"href":"https:\/\/emadrid.com\/it\/wp-json\/wp\/v2\/types\/page"}],"author":[{"embeddable":true,"href":"https:\/\/emadrid.com\/it\/wp-json\/wp\/v2\/users\/4"}],"replies":[{"embeddable":true,"href":"https:\/\/emadrid.com\/it\/wp-json\/wp\/v2\/comments?post=8671"}],"version-history":[{"count":7,"href":"https:\/\/emadrid.com\/it\/wp-json\/wp\/v2\/pages\/8671\/revisions"}],"predecessor-version":[{"id":12020,"href":"https:\/\/emadrid.com\/it\/wp-json\/wp\/v2\/pages\/8671\/revisions\/12020"}],"wp:attachment":[{"href":"https:\/\/emadrid.com\/it\/wp-json\/wp\/v2\/media?parent=8671"}],"curies":[{"name":"wp","href":"https:\/\/api.w.org\/{rel}","templated":true}]}}