{"id":8772,"date":"2023-03-28T16:21:10","date_gmt":"2023-03-28T14:21:10","guid":{"rendered":"https:\/\/bookingmadrid.com\/noleggio-auto\/"},"modified":"2023-05-08T11:34:56","modified_gmt":"2023-05-08T11:34:56","slug":"noleggio-auto","status":"publish","type":"page","link":"https:\/\/emadrid.com\/it\/noleggio-auto\/","title":{"rendered":"Noleggio auto"},"content":{"rendered":"\t\t<div data-elementor-type=\"wp-page\" data-elementor-id=\"8772\" class=\"elementor elementor-8772 elementor-3414\" data-elementor-post-type=\"page\">\n\t\t\t\t\t\t<section class=\"elementor-section elementor-top-section elementor-element elementor-element-931a4cf elementor-section-height-min-height elementor-section-items-bottom elementor-section-boxed elementor-section-height-default\" data-id=\"931a4cf\" data-element_type=\"section\" data-settings=\"{&quot;background_background&quot;:&quot;classic&quot;}\">\n\t\t\t\t\t\t\t<div class=\"elementor-background-overlay\"><\/div>\n\t\t\t\t\t\t\t<div class=\"elementor-container elementor-column-gap-default\">\n\t\t\t\t\t<div class=\"elementor-column elementor-col-100 elementor-top-column elementor-element elementor-element-71f17ab\" data-id=\"71f17ab\" data-element_type=\"column\">\n\t\t\t<div class=\"elementor-widget-wrap elementor-element-populated\">\n\t\t\t\t\t\t<div class=\"elementor-element elementor-element-3b07f57 elementor-widget elementor-widget-heading\" data-id=\"3b07f57\" data-element_type=\"widget\" data-widget_type=\"heading.default\">\n\t\t\t\t\t<h1 class=\"elementor-heading-title elementor-size-default\">Noleggio auto<\/h1>\t\t\t\t<\/div>\n\t\t\t\t<div class=\"elementor-element elementor-element-08303e9 elementor-widget elementor-widget-html\" data-id=\"08303e9\" data-element_type=\"widget\" data-widget_type=\"html.default\">\n\t\t\t\t\t<iframe frameborder=\"0\" scrolling=\"auto\" src=\"https:\/\/booking.emadrid.com\/public\/widget\/394699\/344441840?lang=itselected_tab=HF&amp;lang=it\" width=\"648\" height=\"420\"><a href=\"https:\/\/booking.emadrid.com\/public\/widget\/394699\/344441840?lang=itselected_tab=HF&amp;lang=it\">Motore di ricerca<\/a><\/iframe>\t\t\t\t<\/div>\n\t\t\t\t\t<\/div>\n\t\t<\/div>\n\t\t\t\t\t<\/div>\n\t\t<\/section>\n\t\t<div class=\"elementor-element elementor-element-46ff395 e-flex e-con-boxed e-con e-parent\" data-id=\"46ff395\" data-element_type=\"container\">\n\t\t\t\t\t<div class=\"e-con-inner\">\n\t\t\t\t<div class=\"elementor-element elementor-element-8e4b85c elementor-widget elementor-widget-text-editor\" data-id=\"8e4b85c\" data-element_type=\"widget\" data-widget_type=\"text-editor.default\">\n\t\t\t\t\t\t\t\t\t<p>Benvenuti nel meraviglioso mondo del noleggio auto a Madrid! Se state cercando un modo comodo e flessibile per esplorare la citt\u00e0 e i suoi dintorni, non c&#8217;\u00e8 opzione migliore del noleggio di un&#8217;auto. In questo testo vi presenteremo i migliori consigli e trucchi per trovare il servizio di autonoleggio perfetto per voi, quindi preparatevi a scoprire la libert\u00e0 che solo un&#8217;auto pu\u00f2 darvi!<\/p><p>A Madrid il divertimento non finisce mai e il modo migliore per viverlo \u00e8 in auto. Ci sono tantissime <a href=\"https:\/\/emadrid.com\/en\/madrid-guide\/what-to-do-in-madrid\/\">cose da fare<\/a> e <a href=\"https:\/\/emadrid.com\/en\/madrid-guide\/the-city-of-madrid\/\">luoghi da visitare<\/a>, dai <a href=\"https:\/\/emadrid.com\/en\/madrid-guide\/the-city-of-madrid\/historical-places-of-madrid\/\">siti storici e culturali<\/a> ai <a href=\"https:\/\/emadrid.com\/en\/madrid-guide\/where-to-eat-in-madrid\/\">bar e ristoranti<\/a> pi\u00f9 famosi della citt\u00e0. Con un&#8217;auto a noleggio, potete viaggiare al vostro ritmo, senza preoccuparvi degli orari dei <a href=\"https:\/\/emadrid.com\/en\/madrid-guide\/mobility-in-madrid\/suburban-madrid\/\">treni<\/a> o degli <a href=\"https:\/\/emadrid.com\/en\/madrid-guide\/mobility-in-madrid\/madrid-buses\/\">autobus<\/a>.<\/p><p>Ma come trovare il miglior servizio di noleggio auto a Madrid? La risposta \u00e8 semplice: con noi! Siamo l&#8217;opzione migliore per chi cerca un servizio di noleggio auto a Madrid affidabile e di alta qualit\u00e0. Offriamo un&#8217;ampia variet\u00e0 di auto moderne, con prezzi competitivi e politiche chiare ed eque.<\/p><p>Non preoccupatevi se non siete esperti di autonoleggio. Il nostro team di esperti di autonoleggio \u00e8 qui per aiutarvi in ogni fase del processo. Dalla scelta dell&#8217;auto giusta al processo di prenotazione e ritiro, saremo al vostro fianco per assicurarci che abbiate la migliore esperienza possibile.<\/p><p>Uno dei maggiori vantaggi di noleggiare un&#8217;auto a Madrid \u00e8 la flessibilit\u00e0 che vi offre. Potete pianificare il vostro itinerario e visitare i luoghi che pi\u00f9 vi interessano, senza dovervi preoccupare degli <a href=\"https:\/\/emadrid.com\/en\/madrid-guide\/mobility-in-madrid\/\">orari dei trasporti pubblici<\/a>. Inoltre, guidare a Madrid \u00e8 facile e sicuro, grazie alla sua moderna rete stradale e alla cordialit\u00e0 degli autisti.<\/p><p>Non perdete l&#8217;occasione di assaporare la vera essenza di Madrid. Noleggiate un&#8217;auto con noi e scoprite tutto ci\u00f2 che questa citt\u00e0 ha da offrire. Dalle vivaci strade del centro citt\u00e0 ai pittoreschi <a href=\"https:\/\/emadrid.com\/en\/madrid-guide\/plans-and-trips\/\">villaggi e citt\u00e0 vicine<\/a>, c&#8217;\u00e8 molto da esplorare a Madrid!<\/p><p>In conclusione, se state cercando un modo comodo e flessibile per vivere Madrid, non c&#8217;\u00e8 opzione migliore del noleggio di un&#8217;auto. E se volete la migliore esperienza di noleggio auto possibile, rivolgetevi a noi! Con auto moderne, prezzi competitivi e un team di esperti di autonoleggio a vostra disposizione, siamo certi che avrete la migliore esperienza di autonoleggio a Madrid. Non aspettate oltre e prenotate la vostra auto oggi stesso!<\/p>\t\t\t\t\t\t\t\t<\/div>\n\t\t\t\t\t<\/div>\n\t\t\t\t<\/div>\n\t\t\t\t<\/div>\n\t\t","protected":false},"excerpt":{"rendered":"<p>Noleggio auto Motore di ricerca Benvenuti nel meraviglioso mondo del noleggio auto a Madrid! Se state cercando un modo comodo e flessibile per esplorare la citt\u00e0 e i suoi dintorni, non c&#8217;\u00e8 opzione migliore del noleggio di un&#8217;auto. In questo testo vi presenteremo i migliori consigli e trucchi per trovare il servizio di autonoleggio perfetto [&hellip;]<\/p>\n","protected":false},"author":4,"featured_media":0,"parent":0,"menu_order":0,"comment_status":"closed","ping_status":"closed","template":"elementor_header_footer","meta":{"site-sidebar-layout":"no-sidebar","site-content-layout":"page-builder","ast-site-content-layout":"default","site-content-style":"default","site-sidebar-style":"default","ast-global-header-display":"","ast-banner-title-visibility":"","ast-main-header-display":"","ast-hfb-above-header-display":"","ast-hfb-below-header-display":"","ast-hfb-mobile-header-display":"","site-post-title":"disabled","ast-breadcrumbs-content":"","ast-featured-img":"disabled","footer-sml-layout":"","theme-transparent-header-meta":"","adv-header-id-meta":"","stick-header-meta":"","header-above-stick-meta":"","header-main-stick-meta":"","header-below-stick-meta":"","astra-migrate-meta-layouts":"default","ast-page-background-enabled":"default","ast-page-background-meta":{"desktop":{"background-color":"var(--ast-global-color-4)","background-image":"","background-repeat":"repeat","background-position":"center center","background-size":"auto","background-attachment":"scroll","background-type":"","background-media":"","overlay-type":"","overlay-color":"","overlay-opacity":"","overlay-gradient":""},"tablet":{"background-color":"","background-image":"","background-repeat":"repeat","background-position":"center center","background-size":"auto","background-attachment":"scroll","background-type":"","background-media":"","overlay-type":"","overlay-color":"","overlay-opacity":"","overlay-gradient":""},"mobile":{"background-color":"","background-image":"","background-repeat":"repeat","background-position":"center center","background-size":"auto","background-attachment":"scroll","background-type":"","background-media":"","overlay-type":"","overlay-color":"","overlay-opacity":"","overlay-gradient":""}},"ast-content-background-meta":{"desktop":{"background-color":"var(--ast-global-color-5)","background-image":"","background-repeat":"repeat","background-position":"center center","background-size":"auto","background-attachment":"scroll","background-type":"","background-media":"","overlay-type":"","overlay-color":"","overlay-opacity":"","overlay-gradient":""},"tablet":{"background-color":"var(--ast-global-color-5)","background-image":"","background-repeat":"repeat","background-position":"center center","background-size":"auto","background-attachment":"scroll","background-type":"","background-media":"","overlay-type":"","overlay-color":"","overlay-opacity":"","overlay-gradient":""},"mobile":{"background-color":"var(--ast-global-color-5)","background-image":"","background-repeat":"repeat","background-position":"center center","background-size":"auto","background-attachment":"scroll","background-type":"","background-media":"","overlay-type":"","overlay-color":"","overlay-opacity":"","overlay-gradient":""}},"footnotes":""},"class_list":["post-8772","page","type-page","status-publish","hentry"],"yoast_head":"<!-- This site is optimized with the Yoast SEO plugin v26.4 - https:\/\/yoast.com\/wordpress\/plugins\/seo\/ -->\n<title>Noleggio auto - eMadrid.com<\/title>\n<meta name=\"robots\" content=\"index, follow, max-snippet:-1, max-image-preview:large, max-video-preview:-1\" \/>\n<link rel=\"canonical\" href=\"https:\/\/emadrid.com\/it\/noleggio-auto\/\" \/>\n<meta property=\"og:locale\" content=\"it_IT\" \/>\n<meta property=\"og:type\" content=\"article\" \/>\n<meta property=\"og:title\" content=\"Noleggio auto - eMadrid.com\" \/>\n<meta property=\"og:description\" content=\"Noleggio auto Motore di ricerca Benvenuti nel meraviglioso mondo del noleggio auto a Madrid! Se state cercando un modo comodo e flessibile per esplorare la citt\u00e0 e i suoi dintorni, non c&#8217;\u00e8 opzione migliore del noleggio di un&#8217;auto. In questo testo vi presenteremo i migliori consigli e trucchi per trovare il servizio di autonoleggio perfetto [&hellip;]\" \/>\n<meta property=\"og:url\" content=\"https:\/\/emadrid.com\/it\/noleggio-auto\/\" \/>\n<meta property=\"og:site_name\" content=\"eMadrid.com\" \/>\n<meta property=\"article:modified_time\" content=\"2023-05-08T11:34:56+00:00\" \/>\n<meta name=\"twitter:card\" content=\"summary_large_image\" \/>\n<meta name=\"twitter:label1\" content=\"Tempo di lettura stimato\" \/>\n\t<meta name=\"twitter:data1\" content=\"2 minuti\" \/>\n<script type=\"application\/ld+json\" class=\"yoast-schema-graph\">{\"@context\":\"https:\/\/schema.org\",\"@graph\":[{\"@type\":\"WebPage\",\"@id\":\"https:\/\/emadrid.com\/it\/noleggio-auto\/\",\"url\":\"https:\/\/emadrid.com\/it\/noleggio-auto\/\",\"name\":\"Noleggio auto - eMadrid.com\",\"isPartOf\":{\"@id\":\"https:\/\/emadrid.com\/it\/#website\"},\"datePublished\":\"2023-03-28T14:21:10+00:00\",\"dateModified\":\"2023-05-08T11:34:56+00:00\",\"breadcrumb\":{\"@id\":\"https:\/\/emadrid.com\/it\/noleggio-auto\/#breadcrumb\"},\"inLanguage\":\"it-IT\",\"potentialAction\":[{\"@type\":\"ReadAction\",\"target\":[\"https:\/\/emadrid.com\/it\/noleggio-auto\/\"]}]},{\"@type\":\"BreadcrumbList\",\"@id\":\"https:\/\/emadrid.com\/it\/noleggio-auto\/#breadcrumb\",\"itemListElement\":[{\"@type\":\"ListItem\",\"position\":1,\"name\":\"Portada\",\"item\":\"https:\/\/emadrid.com\/it\/\"},{\"@type\":\"ListItem\",\"position\":2,\"name\":\"Noleggio auto\"}]},{\"@type\":\"WebSite\",\"@id\":\"https:\/\/emadrid.com\/it\/#website\",\"url\":\"https:\/\/emadrid.com\/it\/\",\"name\":\"eMadrid.com\",\"description\":\"Las mejores Ofertas en Madrid. Hoteles, Espect\u00e1culos, Actividades y mucho m\u00e1s.\",\"publisher\":{\"@id\":\"https:\/\/emadrid.com\/it\/#organization\"},\"potentialAction\":[{\"@type\":\"SearchAction\",\"target\":{\"@type\":\"EntryPoint\",\"urlTemplate\":\"https:\/\/emadrid.com\/it\/?s={search_term_string}\"},\"query-input\":{\"@type\":\"PropertyValueSpecification\",\"valueRequired\":true,\"valueName\":\"search_term_string\"}}],\"inLanguage\":\"it-IT\"},{\"@type\":\"Organization\",\"@id\":\"https:\/\/emadrid.com\/it\/#organization\",\"name\":\"eMadrid.com\",\"url\":\"https:\/\/emadrid.com\/it\/\",\"logo\":{\"@type\":\"ImageObject\",\"inLanguage\":\"it-IT\",\"@id\":\"https:\/\/emadrid.com\/it\/#\/schema\/logo\/image\/\",\"url\":\"https:\/\/emadrid.com\/wp-content\/uploads\/2025\/01\/Logo-horizontal-250px.png?wsr\",\"contentUrl\":\"https:\/\/emadrid.com\/wp-content\/uploads\/2025\/01\/Logo-horizontal-250px.png?wsr\",\"width\":251,\"height\":35,\"caption\":\"eMadrid.com\"},\"image\":{\"@id\":\"https:\/\/emadrid.com\/it\/#\/schema\/logo\/image\/\"}}]}<\/script>\n<!-- \/ Yoast SEO plugin. -->","yoast_head_json":{"title":"Noleggio auto - eMadrid.com","robots":{"index":"index","follow":"follow","max-snippet":"max-snippet:-1","max-image-preview":"max-image-preview:large","max-video-preview":"max-video-preview:-1"},"canonical":"https:\/\/emadrid.com\/it\/noleggio-auto\/","og_locale":"it_IT","og_type":"article","og_title":"Noleggio auto - eMadrid.com","og_description":"Noleggio auto Motore di ricerca Benvenuti nel meraviglioso mondo del noleggio auto a Madrid! Se state cercando un modo comodo e flessibile per esplorare la citt\u00e0 e i suoi dintorni, non c&#8217;\u00e8 opzione migliore del noleggio di un&#8217;auto. In questo testo vi presenteremo i migliori consigli e trucchi per trovare il servizio di autonoleggio perfetto [&hellip;]","og_url":"https:\/\/emadrid.com\/it\/noleggio-auto\/","og_site_name":"eMadrid.com","article_modified_time":"2023-05-08T11:34:56+00:00","twitter_card":"summary_large_image","twitter_misc":{"Tempo di lettura stimato":"2 minuti"},"schema":{"@context":"https:\/\/schema.org","@graph":[{"@type":"WebPage","@id":"https:\/\/emadrid.com\/it\/noleggio-auto\/","url":"https:\/\/emadrid.com\/it\/noleggio-auto\/","name":"Noleggio auto - eMadrid.com","isPartOf":{"@id":"https:\/\/emadrid.com\/it\/#website"},"datePublished":"2023-03-28T14:21:10+00:00","dateModified":"2023-05-08T11:34:56+00:00","breadcrumb":{"@id":"https:\/\/emadrid.com\/it\/noleggio-auto\/#breadcrumb"},"inLanguage":"it-IT","potentialAction":[{"@type":"ReadAction","target":["https:\/\/emadrid.com\/it\/noleggio-auto\/"]}]},{"@type":"BreadcrumbList","@id":"https:\/\/emadrid.com\/it\/noleggio-auto\/#breadcrumb","itemListElement":[{"@type":"ListItem","position":1,"name":"Portada","item":"https:\/\/emadrid.com\/it\/"},{"@type":"ListItem","position":2,"name":"Noleggio auto"}]},{"@type":"WebSite","@id":"https:\/\/emadrid.com\/it\/#website","url":"https:\/\/emadrid.com\/it\/","name":"eMadrid.com","description":"Las mejores Ofertas en Madrid. Hoteles, Espect\u00e1culos, Actividades y mucho m\u00e1s.","publisher":{"@id":"https:\/\/emadrid.com\/it\/#organization"},"potentialAction":[{"@type":"SearchAction","target":{"@type":"EntryPoint","urlTemplate":"https:\/\/emadrid.com\/it\/?s={search_term_string}"},"query-input":{"@type":"PropertyValueSpecification","valueRequired":true,"valueName":"search_term_string"}}],"inLanguage":"it-IT"},{"@type":"Organization","@id":"https:\/\/emadrid.com\/it\/#organization","name":"eMadrid.com","url":"https:\/\/emadrid.com\/it\/","logo":{"@type":"ImageObject","inLanguage":"it-IT","@id":"https:\/\/emadrid.com\/it\/#\/schema\/logo\/image\/","url":"https:\/\/emadrid.com\/wp-content\/uploads\/2025\/01\/Logo-horizontal-250px.png?wsr","contentUrl":"https:\/\/emadrid.com\/wp-content\/uploads\/2025\/01\/Logo-horizontal-250px.png?wsr","width":251,"height":35,"caption":"eMadrid.com"},"image":{"@id":"https:\/\/emadrid.com\/it\/#\/schema\/logo\/image\/"}}]}},"_links":{"self":[{"href":"https:\/\/emadrid.com\/it\/wp-json\/wp\/v2\/pages\/8772","targetHints":{"allow":["GET"]}}],"collection":[{"href":"https:\/\/emadrid.com\/it\/wp-json\/wp\/v2\/pages"}],"about":[{"href":"https:\/\/emadrid.com\/it\/wp-json\/wp\/v2\/types\/page"}],"author":[{"embeddable":true,"href":"https:\/\/emadrid.com\/it\/wp-json\/wp\/v2\/users\/4"}],"replies":[{"embeddable":true,"href":"https:\/\/emadrid.com\/it\/wp-json\/wp\/v2\/comments?post=8772"}],"version-history":[{"count":11,"href":"https:\/\/emadrid.com\/it\/wp-json\/wp\/v2\/pages\/8772\/revisions"}],"predecessor-version":[{"id":12032,"href":"https:\/\/emadrid.com\/it\/wp-json\/wp\/v2\/pages\/8772\/revisions\/12032"}],"wp:attachment":[{"href":"https:\/\/emadrid.com\/it\/wp-json\/wp\/v2\/media?parent=8772"}],"curies":[{"name":"wp","href":"https:\/\/api.w.org\/{rel}","templated":true}]}}