{"id":9407,"date":"2023-03-09T19:38:59","date_gmt":"2023-03-09T18:38:59","guid":{"rendered":"https:\/\/bookingmadrid.com\/biglietti-e-biglietti-per-madrid\/concerti\/"},"modified":"2023-04-21T19:55:22","modified_gmt":"2023-04-21T19:55:22","slug":"concerti","status":"publish","type":"page","link":"https:\/\/emadrid.com\/it\/biglietti-e-biglietti-per-madrid\/concerti\/","title":{"rendered":"Concerti"},"content":{"rendered":"\t\t<div data-elementor-type=\"wp-page\" data-elementor-id=\"9407\" class=\"elementor elementor-9407 elementor-1636\" data-elementor-post-type=\"page\">\n\t\t\t\t\t\t<section class=\"elementor-section elementor-top-section elementor-element elementor-element-30b5440 elementor-section-height-min-height elementor-section-items-bottom elementor-section-boxed elementor-section-height-default\" data-id=\"30b5440\" data-element_type=\"section\" data-settings=\"{&quot;background_background&quot;:&quot;classic&quot;}\">\n\t\t\t\t\t\t\t<div class=\"elementor-background-overlay\"><\/div>\n\t\t\t\t\t\t\t<div class=\"elementor-container elementor-column-gap-default\">\n\t\t\t\t\t<div class=\"elementor-column elementor-col-100 elementor-top-column elementor-element elementor-element-c7b8d9b\" data-id=\"c7b8d9b\" data-element_type=\"column\">\n\t\t\t<div class=\"elementor-widget-wrap elementor-element-populated\">\n\t\t\t\t\t\t<div class=\"elementor-element elementor-element-aee826b elementor-widget elementor-widget-heading\" data-id=\"aee826b\" data-element_type=\"widget\" data-widget_type=\"heading.default\">\n\t\t\t\t\t<h1 class=\"elementor-heading-title elementor-size-default\">Entradas<\/h1>\t\t\t\t<\/div>\n\t\t\t\t\t<\/div>\n\t\t<\/div>\n\t\t\t\t\t<\/div>\n\t\t<\/section>\n\t\t<div class=\"elementor-element elementor-element-b7c49cf e-flex e-con-boxed e-con e-parent\" data-id=\"b7c49cf\" data-element_type=\"container\">\n\t\t\t\t\t<div class=\"e-con-inner\">\n\t\t\t\t<div class=\"elementor-element elementor-element-5c7ed11 elementor-widget elementor-widget-text-editor\" data-id=\"5c7ed11\" data-element_type=\"widget\" data-widget_type=\"text-editor.default\">\n\t\t\t\t\t\t\t\t\t<p>Lorem ipsum dolor sit amet, consectetur adipiscing elit. Ut elit tellus, luctus nec ullamcorper mattis, pulvinar dapibus leo.<\/p>\t\t\t\t\t\t\t\t<\/div>\n\t\t\t\t<div class=\"elementor-element elementor-element-abcca0c elementor-mobile-align-left elementor-widget elementor-widget-button\" data-id=\"abcca0c\" data-element_type=\"widget\" data-widget_type=\"button.default\">\n\t\t\t\t\t\t\t\t\t\t<a class=\"elementor-button elementor-button-link elementor-size-sm elementor-animation-skew\" href=\"https:\/\/fever.pxf.io\/3eezmX\" target=\"_blank\">\n\t\t\t\t\t\t<span class=\"elementor-button-content-wrapper\">\n\t\t\t\t\t\t\t\t\t<span class=\"elementor-button-text\">Vedere pi\u00f9 concerti a Madrid <\/span>\n\t\t\t\t\t<\/span>\n\t\t\t\t\t<\/a>\n\t\t\t\t\t\t\t\t<\/div>\n\t\t\t\t\t<\/div>\n\t\t\t\t<\/div>\n\t\t\t\t<section class=\"elementor-section elementor-top-section elementor-element elementor-element-27efcfe elementor-section-boxed elementor-section-height-default elementor-section-height-default\" data-id=\"27efcfe\" data-element_type=\"section\">\n\t\t\t\t\t\t<div class=\"elementor-container elementor-column-gap-default\">\n\t\t\t\t\t<div class=\"elementor-column elementor-col-100 elementor-top-column elementor-element elementor-element-5f3c1de\" data-id=\"5f3c1de\" data-element_type=\"column\">\n\t\t\t<div class=\"elementor-widget-wrap elementor-element-populated\">\n\t\t\t\t\t\t<section class=\"elementor-section elementor-inner-section elementor-element elementor-element-04eac2f elementor-section-boxed elementor-section-height-default elementor-section-height-default\" data-id=\"04eac2f\" data-element_type=\"section\">\n\t\t\t\t\t\t<div class=\"elementor-container elementor-column-gap-default\">\n\t\t\t\t\t<div class=\"elementor-column elementor-col-33 elementor-inner-column elementor-element elementor-element-a0cdedf\" data-id=\"a0cdedf\" data-element_type=\"column\" data-settings=\"{&quot;background_background&quot;:&quot;classic&quot;}\">\n\t\t\t<div class=\"elementor-widget-wrap elementor-element-populated\">\n\t\t\t\t\t\t<div class=\"elementor-element elementor-element-9c8b3e7 elementor-widget elementor-widget-image\" data-id=\"9c8b3e7\" data-element_type=\"widget\" data-widget_type=\"image.default\">\n\t\t\t\t\t\t\t\t\t\t\t\t\t\t\t<img fetchpriority=\"high\" decoding=\"async\" width=\"1024\" height=\"1024\" src=\"https:\/\/emadrid.com\/wp-content\/uploads\/2023\/04\/7bb8884c-8272-11ec-a316-c202bffd768d-1-1024x1024.webp?wsr\" class=\"attachment-large size-large wp-image-8223\" alt=\"\" srcset=\"https:\/\/emadrid.com\/wp-content\/uploads\/2023\/04\/7bb8884c-8272-11ec-a316-c202bffd768d-1-1024x1024.webp 1024w, https:\/\/emadrid.com\/wp-content\/uploads\/2023\/04\/7bb8884c-8272-11ec-a316-c202bffd768d-1-300x300.webp 300w, https:\/\/emadrid.com\/wp-content\/uploads\/2023\/04\/7bb8884c-8272-11ec-a316-c202bffd768d-1-150x150.webp 150w, https:\/\/emadrid.com\/wp-content\/uploads\/2023\/04\/7bb8884c-8272-11ec-a316-c202bffd768d-1-768x768.webp 768w, https:\/\/emadrid.com\/wp-content\/uploads\/2023\/04\/7bb8884c-8272-11ec-a316-c202bffd768d-1.webp 1200w\" sizes=\"(max-width: 1024px) 100vw, 1024px\" \/>\t\t\t\t\t\t\t\t\t\t\t\t\t\t\t<\/div>\n\t\t\t\t<div class=\"elementor-element elementor-element-59a496c elementor-widget elementor-widget-heading\" data-id=\"59a496c\" data-element_type=\"widget\" data-widget_type=\"heading.default\">\n\t\t\t\t\t<h4 class=\"elementor-heading-title elementor-size-default\">Spettacolo cinematografico di Daniel Diges in Pr\u00edncipe P\u00edo<\/h4>\t\t\t\t<\/div>\n\t\t\t\t<div class=\"elementor-element elementor-element-d0250e2 elementor-widget elementor-widget-text-editor\" data-id=\"d0250e2\" data-element_type=\"widget\" data-widget_type=\"text-editor.default\">\n\t\t\t\t\t\t\t\t\t<p> L&#8217;interpretazione del musicista, artista e attore di teatro, Daniel Diges. Un concerto che onora le grandi canzoni dei film di tutti i tempi. La spettacolare cornice del Gran Teatro CaixaBank Pr\u00edncipe P\u00edo<\/p>\n\t\t\t\t\t\t\t\t<\/div>\n\t\t\t\t<div class=\"elementor-element elementor-element-6b80a7c elementor-align-left elementor-widget elementor-widget-button\" data-id=\"6b80a7c\" data-element_type=\"widget\" data-widget_type=\"button.default\">\n\t\t\t\t\t\t\t\t\t\t<a class=\"elementor-button elementor-button-link elementor-size-sm elementor-animation-skew\" href=\"https:\/\/fever.pxf.io\/c\/4039372\/1396783\/16345?prodsku=109724&#038;u=https%3A%2F%2Ffeverup.com%2Fm%2F109724&#038;intsrc=PUI2_10347\" target=\"_blank\">\n\t\t\t\t\t\t<span class=\"elementor-button-content-wrapper\">\n\t\t\t\t\t\t\t\t\t<span class=\"elementor-button-text\">Acquista il biglietto<\/span>\n\t\t\t\t\t<\/span>\n\t\t\t\t\t<\/a>\n\t\t\t\t\t\t\t\t<\/div>\n\t\t\t\t\t<\/div>\n\t\t<\/div>\n\t\t\t\t<div class=\"elementor-column elementor-col-33 elementor-inner-column elementor-element elementor-element-f553569\" data-id=\"f553569\" data-element_type=\"column\" data-settings=\"{&quot;background_background&quot;:&quot;classic&quot;}\">\n\t\t\t<div class=\"elementor-widget-wrap elementor-element-populated\">\n\t\t\t\t\t\t<div class=\"elementor-element elementor-element-e8590ee elementor-widget elementor-widget-image\" data-id=\"e8590ee\" data-element_type=\"widget\" data-widget_type=\"image.default\">\n\t\t\t\t\t\t\t\t\t\t\t\t\t\t\t<img decoding=\"async\" width=\"1024\" height=\"1024\" src=\"https:\/\/emadrid.com\/wp-content\/uploads\/2023\/04\/dd3773c2-c3ed-11ed-9358-161c5d152321-1024x1024.webp?wsr\" class=\"attachment-large size-large wp-image-8227\" alt=\"\" srcset=\"https:\/\/emadrid.com\/wp-content\/uploads\/2023\/04\/dd3773c2-c3ed-11ed-9358-161c5d152321-1024x1024.webp 1024w, https:\/\/emadrid.com\/wp-content\/uploads\/2023\/04\/dd3773c2-c3ed-11ed-9358-161c5d152321-300x300.webp 300w, https:\/\/emadrid.com\/wp-content\/uploads\/2023\/04\/dd3773c2-c3ed-11ed-9358-161c5d152321-150x150.webp 150w, https:\/\/emadrid.com\/wp-content\/uploads\/2023\/04\/dd3773c2-c3ed-11ed-9358-161c5d152321-768x768.webp 768w, https:\/\/emadrid.com\/wp-content\/uploads\/2023\/04\/dd3773c2-c3ed-11ed-9358-161c5d152321.webp 1200w\" sizes=\"(max-width: 1024px) 100vw, 1024px\" \/>\t\t\t\t\t\t\t\t\t\t\t\t\t\t\t<\/div>\n\t\t\t\t<div class=\"elementor-element elementor-element-415116b elementor-widget elementor-widget-heading\" data-id=\"415116b\" data-element_type=\"widget\" data-widget_type=\"heading.default\">\n\t\t\t\t\t<h4 class=\"elementor-heading-title elementor-size-default\">Universal Music Festival 2023: Kraftwerk<\/h4>\t\t\t\t<\/div>\n\t\t\t\t<div class=\"elementor-element elementor-element-d3d22ef elementor-widget elementor-widget-text-editor\" data-id=\"d3d22ef\" data-element_type=\"widget\" data-widget_type=\"text-editor.default\">\n\t\t\t\t\t\t\t\t\t<p> Un impressionante concerto dei Kraftwerk dal vivo. Una serie di concerti con la pi\u00f9 grande musica flamenca, pop, brasiliana e urbana&#8230; La maestosa cornice del Teatro Real, uno dei teatri d&#8217;opera pi\u00f9 prestigiosi d&#8217;Europa.<\/p>\n\t\t\t\t\t\t\t\t<\/div>\n\t\t\t\t<div class=\"elementor-element elementor-element-8113666 elementor-align-left elementor-widget elementor-widget-button\" data-id=\"8113666\" data-element_type=\"widget\" data-widget_type=\"button.default\">\n\t\t\t\t\t\t\t\t\t\t<a class=\"elementor-button elementor-button-link elementor-size-sm elementor-animation-skew\" href=\"https:\/\/fever.pxf.io\/c\/4039372\/1396783\/16345?prodsku=126698&#038;u=https%3A%2F%2Ffeverup.com%2Fm%2F126698&#038;intsrc=PUI2_10347\" target=\"_blank\">\n\t\t\t\t\t\t<span class=\"elementor-button-content-wrapper\">\n\t\t\t\t\t\t\t\t\t<span class=\"elementor-button-text\">Acquista il biglietto<\/span>\n\t\t\t\t\t<\/span>\n\t\t\t\t\t<\/a>\n\t\t\t\t\t\t\t\t<\/div>\n\t\t\t\t\t<\/div>\n\t\t<\/div>\n\t\t\t\t<div class=\"elementor-column elementor-col-33 elementor-inner-column elementor-element elementor-element-187b220\" data-id=\"187b220\" data-element_type=\"column\" data-settings=\"{&quot;background_background&quot;:&quot;classic&quot;}\">\n\t\t\t<div class=\"elementor-widget-wrap elementor-element-populated\">\n\t\t\t\t\t\t<div class=\"elementor-element elementor-element-6045136 elementor-widget elementor-widget-image\" data-id=\"6045136\" data-element_type=\"widget\" data-widget_type=\"image.default\">\n\t\t\t\t\t\t\t\t\t\t\t\t\t\t\t<img decoding=\"async\" width=\"1024\" height=\"1024\" src=\"https:\/\/emadrid.com\/wp-content\/uploads\/2023\/04\/c04f6f6c-c3ed-11ed-a02a-6a822a6be252-1024x1024.webp?wsr\" class=\"attachment-large size-large wp-image-8231\" alt=\"\" srcset=\"https:\/\/emadrid.com\/wp-content\/uploads\/2023\/04\/c04f6f6c-c3ed-11ed-a02a-6a822a6be252-1024x1024.webp 1024w, https:\/\/emadrid.com\/wp-content\/uploads\/2023\/04\/c04f6f6c-c3ed-11ed-a02a-6a822a6be252-300x300.webp 300w, https:\/\/emadrid.com\/wp-content\/uploads\/2023\/04\/c04f6f6c-c3ed-11ed-a02a-6a822a6be252-150x150.webp 150w, https:\/\/emadrid.com\/wp-content\/uploads\/2023\/04\/c04f6f6c-c3ed-11ed-a02a-6a822a6be252-768x768.webp 768w, https:\/\/emadrid.com\/wp-content\/uploads\/2023\/04\/c04f6f6c-c3ed-11ed-a02a-6a822a6be252.webp 1200w\" sizes=\"(max-width: 1024px) 100vw, 1024px\" \/>\t\t\t\t\t\t\t\t\t\t\t\t\t\t\t<\/div>\n\t\t\t\t<div class=\"elementor-element elementor-element-c202ef7 elementor-widget elementor-widget-heading\" data-id=\"c202ef7\" data-element_type=\"widget\" data-widget_type=\"heading.default\">\n\t\t\t\t\t<h4 class=\"elementor-heading-title elementor-size-default\">Festival musicale universale 2023: Rufus Wainwright<\/h4>\t\t\t\t<\/div>\n\t\t\t\t<div class=\"elementor-element elementor-element-c229d2c elementor-widget elementor-widget-text-editor\" data-id=\"c229d2c\" data-element_type=\"widget\" data-widget_type=\"text-editor.default\">\n\t\t\t\t\t\t\t\t\t<p>Un impressionante concerto dal vivo di Rufus Wainwright. Una serie di concerti con la pi\u00f9 grande musica flamenca, pop, brasiliana e urbana&#8230; La maestosa cornice del Teatro Real, uno dei teatri d&#8217;opera pi\u00f9 prestigiosi d&#8217;Europa.<\/p>\n\t\t\t\t\t\t\t\t<\/div>\n\t\t\t\t<div class=\"elementor-element elementor-element-35484a7 elementor-align-left elementor-widget elementor-widget-button\" data-id=\"35484a7\" data-element_type=\"widget\" data-widget_type=\"button.default\">\n\t\t\t\t\t\t\t\t\t\t<a class=\"elementor-button elementor-button-link elementor-size-sm elementor-animation-skew\" href=\"https:\/\/fever.pxf.io\/c\/4039372\/1396783\/16345?prodsku=126659&#038;u=https%3A%2F%2Ffeverup.com%2Fm%2F126659&#038;intsrc=PUI2_10347\" target=\"_blank\">\n\t\t\t\t\t\t<span class=\"elementor-button-content-wrapper\">\n\t\t\t\t\t\t\t\t\t<span class=\"elementor-button-text\">Acquista il biglietto<\/span>\n\t\t\t\t\t<\/span>\n\t\t\t\t\t<\/a>\n\t\t\t\t\t\t\t\t<\/div>\n\t\t\t\t\t<\/div>\n\t\t<\/div>\n\t\t\t\t\t<\/div>\n\t\t<\/section>\n\t\t\t\t\t<\/div>\n\t\t<\/div>\n\t\t\t\t\t<\/div>\n\t\t<\/section>\n\t\t\t\t<\/div>\n\t\t","protected":false},"excerpt":{"rendered":"<p>Vedere pi\u00f9 concerti a Madrid Spettacolo cinematografico di Daniel Diges in Pr\u00edncipe P\u00edo L&#8217;interpretazione del musicista, artista e attore di teatro, Daniel Diges. Un concerto che onora le grandi canzoni dei film di tutti i tempi. La spettacolare cornice del Gran Teatro CaixaBank Pr\u00edncipe P\u00edo Acquista il biglietto Universal Music Festival 2023: Kraftwerk Un impressionante [&hellip;]<\/p>\n","protected":false},"author":4,"featured_media":0,"parent":8546,"menu_order":0,"comment_status":"closed","ping_status":"closed","template":"","meta":{"site-sidebar-layout":"no-sidebar","site-content-layout":"page-builder","ast-site-content-layout":"full-width-container","site-content-style":"unboxed","site-sidebar-style":"unboxed","ast-global-header-display":"","ast-banner-title-visibility":"","ast-main-header-display":"","ast-hfb-above-header-display":"","ast-hfb-below-header-display":"","ast-hfb-mobile-header-display":"","site-post-title":"disabled","ast-breadcrumbs-content":"","ast-featured-img":"disabled","footer-sml-layout":"","theme-transparent-header-meta":"","adv-header-id-meta":"","stick-header-meta":"","header-above-stick-meta":"","header-main-stick-meta":"","header-below-stick-meta":"","astra-migrate-meta-layouts":"default","ast-page-background-enabled":"default","ast-page-background-meta":{"desktop":{"background-color":"var(--ast-global-color-4)","background-image":"","background-repeat":"repeat","background-position":"center center","background-size":"auto","background-attachment":"scroll","background-type":"","background-media":"","overlay-type":"","overlay-color":"","overlay-opacity":"","overlay-gradient":""},"tablet":{"background-color":"","background-image":"","background-repeat":"repeat","background-position":"center center","background-size":"auto","background-attachment":"scroll","background-type":"","background-media":"","overlay-type":"","overlay-color":"","overlay-opacity":"","overlay-gradient":""},"mobile":{"background-color":"","background-image":"","background-repeat":"repeat","background-position":"center center","background-size":"auto","background-attachment":"scroll","background-type":"","background-media":"","overlay-type":"","overlay-color":"","overlay-opacity":"","overlay-gradient":""}},"ast-content-background-meta":{"desktop":{"background-color":"var(--ast-global-color-5)","background-image":"","background-repeat":"repeat","background-position":"center center","background-size":"auto","background-attachment":"scroll","background-type":"","background-media":"","overlay-type":"","overlay-color":"","overlay-opacity":"","overlay-gradient":""},"tablet":{"background-color":"var(--ast-global-color-5)","background-image":"","background-repeat":"repeat","background-position":"center center","background-size":"auto","background-attachment":"scroll","background-type":"","background-media":"","overlay-type":"","overlay-color":"","overlay-opacity":"","overlay-gradient":""},"mobile":{"background-color":"var(--ast-global-color-5)","background-image":"","background-repeat":"repeat","background-position":"center center","background-size":"auto","background-attachment":"scroll","background-type":"","background-media":"","overlay-type":"","overlay-color":"","overlay-opacity":"","overlay-gradient":""}},"footnotes":""},"class_list":["post-9407","page","type-page","status-publish","hentry"],"yoast_head":"<!-- This site is optimized with the Yoast SEO plugin v26.4 - https:\/\/yoast.com\/wordpress\/plugins\/seo\/ -->\n<title>Concerti - eMadrid.com<\/title>\n<meta name=\"robots\" content=\"index, follow, max-snippet:-1, max-image-preview:large, max-video-preview:-1\" \/>\n<link rel=\"canonical\" href=\"https:\/\/emadrid.com\/it\/biglietti-e-biglietti-per-madrid\/concerti\/\" \/>\n<meta property=\"og:locale\" content=\"it_IT\" \/>\n<meta property=\"og:type\" content=\"article\" \/>\n<meta property=\"og:title\" content=\"Concerti - eMadrid.com\" \/>\n<meta property=\"og:description\" content=\"Vedere pi\u00f9 concerti a Madrid Spettacolo cinematografico di Daniel Diges in Pr\u00edncipe P\u00edo L&#8217;interpretazione del musicista, artista e attore di teatro, Daniel Diges. Un concerto che onora le grandi canzoni dei film di tutti i tempi. La spettacolare cornice del Gran Teatro CaixaBank Pr\u00edncipe P\u00edo Acquista il biglietto Universal Music Festival 2023: Kraftwerk Un impressionante [&hellip;]\" \/>\n<meta property=\"og:url\" content=\"https:\/\/emadrid.com\/it\/biglietti-e-biglietti-per-madrid\/concerti\/\" \/>\n<meta property=\"og:site_name\" content=\"eMadrid.com\" \/>\n<meta property=\"article:modified_time\" content=\"2023-04-21T19:55:22+00:00\" \/>\n<meta property=\"og:image\" content=\"https:\/\/emadrid.com\/wp-content\/uploads\/2023\/04\/7bb8884c-8272-11ec-a316-c202bffd768d-1-1024x1024.webp\" \/>\n<meta name=\"twitter:card\" content=\"summary_large_image\" \/>\n<meta name=\"twitter:label1\" content=\"Tempo di lettura stimato\" \/>\n\t<meta name=\"twitter:data1\" content=\"1 minuto\" \/>\n<script type=\"application\/ld+json\" class=\"yoast-schema-graph\">{\"@context\":\"https:\/\/schema.org\",\"@graph\":[{\"@type\":\"WebPage\",\"@id\":\"https:\/\/emadrid.com\/it\/biglietti-e-biglietti-per-madrid\/concerti\/\",\"url\":\"https:\/\/emadrid.com\/it\/biglietti-e-biglietti-per-madrid\/concerti\/\",\"name\":\"Concerti - eMadrid.com\",\"isPartOf\":{\"@id\":\"https:\/\/emadrid.com\/it\/#website\"},\"primaryImageOfPage\":{\"@id\":\"https:\/\/emadrid.com\/it\/biglietti-e-biglietti-per-madrid\/concerti\/#primaryimage\"},\"image\":{\"@id\":\"https:\/\/emadrid.com\/it\/biglietti-e-biglietti-per-madrid\/concerti\/#primaryimage\"},\"thumbnailUrl\":\"https:\/\/emadrid.com\/wp-content\/uploads\/2023\/04\/7bb8884c-8272-11ec-a316-c202bffd768d-1-1024x1024.webp\",\"datePublished\":\"2023-03-09T18:38:59+00:00\",\"dateModified\":\"2023-04-21T19:55:22+00:00\",\"breadcrumb\":{\"@id\":\"https:\/\/emadrid.com\/it\/biglietti-e-biglietti-per-madrid\/concerti\/#breadcrumb\"},\"inLanguage\":\"it-IT\",\"potentialAction\":[{\"@type\":\"ReadAction\",\"target\":[\"https:\/\/emadrid.com\/it\/biglietti-e-biglietti-per-madrid\/concerti\/\"]}]},{\"@type\":\"ImageObject\",\"inLanguage\":\"it-IT\",\"@id\":\"https:\/\/emadrid.com\/it\/biglietti-e-biglietti-per-madrid\/concerti\/#primaryimage\",\"url\":\"https:\/\/emadrid.com\/wp-content\/uploads\/2023\/04\/7bb8884c-8272-11ec-a316-c202bffd768d-1-1024x1024.webp\",\"contentUrl\":\"https:\/\/emadrid.com\/wp-content\/uploads\/2023\/04\/7bb8884c-8272-11ec-a316-c202bffd768d-1-1024x1024.webp\"},{\"@type\":\"BreadcrumbList\",\"@id\":\"https:\/\/emadrid.com\/it\/biglietti-e-biglietti-per-madrid\/concerti\/#breadcrumb\",\"itemListElement\":[{\"@type\":\"ListItem\",\"position\":1,\"name\":\"Portada\",\"item\":\"https:\/\/emadrid.com\/it\/\"},{\"@type\":\"ListItem\",\"position\":2,\"name\":\"Biglietti e biglietti per Madrid\",\"item\":\"https:\/\/emadrid.com\/it\/biglietti-e-biglietti-per-madrid\/\"},{\"@type\":\"ListItem\",\"position\":3,\"name\":\"Concerti\"}]},{\"@type\":\"WebSite\",\"@id\":\"https:\/\/emadrid.com\/it\/#website\",\"url\":\"https:\/\/emadrid.com\/it\/\",\"name\":\"eMadrid.com\",\"description\":\"Las mejores Ofertas en Madrid. Hoteles, Espect\u00e1culos, Actividades y mucho m\u00e1s.\",\"publisher\":{\"@id\":\"https:\/\/emadrid.com\/it\/#organization\"},\"potentialAction\":[{\"@type\":\"SearchAction\",\"target\":{\"@type\":\"EntryPoint\",\"urlTemplate\":\"https:\/\/emadrid.com\/it\/?s={search_term_string}\"},\"query-input\":{\"@type\":\"PropertyValueSpecification\",\"valueRequired\":true,\"valueName\":\"search_term_string\"}}],\"inLanguage\":\"it-IT\"},{\"@type\":\"Organization\",\"@id\":\"https:\/\/emadrid.com\/it\/#organization\",\"name\":\"eMadrid.com\",\"url\":\"https:\/\/emadrid.com\/it\/\",\"logo\":{\"@type\":\"ImageObject\",\"inLanguage\":\"it-IT\",\"@id\":\"https:\/\/emadrid.com\/it\/#\/schema\/logo\/image\/\",\"url\":\"https:\/\/emadrid.com\/wp-content\/uploads\/2025\/01\/Logo-horizontal-250px.png?wsr\",\"contentUrl\":\"https:\/\/emadrid.com\/wp-content\/uploads\/2025\/01\/Logo-horizontal-250px.png?wsr\",\"width\":251,\"height\":35,\"caption\":\"eMadrid.com\"},\"image\":{\"@id\":\"https:\/\/emadrid.com\/it\/#\/schema\/logo\/image\/\"}}]}<\/script>\n<!-- \/ Yoast SEO plugin. -->","yoast_head_json":{"title":"Concerti - eMadrid.com","robots":{"index":"index","follow":"follow","max-snippet":"max-snippet:-1","max-image-preview":"max-image-preview:large","max-video-preview":"max-video-preview:-1"},"canonical":"https:\/\/emadrid.com\/it\/biglietti-e-biglietti-per-madrid\/concerti\/","og_locale":"it_IT","og_type":"article","og_title":"Concerti - eMadrid.com","og_description":"Vedere pi\u00f9 concerti a Madrid Spettacolo cinematografico di Daniel Diges in Pr\u00edncipe P\u00edo L&#8217;interpretazione del musicista, artista e attore di teatro, Daniel Diges. Un concerto che onora le grandi canzoni dei film di tutti i tempi. La spettacolare cornice del Gran Teatro CaixaBank Pr\u00edncipe P\u00edo Acquista il biglietto Universal Music Festival 2023: Kraftwerk Un impressionante [&hellip;]","og_url":"https:\/\/emadrid.com\/it\/biglietti-e-biglietti-per-madrid\/concerti\/","og_site_name":"eMadrid.com","article_modified_time":"2023-04-21T19:55:22+00:00","og_image":[{"url":"https:\/\/emadrid.com\/wp-content\/uploads\/2023\/04\/7bb8884c-8272-11ec-a316-c202bffd768d-1-1024x1024.webp","type":"","width":"","height":""}],"twitter_card":"summary_large_image","twitter_misc":{"Tempo di lettura stimato":"1 minuto"},"schema":{"@context":"https:\/\/schema.org","@graph":[{"@type":"WebPage","@id":"https:\/\/emadrid.com\/it\/biglietti-e-biglietti-per-madrid\/concerti\/","url":"https:\/\/emadrid.com\/it\/biglietti-e-biglietti-per-madrid\/concerti\/","name":"Concerti - eMadrid.com","isPartOf":{"@id":"https:\/\/emadrid.com\/it\/#website"},"primaryImageOfPage":{"@id":"https:\/\/emadrid.com\/it\/biglietti-e-biglietti-per-madrid\/concerti\/#primaryimage"},"image":{"@id":"https:\/\/emadrid.com\/it\/biglietti-e-biglietti-per-madrid\/concerti\/#primaryimage"},"thumbnailUrl":"https:\/\/emadrid.com\/wp-content\/uploads\/2023\/04\/7bb8884c-8272-11ec-a316-c202bffd768d-1-1024x1024.webp","datePublished":"2023-03-09T18:38:59+00:00","dateModified":"2023-04-21T19:55:22+00:00","breadcrumb":{"@id":"https:\/\/emadrid.com\/it\/biglietti-e-biglietti-per-madrid\/concerti\/#breadcrumb"},"inLanguage":"it-IT","potentialAction":[{"@type":"ReadAction","target":["https:\/\/emadrid.com\/it\/biglietti-e-biglietti-per-madrid\/concerti\/"]}]},{"@type":"ImageObject","inLanguage":"it-IT","@id":"https:\/\/emadrid.com\/it\/biglietti-e-biglietti-per-madrid\/concerti\/#primaryimage","url":"https:\/\/emadrid.com\/wp-content\/uploads\/2023\/04\/7bb8884c-8272-11ec-a316-c202bffd768d-1-1024x1024.webp","contentUrl":"https:\/\/emadrid.com\/wp-content\/uploads\/2023\/04\/7bb8884c-8272-11ec-a316-c202bffd768d-1-1024x1024.webp"},{"@type":"BreadcrumbList","@id":"https:\/\/emadrid.com\/it\/biglietti-e-biglietti-per-madrid\/concerti\/#breadcrumb","itemListElement":[{"@type":"ListItem","position":1,"name":"Portada","item":"https:\/\/emadrid.com\/it\/"},{"@type":"ListItem","position":2,"name":"Biglietti e biglietti per Madrid","item":"https:\/\/emadrid.com\/it\/biglietti-e-biglietti-per-madrid\/"},{"@type":"ListItem","position":3,"name":"Concerti"}]},{"@type":"WebSite","@id":"https:\/\/emadrid.com\/it\/#website","url":"https:\/\/emadrid.com\/it\/","name":"eMadrid.com","description":"Las mejores Ofertas en Madrid. Hoteles, Espect\u00e1culos, Actividades y mucho m\u00e1s.","publisher":{"@id":"https:\/\/emadrid.com\/it\/#organization"},"potentialAction":[{"@type":"SearchAction","target":{"@type":"EntryPoint","urlTemplate":"https:\/\/emadrid.com\/it\/?s={search_term_string}"},"query-input":{"@type":"PropertyValueSpecification","valueRequired":true,"valueName":"search_term_string"}}],"inLanguage":"it-IT"},{"@type":"Organization","@id":"https:\/\/emadrid.com\/it\/#organization","name":"eMadrid.com","url":"https:\/\/emadrid.com\/it\/","logo":{"@type":"ImageObject","inLanguage":"it-IT","@id":"https:\/\/emadrid.com\/it\/#\/schema\/logo\/image\/","url":"https:\/\/emadrid.com\/wp-content\/uploads\/2025\/01\/Logo-horizontal-250px.png?wsr","contentUrl":"https:\/\/emadrid.com\/wp-content\/uploads\/2025\/01\/Logo-horizontal-250px.png?wsr","width":251,"height":35,"caption":"eMadrid.com"},"image":{"@id":"https:\/\/emadrid.com\/it\/#\/schema\/logo\/image\/"}}]}},"_links":{"self":[{"href":"https:\/\/emadrid.com\/it\/wp-json\/wp\/v2\/pages\/9407","targetHints":{"allow":["GET"]}}],"collection":[{"href":"https:\/\/emadrid.com\/it\/wp-json\/wp\/v2\/pages"}],"about":[{"href":"https:\/\/emadrid.com\/it\/wp-json\/wp\/v2\/types\/page"}],"author":[{"embeddable":true,"href":"https:\/\/emadrid.com\/it\/wp-json\/wp\/v2\/users\/4"}],"replies":[{"embeddable":true,"href":"https:\/\/emadrid.com\/it\/wp-json\/wp\/v2\/comments?post=9407"}],"version-history":[{"count":3,"href":"https:\/\/emadrid.com\/it\/wp-json\/wp\/v2\/pages\/9407\/revisions"}],"predecessor-version":[{"id":9410,"href":"https:\/\/emadrid.com\/it\/wp-json\/wp\/v2\/pages\/9407\/revisions\/9410"}],"up":[{"embeddable":true,"href":"https:\/\/emadrid.com\/it\/wp-json\/wp\/v2\/pages\/8546"}],"wp:attachment":[{"href":"https:\/\/emadrid.com\/it\/wp-json\/wp\/v2\/media?parent=9407"}],"curies":[{"name":"wp","href":"https:\/\/api.w.org\/{rel}","templated":true}]}}