{"id":9427,"date":"2023-03-09T19:40:29","date_gmt":"2023-03-09T18:40:29","guid":{"rendered":"https:\/\/bookingmadrid.com\/biglietti-e-biglietti-per-madrid\/cinema\/"},"modified":"2023-04-24T06:03:23","modified_gmt":"2023-04-24T06:03:23","slug":"cinema","status":"publish","type":"page","link":"https:\/\/emadrid.com\/it\/biglietti-e-biglietti-per-madrid\/cinema\/","title":{"rendered":"Cinema"},"content":{"rendered":"\t\t<div data-elementor-type=\"wp-page\" data-elementor-id=\"9427\" class=\"elementor elementor-9427 elementor-1648\" data-elementor-post-type=\"page\">\n\t\t\t\t\t\t<section class=\"elementor-section elementor-top-section elementor-element elementor-element-2197d2a elementor-section-height-min-height elementor-section-items-bottom elementor-section-boxed elementor-section-height-default\" data-id=\"2197d2a\" data-element_type=\"section\" data-settings=\"{&quot;background_background&quot;:&quot;classic&quot;}\">\n\t\t\t\t\t\t\t<div class=\"elementor-background-overlay\"><\/div>\n\t\t\t\t\t\t\t<div class=\"elementor-container elementor-column-gap-default\">\n\t\t\t\t\t<div class=\"elementor-column elementor-col-100 elementor-top-column elementor-element elementor-element-b94c6c1\" data-id=\"b94c6c1\" data-element_type=\"column\">\n\t\t\t<div class=\"elementor-widget-wrap elementor-element-populated\">\n\t\t\t\t\t\t<div class=\"elementor-element elementor-element-9e4ed80 elementor-widget elementor-widget-heading\" data-id=\"9e4ed80\" data-element_type=\"widget\" data-widget_type=\"heading.default\">\n\t\t\t\t\t<h1 class=\"elementor-heading-title elementor-size-default\">Cinema<\/h1>\t\t\t\t<\/div>\n\t\t\t\t\t<\/div>\n\t\t<\/div>\n\t\t\t\t\t<\/div>\n\t\t<\/section>\n\t\t<div class=\"elementor-element elementor-element-c9f54c4 e-flex e-con-boxed e-con e-parent\" data-id=\"c9f54c4\" data-element_type=\"container\">\n\t\t\t\t\t<div class=\"e-con-inner\">\n\t\t\t\t<div class=\"elementor-element elementor-element-28de5d2 elementor-widget elementor-widget-text-editor\" data-id=\"28de5d2\" data-element_type=\"widget\" data-widget_type=\"text-editor.default\">\n\t\t\t\t\t\t\t\t\t<p>Sapevate che il cinema Dor\u00e9 \u00e8 uno dei cinema pi\u00f9 antichi di Madrid e si trova in un edificio protetto dal Patrimonio Nazionale, o che il cinema Capitol \u00e8 noto per il suo enorme schermo e il sistema audio Dolby Atmos? Riscoprite la storia del cinema nei cinema pi\u00f9 emblematici di Madrid.<\/p>\t\t\t\t\t\t\t\t<\/div>\n\t\t\t\t<div class=\"elementor-element elementor-element-887b5e4 elementor-mobile-align-left elementor-widget elementor-widget-button\" data-id=\"887b5e4\" data-element_type=\"widget\" data-widget_type=\"button.default\">\n\t\t\t\t\t\t\t\t\t\t<a class=\"elementor-button elementor-button-link elementor-size-sm elementor-animation-skew\" href=\"http:\/\/fever.pxf.io\/eKKxGz\" target=\"_blank\">\n\t\t\t\t\t\t<span class=\"elementor-button-content-wrapper\">\n\t\t\t\t\t\t\t\t\t<span class=\"elementor-button-text\">Vedere pi\u00f9 cinema a Madrid <\/span>\n\t\t\t\t\t<\/span>\n\t\t\t\t\t<\/a>\n\t\t\t\t\t\t\t\t<\/div>\n\t\t\t\t\t<\/div>\n\t\t\t\t<\/div>\n\t\t\t\t<section class=\"elementor-section elementor-top-section elementor-element elementor-element-824a52b elementor-section-boxed elementor-section-height-default elementor-section-height-default\" data-id=\"824a52b\" data-element_type=\"section\">\n\t\t\t\t\t\t<div class=\"elementor-container elementor-column-gap-default\">\n\t\t\t\t\t<div class=\"elementor-column elementor-col-100 elementor-top-column elementor-element elementor-element-82d309e\" data-id=\"82d309e\" data-element_type=\"column\">\n\t\t\t<div class=\"elementor-widget-wrap elementor-element-populated\">\n\t\t\t\t\t\t<section class=\"elementor-section elementor-inner-section elementor-element elementor-element-c8f9f59 elementor-section-boxed elementor-section-height-default elementor-section-height-default\" data-id=\"c8f9f59\" data-element_type=\"section\">\n\t\t\t\t\t\t<div class=\"elementor-container elementor-column-gap-default\">\n\t\t\t\t\t<div class=\"elementor-column elementor-col-33 elementor-inner-column elementor-element elementor-element-01cbc69\" data-id=\"01cbc69\" data-element_type=\"column\" data-settings=\"{&quot;background_background&quot;:&quot;classic&quot;}\">\n\t\t\t<div class=\"elementor-widget-wrap elementor-element-populated\">\n\t\t\t\t\t\t<div class=\"elementor-element elementor-element-154d39b elementor-widget elementor-widget-image\" data-id=\"154d39b\" data-element_type=\"widget\" data-widget_type=\"image.default\">\n\t\t\t\t\t\t\t\t\t\t\t\t\t\t\t<img fetchpriority=\"high\" decoding=\"async\" width=\"1024\" height=\"1024\" src=\"https:\/\/emadrid.com\/wp-content\/uploads\/2023\/04\/811e4aac-9cbf-11ed-8d7b-4604dacfd9db-1024x1024.webp?wsr\" class=\"attachment-large size-large wp-image-8399\" alt=\"\" srcset=\"https:\/\/emadrid.com\/wp-content\/uploads\/2023\/04\/811e4aac-9cbf-11ed-8d7b-4604dacfd9db-1024x1024.webp 1024w, https:\/\/emadrid.com\/wp-content\/uploads\/2023\/04\/811e4aac-9cbf-11ed-8d7b-4604dacfd9db-300x300.webp 300w, https:\/\/emadrid.com\/wp-content\/uploads\/2023\/04\/811e4aac-9cbf-11ed-8d7b-4604dacfd9db-150x150.webp 150w, https:\/\/emadrid.com\/wp-content\/uploads\/2023\/04\/811e4aac-9cbf-11ed-8d7b-4604dacfd9db-768x768.webp 768w, https:\/\/emadrid.com\/wp-content\/uploads\/2023\/04\/811e4aac-9cbf-11ed-8d7b-4604dacfd9db.webp 1200w\" sizes=\"(max-width: 1024px) 100vw, 1024px\" \/>\t\t\t\t\t\t\t\t\t\t\t\t\t\t\t<\/div>\n\t\t\t\t<div class=\"elementor-element elementor-element-ef7639f elementor-widget elementor-widget-heading\" data-id=\"ef7639f\" data-element_type=\"widget\" data-widget_type=\"heading.default\">\n\t\t\t\t\t<h4 class=\"elementor-heading-title elementor-size-default\">Biglietti Shazam! La furia degli dei nei teatri<\/h4>\t\t\t\t<\/div>\n\t\t\t\t<div class=\"elementor-element elementor-element-a25c82b elementor-widget elementor-widget-text-editor\" data-id=\"a25c82b\" data-element_type=\"widget\" data-widget_type=\"text-editor.default\">\n\t\t\t\t\t\t\t\t\t<p> Shazam! La furia degli dei. Non perderti il \u200b\u200bnuovo capitolo del supereroe Shazam al Cines Yelmo! Tipi di biglietti CINEMAS YELMO.<\/p>\n\t\t\t\t\t\t\t\t<\/div>\n\t\t\t\t<div class=\"elementor-element elementor-element-6609405 elementor-align-left elementor-widget elementor-widget-button\" data-id=\"6609405\" data-element_type=\"widget\" data-widget_type=\"button.default\">\n\t\t\t\t\t\t\t\t\t\t<a class=\"elementor-button elementor-button-link elementor-size-sm elementor-animation-skew\" href=\"https:\/\/fever.pxf.io\/c\/4039372\/1396783\/16345?prodsku=124868&#038;u=https%3A%2F%2Ffeverup.com%2Fm%2F124868&#038;intsrc=PUI2_10347\" target=\"_blank\">\n\t\t\t\t\t\t<span class=\"elementor-button-content-wrapper\">\n\t\t\t\t\t\t\t\t\t<span class=\"elementor-button-text\">Acquista il biglietto<\/span>\n\t\t\t\t\t<\/span>\n\t\t\t\t\t<\/a>\n\t\t\t\t\t\t\t\t<\/div>\n\t\t\t\t\t<\/div>\n\t\t<\/div>\n\t\t\t\t<div class=\"elementor-column elementor-col-33 elementor-inner-column elementor-element elementor-element-2a12dfd\" data-id=\"2a12dfd\" data-element_type=\"column\" data-settings=\"{&quot;background_background&quot;:&quot;classic&quot;}\">\n\t\t\t<div class=\"elementor-widget-wrap elementor-element-populated\">\n\t\t\t\t\t\t<div class=\"elementor-element elementor-element-97cf23b elementor-widget elementor-widget-image\" data-id=\"97cf23b\" data-element_type=\"widget\" data-widget_type=\"image.default\">\n\t\t\t\t\t\t\t\t\t\t\t\t\t\t\t<img decoding=\"async\" width=\"1024\" height=\"1024\" src=\"https:\/\/emadrid.com\/wp-content\/uploads\/2023\/04\/b54b014a-c32e-11ed-8a93-9e7415cce73c-1024x1024.webp?wsr\" class=\"attachment-large size-large wp-image-8403\" alt=\"\" srcset=\"https:\/\/emadrid.com\/wp-content\/uploads\/2023\/04\/b54b014a-c32e-11ed-8a93-9e7415cce73c-1024x1024.webp 1024w, https:\/\/emadrid.com\/wp-content\/uploads\/2023\/04\/b54b014a-c32e-11ed-8a93-9e7415cce73c-300x300.webp 300w, https:\/\/emadrid.com\/wp-content\/uploads\/2023\/04\/b54b014a-c32e-11ed-8a93-9e7415cce73c-150x150.webp 150w, https:\/\/emadrid.com\/wp-content\/uploads\/2023\/04\/b54b014a-c32e-11ed-8a93-9e7415cce73c-768x768.webp 768w, https:\/\/emadrid.com\/wp-content\/uploads\/2023\/04\/b54b014a-c32e-11ed-8a93-9e7415cce73c.webp 1200w\" sizes=\"(max-width: 1024px) 100vw, 1024px\" \/>\t\t\t\t\t\t\t\t\t\t\t\t\t\t\t<\/div>\n\t\t\t\t<div class=\"elementor-element elementor-element-4fb98be elementor-widget elementor-widget-heading\" data-id=\"4fb98be\" data-element_type=\"widget\" data-widget_type=\"heading.default\">\n\t\t\t\t\t<h4 class=\"elementor-heading-title elementor-size-default\">Prevendita di biglietti Guardiani della Galassia Vol. 3 Nei cinema - Lista d'attesa<\/h4>\t\t\t\t<\/div>\n\t\t\t\t<div class=\"elementor-element elementor-element-9911588 elementor-widget elementor-widget-text-editor\" data-id=\"9911588\" data-element_type=\"widget\" data-widget_type=\"text-editor.default\">\n\t\t\t\t\t\t\t\t\t<p>Guardiani della Galassia Vol. 3. Non perderti l&#8217;ultimo film dei Marvel Studios al Cinesa e al Cines Yelmo! L&#8217;esperienza. Ottieni i tuoi biglietti in anticipo per Guardiani della Galassia Vol. 3 prima di chiunque altro!<\/p>\n\t\t\t\t\t\t\t\t<\/div>\n\t\t\t\t<div class=\"elementor-element elementor-element-3cd12d5 elementor-align-left elementor-widget elementor-widget-button\" data-id=\"3cd12d5\" data-element_type=\"widget\" data-widget_type=\"button.default\">\n\t\t\t\t\t\t\t\t\t\t<a class=\"elementor-button elementor-button-link elementor-size-sm elementor-animation-skew\" href=\"https:\/\/fever.pxf.io\/c\/4039372\/1396783\/16345?prodsku=127317&#038;u=https%3A%2F%2Ffeverup.com%2Fm%2F127317&#038;intsrc=PUI2_10347\" target=\"_blank\">\n\t\t\t\t\t\t<span class=\"elementor-button-content-wrapper\">\n\t\t\t\t\t\t\t\t\t<span class=\"elementor-button-text\">Acquista il biglietto<\/span>\n\t\t\t\t\t<\/span>\n\t\t\t\t\t<\/a>\n\t\t\t\t\t\t\t\t<\/div>\n\t\t\t\t\t<\/div>\n\t\t<\/div>\n\t\t\t\t<div class=\"elementor-column elementor-col-33 elementor-inner-column elementor-element elementor-element-ddc83e9\" data-id=\"ddc83e9\" data-element_type=\"column\" data-settings=\"{&quot;background_background&quot;:&quot;classic&quot;}\">\n\t\t\t<div class=\"elementor-widget-wrap elementor-element-populated\">\n\t\t\t\t\t\t<div class=\"elementor-element elementor-element-d82c281 elementor-widget elementor-widget-image\" data-id=\"d82c281\" data-element_type=\"widget\" data-widget_type=\"image.default\">\n\t\t\t\t\t\t\t\t\t\t\t\t\t\t\t<img decoding=\"async\" width=\"1024\" height=\"1024\" src=\"https:\/\/emadrid.com\/wp-content\/uploads\/2023\/04\/6af11508-a231-11ed-8621-da76e6603615-1024x1024.webp?wsr\" class=\"attachment-large size-large wp-image-8407\" alt=\"\" srcset=\"https:\/\/emadrid.com\/wp-content\/uploads\/2023\/04\/6af11508-a231-11ed-8621-da76e6603615-1024x1024.webp 1024w, https:\/\/emadrid.com\/wp-content\/uploads\/2023\/04\/6af11508-a231-11ed-8621-da76e6603615-300x300.webp 300w, https:\/\/emadrid.com\/wp-content\/uploads\/2023\/04\/6af11508-a231-11ed-8621-da76e6603615-150x150.webp 150w, https:\/\/emadrid.com\/wp-content\/uploads\/2023\/04\/6af11508-a231-11ed-8621-da76e6603615-768x768.webp 768w, https:\/\/emadrid.com\/wp-content\/uploads\/2023\/04\/6af11508-a231-11ed-8621-da76e6603615.webp 1200w\" sizes=\"(max-width: 1024px) 100vw, 1024px\" \/>\t\t\t\t\t\t\t\t\t\t\t\t\t\t\t<\/div>\n\t\t\t\t<div class=\"elementor-element elementor-element-09e5921 elementor-widget elementor-widget-heading\" data-id=\"09e5921\" data-element_type=\"widget\" data-widget_type=\"heading.default\">\n\t\t\t\t\t<h4 class=\"elementor-heading-title elementor-size-default\">John Wick 4 biglietti nei cinema<\/h4>\t\t\t\t<\/div>\n\t\t\t\t<div class=\"elementor-element elementor-element-f09dc04 elementor-widget elementor-widget-text-editor\" data-id=\"f09dc04\" data-element_type=\"widget\" data-widget_type=\"text-editor.default\">\n\t\t\t\t\t\t\t\t\t<p>John Wick 4. Non perderti il \u200b\u200bnuovo capitolo della leggendaria saga di John Wick al Cines Yelmo! Tipi di biglietti CINEMAS YELMO.<\/p>\n\t\t\t\t\t\t\t\t<\/div>\n\t\t\t\t<div class=\"elementor-element elementor-element-d16a98a elementor-align-left elementor-widget elementor-widget-button\" data-id=\"d16a98a\" data-element_type=\"widget\" data-widget_type=\"button.default\">\n\t\t\t\t\t\t\t\t\t\t<a class=\"elementor-button elementor-button-link elementor-size-sm elementor-animation-skew\" href=\"https:\/\/fever.pxf.io\/c\/4039372\/1396783\/16345?prodsku=125330&#038;u=https%3A%2F%2Ffeverup.com%2Fm%2F125330&#038;intsrc=PUI2_10347\" target=\"_blank\">\n\t\t\t\t\t\t<span class=\"elementor-button-content-wrapper\">\n\t\t\t\t\t\t\t\t\t<span class=\"elementor-button-text\">Acquista il biglietto<\/span>\n\t\t\t\t\t<\/span>\n\t\t\t\t\t<\/a>\n\t\t\t\t\t\t\t\t<\/div>\n\t\t\t\t\t<\/div>\n\t\t<\/div>\n\t\t\t\t\t<\/div>\n\t\t<\/section>\n\t\t\t\t\t<\/div>\n\t\t<\/div>\n\t\t\t\t\t<\/div>\n\t\t<\/section>\n\t\t\t\t<\/div>\n\t\t","protected":false},"excerpt":{"rendered":"<p>Cinema Sapevate che il cinema Dor\u00e9 \u00e8 uno dei cinema pi\u00f9 antichi di Madrid e si trova in un edificio protetto dal Patrimonio Nazionale, o che il cinema Capitol \u00e8 noto per il suo enorme schermo e il sistema audio Dolby Atmos? Riscoprite la storia del cinema nei cinema pi\u00f9 emblematici di Madrid. Vedere pi\u00f9 [&hellip;]<\/p>\n","protected":false},"author":4,"featured_media":0,"parent":8546,"menu_order":0,"comment_status":"closed","ping_status":"closed","template":"","meta":{"site-sidebar-layout":"no-sidebar","site-content-layout":"page-builder","ast-site-content-layout":"full-width-container","site-content-style":"unboxed","site-sidebar-style":"unboxed","ast-global-header-display":"","ast-banner-title-visibility":"","ast-main-header-display":"","ast-hfb-above-header-display":"","ast-hfb-below-header-display":"","ast-hfb-mobile-header-display":"","site-post-title":"disabled","ast-breadcrumbs-content":"","ast-featured-img":"disabled","footer-sml-layout":"","theme-transparent-header-meta":"","adv-header-id-meta":"","stick-header-meta":"","header-above-stick-meta":"","header-main-stick-meta":"","header-below-stick-meta":"","astra-migrate-meta-layouts":"default","ast-page-background-enabled":"default","ast-page-background-meta":{"desktop":{"background-color":"var(--ast-global-color-4)","background-image":"","background-repeat":"repeat","background-position":"center center","background-size":"auto","background-attachment":"scroll","background-type":"","background-media":"","overlay-type":"","overlay-color":"","overlay-opacity":"","overlay-gradient":""},"tablet":{"background-color":"","background-image":"","background-repeat":"repeat","background-position":"center center","background-size":"auto","background-attachment":"scroll","background-type":"","background-media":"","overlay-type":"","overlay-color":"","overlay-opacity":"","overlay-gradient":""},"mobile":{"background-color":"","background-image":"","background-repeat":"repeat","background-position":"center center","background-size":"auto","background-attachment":"scroll","background-type":"","background-media":"","overlay-type":"","overlay-color":"","overlay-opacity":"","overlay-gradient":""}},"ast-content-background-meta":{"desktop":{"background-color":"var(--ast-global-color-5)","background-image":"","background-repeat":"repeat","background-position":"center center","background-size":"auto","background-attachment":"scroll","background-type":"","background-media":"","overlay-type":"","overlay-color":"","overlay-opacity":"","overlay-gradient":""},"tablet":{"background-color":"var(--ast-global-color-5)","background-image":"","background-repeat":"repeat","background-position":"center center","background-size":"auto","background-attachment":"scroll","background-type":"","background-media":"","overlay-type":"","overlay-color":"","overlay-opacity":"","overlay-gradient":""},"mobile":{"background-color":"var(--ast-global-color-5)","background-image":"","background-repeat":"repeat","background-position":"center center","background-size":"auto","background-attachment":"scroll","background-type":"","background-media":"","overlay-type":"","overlay-color":"","overlay-opacity":"","overlay-gradient":""}},"footnotes":""},"class_list":["post-9427","page","type-page","status-publish","hentry"],"yoast_head":"<!-- This site is optimized with the Yoast SEO plugin v26.4 - https:\/\/yoast.com\/wordpress\/plugins\/seo\/ -->\n<title>Cinema - eMadrid.com<\/title>\n<meta name=\"robots\" content=\"index, follow, max-snippet:-1, max-image-preview:large, max-video-preview:-1\" \/>\n<link rel=\"canonical\" href=\"https:\/\/emadrid.com\/it\/biglietti-e-biglietti-per-madrid\/cinema\/\" \/>\n<meta property=\"og:locale\" content=\"it_IT\" \/>\n<meta property=\"og:type\" content=\"article\" \/>\n<meta property=\"og:title\" content=\"Cinema - eMadrid.com\" \/>\n<meta property=\"og:description\" content=\"Cinema Sapevate che il cinema Dor\u00e9 \u00e8 uno dei cinema pi\u00f9 antichi di Madrid e si trova in un edificio protetto dal Patrimonio Nazionale, o che il cinema Capitol \u00e8 noto per il suo enorme schermo e il sistema audio Dolby Atmos? Riscoprite la storia del cinema nei cinema pi\u00f9 emblematici di Madrid. Vedere pi\u00f9 [&hellip;]\" \/>\n<meta property=\"og:url\" content=\"https:\/\/emadrid.com\/it\/biglietti-e-biglietti-per-madrid\/cinema\/\" \/>\n<meta property=\"og:site_name\" content=\"eMadrid.com\" \/>\n<meta property=\"article:modified_time\" content=\"2023-04-24T06:03:23+00:00\" \/>\n<meta property=\"og:image\" content=\"https:\/\/emadrid.com\/wp-content\/uploads\/2023\/04\/811e4aac-9cbf-11ed-8d7b-4604dacfd9db-1024x1024.webp\" \/>\n<meta name=\"twitter:card\" content=\"summary_large_image\" \/>\n<meta name=\"twitter:label1\" content=\"Tempo di lettura stimato\" \/>\n\t<meta name=\"twitter:data1\" content=\"1 minuto\" \/>\n<script type=\"application\/ld+json\" class=\"yoast-schema-graph\">{\"@context\":\"https:\/\/schema.org\",\"@graph\":[{\"@type\":\"WebPage\",\"@id\":\"https:\/\/emadrid.com\/it\/biglietti-e-biglietti-per-madrid\/cinema\/\",\"url\":\"https:\/\/emadrid.com\/it\/biglietti-e-biglietti-per-madrid\/cinema\/\",\"name\":\"Cinema - eMadrid.com\",\"isPartOf\":{\"@id\":\"https:\/\/emadrid.com\/it\/#website\"},\"primaryImageOfPage\":{\"@id\":\"https:\/\/emadrid.com\/it\/biglietti-e-biglietti-per-madrid\/cinema\/#primaryimage\"},\"image\":{\"@id\":\"https:\/\/emadrid.com\/it\/biglietti-e-biglietti-per-madrid\/cinema\/#primaryimage\"},\"thumbnailUrl\":\"https:\/\/emadrid.com\/wp-content\/uploads\/2023\/04\/811e4aac-9cbf-11ed-8d7b-4604dacfd9db-1024x1024.webp\",\"datePublished\":\"2023-03-09T18:40:29+00:00\",\"dateModified\":\"2023-04-24T06:03:23+00:00\",\"breadcrumb\":{\"@id\":\"https:\/\/emadrid.com\/it\/biglietti-e-biglietti-per-madrid\/cinema\/#breadcrumb\"},\"inLanguage\":\"it-IT\",\"potentialAction\":[{\"@type\":\"ReadAction\",\"target\":[\"https:\/\/emadrid.com\/it\/biglietti-e-biglietti-per-madrid\/cinema\/\"]}]},{\"@type\":\"ImageObject\",\"inLanguage\":\"it-IT\",\"@id\":\"https:\/\/emadrid.com\/it\/biglietti-e-biglietti-per-madrid\/cinema\/#primaryimage\",\"url\":\"https:\/\/emadrid.com\/wp-content\/uploads\/2023\/04\/811e4aac-9cbf-11ed-8d7b-4604dacfd9db-1024x1024.webp\",\"contentUrl\":\"https:\/\/emadrid.com\/wp-content\/uploads\/2023\/04\/811e4aac-9cbf-11ed-8d7b-4604dacfd9db-1024x1024.webp\"},{\"@type\":\"BreadcrumbList\",\"@id\":\"https:\/\/emadrid.com\/it\/biglietti-e-biglietti-per-madrid\/cinema\/#breadcrumb\",\"itemListElement\":[{\"@type\":\"ListItem\",\"position\":1,\"name\":\"Portada\",\"item\":\"https:\/\/emadrid.com\/it\/\"},{\"@type\":\"ListItem\",\"position\":2,\"name\":\"Biglietti e biglietti per Madrid\",\"item\":\"https:\/\/emadrid.com\/it\/biglietti-e-biglietti-per-madrid\/\"},{\"@type\":\"ListItem\",\"position\":3,\"name\":\"Cinema\"}]},{\"@type\":\"WebSite\",\"@id\":\"https:\/\/emadrid.com\/it\/#website\",\"url\":\"https:\/\/emadrid.com\/it\/\",\"name\":\"eMadrid.com\",\"description\":\"Las mejores Ofertas en Madrid. Hoteles, Espect\u00e1culos, Actividades y mucho m\u00e1s.\",\"publisher\":{\"@id\":\"https:\/\/emadrid.com\/it\/#organization\"},\"potentialAction\":[{\"@type\":\"SearchAction\",\"target\":{\"@type\":\"EntryPoint\",\"urlTemplate\":\"https:\/\/emadrid.com\/it\/?s={search_term_string}\"},\"query-input\":{\"@type\":\"PropertyValueSpecification\",\"valueRequired\":true,\"valueName\":\"search_term_string\"}}],\"inLanguage\":\"it-IT\"},{\"@type\":\"Organization\",\"@id\":\"https:\/\/emadrid.com\/it\/#organization\",\"name\":\"eMadrid.com\",\"url\":\"https:\/\/emadrid.com\/it\/\",\"logo\":{\"@type\":\"ImageObject\",\"inLanguage\":\"it-IT\",\"@id\":\"https:\/\/emadrid.com\/it\/#\/schema\/logo\/image\/\",\"url\":\"https:\/\/emadrid.com\/wp-content\/uploads\/2025\/01\/Logo-horizontal-250px.png?wsr\",\"contentUrl\":\"https:\/\/emadrid.com\/wp-content\/uploads\/2025\/01\/Logo-horizontal-250px.png?wsr\",\"width\":251,\"height\":35,\"caption\":\"eMadrid.com\"},\"image\":{\"@id\":\"https:\/\/emadrid.com\/it\/#\/schema\/logo\/image\/\"}}]}<\/script>\n<!-- \/ Yoast SEO plugin. -->","yoast_head_json":{"title":"Cinema - eMadrid.com","robots":{"index":"index","follow":"follow","max-snippet":"max-snippet:-1","max-image-preview":"max-image-preview:large","max-video-preview":"max-video-preview:-1"},"canonical":"https:\/\/emadrid.com\/it\/biglietti-e-biglietti-per-madrid\/cinema\/","og_locale":"it_IT","og_type":"article","og_title":"Cinema - eMadrid.com","og_description":"Cinema Sapevate che il cinema Dor\u00e9 \u00e8 uno dei cinema pi\u00f9 antichi di Madrid e si trova in un edificio protetto dal Patrimonio Nazionale, o che il cinema Capitol \u00e8 noto per il suo enorme schermo e il sistema audio Dolby Atmos? Riscoprite la storia del cinema nei cinema pi\u00f9 emblematici di Madrid. Vedere pi\u00f9 [&hellip;]","og_url":"https:\/\/emadrid.com\/it\/biglietti-e-biglietti-per-madrid\/cinema\/","og_site_name":"eMadrid.com","article_modified_time":"2023-04-24T06:03:23+00:00","og_image":[{"url":"https:\/\/emadrid.com\/wp-content\/uploads\/2023\/04\/811e4aac-9cbf-11ed-8d7b-4604dacfd9db-1024x1024.webp","type":"","width":"","height":""}],"twitter_card":"summary_large_image","twitter_misc":{"Tempo di lettura stimato":"1 minuto"},"schema":{"@context":"https:\/\/schema.org","@graph":[{"@type":"WebPage","@id":"https:\/\/emadrid.com\/it\/biglietti-e-biglietti-per-madrid\/cinema\/","url":"https:\/\/emadrid.com\/it\/biglietti-e-biglietti-per-madrid\/cinema\/","name":"Cinema - eMadrid.com","isPartOf":{"@id":"https:\/\/emadrid.com\/it\/#website"},"primaryImageOfPage":{"@id":"https:\/\/emadrid.com\/it\/biglietti-e-biglietti-per-madrid\/cinema\/#primaryimage"},"image":{"@id":"https:\/\/emadrid.com\/it\/biglietti-e-biglietti-per-madrid\/cinema\/#primaryimage"},"thumbnailUrl":"https:\/\/emadrid.com\/wp-content\/uploads\/2023\/04\/811e4aac-9cbf-11ed-8d7b-4604dacfd9db-1024x1024.webp","datePublished":"2023-03-09T18:40:29+00:00","dateModified":"2023-04-24T06:03:23+00:00","breadcrumb":{"@id":"https:\/\/emadrid.com\/it\/biglietti-e-biglietti-per-madrid\/cinema\/#breadcrumb"},"inLanguage":"it-IT","potentialAction":[{"@type":"ReadAction","target":["https:\/\/emadrid.com\/it\/biglietti-e-biglietti-per-madrid\/cinema\/"]}]},{"@type":"ImageObject","inLanguage":"it-IT","@id":"https:\/\/emadrid.com\/it\/biglietti-e-biglietti-per-madrid\/cinema\/#primaryimage","url":"https:\/\/emadrid.com\/wp-content\/uploads\/2023\/04\/811e4aac-9cbf-11ed-8d7b-4604dacfd9db-1024x1024.webp","contentUrl":"https:\/\/emadrid.com\/wp-content\/uploads\/2023\/04\/811e4aac-9cbf-11ed-8d7b-4604dacfd9db-1024x1024.webp"},{"@type":"BreadcrumbList","@id":"https:\/\/emadrid.com\/it\/biglietti-e-biglietti-per-madrid\/cinema\/#breadcrumb","itemListElement":[{"@type":"ListItem","position":1,"name":"Portada","item":"https:\/\/emadrid.com\/it\/"},{"@type":"ListItem","position":2,"name":"Biglietti e biglietti per Madrid","item":"https:\/\/emadrid.com\/it\/biglietti-e-biglietti-per-madrid\/"},{"@type":"ListItem","position":3,"name":"Cinema"}]},{"@type":"WebSite","@id":"https:\/\/emadrid.com\/it\/#website","url":"https:\/\/emadrid.com\/it\/","name":"eMadrid.com","description":"Las mejores Ofertas en Madrid. Hoteles, Espect\u00e1culos, Actividades y mucho m\u00e1s.","publisher":{"@id":"https:\/\/emadrid.com\/it\/#organization"},"potentialAction":[{"@type":"SearchAction","target":{"@type":"EntryPoint","urlTemplate":"https:\/\/emadrid.com\/it\/?s={search_term_string}"},"query-input":{"@type":"PropertyValueSpecification","valueRequired":true,"valueName":"search_term_string"}}],"inLanguage":"it-IT"},{"@type":"Organization","@id":"https:\/\/emadrid.com\/it\/#organization","name":"eMadrid.com","url":"https:\/\/emadrid.com\/it\/","logo":{"@type":"ImageObject","inLanguage":"it-IT","@id":"https:\/\/emadrid.com\/it\/#\/schema\/logo\/image\/","url":"https:\/\/emadrid.com\/wp-content\/uploads\/2025\/01\/Logo-horizontal-250px.png?wsr","contentUrl":"https:\/\/emadrid.com\/wp-content\/uploads\/2025\/01\/Logo-horizontal-250px.png?wsr","width":251,"height":35,"caption":"eMadrid.com"},"image":{"@id":"https:\/\/emadrid.com\/it\/#\/schema\/logo\/image\/"}}]}},"_links":{"self":[{"href":"https:\/\/emadrid.com\/it\/wp-json\/wp\/v2\/pages\/9427","targetHints":{"allow":["GET"]}}],"collection":[{"href":"https:\/\/emadrid.com\/it\/wp-json\/wp\/v2\/pages"}],"about":[{"href":"https:\/\/emadrid.com\/it\/wp-json\/wp\/v2\/types\/page"}],"author":[{"embeddable":true,"href":"https:\/\/emadrid.com\/it\/wp-json\/wp\/v2\/users\/4"}],"replies":[{"embeddable":true,"href":"https:\/\/emadrid.com\/it\/wp-json\/wp\/v2\/comments?post=9427"}],"version-history":[{"count":7,"href":"https:\/\/emadrid.com\/it\/wp-json\/wp\/v2\/pages\/9427\/revisions"}],"predecessor-version":[{"id":9664,"href":"https:\/\/emadrid.com\/it\/wp-json\/wp\/v2\/pages\/9427\/revisions\/9664"}],"up":[{"embeddable":true,"href":"https:\/\/emadrid.com\/it\/wp-json\/wp\/v2\/pages\/8546"}],"wp:attachment":[{"href":"https:\/\/emadrid.com\/it\/wp-json\/wp\/v2\/media?parent=9427"}],"curies":[{"name":"wp","href":"https:\/\/api.w.org\/{rel}","templated":true}]}}