{"id":9450,"date":"2023-03-09T19:36:26","date_gmt":"2023-03-09T18:36:26","guid":{"rendered":"https:\/\/bookingmadrid.com\/biglietti-e-biglietti-per-madrid\/attrazioni-visite-e-viaggi\/"},"modified":"2023-04-22T16:15:47","modified_gmt":"2023-04-22T16:15:47","slug":"attrazioni-visite-e-viaggi","status":"publish","type":"page","link":"https:\/\/emadrid.com\/it\/biglietti-e-biglietti-per-madrid\/attrazioni-visite-e-viaggi\/","title":{"rendered":"Attrazioni, visite e viaggi"},"content":{"rendered":"\t\t<div data-elementor-type=\"wp-page\" data-elementor-id=\"9450\" class=\"elementor elementor-9450 elementor-1622\" data-elementor-post-type=\"page\">\n\t\t\t\t\t\t<section class=\"elementor-section elementor-top-section elementor-element elementor-element-73b318f elementor-section-height-min-height elementor-section-items-bottom elementor-section-boxed elementor-section-height-default\" data-id=\"73b318f\" data-element_type=\"section\" data-settings=\"{&quot;background_background&quot;:&quot;classic&quot;}\">\n\t\t\t\t\t\t\t<div class=\"elementor-background-overlay\"><\/div>\n\t\t\t\t\t\t\t<div class=\"elementor-container elementor-column-gap-default\">\n\t\t\t\t\t<div class=\"elementor-column elementor-col-100 elementor-top-column elementor-element elementor-element-72085d9\" data-id=\"72085d9\" data-element_type=\"column\">\n\t\t\t<div class=\"elementor-widget-wrap elementor-element-populated\">\n\t\t\t\t\t\t<div class=\"elementor-element elementor-element-1141942 elementor-widget elementor-widget-heading\" data-id=\"1141942\" data-element_type=\"widget\" data-widget_type=\"heading.default\">\n\t\t\t\t\t<h1 class=\"elementor-heading-title elementor-size-default\">Entradas<\/h1>\t\t\t\t<\/div>\n\t\t\t\t\t<\/div>\n\t\t<\/div>\n\t\t\t\t\t<\/div>\n\t\t<\/section>\n\t\t<div class=\"elementor-element elementor-element-e9fe3b7 e-flex e-con-boxed e-con e-parent\" data-id=\"e9fe3b7\" data-element_type=\"container\">\n\t\t\t\t\t<div class=\"e-con-inner\">\n\t\t\t\t<div class=\"elementor-element elementor-element-019ea35 elementor-widget elementor-widget-text-editor\" data-id=\"019ea35\" data-element_type=\"widget\" data-widget_type=\"text-editor.default\">\n\t\t\t\t\t\t\t\t\t<p>Lorem ipsum dolor sit amet, consectetur adipiscing elit. Ut elit tellus, luctus nec ullamcorper mattis, pulvinar dapibus leo.<\/p>\t\t\t\t\t\t\t\t<\/div>\n\t\t\t\t<div class=\"elementor-element elementor-element-853e5d8 elementor-mobile-align-left elementor-widget elementor-widget-button\" data-id=\"853e5d8\" data-element_type=\"widget\" data-widget_type=\"button.default\">\n\t\t\t\t\t\t\t\t\t\t<a class=\"elementor-button elementor-button-link elementor-size-sm elementor-animation-skew\" href=\"https:\/\/fever.pxf.io\/xkkoEk\" target=\"_blank\">\n\t\t\t\t\t\t<span class=\"elementor-button-content-wrapper\">\n\t\t\t\t\t\t\t\t\t<span class=\"elementor-button-text\">Vedi altri parchi divertimento a Madrid <\/span>\n\t\t\t\t\t<\/span>\n\t\t\t\t\t<\/a>\n\t\t\t\t\t\t\t\t<\/div>\n\t\t\t\t\t<\/div>\n\t\t\t\t<\/div>\n\t\t\t\t<section class=\"elementor-section elementor-top-section elementor-element elementor-element-d219516 elementor-section-boxed elementor-section-height-default elementor-section-height-default\" data-id=\"d219516\" data-element_type=\"section\">\n\t\t\t\t\t\t<div class=\"elementor-container elementor-column-gap-default\">\n\t\t\t\t\t<div class=\"elementor-column elementor-col-100 elementor-top-column elementor-element elementor-element-01caab6\" data-id=\"01caab6\" data-element_type=\"column\">\n\t\t\t<div class=\"elementor-widget-wrap elementor-element-populated\">\n\t\t\t\t\t\t<section class=\"elementor-section elementor-inner-section elementor-element elementor-element-5d499d1 elementor-section-boxed elementor-section-height-default elementor-section-height-default\" data-id=\"5d499d1\" data-element_type=\"section\">\n\t\t\t\t\t\t<div class=\"elementor-container elementor-column-gap-default\">\n\t\t\t\t\t<div class=\"elementor-column elementor-col-33 elementor-inner-column elementor-element elementor-element-7cf53a4\" data-id=\"7cf53a4\" data-element_type=\"column\" data-settings=\"{&quot;background_background&quot;:&quot;classic&quot;}\">\n\t\t\t<div class=\"elementor-widget-wrap elementor-element-populated\">\n\t\t\t\t\t\t<div class=\"elementor-element elementor-element-966d1b6 elementor-widget elementor-widget-image\" data-id=\"966d1b6\" data-element_type=\"widget\" data-widget_type=\"image.default\">\n\t\t\t\t\t\t\t\t\t\t\t\t\t\t\t<img fetchpriority=\"high\" decoding=\"async\" width=\"1024\" height=\"1024\" src=\"https:\/\/emadrid.com\/wp-content\/uploads\/2023\/04\/07866b3c-90c8-11ed-b448-aa992b25e025-1024x1024.webp?wsr\" class=\"attachment-large size-large wp-image-8135\" alt=\"\" srcset=\"https:\/\/emadrid.com\/wp-content\/uploads\/2023\/04\/07866b3c-90c8-11ed-b448-aa992b25e025-1024x1024.webp 1024w, https:\/\/emadrid.com\/wp-content\/uploads\/2023\/04\/07866b3c-90c8-11ed-b448-aa992b25e025-300x300.webp 300w, https:\/\/emadrid.com\/wp-content\/uploads\/2023\/04\/07866b3c-90c8-11ed-b448-aa992b25e025-150x150.webp 150w, https:\/\/emadrid.com\/wp-content\/uploads\/2023\/04\/07866b3c-90c8-11ed-b448-aa992b25e025-768x768.webp 768w, https:\/\/emadrid.com\/wp-content\/uploads\/2023\/04\/07866b3c-90c8-11ed-b448-aa992b25e025.webp 1200w\" sizes=\"(max-width: 1024px) 100vw, 1024px\" \/>\t\t\t\t\t\t\t\t\t\t\t\t\t\t\t<\/div>\n\t\t\t\t<div class=\"elementor-element elementor-element-e914680 elementor-widget elementor-widget-heading\" data-id=\"e914680\" data-element_type=\"widget\" data-widget_type=\"heading.default\">\n\t\t\t\t\t<h4 class=\"elementor-heading-title elementor-size-default\">Esperienza interattiva in Sweet Space Il mondo dei dolci!<\/h4>\t\t\t\t<\/div>\n\t\t\t\t<div class=\"elementor-element elementor-element-1a50aac elementor-widget elementor-widget-text-editor\" data-id=\"1a50aac\" data-element_type=\"widget\" data-widget_type=\"text-editor.default\">\n\t\t\t\t\t\t\t\t\t<p>Sweet Space: \u00e8 il museo immersivo dei dolci in cui visiterai diverse stanze a tema con mostre interattive che ispirano l&#8217;immaginazione. Artisti e designer di fama, uniti in una mostra che stimoler\u00e0 i vostri sensi.<\/p>\n\t\t\t\t\t\t\t\t<\/div>\n\t\t\t\t<div class=\"elementor-element elementor-element-e9932e3 elementor-align-left elementor-widget elementor-widget-button\" data-id=\"e9932e3\" data-element_type=\"widget\" data-widget_type=\"button.default\">\n\t\t\t\t\t\t\t\t\t\t<a class=\"elementor-button elementor-button-link elementor-size-sm elementor-animation-skew\" href=\"https:\/\/fever.pxf.io\/c\/4039372\/1396783\/16345?prodsku=92796&#038;u=https%3A%2F%2Ffeverup.com%2Fm%2F92796&#038;intsrc=PUI2_10347\" target=\"_blank\">\n\t\t\t\t\t\t<span class=\"elementor-button-content-wrapper\">\n\t\t\t\t\t\t\t\t\t<span class=\"elementor-button-text\">Acquista il biglietto<\/span>\n\t\t\t\t\t<\/span>\n\t\t\t\t\t<\/a>\n\t\t\t\t\t\t\t\t<\/div>\n\t\t\t\t\t<\/div>\n\t\t<\/div>\n\t\t\t\t<div class=\"elementor-column elementor-col-33 elementor-inner-column elementor-element elementor-element-b26ee28\" data-id=\"b26ee28\" data-element_type=\"column\" data-settings=\"{&quot;background_background&quot;:&quot;classic&quot;}\">\n\t\t\t<div class=\"elementor-widget-wrap elementor-element-populated\">\n\t\t\t\t\t\t<div class=\"elementor-element elementor-element-2fcc6ee elementor-widget elementor-widget-image\" data-id=\"2fcc6ee\" data-element_type=\"widget\" data-widget_type=\"image.default\">\n\t\t\t\t\t\t\t\t\t\t\t\t\t\t\t<img decoding=\"async\" width=\"1024\" height=\"1024\" src=\"https:\/\/emadrid.com\/wp-content\/uploads\/2023\/04\/0cbb95a0-03d0-11eb-bf03-06551cb39bc6-1024x1024.webp?wsr\" class=\"attachment-large size-large wp-image-8139\" alt=\"\" srcset=\"https:\/\/emadrid.com\/wp-content\/uploads\/2023\/04\/0cbb95a0-03d0-11eb-bf03-06551cb39bc6-1024x1024.webp 1024w, https:\/\/emadrid.com\/wp-content\/uploads\/2023\/04\/0cbb95a0-03d0-11eb-bf03-06551cb39bc6-300x300.webp 300w, https:\/\/emadrid.com\/wp-content\/uploads\/2023\/04\/0cbb95a0-03d0-11eb-bf03-06551cb39bc6-150x150.webp 150w, https:\/\/emadrid.com\/wp-content\/uploads\/2023\/04\/0cbb95a0-03d0-11eb-bf03-06551cb39bc6-768x768.webp 768w, https:\/\/emadrid.com\/wp-content\/uploads\/2023\/04\/0cbb95a0-03d0-11eb-bf03-06551cb39bc6.webp 1200w\" sizes=\"(max-width: 1024px) 100vw, 1024px\" \/>\t\t\t\t\t\t\t\t\t\t\t\t\t\t\t<\/div>\n\t\t\t\t<div class=\"elementor-element elementor-element-0b7df32 elementor-widget elementor-widget-heading\" data-id=\"0b7df32\" data-element_type=\"widget\" data-widget_type=\"heading.default\">\n\t\t\t\t\t<h4 class=\"elementor-heading-title elementor-size-default\">Tour di 1 giorno con degustazione di vini nella regione di Madrid<\/h4>\t\t\t\t<\/div>\n\t\t\t\t<div class=\"elementor-element elementor-element-2945681 elementor-widget elementor-widget-text-editor\" data-id=\"2945681\" data-element_type=\"widget\" data-widget_type=\"text-editor.default\">\n\t\t\t\t\t\t\t\t\t<p>Trasporto di andata e ritorno da Madrid in autobus Degustazione di campioni generosi di oltre 10 vini tra bianchi e rossi (uva autoctona Tempranillo e Malvar tra gli altri) Snack a base di formaggio, iberico o olio d&#8217;oliva nelle cantine.<\/p>\n\t\t\t\t\t\t\t\t<\/div>\n\t\t\t\t<div class=\"elementor-element elementor-element-3f60f53 elementor-align-left elementor-widget elementor-widget-button\" data-id=\"3f60f53\" data-element_type=\"widget\" data-widget_type=\"button.default\">\n\t\t\t\t\t\t\t\t\t\t<a class=\"elementor-button elementor-button-link elementor-size-sm elementor-animation-skew\" href=\"https:\/\/fever.pxf.io\/c\/4039372\/1396783\/16345?prodsku=92138&#038;u=https%3A%2F%2Ffeverup.com%2Fm%2F92138&#038;intsrc=PUI2_10347\" target=\"_blank\">\n\t\t\t\t\t\t<span class=\"elementor-button-content-wrapper\">\n\t\t\t\t\t\t\t\t\t<span class=\"elementor-button-text\">Acquista il biglietto<\/span>\n\t\t\t\t\t<\/span>\n\t\t\t\t\t<\/a>\n\t\t\t\t\t\t\t\t<\/div>\n\t\t\t\t\t<\/div>\n\t\t<\/div>\n\t\t\t\t<div class=\"elementor-column elementor-col-33 elementor-inner-column elementor-element elementor-element-f08c2ad\" data-id=\"f08c2ad\" data-element_type=\"column\" data-settings=\"{&quot;background_background&quot;:&quot;classic&quot;}\">\n\t\t\t<div class=\"elementor-widget-wrap elementor-element-populated\">\n\t\t\t\t\t\t<div class=\"elementor-element elementor-element-db04e93 elementor-widget elementor-widget-image\" data-id=\"db04e93\" data-element_type=\"widget\" data-widget_type=\"image.default\">\n\t\t\t\t\t\t\t\t\t\t\t\t\t\t\t<img decoding=\"async\" width=\"768\" height=\"768\" src=\"https:\/\/emadrid.com\/wp-content\/uploads\/2023\/04\/f34b6246-a60f-11ed-b0ce-4ec714ff6716-768x768.webp?wsr\" class=\"attachment-medium_large size-medium_large wp-image-8143\" alt=\"\" srcset=\"https:\/\/emadrid.com\/wp-content\/uploads\/2023\/04\/f34b6246-a60f-11ed-b0ce-4ec714ff6716-768x768.webp 768w, https:\/\/emadrid.com\/wp-content\/uploads\/2023\/04\/f34b6246-a60f-11ed-b0ce-4ec714ff6716-300x300.webp 300w, https:\/\/emadrid.com\/wp-content\/uploads\/2023\/04\/f34b6246-a60f-11ed-b0ce-4ec714ff6716-1024x1024.webp 1024w, https:\/\/emadrid.com\/wp-content\/uploads\/2023\/04\/f34b6246-a60f-11ed-b0ce-4ec714ff6716-150x150.webp 150w, https:\/\/emadrid.com\/wp-content\/uploads\/2023\/04\/f34b6246-a60f-11ed-b0ce-4ec714ff6716.webp 1200w\" sizes=\"(max-width: 768px) 100vw, 768px\" \/>\t\t\t\t\t\t\t\t\t\t\t\t\t\t\t<\/div>\n\t\t\t\t<div class=\"elementor-element elementor-element-9d31e36 elementor-widget elementor-widget-heading\" data-id=\"9d31e36\" data-element_type=\"widget\" data-widget_type=\"heading.default\">\n\t\t\t\t\t<h4 class=\"elementor-heading-title elementor-size-default\">Festa di campagna: attivit\u00e0, gastronomia, musica e altro<\/h4>\t\t\t\t<\/div>\n\t\t\t\t<div class=\"elementor-element elementor-element-d494232 elementor-widget elementor-widget-text-editor\" data-id=\"d494232\" data-element_type=\"widget\" data-widget_type=\"text-editor.default\">\n\t\t\t\t\t\t\t\t\t<p> Country Festival \u00e8 un evento unico che collega Madrid con tutto ci\u00f2 che il mondo rurale ha da offrire. Un&#8217;ampia offerta culinaria, espositori, arte locale e nazionale, attivit\u00e0 per grandi e piccini, musica dal vivo e tante altre divertenti sorprese.<\/p>\n\t\t\t\t\t\t\t\t<\/div>\n\t\t\t\t<div class=\"elementor-element elementor-element-d395f03 elementor-align-left elementor-widget elementor-widget-button\" data-id=\"d395f03\" data-element_type=\"widget\" data-widget_type=\"button.default\">\n\t\t\t\t\t\t\t\t\t\t<a class=\"elementor-button elementor-button-link elementor-size-sm elementor-animation-skew\" href=\"https:\/\/fever.pxf.io\/c\/4039372\/1396783\/16345?prodsku=125101&#038;u=https%3A%2F%2Ffeverup.com%2Fm%2F125101&#038;intsrc=PUI2_10347\" target=\"_blank\">\n\t\t\t\t\t\t<span class=\"elementor-button-content-wrapper\">\n\t\t\t\t\t\t\t\t\t<span class=\"elementor-button-text\">Acquista il biglietto<\/span>\n\t\t\t\t\t<\/span>\n\t\t\t\t\t<\/a>\n\t\t\t\t\t\t\t\t<\/div>\n\t\t\t\t\t<\/div>\n\t\t<\/div>\n\t\t\t\t\t<\/div>\n\t\t<\/section>\n\t\t\t\t\t<\/div>\n\t\t<\/div>\n\t\t\t\t\t<\/div>\n\t\t<\/section>\n\t\t\t\t<\/div>\n\t\t","protected":false},"excerpt":{"rendered":"<p>Vedi altri parchi divertimento a Madrid Esperienza interattiva in Sweet Space Il mondo dei dolci! Sweet Space: \u00e8 il museo immersivo dei dolci in cui visiterai diverse stanze a tema con mostre interattive che ispirano l&#8217;immaginazione. Artisti e designer di fama, uniti in una mostra che stimoler\u00e0 i vostri sensi. Acquista il biglietto Tour di [&hellip;]<\/p>\n","protected":false},"author":4,"featured_media":0,"parent":8546,"menu_order":0,"comment_status":"closed","ping_status":"closed","template":"","meta":{"site-sidebar-layout":"no-sidebar","site-content-layout":"page-builder","ast-site-content-layout":"full-width-container","site-content-style":"unboxed","site-sidebar-style":"unboxed","ast-global-header-display":"","ast-banner-title-visibility":"","ast-main-header-display":"","ast-hfb-above-header-display":"","ast-hfb-below-header-display":"","ast-hfb-mobile-header-display":"","site-post-title":"disabled","ast-breadcrumbs-content":"","ast-featured-img":"disabled","footer-sml-layout":"","theme-transparent-header-meta":"","adv-header-id-meta":"","stick-header-meta":"","header-above-stick-meta":"","header-main-stick-meta":"","header-below-stick-meta":"","astra-migrate-meta-layouts":"default","ast-page-background-enabled":"default","ast-page-background-meta":{"desktop":{"background-color":"var(--ast-global-color-4)","background-image":"","background-repeat":"repeat","background-position":"center center","background-size":"auto","background-attachment":"scroll","background-type":"","background-media":"","overlay-type":"","overlay-color":"","overlay-opacity":"","overlay-gradient":""},"tablet":{"background-color":"","background-image":"","background-repeat":"repeat","background-position":"center center","background-size":"auto","background-attachment":"scroll","background-type":"","background-media":"","overlay-type":"","overlay-color":"","overlay-opacity":"","overlay-gradient":""},"mobile":{"background-color":"","background-image":"","background-repeat":"repeat","background-position":"center center","background-size":"auto","background-attachment":"scroll","background-type":"","background-media":"","overlay-type":"","overlay-color":"","overlay-opacity":"","overlay-gradient":""}},"ast-content-background-meta":{"desktop":{"background-color":"var(--ast-global-color-5)","background-image":"","background-repeat":"repeat","background-position":"center center","background-size":"auto","background-attachment":"scroll","background-type":"","background-media":"","overlay-type":"","overlay-color":"","overlay-opacity":"","overlay-gradient":""},"tablet":{"background-color":"var(--ast-global-color-5)","background-image":"","background-repeat":"repeat","background-position":"center center","background-size":"auto","background-attachment":"scroll","background-type":"","background-media":"","overlay-type":"","overlay-color":"","overlay-opacity":"","overlay-gradient":""},"mobile":{"background-color":"var(--ast-global-color-5)","background-image":"","background-repeat":"repeat","background-position":"center center","background-size":"auto","background-attachment":"scroll","background-type":"","background-media":"","overlay-type":"","overlay-color":"","overlay-opacity":"","overlay-gradient":""}},"footnotes":""},"class_list":["post-9450","page","type-page","status-publish","hentry"],"yoast_head":"<!-- This site is optimized with the Yoast SEO plugin v26.4 - https:\/\/yoast.com\/wordpress\/plugins\/seo\/ -->\n<title>Attrazioni, visite e viaggi - eMadrid.com<\/title>\n<meta name=\"robots\" content=\"index, follow, max-snippet:-1, max-image-preview:large, max-video-preview:-1\" \/>\n<link rel=\"canonical\" href=\"https:\/\/emadrid.com\/it\/biglietti-e-biglietti-per-madrid\/attrazioni-visite-e-viaggi\/\" \/>\n<meta property=\"og:locale\" content=\"it_IT\" \/>\n<meta property=\"og:type\" content=\"article\" \/>\n<meta property=\"og:title\" content=\"Attrazioni, visite e viaggi - eMadrid.com\" \/>\n<meta property=\"og:description\" content=\"Vedi altri parchi divertimento a Madrid Esperienza interattiva in Sweet Space Il mondo dei dolci! Sweet Space: \u00e8 il museo immersivo dei dolci in cui visiterai diverse stanze a tema con mostre interattive che ispirano l&#8217;immaginazione. Artisti e designer di fama, uniti in una mostra che stimoler\u00e0 i vostri sensi. Acquista il biglietto Tour di [&hellip;]\" \/>\n<meta property=\"og:url\" content=\"https:\/\/emadrid.com\/it\/biglietti-e-biglietti-per-madrid\/attrazioni-visite-e-viaggi\/\" \/>\n<meta property=\"og:site_name\" content=\"eMadrid.com\" \/>\n<meta property=\"article:modified_time\" content=\"2023-04-22T16:15:47+00:00\" \/>\n<meta property=\"og:image\" content=\"https:\/\/emadrid.com\/wp-content\/uploads\/2023\/04\/07866b3c-90c8-11ed-b448-aa992b25e025-1024x1024.webp\" \/>\n<meta name=\"twitter:card\" content=\"summary_large_image\" \/>\n<meta name=\"twitter:label1\" content=\"Tempo di lettura stimato\" \/>\n\t<meta name=\"twitter:data1\" content=\"1 minuto\" \/>\n<script type=\"application\/ld+json\" class=\"yoast-schema-graph\">{\"@context\":\"https:\/\/schema.org\",\"@graph\":[{\"@type\":\"WebPage\",\"@id\":\"https:\/\/emadrid.com\/it\/biglietti-e-biglietti-per-madrid\/attrazioni-visite-e-viaggi\/\",\"url\":\"https:\/\/emadrid.com\/it\/biglietti-e-biglietti-per-madrid\/attrazioni-visite-e-viaggi\/\",\"name\":\"Attrazioni, visite e viaggi - eMadrid.com\",\"isPartOf\":{\"@id\":\"https:\/\/emadrid.com\/it\/#website\"},\"primaryImageOfPage\":{\"@id\":\"https:\/\/emadrid.com\/it\/biglietti-e-biglietti-per-madrid\/attrazioni-visite-e-viaggi\/#primaryimage\"},\"image\":{\"@id\":\"https:\/\/emadrid.com\/it\/biglietti-e-biglietti-per-madrid\/attrazioni-visite-e-viaggi\/#primaryimage\"},\"thumbnailUrl\":\"https:\/\/emadrid.com\/wp-content\/uploads\/2023\/04\/07866b3c-90c8-11ed-b448-aa992b25e025-1024x1024.webp\",\"datePublished\":\"2023-03-09T18:36:26+00:00\",\"dateModified\":\"2023-04-22T16:15:47+00:00\",\"breadcrumb\":{\"@id\":\"https:\/\/emadrid.com\/it\/biglietti-e-biglietti-per-madrid\/attrazioni-visite-e-viaggi\/#breadcrumb\"},\"inLanguage\":\"it-IT\",\"potentialAction\":[{\"@type\":\"ReadAction\",\"target\":[\"https:\/\/emadrid.com\/it\/biglietti-e-biglietti-per-madrid\/attrazioni-visite-e-viaggi\/\"]}]},{\"@type\":\"ImageObject\",\"inLanguage\":\"it-IT\",\"@id\":\"https:\/\/emadrid.com\/it\/biglietti-e-biglietti-per-madrid\/attrazioni-visite-e-viaggi\/#primaryimage\",\"url\":\"https:\/\/emadrid.com\/wp-content\/uploads\/2023\/04\/07866b3c-90c8-11ed-b448-aa992b25e025-1024x1024.webp\",\"contentUrl\":\"https:\/\/emadrid.com\/wp-content\/uploads\/2023\/04\/07866b3c-90c8-11ed-b448-aa992b25e025-1024x1024.webp\"},{\"@type\":\"BreadcrumbList\",\"@id\":\"https:\/\/emadrid.com\/it\/biglietti-e-biglietti-per-madrid\/attrazioni-visite-e-viaggi\/#breadcrumb\",\"itemListElement\":[{\"@type\":\"ListItem\",\"position\":1,\"name\":\"Portada\",\"item\":\"https:\/\/emadrid.com\/it\/\"},{\"@type\":\"ListItem\",\"position\":2,\"name\":\"Biglietti e biglietti per Madrid\",\"item\":\"https:\/\/emadrid.com\/it\/biglietti-e-biglietti-per-madrid\/\"},{\"@type\":\"ListItem\",\"position\":3,\"name\":\"Attrazioni, visite e viaggi\"}]},{\"@type\":\"WebSite\",\"@id\":\"https:\/\/emadrid.com\/it\/#website\",\"url\":\"https:\/\/emadrid.com\/it\/\",\"name\":\"eMadrid.com\",\"description\":\"Las mejores Ofertas en Madrid. Hoteles, Espect\u00e1culos, Actividades y mucho m\u00e1s.\",\"publisher\":{\"@id\":\"https:\/\/emadrid.com\/it\/#organization\"},\"potentialAction\":[{\"@type\":\"SearchAction\",\"target\":{\"@type\":\"EntryPoint\",\"urlTemplate\":\"https:\/\/emadrid.com\/it\/?s={search_term_string}\"},\"query-input\":{\"@type\":\"PropertyValueSpecification\",\"valueRequired\":true,\"valueName\":\"search_term_string\"}}],\"inLanguage\":\"it-IT\"},{\"@type\":\"Organization\",\"@id\":\"https:\/\/emadrid.com\/it\/#organization\",\"name\":\"eMadrid.com\",\"url\":\"https:\/\/emadrid.com\/it\/\",\"logo\":{\"@type\":\"ImageObject\",\"inLanguage\":\"it-IT\",\"@id\":\"https:\/\/emadrid.com\/it\/#\/schema\/logo\/image\/\",\"url\":\"https:\/\/emadrid.com\/wp-content\/uploads\/2025\/01\/Logo-horizontal-250px.png?wsr\",\"contentUrl\":\"https:\/\/emadrid.com\/wp-content\/uploads\/2025\/01\/Logo-horizontal-250px.png?wsr\",\"width\":251,\"height\":35,\"caption\":\"eMadrid.com\"},\"image\":{\"@id\":\"https:\/\/emadrid.com\/it\/#\/schema\/logo\/image\/\"}}]}<\/script>\n<!-- \/ Yoast SEO plugin. -->","yoast_head_json":{"title":"Attrazioni, visite e viaggi - eMadrid.com","robots":{"index":"index","follow":"follow","max-snippet":"max-snippet:-1","max-image-preview":"max-image-preview:large","max-video-preview":"max-video-preview:-1"},"canonical":"https:\/\/emadrid.com\/it\/biglietti-e-biglietti-per-madrid\/attrazioni-visite-e-viaggi\/","og_locale":"it_IT","og_type":"article","og_title":"Attrazioni, visite e viaggi - eMadrid.com","og_description":"Vedi altri parchi divertimento a Madrid Esperienza interattiva in Sweet Space Il mondo dei dolci! Sweet Space: \u00e8 il museo immersivo dei dolci in cui visiterai diverse stanze a tema con mostre interattive che ispirano l&#8217;immaginazione. Artisti e designer di fama, uniti in una mostra che stimoler\u00e0 i vostri sensi. Acquista il biglietto Tour di [&hellip;]","og_url":"https:\/\/emadrid.com\/it\/biglietti-e-biglietti-per-madrid\/attrazioni-visite-e-viaggi\/","og_site_name":"eMadrid.com","article_modified_time":"2023-04-22T16:15:47+00:00","og_image":[{"url":"https:\/\/emadrid.com\/wp-content\/uploads\/2023\/04\/07866b3c-90c8-11ed-b448-aa992b25e025-1024x1024.webp","type":"","width":"","height":""}],"twitter_card":"summary_large_image","twitter_misc":{"Tempo di lettura stimato":"1 minuto"},"schema":{"@context":"https:\/\/schema.org","@graph":[{"@type":"WebPage","@id":"https:\/\/emadrid.com\/it\/biglietti-e-biglietti-per-madrid\/attrazioni-visite-e-viaggi\/","url":"https:\/\/emadrid.com\/it\/biglietti-e-biglietti-per-madrid\/attrazioni-visite-e-viaggi\/","name":"Attrazioni, visite e viaggi - eMadrid.com","isPartOf":{"@id":"https:\/\/emadrid.com\/it\/#website"},"primaryImageOfPage":{"@id":"https:\/\/emadrid.com\/it\/biglietti-e-biglietti-per-madrid\/attrazioni-visite-e-viaggi\/#primaryimage"},"image":{"@id":"https:\/\/emadrid.com\/it\/biglietti-e-biglietti-per-madrid\/attrazioni-visite-e-viaggi\/#primaryimage"},"thumbnailUrl":"https:\/\/emadrid.com\/wp-content\/uploads\/2023\/04\/07866b3c-90c8-11ed-b448-aa992b25e025-1024x1024.webp","datePublished":"2023-03-09T18:36:26+00:00","dateModified":"2023-04-22T16:15:47+00:00","breadcrumb":{"@id":"https:\/\/emadrid.com\/it\/biglietti-e-biglietti-per-madrid\/attrazioni-visite-e-viaggi\/#breadcrumb"},"inLanguage":"it-IT","potentialAction":[{"@type":"ReadAction","target":["https:\/\/emadrid.com\/it\/biglietti-e-biglietti-per-madrid\/attrazioni-visite-e-viaggi\/"]}]},{"@type":"ImageObject","inLanguage":"it-IT","@id":"https:\/\/emadrid.com\/it\/biglietti-e-biglietti-per-madrid\/attrazioni-visite-e-viaggi\/#primaryimage","url":"https:\/\/emadrid.com\/wp-content\/uploads\/2023\/04\/07866b3c-90c8-11ed-b448-aa992b25e025-1024x1024.webp","contentUrl":"https:\/\/emadrid.com\/wp-content\/uploads\/2023\/04\/07866b3c-90c8-11ed-b448-aa992b25e025-1024x1024.webp"},{"@type":"BreadcrumbList","@id":"https:\/\/emadrid.com\/it\/biglietti-e-biglietti-per-madrid\/attrazioni-visite-e-viaggi\/#breadcrumb","itemListElement":[{"@type":"ListItem","position":1,"name":"Portada","item":"https:\/\/emadrid.com\/it\/"},{"@type":"ListItem","position":2,"name":"Biglietti e biglietti per Madrid","item":"https:\/\/emadrid.com\/it\/biglietti-e-biglietti-per-madrid\/"},{"@type":"ListItem","position":3,"name":"Attrazioni, visite e viaggi"}]},{"@type":"WebSite","@id":"https:\/\/emadrid.com\/it\/#website","url":"https:\/\/emadrid.com\/it\/","name":"eMadrid.com","description":"Las mejores Ofertas en Madrid. Hoteles, Espect\u00e1culos, Actividades y mucho m\u00e1s.","publisher":{"@id":"https:\/\/emadrid.com\/it\/#organization"},"potentialAction":[{"@type":"SearchAction","target":{"@type":"EntryPoint","urlTemplate":"https:\/\/emadrid.com\/it\/?s={search_term_string}"},"query-input":{"@type":"PropertyValueSpecification","valueRequired":true,"valueName":"search_term_string"}}],"inLanguage":"it-IT"},{"@type":"Organization","@id":"https:\/\/emadrid.com\/it\/#organization","name":"eMadrid.com","url":"https:\/\/emadrid.com\/it\/","logo":{"@type":"ImageObject","inLanguage":"it-IT","@id":"https:\/\/emadrid.com\/it\/#\/schema\/logo\/image\/","url":"https:\/\/emadrid.com\/wp-content\/uploads\/2025\/01\/Logo-horizontal-250px.png?wsr","contentUrl":"https:\/\/emadrid.com\/wp-content\/uploads\/2025\/01\/Logo-horizontal-250px.png?wsr","width":251,"height":35,"caption":"eMadrid.com"},"image":{"@id":"https:\/\/emadrid.com\/it\/#\/schema\/logo\/image\/"}}]}},"_links":{"self":[{"href":"https:\/\/emadrid.com\/it\/wp-json\/wp\/v2\/pages\/9450","targetHints":{"allow":["GET"]}}],"collection":[{"href":"https:\/\/emadrid.com\/it\/wp-json\/wp\/v2\/pages"}],"about":[{"href":"https:\/\/emadrid.com\/it\/wp-json\/wp\/v2\/types\/page"}],"author":[{"embeddable":true,"href":"https:\/\/emadrid.com\/it\/wp-json\/wp\/v2\/users\/4"}],"replies":[{"embeddable":true,"href":"https:\/\/emadrid.com\/it\/wp-json\/wp\/v2\/comments?post=9450"}],"version-history":[{"count":5,"href":"https:\/\/emadrid.com\/it\/wp-json\/wp\/v2\/pages\/9450\/revisions"}],"predecessor-version":[{"id":9455,"href":"https:\/\/emadrid.com\/it\/wp-json\/wp\/v2\/pages\/9450\/revisions\/9455"}],"up":[{"embeddable":true,"href":"https:\/\/emadrid.com\/it\/wp-json\/wp\/v2\/pages\/8546"}],"wp:attachment":[{"href":"https:\/\/emadrid.com\/it\/wp-json\/wp\/v2\/media?parent=9450"}],"curies":[{"name":"wp","href":"https:\/\/api.w.org\/{rel}","templated":true}]}}