{"id":9605,"date":"2023-03-30T09:08:21","date_gmt":"2023-03-30T09:08:21","guid":{"rendered":"https:\/\/bookingmadrid.com\/biglietti-e-biglietti-per-madrid\/teatri\/"},"modified":"2023-05-05T10:20:16","modified_gmt":"2023-05-05T10:20:16","slug":"teatri","status":"publish","type":"page","link":"https:\/\/emadrid.com\/it\/biglietti-e-biglietti-per-madrid\/teatri\/","title":{"rendered":"Teatri"},"content":{"rendered":"\t\t<div data-elementor-type=\"wp-page\" data-elementor-id=\"9605\" class=\"elementor elementor-9605 elementor-3898\" data-elementor-post-type=\"page\">\n\t\t\t\t\t\t<section class=\"elementor-section elementor-top-section elementor-element elementor-element-f3df3ca elementor-section-height-min-height elementor-section-items-bottom elementor-section-boxed elementor-section-height-default\" data-id=\"f3df3ca\" data-element_type=\"section\" data-settings=\"{&quot;background_background&quot;:&quot;classic&quot;}\">\n\t\t\t\t\t\t\t<div class=\"elementor-background-overlay\"><\/div>\n\t\t\t\t\t\t\t<div class=\"elementor-container elementor-column-gap-default\">\n\t\t\t\t\t<div class=\"elementor-column elementor-col-100 elementor-top-column elementor-element elementor-element-4858390\" data-id=\"4858390\" data-element_type=\"column\">\n\t\t\t<div class=\"elementor-widget-wrap elementor-element-populated\">\n\t\t\t\t\t\t<div class=\"elementor-element elementor-element-142cbb5 elementor-widget elementor-widget-heading\" data-id=\"142cbb5\" data-element_type=\"widget\" data-widget_type=\"heading.default\">\n\t\t\t\t\t<h1 class=\"elementor-heading-title elementor-size-default\">Teatri<\/h1>\t\t\t\t<\/div>\n\t\t\t\t\t<\/div>\n\t\t<\/div>\n\t\t\t\t\t<\/div>\n\t\t<\/section>\n\t\t<div class=\"elementor-element elementor-element-c93bc9a e-flex e-con-boxed e-con e-parent\" data-id=\"c93bc9a\" data-element_type=\"container\">\n\t\t\t\t\t<div class=\"e-con-inner\">\n\t\t\t\t<div class=\"elementor-element elementor-element-46451c1 elementor-widget elementor-widget-text-editor\" data-id=\"46451c1\" data-element_type=\"widget\" data-widget_type=\"text-editor.default\">\n\t\t\t\t\t\t\t\t\t<p><span style=\"font-weight: 400;\">Vuoi scoprire il vero volto della citt\u00e0 di Madrid? Spettacoli, spettacoli teatrali o improvvisazioni dal vivo, una prospettiva unica che fa della citt\u00e0 l&#8217;epicentro della cultura del Paese. Tutto ci\u00f2 di cui hai bisogno \u00e8 un segno, ed essere qui lo \u00e8 gi\u00e0.<\/span><\/p>\n\t\t\t\t\t\t\t\t<\/div>\n\t\t\t\t<div class=\"elementor-element elementor-element-90c4c18 elementor-mobile-align-left elementor-widget elementor-widget-button\" data-id=\"90c4c18\" data-element_type=\"widget\" data-widget_type=\"button.default\">\n\t\t\t\t\t\t\t\t\t\t<a class=\"elementor-button elementor-button-link elementor-size-sm elementor-animation-skew\" href=\"http:\/\/fever.pxf.io\/EKa4v2\" target=\"_blank\">\n\t\t\t\t\t\t<span class=\"elementor-button-content-wrapper\">\n\t\t\t\t\t\t\t\t\t<span class=\"elementor-button-text\">Vedi pi\u00f9 teatri a Madrid <\/span>\n\t\t\t\t\t<\/span>\n\t\t\t\t\t<\/a>\n\t\t\t\t\t\t\t\t<\/div>\n\t\t\t\t\t<\/div>\n\t\t\t\t<\/div>\n\t\t\t\t<section class=\"elementor-section elementor-top-section elementor-element elementor-element-d26244d elementor-section-boxed elementor-section-height-default elementor-section-height-default\" data-id=\"d26244d\" data-element_type=\"section\">\n\t\t\t\t\t\t<div class=\"elementor-container elementor-column-gap-default\">\n\t\t\t\t\t<div class=\"elementor-column elementor-col-100 elementor-top-column elementor-element elementor-element-5b9cd35\" data-id=\"5b9cd35\" data-element_type=\"column\">\n\t\t\t<div class=\"elementor-widget-wrap elementor-element-populated\">\n\t\t\t\t\t\t<section class=\"elementor-section elementor-inner-section elementor-element elementor-element-ba75b2c elementor-section-boxed elementor-section-height-default elementor-section-height-default\" data-id=\"ba75b2c\" data-element_type=\"section\">\n\t\t\t\t\t\t<div class=\"elementor-container elementor-column-gap-default\">\n\t\t\t\t\t<div class=\"elementor-column elementor-col-33 elementor-inner-column elementor-element elementor-element-7e76170\" data-id=\"7e76170\" data-element_type=\"column\" data-settings=\"{&quot;background_background&quot;:&quot;classic&quot;}\">\n\t\t\t<div class=\"elementor-widget-wrap elementor-element-populated\">\n\t\t\t\t\t\t<div class=\"elementor-element elementor-element-18cd53b elementor-widget elementor-widget-image\" data-id=\"18cd53b\" data-element_type=\"widget\" data-widget_type=\"image.default\">\n\t\t\t\t\t\t\t\t\t\t\t\t\t\t\t<img fetchpriority=\"high\" decoding=\"async\" width=\"780\" height=\"521\" src=\"https:\/\/emadrid.com\/wp-content\/uploads\/2023\/04\/dinner-show-madrid.webp?wsr\" class=\"attachment-large size-large wp-image-8015\" alt=\"The Rock Cats: cena y espect\u00e1culo en Bule Bule\" srcset=\"https:\/\/emadrid.com\/wp-content\/uploads\/2023\/04\/dinner-show-madrid.webp 780w, https:\/\/emadrid.com\/wp-content\/uploads\/2023\/04\/dinner-show-madrid-300x200.webp 300w, https:\/\/emadrid.com\/wp-content\/uploads\/2023\/04\/dinner-show-madrid-768x513.webp 768w\" sizes=\"(max-width: 780px) 100vw, 780px\" \/>\t\t\t\t\t\t\t\t\t\t\t\t\t\t\t<\/div>\n\t\t\t\t<div class=\"elementor-element elementor-element-36790ea elementor-widget elementor-widget-heading\" data-id=\"36790ea\" data-element_type=\"widget\" data-widget_type=\"heading.default\">\n\t\t\t\t\t<h4 class=\"elementor-heading-title elementor-size-default\">The Rock Cats: cena + spettacolo a Bule Bule<\/h4>\t\t\t\t<\/div>\n\t\t\t\t<div class=\"elementor-element elementor-element-dce7739 elementor-widget elementor-widget-text-editor\" data-id=\"dce7739\" data-element_type=\"widget\" data-widget_type=\"text-editor.default\">\n\t\t\t\t\t\t\t\t\t<p>Una cena spettacolo dal vivo originale e divertente.<\/p>\n\t\t\t\t\t\t\t\t<\/div>\n\t\t\t\t<div class=\"elementor-element elementor-element-6b5a20b elementor-align-left elementor-widget elementor-widget-button\" data-id=\"6b5a20b\" data-element_type=\"widget\" data-widget_type=\"button.default\">\n\t\t\t\t\t\t\t\t\t\t<a class=\"elementor-button elementor-button-link elementor-size-sm elementor-animation-skew\" href=\"https:\/\/fever.pxf.io\/c\/4039372\/1396783\/16345?prodsku=123651&#038;u=https%3A%2F%2Ffeverup.com%2Fm%2F123651&#038;intsrc=PUI2_10347\" target=\"_blank\">\n\t\t\t\t\t\t<span class=\"elementor-button-content-wrapper\">\n\t\t\t\t\t\t\t\t\t<span class=\"elementor-button-text\">Acquista il biglietto<\/span>\n\t\t\t\t\t<\/span>\n\t\t\t\t\t<\/a>\n\t\t\t\t\t\t\t\t<\/div>\n\t\t\t\t\t<\/div>\n\t\t<\/div>\n\t\t\t\t<div class=\"elementor-column elementor-col-33 elementor-inner-column elementor-element elementor-element-e060f4a\" data-id=\"e060f4a\" data-element_type=\"column\" data-settings=\"{&quot;background_background&quot;:&quot;classic&quot;}\">\n\t\t\t<div class=\"elementor-widget-wrap elementor-element-populated\">\n\t\t\t\t\t\t<div class=\"elementor-element elementor-element-d366d0b elementor-widget elementor-widget-image\" data-id=\"d366d0b\" data-element_type=\"widget\" data-widget_type=\"image.default\">\n\t\t\t\t\t\t\t\t\t\t\t\t\t\t\t<img decoding=\"async\" width=\"780\" height=\"521\" src=\"https:\/\/emadrid.com\/wp-content\/uploads\/2023\/05\/teatro-latina.webp?wsr\" class=\"attachment-large size-large wp-image-11643\" alt=\"\" srcset=\"https:\/\/emadrid.com\/wp-content\/uploads\/2023\/05\/teatro-latina.webp 780w, https:\/\/emadrid.com\/wp-content\/uploads\/2023\/05\/teatro-latina-300x200.webp 300w, https:\/\/emadrid.com\/wp-content\/uploads\/2023\/05\/teatro-latina-768x513.webp 768w\" sizes=\"(max-width: 780px) 100vw, 780px\" \/>\t\t\t\t\t\t\t\t\t\t\t\t\t\t\t<\/div>\n\t\t\t\t<div class=\"elementor-element elementor-element-553ff0c elementor-widget elementor-widget-heading\" data-id=\"553ff0c\" data-element_type=\"widget\" data-widget_type=\"heading.default\">\n\t\t\t\t\t<h4 class=\"elementor-heading-title elementor-size-default\">Magia con Marco El Alusionista all'Off Latina Teatro<\/h4>\t\t\t\t<\/div>\n\t\t\t\t<div class=\"elementor-element elementor-element-bf4a807 elementor-widget elementor-widget-text-editor\" data-id=\"bf4a807\" data-element_type=\"widget\" data-widget_type=\"text-editor.default\">\n\t\t\t\t\t\t\t\t\t<p>Off Latina Teatro, Madrid biglietti per Magia con Marco El Alusionista in Off Latina Teatro, Madrid<\/p>\t\t\t\t\t\t\t\t<\/div>\n\t\t\t\t<div class=\"elementor-element elementor-element-7182d13 elementor-align-left elementor-widget elementor-widget-button\" data-id=\"7182d13\" data-element_type=\"widget\" data-widget_type=\"button.default\">\n\t\t\t\t\t\t\t\t\t\t<a class=\"elementor-button elementor-button-link elementor-size-sm elementor-animation-skew\" href=\"https:\/\/fever.pxf.io\/c\/4039372\/1396783\/16345?prodsku=119989&#038;u=https%3A%2F%2Ffeverup.com%2Fm%2F119989&#038;intsrc=PUI2_10347\" target=\"_blank\">\n\t\t\t\t\t\t<span class=\"elementor-button-content-wrapper\">\n\t\t\t\t\t\t\t\t\t<span class=\"elementor-button-text\">Acquista il biglietto<\/span>\n\t\t\t\t\t<\/span>\n\t\t\t\t\t<\/a>\n\t\t\t\t\t\t\t\t<\/div>\n\t\t\t\t\t<\/div>\n\t\t<\/div>\n\t\t\t\t<div class=\"elementor-column elementor-col-33 elementor-inner-column elementor-element elementor-element-a0eb14d\" data-id=\"a0eb14d\" data-element_type=\"column\" data-settings=\"{&quot;background_background&quot;:&quot;classic&quot;}\">\n\t\t\t<div class=\"elementor-widget-wrap elementor-element-populated\">\n\t\t\t\t\t\t<div class=\"elementor-element elementor-element-f132644 elementor-widget elementor-widget-image\" data-id=\"f132644\" data-element_type=\"widget\" data-widget_type=\"image.default\">\n\t\t\t\t\t\t\t\t\t\t\t\t\t\t\t<img decoding=\"async\" width=\"780\" height=\"521\" src=\"https:\/\/emadrid.com\/wp-content\/uploads\/2023\/04\/hamlet-madrid.webp?wsr\" class=\"attachment-large size-large wp-image-8023\" alt=\"\" srcset=\"https:\/\/emadrid.com\/wp-content\/uploads\/2023\/04\/hamlet-madrid.webp 780w, https:\/\/emadrid.com\/wp-content\/uploads\/2023\/04\/hamlet-madrid-300x200.webp 300w, https:\/\/emadrid.com\/wp-content\/uploads\/2023\/04\/hamlet-madrid-768x513.webp 768w\" sizes=\"(max-width: 780px) 100vw, 780px\" \/>\t\t\t\t\t\t\t\t\t\t\t\t\t\t\t<\/div>\n\t\t\t\t<div class=\"elementor-element elementor-element-5af46c1 elementor-widget elementor-widget-heading\" data-id=\"5af46c1\" data-element_type=\"widget\" data-widget_type=\"heading.default\">\n\t\t\t\t\t<h4 class=\"elementor-heading-title elementor-size-default\">Amleto al Victoria Theatre<\/h4>\t\t\t\t<\/div>\n\t\t\t\t<div class=\"elementor-element elementor-element-6206459 elementor-widget elementor-widget-text-editor\" data-id=\"6206459\" data-element_type=\"widget\" data-widget_type=\"text-editor.default\">\n\t\t\t\t\t\t\t\t\t<p>Spettacolo dal vivo di un classico shakespeariano <\/p>\n\t\t\t\t\t\t\t\t<\/div>\n\t\t\t\t<div class=\"elementor-element elementor-element-2e97682 elementor-align-left elementor-widget elementor-widget-button\" data-id=\"2e97682\" data-element_type=\"widget\" data-widget_type=\"button.default\">\n\t\t\t\t\t\t\t\t\t\t<a class=\"elementor-button elementor-button-link elementor-size-sm elementor-animation-skew\" href=\"https:\/\/fever.pxf.io\/c\/4039372\/1396783\/16345?prodsku=121059&#038;u=https%3A%2F%2Ffeverup.com%2Fm%2F121059&#038;intsrc=PUI2_10347\" target=\"_blank\">\n\t\t\t\t\t\t<span class=\"elementor-button-content-wrapper\">\n\t\t\t\t\t\t\t\t\t<span class=\"elementor-button-text\">Acquista il biglietto<\/span>\n\t\t\t\t\t<\/span>\n\t\t\t\t\t<\/a>\n\t\t\t\t\t\t\t\t<\/div>\n\t\t\t\t\t<\/div>\n\t\t<\/div>\n\t\t\t\t\t<\/div>\n\t\t<\/section>\n\t\t\t\t\t<\/div>\n\t\t<\/div>\n\t\t\t\t\t<\/div>\n\t\t<\/section>\n\t\t\t\t<\/div>\n\t\t","protected":false},"excerpt":{"rendered":"<p>Teatri Vuoi scoprire il vero volto della citt\u00e0 di Madrid? Spettacoli, spettacoli teatrali o improvvisazioni dal vivo, una prospettiva unica che fa della citt\u00e0 l&#8217;epicentro della cultura del Paese. Tutto ci\u00f2 di cui hai bisogno \u00e8 un segno, ed essere qui lo \u00e8 gi\u00e0. Vedi pi\u00f9 teatri a Madrid The Rock Cats: cena + spettacolo [&hellip;]<\/p>\n","protected":false},"author":4,"featured_media":0,"parent":8546,"menu_order":0,"comment_status":"closed","ping_status":"closed","template":"","meta":{"site-sidebar-layout":"no-sidebar","site-content-layout":"page-builder","ast-site-content-layout":"default","site-content-style":"default","site-sidebar-style":"default","ast-global-header-display":"","ast-banner-title-visibility":"","ast-main-header-display":"","ast-hfb-above-header-display":"","ast-hfb-below-header-display":"","ast-hfb-mobile-header-display":"","site-post-title":"disabled","ast-breadcrumbs-content":"","ast-featured-img":"disabled","footer-sml-layout":"","theme-transparent-header-meta":"","adv-header-id-meta":"","stick-header-meta":"","header-above-stick-meta":"","header-main-stick-meta":"","header-below-stick-meta":"","astra-migrate-meta-layouts":"default","ast-page-background-enabled":"default","ast-page-background-meta":{"desktop":{"background-color":"var(--ast-global-color-4)","background-image":"","background-repeat":"repeat","background-position":"center center","background-size":"auto","background-attachment":"scroll","background-type":"","background-media":"","overlay-type":"","overlay-color":"","overlay-opacity":"","overlay-gradient":""},"tablet":{"background-color":"","background-image":"","background-repeat":"repeat","background-position":"center center","background-size":"auto","background-attachment":"scroll","background-type":"","background-media":"","overlay-type":"","overlay-color":"","overlay-opacity":"","overlay-gradient":""},"mobile":{"background-color":"","background-image":"","background-repeat":"repeat","background-position":"center center","background-size":"auto","background-attachment":"scroll","background-type":"","background-media":"","overlay-type":"","overlay-color":"","overlay-opacity":"","overlay-gradient":""}},"ast-content-background-meta":{"desktop":{"background-color":"var(--ast-global-color-5)","background-image":"","background-repeat":"repeat","background-position":"center center","background-size":"auto","background-attachment":"scroll","background-type":"","background-media":"","overlay-type":"","overlay-color":"","overlay-opacity":"","overlay-gradient":""},"tablet":{"background-color":"var(--ast-global-color-5)","background-image":"","background-repeat":"repeat","background-position":"center center","background-size":"auto","background-attachment":"scroll","background-type":"","background-media":"","overlay-type":"","overlay-color":"","overlay-opacity":"","overlay-gradient":""},"mobile":{"background-color":"var(--ast-global-color-5)","background-image":"","background-repeat":"repeat","background-position":"center center","background-size":"auto","background-attachment":"scroll","background-type":"","background-media":"","overlay-type":"","overlay-color":"","overlay-opacity":"","overlay-gradient":""}},"footnotes":""},"class_list":["post-9605","page","type-page","status-publish","hentry"],"yoast_head":"<!-- This site is optimized with the Yoast SEO plugin v26.4 - https:\/\/yoast.com\/wordpress\/plugins\/seo\/ -->\n<title>Teatri - eMadrid.com<\/title>\n<meta name=\"robots\" content=\"index, follow, max-snippet:-1, max-image-preview:large, max-video-preview:-1\" \/>\n<link rel=\"canonical\" href=\"https:\/\/emadrid.com\/it\/biglietti-e-biglietti-per-madrid\/teatri\/\" \/>\n<meta property=\"og:locale\" content=\"it_IT\" \/>\n<meta property=\"og:type\" content=\"article\" \/>\n<meta property=\"og:title\" content=\"Teatri - eMadrid.com\" \/>\n<meta property=\"og:description\" content=\"Teatri Vuoi scoprire il vero volto della citt\u00e0 di Madrid? Spettacoli, spettacoli teatrali o improvvisazioni dal vivo, una prospettiva unica che fa della citt\u00e0 l&#8217;epicentro della cultura del Paese. Tutto ci\u00f2 di cui hai bisogno \u00e8 un segno, ed essere qui lo \u00e8 gi\u00e0. Vedi pi\u00f9 teatri a Madrid The Rock Cats: cena + spettacolo [&hellip;]\" \/>\n<meta property=\"og:url\" content=\"https:\/\/emadrid.com\/it\/biglietti-e-biglietti-per-madrid\/teatri\/\" \/>\n<meta property=\"og:site_name\" content=\"eMadrid.com\" \/>\n<meta property=\"article:modified_time\" content=\"2023-05-05T10:20:16+00:00\" \/>\n<meta property=\"og:image\" content=\"https:\/\/emadrid.com\/wp-content\/uploads\/2023\/04\/dinner-show-madrid.webp\" \/>\n<meta name=\"twitter:card\" content=\"summary_large_image\" \/>\n<meta name=\"twitter:label1\" content=\"Tempo di lettura stimato\" \/>\n\t<meta name=\"twitter:data1\" content=\"1 minuto\" \/>\n<script type=\"application\/ld+json\" class=\"yoast-schema-graph\">{\"@context\":\"https:\/\/schema.org\",\"@graph\":[{\"@type\":\"WebPage\",\"@id\":\"https:\/\/emadrid.com\/it\/biglietti-e-biglietti-per-madrid\/teatri\/\",\"url\":\"https:\/\/emadrid.com\/it\/biglietti-e-biglietti-per-madrid\/teatri\/\",\"name\":\"Teatri - eMadrid.com\",\"isPartOf\":{\"@id\":\"https:\/\/emadrid.com\/it\/#website\"},\"primaryImageOfPage\":{\"@id\":\"https:\/\/emadrid.com\/it\/biglietti-e-biglietti-per-madrid\/teatri\/#primaryimage\"},\"image\":{\"@id\":\"https:\/\/emadrid.com\/it\/biglietti-e-biglietti-per-madrid\/teatri\/#primaryimage\"},\"thumbnailUrl\":\"https:\/\/emadrid.com\/wp-content\/uploads\/2023\/04\/dinner-show-madrid.webp\",\"datePublished\":\"2023-03-30T09:08:21+00:00\",\"dateModified\":\"2023-05-05T10:20:16+00:00\",\"breadcrumb\":{\"@id\":\"https:\/\/emadrid.com\/it\/biglietti-e-biglietti-per-madrid\/teatri\/#breadcrumb\"},\"inLanguage\":\"it-IT\",\"potentialAction\":[{\"@type\":\"ReadAction\",\"target\":[\"https:\/\/emadrid.com\/it\/biglietti-e-biglietti-per-madrid\/teatri\/\"]}]},{\"@type\":\"ImageObject\",\"inLanguage\":\"it-IT\",\"@id\":\"https:\/\/emadrid.com\/it\/biglietti-e-biglietti-per-madrid\/teatri\/#primaryimage\",\"url\":\"https:\/\/emadrid.com\/wp-content\/uploads\/2023\/04\/dinner-show-madrid.webp\",\"contentUrl\":\"https:\/\/emadrid.com\/wp-content\/uploads\/2023\/04\/dinner-show-madrid.webp\"},{\"@type\":\"BreadcrumbList\",\"@id\":\"https:\/\/emadrid.com\/it\/biglietti-e-biglietti-per-madrid\/teatri\/#breadcrumb\",\"itemListElement\":[{\"@type\":\"ListItem\",\"position\":1,\"name\":\"Portada\",\"item\":\"https:\/\/emadrid.com\/it\/\"},{\"@type\":\"ListItem\",\"position\":2,\"name\":\"Biglietti e biglietti per Madrid\",\"item\":\"https:\/\/emadrid.com\/it\/biglietti-e-biglietti-per-madrid\/\"},{\"@type\":\"ListItem\",\"position\":3,\"name\":\"Teatri\"}]},{\"@type\":\"WebSite\",\"@id\":\"https:\/\/emadrid.com\/it\/#website\",\"url\":\"https:\/\/emadrid.com\/it\/\",\"name\":\"eMadrid.com\",\"description\":\"Las mejores Ofertas en Madrid. Hoteles, Espect\u00e1culos, Actividades y mucho m\u00e1s.\",\"publisher\":{\"@id\":\"https:\/\/emadrid.com\/it\/#organization\"},\"potentialAction\":[{\"@type\":\"SearchAction\",\"target\":{\"@type\":\"EntryPoint\",\"urlTemplate\":\"https:\/\/emadrid.com\/it\/?s={search_term_string}\"},\"query-input\":{\"@type\":\"PropertyValueSpecification\",\"valueRequired\":true,\"valueName\":\"search_term_string\"}}],\"inLanguage\":\"it-IT\"},{\"@type\":\"Organization\",\"@id\":\"https:\/\/emadrid.com\/it\/#organization\",\"name\":\"eMadrid.com\",\"url\":\"https:\/\/emadrid.com\/it\/\",\"logo\":{\"@type\":\"ImageObject\",\"inLanguage\":\"it-IT\",\"@id\":\"https:\/\/emadrid.com\/it\/#\/schema\/logo\/image\/\",\"url\":\"https:\/\/emadrid.com\/wp-content\/uploads\/2025\/01\/Logo-horizontal-250px.png?wsr\",\"contentUrl\":\"https:\/\/emadrid.com\/wp-content\/uploads\/2025\/01\/Logo-horizontal-250px.png?wsr\",\"width\":251,\"height\":35,\"caption\":\"eMadrid.com\"},\"image\":{\"@id\":\"https:\/\/emadrid.com\/it\/#\/schema\/logo\/image\/\"}}]}<\/script>\n<!-- \/ Yoast SEO plugin. -->","yoast_head_json":{"title":"Teatri - eMadrid.com","robots":{"index":"index","follow":"follow","max-snippet":"max-snippet:-1","max-image-preview":"max-image-preview:large","max-video-preview":"max-video-preview:-1"},"canonical":"https:\/\/emadrid.com\/it\/biglietti-e-biglietti-per-madrid\/teatri\/","og_locale":"it_IT","og_type":"article","og_title":"Teatri - eMadrid.com","og_description":"Teatri Vuoi scoprire il vero volto della citt\u00e0 di Madrid? Spettacoli, spettacoli teatrali o improvvisazioni dal vivo, una prospettiva unica che fa della citt\u00e0 l&#8217;epicentro della cultura del Paese. Tutto ci\u00f2 di cui hai bisogno \u00e8 un segno, ed essere qui lo \u00e8 gi\u00e0. Vedi pi\u00f9 teatri a Madrid The Rock Cats: cena + spettacolo [&hellip;]","og_url":"https:\/\/emadrid.com\/it\/biglietti-e-biglietti-per-madrid\/teatri\/","og_site_name":"eMadrid.com","article_modified_time":"2023-05-05T10:20:16+00:00","og_image":[{"url":"https:\/\/emadrid.com\/wp-content\/uploads\/2023\/04\/dinner-show-madrid.webp","type":"","width":"","height":""}],"twitter_card":"summary_large_image","twitter_misc":{"Tempo di lettura stimato":"1 minuto"},"schema":{"@context":"https:\/\/schema.org","@graph":[{"@type":"WebPage","@id":"https:\/\/emadrid.com\/it\/biglietti-e-biglietti-per-madrid\/teatri\/","url":"https:\/\/emadrid.com\/it\/biglietti-e-biglietti-per-madrid\/teatri\/","name":"Teatri - eMadrid.com","isPartOf":{"@id":"https:\/\/emadrid.com\/it\/#website"},"primaryImageOfPage":{"@id":"https:\/\/emadrid.com\/it\/biglietti-e-biglietti-per-madrid\/teatri\/#primaryimage"},"image":{"@id":"https:\/\/emadrid.com\/it\/biglietti-e-biglietti-per-madrid\/teatri\/#primaryimage"},"thumbnailUrl":"https:\/\/emadrid.com\/wp-content\/uploads\/2023\/04\/dinner-show-madrid.webp","datePublished":"2023-03-30T09:08:21+00:00","dateModified":"2023-05-05T10:20:16+00:00","breadcrumb":{"@id":"https:\/\/emadrid.com\/it\/biglietti-e-biglietti-per-madrid\/teatri\/#breadcrumb"},"inLanguage":"it-IT","potentialAction":[{"@type":"ReadAction","target":["https:\/\/emadrid.com\/it\/biglietti-e-biglietti-per-madrid\/teatri\/"]}]},{"@type":"ImageObject","inLanguage":"it-IT","@id":"https:\/\/emadrid.com\/it\/biglietti-e-biglietti-per-madrid\/teatri\/#primaryimage","url":"https:\/\/emadrid.com\/wp-content\/uploads\/2023\/04\/dinner-show-madrid.webp","contentUrl":"https:\/\/emadrid.com\/wp-content\/uploads\/2023\/04\/dinner-show-madrid.webp"},{"@type":"BreadcrumbList","@id":"https:\/\/emadrid.com\/it\/biglietti-e-biglietti-per-madrid\/teatri\/#breadcrumb","itemListElement":[{"@type":"ListItem","position":1,"name":"Portada","item":"https:\/\/emadrid.com\/it\/"},{"@type":"ListItem","position":2,"name":"Biglietti e biglietti per Madrid","item":"https:\/\/emadrid.com\/it\/biglietti-e-biglietti-per-madrid\/"},{"@type":"ListItem","position":3,"name":"Teatri"}]},{"@type":"WebSite","@id":"https:\/\/emadrid.com\/it\/#website","url":"https:\/\/emadrid.com\/it\/","name":"eMadrid.com","description":"Las mejores Ofertas en Madrid. Hoteles, Espect\u00e1culos, Actividades y mucho m\u00e1s.","publisher":{"@id":"https:\/\/emadrid.com\/it\/#organization"},"potentialAction":[{"@type":"SearchAction","target":{"@type":"EntryPoint","urlTemplate":"https:\/\/emadrid.com\/it\/?s={search_term_string}"},"query-input":{"@type":"PropertyValueSpecification","valueRequired":true,"valueName":"search_term_string"}}],"inLanguage":"it-IT"},{"@type":"Organization","@id":"https:\/\/emadrid.com\/it\/#organization","name":"eMadrid.com","url":"https:\/\/emadrid.com\/it\/","logo":{"@type":"ImageObject","inLanguage":"it-IT","@id":"https:\/\/emadrid.com\/it\/#\/schema\/logo\/image\/","url":"https:\/\/emadrid.com\/wp-content\/uploads\/2025\/01\/Logo-horizontal-250px.png?wsr","contentUrl":"https:\/\/emadrid.com\/wp-content\/uploads\/2025\/01\/Logo-horizontal-250px.png?wsr","width":251,"height":35,"caption":"eMadrid.com"},"image":{"@id":"https:\/\/emadrid.com\/it\/#\/schema\/logo\/image\/"}}]}},"_links":{"self":[{"href":"https:\/\/emadrid.com\/it\/wp-json\/wp\/v2\/pages\/9605","targetHints":{"allow":["GET"]}}],"collection":[{"href":"https:\/\/emadrid.com\/it\/wp-json\/wp\/v2\/pages"}],"about":[{"href":"https:\/\/emadrid.com\/it\/wp-json\/wp\/v2\/types\/page"}],"author":[{"embeddable":true,"href":"https:\/\/emadrid.com\/it\/wp-json\/wp\/v2\/users\/4"}],"replies":[{"embeddable":true,"href":"https:\/\/emadrid.com\/it\/wp-json\/wp\/v2\/comments?post=9605"}],"version-history":[{"count":4,"href":"https:\/\/emadrid.com\/it\/wp-json\/wp\/v2\/pages\/9605\/revisions"}],"predecessor-version":[{"id":11662,"href":"https:\/\/emadrid.com\/it\/wp-json\/wp\/v2\/pages\/9605\/revisions\/11662"}],"up":[{"embeddable":true,"href":"https:\/\/emadrid.com\/it\/wp-json\/wp\/v2\/pages\/8546"}],"wp:attachment":[{"href":"https:\/\/emadrid.com\/it\/wp-json\/wp\/v2\/media?parent=9605"}],"curies":[{"name":"wp","href":"https:\/\/api.w.org\/{rel}","templated":true}]}}